{"id":8249,"date":"2024-12-11T14:55:58","date_gmt":"2024-12-11T14:55:58","guid":{"rendered":"https:\/\/www.palletways.com\/it\/?page_id=8249"},"modified":"2025-02-19T13:10:39","modified_gmt":"2025-02-19T13:10:39","slug":"affidabilita-e-servizio","status":"publish","type":"page","link":"https:\/\/www.palletways.com\/it\/affidabilita-e-servizio\/","title":{"rendered":"Affidabilita e Servizio"},"content":{"rendered":"\t\t<div data-elementor-type=\"wp-page\" data-elementor-id=\"8249\" class=\"elementor elementor-8249\" data-elementor-post-type=\"page\">\n\t\t\t\t<div class=\"elementor-element elementor-element-cf545f1 e-flex e-con-boxed e-con e-parent\" data-id=\"cf545f1\" data-element_type=\"container\">\n\t\t\t\t\t<div class=\"e-con-inner\">\n\t\t\t\t<div class=\"elementor-element elementor-element-bec1e28 elementor-widget elementor-widget-image\" data-id=\"bec1e28\" data-element_type=\"widget\" data-widget_type=\"image.default\">\n\t\t\t\t<div class=\"elementor-widget-container\">\n\t\t\t\t\t\t\t\t\t\t\t\t\t<img fetchpriority=\"high\" decoding=\"async\" width=\"2560\" height=\"596\" src=\"https:\/\/www.palletways.com\/it\/wp-content\/uploads\/sites\/5\/2025\/01\/Reliability-Service-ALTERNATIVE-scaled.jpg\" class=\"attachment-full size-full wp-image-8492\" alt=\"\" srcset=\"https:\/\/www.palletways.com\/it\/wp-content\/uploads\/sites\/5\/2025\/01\/Reliability-Service-ALTERNATIVE-scaled.jpg 2560w, https:\/\/www.palletways.com\/it\/wp-content\/uploads\/sites\/5\/2025\/01\/Reliability-Service-ALTERNATIVE-300x70.jpg 300w, https:\/\/www.palletways.com\/it\/wp-content\/uploads\/sites\/5\/2025\/01\/Reliability-Service-ALTERNATIVE-1024x238.jpg 1024w, https:\/\/www.palletways.com\/it\/wp-content\/uploads\/sites\/5\/2025\/01\/Reliability-Service-ALTERNATIVE-768x179.jpg 768w, https:\/\/www.palletways.com\/it\/wp-content\/uploads\/sites\/5\/2025\/01\/Reliability-Service-ALTERNATIVE-1536x358.jpg 1536w, https:\/\/www.palletways.com\/it\/wp-content\/uploads\/sites\/5\/2025\/01\/Reliability-Service-ALTERNATIVE-2048x477.jpg 2048w\" sizes=\"(max-width: 2560px) 100vw, 2560px\" \/>\t\t\t\t\t\t\t\t\t\t\t\t\t<\/div>\n\t\t\t\t<\/div>\n\t\t\t\t\t<\/div>\n\t\t\t\t<\/div>\n\t\t<div class=\"elementor-element elementor-element-221f33c e-flex e-con-boxed e-con e-parent\" data-id=\"221f33c\" data-element_type=\"container\">\n\t\t\t\t\t<div class=\"e-con-inner\">\n\t\t\t\t<div class=\"elementor-element elementor-element-c7a6299 elementor-widget elementor-widget-heading\" data-id=\"c7a6299\" data-element_type=\"widget\" data-widget_type=\"heading.default\">\n\t\t\t\t<div class=\"elementor-widget-container\">\n\t\t\t<h1 class=\"elementor-heading-title elementor-size-default\">Guidare l'eccellenza del servizio in tutto ci\u00f2 che facciamo<\/h1>\t\t<\/div>\n\t\t\t\t<\/div>\n\t\t\t\t\t<\/div>\n\t\t\t\t<\/div>\n\t\t<div class=\"elementor-element elementor-element-daa6f8d e-grid e-con-boxed e-con e-parent\" data-id=\"daa6f8d\" data-element_type=\"container\">\n\t\t\t\t\t<div class=\"e-con-inner\">\n\t\t\t\t<div class=\"elementor-element elementor-element-f887e2a elementor-widget elementor-widget-text-editor\" data-id=\"f887e2a\" data-element_type=\"widget\" data-widget_type=\"text-editor.default\">\n\t\t\t\t<div class=\"elementor-widget-container\">\n\t\t\t\t\t\t\t<p>Palletways \u00e8 prima di tutto un fornitore di servizi: supportando i nostri concessionari ad offrire un servizio di alta qualit\u00e0. Questa eccellenza nel servizio pu\u00f2 contare sia sulla tecnologia informatica all&#8217;avanguardia che sui professionisti esperti che quotidianamente lavorano per garantire che il Network funzioni in modo efficiente e che i clienti abbiamo sempre un servizio di qualit\u00e0 per il ritiro e la consegna delle proprie merci su pallet.<\/p>\t\t\t\t\t\t<\/div>\n\t\t\t\t<\/div>\n\t\t\t\t\t<\/div>\n\t\t\t\t<\/div>\n\t\t<div class=\"elementor-element elementor-element-8f65080 e-flex e-con-boxed e-con e-parent\" data-id=\"8f65080\" data-element_type=\"container\">\n\t\t\t\t\t<div class=\"e-con-inner\">\n\t\t\t\t<div class=\"elementor-element elementor-element-0a0af7e content-align-left icon-box-vertical-align-top icon-position-left icon-vertical-align-start elementor-widget elementor-widget-the7_icon_box_grid_widget\" data-id=\"0a0af7e\" data-element_type=\"widget\" data-widget_type=\"the7_icon_box_grid_widget.default\">\n\t\t\t\t<div class=\"elementor-widget-container\">\n\t\t\t<div class=\"the7-box-grid-wrapper the7-elementor-widget loading-effect-none the7_icon_box_grid_widget-0a0af7e\">\t\t\t<div class=\"dt-css-grid\">\n\t\t\t\t\t\t\t\t\t<div class=\"wf-cell shown\">\n\t\t\t\t\t\t<div class=\"the7-icon-box-grid\">\t\t\t\t\t\t\t<div class=\"box-content-wrapper\">\n\t\t\t\t\t\t\t\t\t\t\t\t\t\t\t\t\t<a class=\"elementor-icon-div\" aria-label=\"Team a supporto del Network\">\t\t\t\t\t\t\t\t\t\t<div class=\"elementor-icon\">\n\t\t\t\t\t\t\t\t\t\t\t<svg xmlns=\"http:\/\/www.w3.org\/2000\/svg\" id=\"Layer_1\" viewBox=\"0 0 122.98 189.92\"><defs><style>.cls-1{fill:#75bf42;}.cls-2{fill:#013976;}<\/style><\/defs><path class=\"cls-1\" d=\"M118.89,47.23c-1.1-2.02-2.13-3.92-2.74-5.79-.64-1.98-.95-4.21-1.27-6.56-.56-4.11-1.13-8.35-3.65-11.82-2.55-3.5-6.42-5.36-10.17-7.15-2.13-1.02-4.14-1.98-5.8-3.19-1.63-1.19-3.15-2.78-4.75-4.48-2.88-3.03-5.85-6.17-10.02-7.52-4-1.3-8.18-.54-12.23.19-2.38.43-4.63.84-6.78.84s-4.4-.41-6.78-.84c-4.04-.73-8.23-1.49-12.23-.19-4.17,1.36-7.15,4.49-10.02,7.52-1.61,1.69-3.12,3.29-4.75,4.48-1.66,1.21-3.67,2.17-5.8,3.19-3.75,1.8-7.62,3.65-10.17,7.15-2.52,3.46-3.1,7.71-3.65,11.82-.32,2.36-.62,4.58-1.27,6.56-.61,1.87-1.64,3.77-2.74,5.79-2.01,3.69-4.08,7.5-4.08,11.97s2.08,8.28,4.08,11.97c1.1,2.02,2.14,3.92,2.74,5.79.65,1.98.95,4.21,1.27,6.57.56,4.11,1.13,8.35,3.65,11.82,2.55,3.5,6.42,5.36,10.17,7.15,2.13,1.02,4.14,1.99,5.8,3.19,1.21.88,2.36,1.99,3.52,3.19l-18.53,69.14c-.26.96.08,1.97.85,2.59.77.62,1.83.73,2.71.28l18.25-9.38,11.16,17.27c.46.72,1.26,1.14,2.1,1.14.13,0,.26,0,.39-.03.98-.15,1.77-.87,2.03-1.82l11.29-42.15,11.29,42.15c.26.96,1.05,1.67,2.03,1.82.13.02.26.03.39.03.84,0,1.64-.42,2.1-1.15l11.12-17.25,18.3,9.37c.88.45,1.94.34,2.71-.28.77-.62,1.1-1.64.84-2.59l-18.53-69.14c1.17-1.2,2.31-2.31,3.52-3.19,1.66-1.21,3.67-2.17,5.8-3.19,3.75-1.8,7.62-3.65,10.17-7.15,2.52-3.46,3.1-7.71,3.65-11.82.32-2.36.62-4.58,1.27-6.56.61-1.87,1.64-3.77,2.74-5.79,2.01-3.69,4.08-7.5,4.08-11.97s-2.08-8.28-4.08-11.97ZM46.82,181.33l-9.33-14.44c-.7-1.08-2.1-1.45-3.24-.87l-15.25,7.84,16.3-60.82c2.07,1.98,4.35,3.72,7.19,4.65,4,1.3,8.18.54,12.23-.19,2.38-.43,4.63-.84,6.78-.84.85,0,1.73.08,2.61.18l-4.98,18.57s-.02.09-.03.13l-12.27,45.79ZM88.68,166.04c-1.14-.59-2.54-.21-3.24.87l-9.29,14.41-12.07-45.07,4.99-18.62c2.19.39,4.42.76,6.63.76,1.61,0,3.22-.19,4.8-.71,2.84-.92,5.11-2.67,7.19-4.65l16.3,60.83-15.3-7.84ZM114.5,68.78c-1.16,2.13-2.36,4.33-3.1,6.64-.78,2.41-1.13,4.97-1.46,7.44-.5,3.65-.96,7.1-2.74,9.55-1.8,2.48-4.95,3.99-8.29,5.58-2.24,1.07-4.55,2.18-6.58,3.66-2,1.46-3.75,3.3-5.44,5.08-2.56,2.7-4.97,5.25-7.94,6.21-2.8.91-6.2.29-9.79-.36-2.49-.45-5.07-.92-7.67-.92s-5.18.47-7.67.92c-3.59.65-6.99,1.27-9.79.36-2.96-.96-5.38-3.51-7.94-6.21-1.69-1.78-3.44-3.62-5.44-5.08-2.03-1.48-4.34-2.59-6.58-3.66-3.33-1.6-6.48-3.11-8.29-5.58-1.78-2.44-2.25-5.9-2.74-9.55-.33-2.47-.68-5.03-1.46-7.44-.75-2.31-1.95-4.51-3.1-6.64-1.79-3.28-3.47-6.38-3.47-9.58s1.69-6.3,3.47-9.58c1.16-2.13,2.36-4.33,3.1-6.64.78-2.41,1.13-4.97,1.46-7.44.5-3.65.96-7.1,2.74-9.55,1.8-2.48,4.95-3.99,8.29-5.59,2.24-1.07,4.55-2.18,6.58-3.66,2-1.46,3.75-3.3,5.44-5.08,2.56-2.7,4.97-5.25,7.94-6.21,2.8-.91,6.2-.3,9.79.36,2.49.45,5.07.92,7.67.92s5.18-.47,7.67-.92c3.59-.65,6.99-1.27,9.79-.36,2.96.96,5.38,3.51,7.94,6.21,1.69,1.78,3.44,3.62,5.44,5.08,2.03,1.48,4.34,2.59,6.58,3.66,3.33,1.6,6.48,3.11,8.29,5.59,1.78,2.44,2.25,5.9,2.74,9.55.33,2.47.68,5.02,1.46,7.44.75,2.31,1.95,4.51,3.1,6.64,1.79,3.28,3.47,6.38,3.47,9.58s-1.69,6.3-3.47,9.58Z\"><\/path><path class=\"cls-2\" d=\"M61.49,100.31c-22.67,0-41.11-18.44-41.11-41.11S38.82,18.09,61.49,18.09s41.11,18.44,41.11,41.11-18.44,41.11-41.11,41.11ZM61.49,23.09c-19.91,0-36.11,16.2-36.11,36.11s16.2,36.11,36.11,36.11,36.11-16.2,36.11-36.11-16.2-36.11-36.11-36.11Z\"><\/path><path class=\"cls-1\" d=\"M56.76,75.76c-.85,0-1.71-.27-2.43-.82l-15.68-11.98c-1.76-1.34-2.09-3.85-.75-5.61,1.34-1.75,3.85-2.09,5.61-.75l12.9,9.85,22.65-22.65c1.56-1.56,4.09-1.56,5.66,0,1.56,1.56,1.56,4.1,0,5.66l-25.13,25.13c-.78.78-1.8,1.17-2.83,1.17Z\"><\/path><\/svg>\t\t\t\t\t\t\t\t\t\t<\/div>\n\t\t\t\t\t\t\t\t\t<\/a>\t\t\t\t\t\t\t\t\t\t\t\t\t\t\t\t<div class=\"box-content\">\n\t\t\t\t\t\t\t\t\t\t\t\t\t\t\t\t\t\t\t\t\t\t\t\t\t\t\t\t\t<h4 class=\"box-heading\">\n\t\t\t\t\t\t\t\t\t\t\t<a aria-label=\"Team a supporto del Network\">\t\t\t\t\t\t\t\t\t\t\t\tTeam a supporto del Network\t\t\t\t\t\t\t\t\t\t\t<\/a>\t\t\t\t\t\t\t\t\t\t<\/h4>\n\t\t\t\t\t\t\t\t\t\t\t\t\t\t\t\t\t\t\t\t\t\t\t\t\t\t\t\t<div class=\"box-description\">Il team del network \u00e8 composto da manager ed analisti esperti che sono costantemente attenti al corretto funzionamento dei diversi processi, per garantire alti standard su tutto il territorio, analizzando ogni singola area geografica.<\/div>\n\t\t\t\t\t\t\t\t\t\t\t\t\t\t\t\t\t\t\t\t\t\t\t\t\t\t<\/div>\n\t\t\t\t\t\t\t<\/div>\n\t\t\t\t\t\t<\/div>\t\t\t\t\t<\/div>\n\t\t\t\t\t\t\t\t\t<div class=\"wf-cell shown\">\n\t\t\t\t\t\t<div class=\"the7-icon-box-grid\">\t\t\t\t\t\t\t<div class=\"box-content-wrapper\">\n\t\t\t\t\t\t\t\t\t\t\t\t\t\t\t\t\t<a class=\"elementor-icon-div\" aria-label=\"Qualit\u00e0 del Servizio\">\t\t\t\t\t\t\t\t\t\t<div class=\"elementor-icon\">\n\t\t\t\t\t\t\t\t\t\t\t<svg xmlns=\"http:\/\/www.w3.org\/2000\/svg\" id=\"Layer_1\" viewBox=\"0 0 202.88 212.68\"><defs><style>.cls-1{fill:#75bf42;}.cls-2{fill:#013976;}<\/style><\/defs><path class=\"cls-2\" d=\"M28.28,25.47h0,0M113.07,0h-.09s.02,0,.05.03c.03-.02.05-.03.05-.03h0ZM113.02,5.68c9.81,5.07,47.22,23.16,84.76,24.68,0,2.19.02,4.42.04,6.73.2,30.21.45,67.82-10.43,100.22-12.38,36.85-36.71,59.81-74.37,70.17-15.64-4.3-28.98-10.78-40.12-19.52l-12.45-4.42c12.73,12.87,29.77,23.07,52.57,29.12,96.7-25.66,89.75-126,89.75-187.2C159.6,25.47,114.66.93,113.02.03h0c-1.64.9-46.58,25.44-89.75,25.44,0,20.92-.81,46.42,1.98,71.94.17,1.58.36,3.16.56,4.73h5.05c-.2-1.58-.39-3.15-.57-4.72-2.34-20.95-2.2-42-2.07-60.32.02-2.31.03-4.54.04-6.73,37.53-1.53,74.95-19.61,84.76-24.68M113.02,212.67s-.03,0-.05.01h.09s-.03,0-.05-.01h0Z\"><\/path><path class=\"cls-1\" d=\"M147.94,110.81c0-6.79-5.52-12.31-12.31-12.31h-35.04c.87-4.83,2.39-15.16,1.6-24.98-.8-9.92-3.77-22.12-9.68-26.6-2.02-1.53-4.32-2.1-6.65-1.65-6.76,1.31-7.16,6.14-7.66,12.26-.75,9.08-2,24.29-19.96,49.44-6.19,8.67-15.63,8.63-18.91,8.32-2.24-5.22-7.43-8.88-13.46-8.88h-11.24c-8.08,0-14.65,6.57-14.65,14.65v52.91c0,8.08,6.57,14.64,14.65,14.64h11.24c8.08,0,14.65-6.57,14.65-14.64v-.12c.29.15-.8.25-.44.26l11.19.31,23.5,8.84h50.07c6.79,0,12.31-5.52,12.31-12.31,0-3.4-1.39-6.48-3.63-8.71,4.41-1.88,7.5-6.25,7.5-11.33,0-3.51-1.49-6.67-3.85-8.92,4.18-1.97,7.08-6.21,7.08-11.13,0-3.44-1.42-6.55-3.7-8.78,4.34-1.9,7.39-6.24,7.39-11.27ZM35.33,173.96c0,5.21-4.24,9.45-9.45,9.45h-11.24c-5.21,0-9.45-4.24-9.45-9.45v-52.91c0-5.21,4.24-9.45,9.45-9.45h11.24c5.21,0,9.45,4.24,9.45,9.45v52.91ZM135.64,118.56h-17.54c-1.26,0-2.28,1.02-2.28,2.28,0,0,0,0,0,0s0,0,0,0c0,1.26,1.02,2.28,2.28,2.28h13.86c4.27,0,7.75,3.48,7.75,7.75s-3.48,7.75-7.75,7.75h-3.02c-.07,0-.14-.01-.21-.01h-13.96c-1.26,0-2.28,1.02-2.28,2.28,0,0,0,0,0,0s0,0,0,0c0,1.26,1.02,2.28,2.28,2.28h14.17c4.17.11,7.54,3.54,7.54,7.74s-3.48,7.75-7.75,7.75h-3.64c-.08,0-.15-.01-.23-.01-.04,0-.08,0-.12.01h-11.66c-1.26,0-2.28,1.02-2.28,2.28s1.02,2.28,2.28,2.28h12.01c4.16.12,7.52,3.54,7.52,7.74s-3.48,7.75-7.75,7.75h-49.24l-23.43-8.81-11.94-.33c-.4-.01.64.09.3.27v-48.76c0-.38-.03-.76-.06-1.14,4.98.16,14.76-.89,21.49-10.3,18.69-26.18,20.01-42.16,20.79-51.72.54-6.56.82-7.54,3.99-8.16,1.06-.2,2.02.05,3.02.81,3.83,2.9,7,12.28,7.9,23.34,1.01,12.42-2.02,26.26-2.05,26.4l-.61,2.77h40.65c4.27,0,7.75,3.48,7.75,7.75s-3.48,7.75-7.75,7.75Z\"><\/path><\/svg>\t\t\t\t\t\t\t\t\t\t<\/div>\n\t\t\t\t\t\t\t\t\t<\/a>\t\t\t\t\t\t\t\t\t\t\t\t\t\t\t\t<div class=\"box-content\">\n\t\t\t\t\t\t\t\t\t\t\t\t\t\t\t\t\t\t\t\t\t\t\t\t\t\t\t\t\t<h4 class=\"box-heading\">\n\t\t\t\t\t\t\t\t\t\t\t<a aria-label=\"Qualit\u00e0 del Servizio\">\t\t\t\t\t\t\t\t\t\t\t\tQualit\u00e0 del Servizio\t\t\t\t\t\t\t\t\t\t\t<\/a>\t\t\t\t\t\t\t\t\t\t<\/h4>\n\t\t\t\t\t\t\t\t\t\t\t\t\t\t\t\t\t\t\t\t\t\t\t\t\t\t\t\t<div class=\"box-description\">Questo team lavora a stretto contatto con i Concessionari per garantire che funzionino in modo ottimale dal punto di vista operativo. Dall'integrazione di nuovi concessionari, alla risoluzione di eventuali problemi di servizio  fino al miglioramento delle prestazioni dei singoli con l'obiettivo finale di garantire un servizio eccellente ai clienti che affidano la loro merce al Network.<\/div>\n\t\t\t\t\t\t\t\t\t\t\t\t\t\t\t\t\t\t\t\t\t\t\t\t\t\t<\/div>\n\t\t\t\t\t\t\t<\/div>\n\t\t\t\t\t\t<\/div>\t\t\t\t\t<\/div>\n\t\t\t\t\t\t\t\t\t<div class=\"wf-cell shown\">\n\t\t\t\t\t\t<div class=\"the7-icon-box-grid\">\t\t\t\t\t\t\t<div class=\"box-content-wrapper\">\n\t\t\t\t\t\t\t\t\t\t\t\t\t\t\t\t\t<a class=\"elementor-icon-div\" aria-label=\"Il Supporto operativo\">\t\t\t\t\t\t\t\t\t\t<div class=\"elementor-icon\">\n\t\t\t\t\t\t\t\t\t\t\t<svg xmlns=\"http:\/\/www.w3.org\/2000\/svg\" id=\"Layer_1\" viewBox=\"0 0 170.19 192.56\"><defs><style>.cls-1{fill:#7ab92c;}.cls-2{fill:#1d3c6f;}<\/style><\/defs><path class=\"cls-2\" d=\"M167.19,192.56c-1.66,0-3-1.34-3-3,0-43.61-35.48-79.1-79.1-79.1S6,145.95,6,189.56c0,1.66-1.34,3-3,3s-3-1.34-3-3c0-46.92,38.17-85.1,85.1-85.1s85.1,38.17,85.1,85.1c0,1.66-1.34,3-3,3Z\"><\/path><path class=\"cls-1\" d=\"M85.1,96.04c-26.48,0-48.02-21.54-48.02-48.02S58.62,0,85.1,0s48.02,21.54,48.02,48.02-21.54,48.02-48.02,48.02ZM85.1,6c-23.17,0-42.02,18.85-42.02,42.02s18.85,42.02,42.02,42.02,42.02-18.85,42.02-42.02S108.27,6,85.1,6Z\"><\/path><\/svg>\t\t\t\t\t\t\t\t\t\t<\/div>\n\t\t\t\t\t\t\t\t\t<\/a>\t\t\t\t\t\t\t\t\t\t\t\t\t\t\t\t<div class=\"box-content\">\n\t\t\t\t\t\t\t\t\t\t\t\t\t\t\t\t\t\t\t\t\t\t\t\t\t\t\t\t\t<h4 class=\"box-heading\">\n\t\t\t\t\t\t\t\t\t\t\t<a aria-label=\"Il Supporto operativo\">\t\t\t\t\t\t\t\t\t\t\t\tIl Supporto operativo\t\t\t\t\t\t\t\t\t\t\t<\/a>\t\t\t\t\t\t\t\t\t\t<\/h4>\n\t\t\t\t\t\t\t\t\t\t\t\t\t\t\t\t\t\t\t\t\t\t\t\t\t\t\t\t<div class=\"box-description\">In tutto il Network ci sono team dedicati al servizio supporto clienti. Il supporto operativo nasce per  garantire che i clienti siano informati di eventuali ritardi e nel caso che questi siano comunicati e corretti tempestivamente. Questi team lavorano con KPI rigorosi che garantiscono che i clienti non debbano aspettare per ottenere risposte, garantendo tranquillit\u00e0.<\/div>\n\t\t\t\t\t\t\t\t\t\t\t\t\t\t\t\t\t\t\t\t\t\t\t\t\t\t<\/div>\n\t\t\t\t\t\t\t<\/div>\n\t\t\t\t\t\t<\/div>\t\t\t\t\t<\/div>\n\t\t\t\t\t\t\t<\/div>\n\t\t<\/div>\t\t<\/div>\n\t\t\t\t<\/div>\n\t\t\t\t\t<\/div>\n\t\t\t\t<\/div>\n\t\t\t\t<\/div>\n\t\t","protected":false},"excerpt":{"rendered":"<p>Guidare l&#8217;eccellenza del servizio in tutto ci\u00f2 che facciamo Palletways \u00e8 prima di tutto un fornitore di servizi: supportando i nostri concessionari ad offrire un servizio di alta qualit\u00e0. Questa eccellenza nel servizio pu\u00f2 contare sia sulla tecnologia informatica all&#8217;avanguardia che sui professionisti esperti che quotidianamente lavorano per garantire che il Network funzioni in modo&hellip;<\/p>\n","protected":false},"author":3,"featured_media":0,"parent":0,"menu_order":0,"comment_status":"closed","ping_status":"closed","template":"","meta":{"om_disable_all_campaigns":false,"footnotes":""},"class_list":["post-8249","page","type-page","status-publish","hentry"],"yoast_head":"<!-- This site is optimized with the Yoast SEO Premium plugin v24.2 (Yoast SEO v24.2) - https:\/\/yoast.com\/wordpress\/plugins\/seo\/ -->\n<title>Affidabilita e Servizio - Palletways Italy<\/title>\n<meta name=\"robots\" content=\"index, follow, max-snippet:-1, max-image-preview:large, max-video-preview:-1\" \/>\n<link rel=\"canonical\" href=\"https:\/\/www.palletways.com\/it\/affidabilita-e-servizio\/\" \/>\n<meta property=\"og:locale\" content=\"it_IT\" \/>\n<meta property=\"og:type\" content=\"article\" \/>\n<meta property=\"og:title\" content=\"Affidabilita e Servizio\" \/>\n<meta property=\"og:description\" content=\"Guidare l&#8217;eccellenza del servizio in tutto ci\u00f2 che facciamo Palletways \u00e8 prima di tutto un fornitore di servizi: supportando i nostri concessionari ad offrire un servizio di alta qualit\u00e0. Questa eccellenza nel servizio pu\u00f2 contare sia sulla tecnologia informatica all&#8217;avanguardia che sui professionisti esperti che quotidianamente lavorano per garantire che il Network funzioni in modo&hellip;\" \/>\n<meta property=\"og:url\" content=\"https:\/\/www.palletways.com\/it\/affidabilita-e-servizio\/\" \/>\n<meta property=\"og:site_name\" content=\"Palletways Italy\" \/>\n<meta property=\"article:publisher\" content=\"https:\/\/www.facebook.com\/PalletwaysItalia\" \/>\n<meta property=\"article:modified_time\" content=\"2025-02-19T13:10:39+00:00\" \/>\n<meta property=\"og:image\" content=\"https:\/\/www.palletways.com\/it\/wp-content\/uploads\/sites\/5\/2025\/01\/Reliability-Service-ALTERNATIVE-scaled.jpg\" \/>\n\t<meta property=\"og:image:width\" content=\"2560\" \/>\n\t<meta property=\"og:image:height\" content=\"596\" \/>\n\t<meta property=\"og:image:type\" content=\"image\/jpeg\" \/>\n<meta name=\"twitter:card\" content=\"summary_large_image\" \/>\n<meta name=\"twitter:label1\" content=\"Tempo di lettura stimato\" \/>\n\t<meta name=\"twitter:data1\" content=\"2 minuti\" \/>\n<script type=\"application\/ld+json\" class=\"yoast-schema-graph\">{\"@context\":\"https:\/\/schema.org\",\"@graph\":[{\"@type\":\"WebPage\",\"@id\":\"https:\/\/www.palletways.com\/it\/affidabilita-e-servizio\/\",\"url\":\"https:\/\/www.palletways.com\/it\/affidabilita-e-servizio\/\",\"name\":\"Affidabilita e Servizio - Palletways Italy\",\"isPartOf\":{\"@id\":\"https:\/\/www.palletways.com\/it\/#website\"},\"primaryImageOfPage\":{\"@id\":\"https:\/\/www.palletways.com\/it\/affidabilita-e-servizio\/#primaryimage\"},\"image\":{\"@id\":\"https:\/\/www.palletways.com\/it\/affidabilita-e-servizio\/#primaryimage\"},\"thumbnailUrl\":\"https:\/\/www.palletways.com\/it\/wp-content\/uploads\/sites\/5\/2025\/01\/Reliability-Service-ALTERNATIVE-scaled.jpg\",\"datePublished\":\"2024-12-11T14:55:58+00:00\",\"dateModified\":\"2025-02-19T13:10:39+00:00\",\"breadcrumb\":{\"@id\":\"https:\/\/www.palletways.com\/it\/affidabilita-e-servizio\/#breadcrumb\"},\"inLanguage\":\"it-IT\",\"potentialAction\":[{\"@type\":\"ReadAction\",\"target\":[\"https:\/\/www.palletways.com\/it\/affidabilita-e-servizio\/\"]}]},{\"@type\":\"ImageObject\",\"inLanguage\":\"it-IT\",\"@id\":\"https:\/\/www.palletways.com\/it\/affidabilita-e-servizio\/#primaryimage\",\"url\":\"https:\/\/www.palletways.com\/it\/wp-content\/uploads\/sites\/5\/2025\/01\/Reliability-Service-ALTERNATIVE-scaled.jpg\",\"contentUrl\":\"https:\/\/www.palletways.com\/it\/wp-content\/uploads\/sites\/5\/2025\/01\/Reliability-Service-ALTERNATIVE-scaled.jpg\",\"width\":2560,\"height\":596},{\"@type\":\"BreadcrumbList\",\"@id\":\"https:\/\/www.palletways.com\/it\/affidabilita-e-servizio\/#breadcrumb\",\"itemListElement\":[{\"@type\":\"ListItem\",\"position\":1,\"name\":\"Home\",\"item\":\"https:\/\/www.palletways.com\/it\/\"},{\"@type\":\"ListItem\",\"position\":2,\"name\":\"Affidabilita e Servizio\"}]},{\"@type\":\"WebSite\",\"@id\":\"https:\/\/www.palletways.com\/it\/#website\",\"url\":\"https:\/\/www.palletways.com\/it\/\",\"name\":\"Palletways Italy\",\"description\":\"La rete di consegna pallet pi\u00f9 affidabile d&#039;Europa\",\"publisher\":{\"@id\":\"https:\/\/www.palletways.com\/it\/#organization\"},\"potentialAction\":[{\"@type\":\"SearchAction\",\"target\":{\"@type\":\"EntryPoint\",\"urlTemplate\":\"https:\/\/www.palletways.com\/it\/?s={search_term_string}\"},\"query-input\":{\"@type\":\"PropertyValueSpecification\",\"valueRequired\":true,\"valueName\":\"search_term_string\"}}],\"inLanguage\":\"it-IT\"},{\"@type\":\"Organization\",\"@id\":\"https:\/\/www.palletways.com\/it\/#organization\",\"name\":\"Palletways Italy\",\"url\":\"https:\/\/www.palletways.com\/it\/\",\"logo\":{\"@type\":\"ImageObject\",\"inLanguage\":\"it-IT\",\"@id\":\"https:\/\/www.palletways.com\/it\/#\/schema\/logo\/image\/\",\"url\":\"https:\/\/www.palletways.com\/it\/wp-content\/uploads\/sites\/5\/2024\/10\/pw_we-deliver-4-col.jpg\",\"contentUrl\":\"https:\/\/www.palletways.com\/it\/wp-content\/uploads\/sites\/5\/2024\/10\/pw_we-deliver-4-col.jpg\",\"width\":2115,\"height\":694,\"caption\":\"Palletways Italy\"},\"image\":{\"@id\":\"https:\/\/www.palletways.com\/it\/#\/schema\/logo\/image\/\"},\"sameAs\":[\"https:\/\/www.facebook.com\/PalletwaysItalia\",\"https:\/\/www.linkedin.com\/company\/palletwaysitalia\/\"]}]}<\/script>\n<!-- \/ Yoast SEO Premium plugin. -->","yoast_head_json":{"title":"Affidabilita e Servizio - Palletways Italy","robots":{"index":"index","follow":"follow","max-snippet":"max-snippet:-1","max-image-preview":"max-image-preview:large","max-video-preview":"max-video-preview:-1"},"canonical":"https:\/\/www.palletways.com\/it\/affidabilita-e-servizio\/","og_locale":"it_IT","og_type":"article","og_title":"Affidabilita e Servizio","og_description":"Guidare l&#8217;eccellenza del servizio in tutto ci\u00f2 che facciamo Palletways \u00e8 prima di tutto un fornitore di servizi: supportando i nostri concessionari ad offrire un servizio di alta qualit\u00e0. Questa eccellenza nel servizio pu\u00f2 contare sia sulla tecnologia informatica all&#8217;avanguardia che sui professionisti esperti che quotidianamente lavorano per garantire che il Network funzioni in modo&hellip;","og_url":"https:\/\/www.palletways.com\/it\/affidabilita-e-servizio\/","og_site_name":"Palletways Italy","article_publisher":"https:\/\/www.facebook.com\/PalletwaysItalia","article_modified_time":"2025-02-19T13:10:39+00:00","og_image":[{"width":2560,"height":596,"url":"https:\/\/www.palletways.com\/it\/wp-content\/uploads\/sites\/5\/2025\/01\/Reliability-Service-ALTERNATIVE-scaled.jpg","type":"image\/jpeg"}],"twitter_card":"summary_large_image","twitter_misc":{"Tempo di lettura stimato":"2 minuti"},"schema":{"@context":"https:\/\/schema.org","@graph":[{"@type":"WebPage","@id":"https:\/\/www.palletways.com\/it\/affidabilita-e-servizio\/","url":"https:\/\/www.palletways.com\/it\/affidabilita-e-servizio\/","name":"Affidabilita e Servizio - Palletways Italy","isPartOf":{"@id":"https:\/\/www.palletways.com\/it\/#website"},"primaryImageOfPage":{"@id":"https:\/\/www.palletways.com\/it\/affidabilita-e-servizio\/#primaryimage"},"image":{"@id":"https:\/\/www.palletways.com\/it\/affidabilita-e-servizio\/#primaryimage"},"thumbnailUrl":"https:\/\/www.palletways.com\/it\/wp-content\/uploads\/sites\/5\/2025\/01\/Reliability-Service-ALTERNATIVE-scaled.jpg","datePublished":"2024-12-11T14:55:58+00:00","dateModified":"2025-02-19T13:10:39+00:00","breadcrumb":{"@id":"https:\/\/www.palletways.com\/it\/affidabilita-e-servizio\/#breadcrumb"},"inLanguage":"it-IT","potentialAction":[{"@type":"ReadAction","target":["https:\/\/www.palletways.com\/it\/affidabilita-e-servizio\/"]}]},{"@type":"ImageObject","inLanguage":"it-IT","@id":"https:\/\/www.palletways.com\/it\/affidabilita-e-servizio\/#primaryimage","url":"https:\/\/www.palletways.com\/it\/wp-content\/uploads\/sites\/5\/2025\/01\/Reliability-Service-ALTERNATIVE-scaled.jpg","contentUrl":"https:\/\/www.palletways.com\/it\/wp-content\/uploads\/sites\/5\/2025\/01\/Reliability-Service-ALTERNATIVE-scaled.jpg","width":2560,"height":596},{"@type":"BreadcrumbList","@id":"https:\/\/www.palletways.com\/it\/affidabilita-e-servizio\/#breadcrumb","itemListElement":[{"@type":"ListItem","position":1,"name":"Home","item":"https:\/\/www.palletways.com\/it\/"},{"@type":"ListItem","position":2,"name":"Affidabilita e Servizio"}]},{"@type":"WebSite","@id":"https:\/\/www.palletways.com\/it\/#website","url":"https:\/\/www.palletways.com\/it\/","name":"Palletways Italy","description":"La rete di consegna pallet pi\u00f9 affidabile d&#039;Europa","publisher":{"@id":"https:\/\/www.palletways.com\/it\/#organization"},"potentialAction":[{"@type":"SearchAction","target":{"@type":"EntryPoint","urlTemplate":"https:\/\/www.palletways.com\/it\/?s={search_term_string}"},"query-input":{"@type":"PropertyValueSpecification","valueRequired":true,"valueName":"search_term_string"}}],"inLanguage":"it-IT"},{"@type":"Organization","@id":"https:\/\/www.palletways.com\/it\/#organization","name":"Palletways Italy","url":"https:\/\/www.palletways.com\/it\/","logo":{"@type":"ImageObject","inLanguage":"it-IT","@id":"https:\/\/www.palletways.com\/it\/#\/schema\/logo\/image\/","url":"https:\/\/www.palletways.com\/it\/wp-content\/uploads\/sites\/5\/2024\/10\/pw_we-deliver-4-col.jpg","contentUrl":"https:\/\/www.palletways.com\/it\/wp-content\/uploads\/sites\/5\/2024\/10\/pw_we-deliver-4-col.jpg","width":2115,"height":694,"caption":"Palletways Italy"},"image":{"@id":"https:\/\/www.palletways.com\/it\/#\/schema\/logo\/image\/"},"sameAs":["https:\/\/www.facebook.com\/PalletwaysItalia","https:\/\/www.linkedin.com\/company\/palletwaysitalia\/"]}]}},"_links":{"self":[{"href":"https:\/\/www.palletways.com\/it\/wp-json\/wp\/v2\/pages\/8249","targetHints":{"allow":["GET"]}}],"collection":[{"href":"https:\/\/www.palletways.com\/it\/wp-json\/wp\/v2\/pages"}],"about":[{"href":"https:\/\/www.palletways.com\/it\/wp-json\/wp\/v2\/types\/page"}],"author":[{"embeddable":true,"href":"https:\/\/www.palletways.com\/it\/wp-json\/wp\/v2\/users\/3"}],"replies":[{"embeddable":true,"href":"https:\/\/www.palletways.com\/it\/wp-json\/wp\/v2\/comments?post=8249"}],"version-history":[{"count":30,"href":"https:\/\/www.palletways.com\/it\/wp-json\/wp\/v2\/pages\/8249\/revisions"}],"predecessor-version":[{"id":8962,"href":"https:\/\/www.palletways.com\/it\/wp-json\/wp\/v2\/pages\/8249\/revisions\/8962"}],"wp:attachment":[{"href":"https:\/\/www.palletways.com\/it\/wp-json\/wp\/v2\/media?parent=8249"}],"curies":[{"name":"wp","href":"https:\/\/api.w.org\/{rel}","templated":true}]}}