{"id":8243,"date":"2024-12-11T14:52:24","date_gmt":"2024-12-11T14:52:24","guid":{"rendered":"https:\/\/www.palletways.com\/it\/?page_id=8243"},"modified":"2026-02-12T15:44:58","modified_gmt":"2026-02-12T15:44:58","slug":"competenza-e-tecnologia","status":"publish","type":"page","link":"https:\/\/www.palletways.com\/it\/competenza-e-tecnologia\/","title":{"rendered":"Tecnologia"},"content":{"rendered":"\t\t<div data-elementor-type=\"wp-page\" data-elementor-id=\"8243\" class=\"elementor elementor-8243\" data-elementor-post-type=\"page\">\n\t\t\t\t<div class=\"elementor-element elementor-element-3fbbd72 e-flex e-con-boxed e-con e-parent\" data-id=\"3fbbd72\" data-element_type=\"container\">\n\t\t\t\t\t<div class=\"e-con-inner\">\n\t\t\t\t<div class=\"elementor-element elementor-element-af1e014 elementor-widget elementor-widget-image\" data-id=\"af1e014\" data-element_type=\"widget\" data-widget_type=\"image.default\">\n\t\t\t\t<div class=\"elementor-widget-container\">\n\t\t\t\t\t\t\t\t\t\t\t\t\t<img fetchpriority=\"high\" decoding=\"async\" width=\"2560\" height=\"596\" src=\"https:\/\/www.palletways.com\/it\/wp-content\/uploads\/sites\/5\/2025\/01\/Technology-Innovation-ALTERNATIVE-scaled.jpg\" class=\"attachment-full size-full wp-image-8494\" alt=\"\" srcset=\"https:\/\/www.palletways.com\/it\/wp-content\/uploads\/sites\/5\/2025\/01\/Technology-Innovation-ALTERNATIVE-scaled.jpg 2560w, https:\/\/www.palletways.com\/it\/wp-content\/uploads\/sites\/5\/2025\/01\/Technology-Innovation-ALTERNATIVE-300x70.jpg 300w, https:\/\/www.palletways.com\/it\/wp-content\/uploads\/sites\/5\/2025\/01\/Technology-Innovation-ALTERNATIVE-1024x238.jpg 1024w, https:\/\/www.palletways.com\/it\/wp-content\/uploads\/sites\/5\/2025\/01\/Technology-Innovation-ALTERNATIVE-768x179.jpg 768w, https:\/\/www.palletways.com\/it\/wp-content\/uploads\/sites\/5\/2025\/01\/Technology-Innovation-ALTERNATIVE-1536x358.jpg 1536w, https:\/\/www.palletways.com\/it\/wp-content\/uploads\/sites\/5\/2025\/01\/Technology-Innovation-ALTERNATIVE-2048x477.jpg 2048w\" sizes=\"(max-width: 2560px) 100vw, 2560px\" \/>\t\t\t\t\t\t\t\t\t\t\t\t\t<\/div>\n\t\t\t\t<\/div>\n\t\t\t\t\t<\/div>\n\t\t\t\t<\/div>\n\t\t<div class=\"elementor-element elementor-element-d0db4fc e-flex e-con-boxed e-con e-parent\" data-id=\"d0db4fc\" data-element_type=\"container\">\n\t\t\t\t\t<div class=\"e-con-inner\">\n\t\t\t\t<div class=\"elementor-element elementor-element-8af8b37 elementor-widget elementor-widget-heading\" data-id=\"8af8b37\" data-element_type=\"widget\" data-widget_type=\"heading.default\">\n\t\t\t\t<div class=\"elementor-widget-container\">\n\t\t\t<h1 class=\"elementor-heading-title elementor-size-default\">Tecnologia leader nel settore per darti fiducia, tranquillit\u00e0 e flessibilit\u00e0.<\/h1>\t\t<\/div>\n\t\t\t\t<\/div>\n\t\t\t\t\t<\/div>\n\t\t\t\t<\/div>\n\t\t<div class=\"elementor-element elementor-element-4f0b24d e-flex e-con-boxed e-con e-parent\" data-id=\"4f0b24d\" data-element_type=\"container\">\n\t\t\t\t\t<div class=\"e-con-inner\">\n\t\t\t\t<div class=\"elementor-element elementor-element-4641380 elementor-widget elementor-widget-text-editor\" data-id=\"4641380\" data-element_type=\"widget\" data-widget_type=\"text-editor.default\">\n\t\t\t\t<div class=\"elementor-widget-container\">\n\t\t\t\t\t\t\t<p><span data-contrast=\"auto\">In Palletways sappiamo che l&#8217;unico modo per poter offrire il miglior servizio possibile \u00e8 attraverso il progresso della nostra tecnologia. Le nostre innovazioni pionieristiche nell&#8217;industria hanno plasmato il settore della consegna di pallet. <\/span><span data-ccp-props=\"{}\">\u00a0<\/span><\/p><p>Dietro ogni innovazione che Palletways promuove, c&#8217;\u00e8 la creazione di un vantaggio competitivo per i nostri concessionari e clienti, consentendo loro di offrire una qualit\u00e0 di servizio ineguagliabile, visibilit\u00e0 in tempo reale e controllo sulle spedizioni. Ci concentriamo sull&#8217;innovazione perch\u00e9 guida il successo dei nostri clienti. Palletways sta costantemente esplorando e sfruttando nuovi sistemi, processi e tecnologie a beneficio del servizio che offriamo.<\/p>\t\t\t\t\t\t<\/div>\n\t\t\t\t<\/div>\n\t\t\t\t\t<\/div>\n\t\t\t\t<\/div>\n\t\t<div class=\"elementor-element elementor-element-8479d64 e-flex e-con-boxed e-con e-parent\" data-id=\"8479d64\" data-element_type=\"container\">\n\t\t\t\t\t<div class=\"e-con-inner\">\n\t\t<div class=\"elementor-element elementor-element-787d323 e-con-full e-flex e-con e-child\" data-id=\"787d323\" data-element_type=\"container\">\n\t\t\t\t<div class=\"elementor-element elementor-element-72d9cf1 elementor-widget elementor-widget-text-editor\" data-id=\"72d9cf1\" data-element_type=\"widget\" data-widget_type=\"text-editor.default\">\n\t\t\t\t<div class=\"elementor-widget-container\">\n\t\t\t\t\t\t\t<h3><span style=\"color: #003875\">Il portale Palletways<\/span><\/h3><p>Il portale Palletways \u00e8 una piattaforma basata su cloud, che funge da soluzione integrata per garantire che la merce arrivi a destinazione in modo sicuro, efficiente e puntuale. Dalla prenotazione fino alla consegna, ogni spedizione viene registrata, tracciata e gestita e monitorata tramite il portale. Questa \u00e8 uno strumento centralizzato che contiene le informazioni per la gestione delle spedizioni. Guarda i nostri video per scoprire di pi\u00f9 sul portale Palletways.<\/p>\t\t\t\t\t\t<\/div>\n\t\t\t\t<\/div>\n\t\t\t\t<\/div>\n\t\t<div class=\"elementor-element elementor-element-c6a3b19 e-con-full e-flex e-con e-child\" data-id=\"c6a3b19\" data-element_type=\"container\">\n\t\t\t\t<div class=\"elementor-element elementor-element-8fc86c7 elementor-widget elementor-widget-video\" data-id=\"8fc86c7\" data-element_type=\"widget\" data-settings=\"{&quot;youtube_url&quot;:&quot;https:\\\/\\\/www.youtube.com\\\/watch?v=NrTUJfPQmzg&quot;,&quot;video_type&quot;:&quot;youtube&quot;,&quot;controls&quot;:&quot;yes&quot;}\" data-widget_type=\"video.default\">\n\t\t\t\t<div class=\"elementor-widget-container\">\n\t\t\t\t\t<div class=\"elementor-wrapper elementor-open-inline\">\n\t\t\t<div class=\"elementor-video\"><\/div>\t\t<\/div>\n\t\t\t\t<\/div>\n\t\t\t\t<\/div>\n\t\t\t\t<\/div>\n\t\t\t\t\t<\/div>\n\t\t\t\t<\/div>\n\t\t\t\t<\/div>\n\t\t","protected":false},"excerpt":{"rendered":"<p>Tecnologia leader nel settore per darti fiducia, tranquillit\u00e0 e flessibilit\u00e0. In Palletways sappiamo che l&#8217;unico modo per poter offrire il miglior servizio possibile \u00e8 attraverso il progresso della nostra tecnologia. Le nostre innovazioni pionieristiche nell&#8217;industria hanno plasmato il settore della consegna di pallet. \u00a0 Dietro ogni innovazione che Palletways promuove, c&#8217;\u00e8 la creazione di un&hellip;<\/p>\n","protected":false},"author":3,"featured_media":0,"parent":0,"menu_order":0,"comment_status":"closed","ping_status":"closed","template":"","meta":{"om_disable_all_campaigns":false,"footnotes":""},"class_list":["post-8243","page","type-page","status-publish","hentry"],"yoast_head":"<!-- This site is optimized with the Yoast SEO Premium plugin v24.2 (Yoast SEO v24.2) - https:\/\/yoast.com\/wordpress\/plugins\/seo\/ -->\n<title>Competenza e Soluzioni Tecnologia | Spedizione e Stoccaggio- Palletways Italy<\/title>\n<meta name=\"description\" content=\"Palletways continua a investire nella tecnologia per supportare la nostra rete di consegna pallet, garantendo il sostegno ai nostri membri durante l&#039;intero processo.\" \/>\n<meta name=\"robots\" content=\"index, follow, max-snippet:-1, max-image-preview:large, max-video-preview:-1\" \/>\n<link rel=\"canonical\" href=\"https:\/\/www.palletways.com\/it\/competenza-e-tecnologia\/\" \/>\n<meta property=\"og:locale\" content=\"it_IT\" \/>\n<meta property=\"og:type\" content=\"article\" \/>\n<meta property=\"og:title\" content=\"Tecnologia\" \/>\n<meta property=\"og:description\" content=\"Palletways continua a investire nella tecnologia per supportare la nostra rete di consegna pallet, garantendo il sostegno ai nostri membri durante l&#039;intero processo.\" \/>\n<meta property=\"og:url\" content=\"https:\/\/www.palletways.com\/it\/competenza-e-tecnologia\/\" \/>\n<meta property=\"og:site_name\" content=\"Palletways Italy\" \/>\n<meta property=\"article:publisher\" content=\"https:\/\/www.facebook.com\/PalletwaysItalia\" \/>\n<meta property=\"article:modified_time\" content=\"2026-02-12T15:44:58+00:00\" \/>\n<meta property=\"og:image\" content=\"https:\/\/www.palletways.com\/it\/wp-content\/uploads\/sites\/5\/2025\/01\/Technology-Innovation-ALTERNATIVE-scaled.jpg\" \/>\n\t<meta property=\"og:image:width\" content=\"2560\" \/>\n\t<meta property=\"og:image:height\" content=\"596\" \/>\n\t<meta property=\"og:image:type\" content=\"image\/jpeg\" \/>\n<meta name=\"twitter:card\" content=\"summary_large_image\" \/>\n<meta name=\"twitter:label1\" content=\"Tempo di lettura stimato\" \/>\n\t<meta name=\"twitter:data1\" content=\"2 minuti\" \/>\n<script type=\"application\/ld+json\" class=\"yoast-schema-graph\">{\"@context\":\"https:\/\/schema.org\",\"@graph\":[{\"@type\":\"WebPage\",\"@id\":\"https:\/\/www.palletways.com\/it\/competenza-e-tecnologia\/\",\"url\":\"https:\/\/www.palletways.com\/it\/competenza-e-tecnologia\/\",\"name\":\"Competenza e Soluzioni Tecnologia | Spedizione e Stoccaggio- Palletways Italy\",\"isPartOf\":{\"@id\":\"https:\/\/www.palletways.com\/it\/#website\"},\"primaryImageOfPage\":{\"@id\":\"https:\/\/www.palletways.com\/it\/competenza-e-tecnologia\/#primaryimage\"},\"image\":{\"@id\":\"https:\/\/www.palletways.com\/it\/competenza-e-tecnologia\/#primaryimage\"},\"thumbnailUrl\":\"https:\/\/www.palletways.com\/it\/wp-content\/uploads\/sites\/5\/2025\/01\/Technology-Innovation-ALTERNATIVE-scaled.jpg\",\"datePublished\":\"2024-12-11T14:52:24+00:00\",\"dateModified\":\"2026-02-12T15:44:58+00:00\",\"description\":\"Palletways continua a investire nella tecnologia per supportare la nostra rete di consegna pallet, garantendo il sostegno ai nostri membri durante l'intero processo.\",\"breadcrumb\":{\"@id\":\"https:\/\/www.palletways.com\/it\/competenza-e-tecnologia\/#breadcrumb\"},\"inLanguage\":\"it-IT\",\"potentialAction\":[{\"@type\":\"ReadAction\",\"target\":[\"https:\/\/www.palletways.com\/it\/competenza-e-tecnologia\/\"]}]},{\"@type\":\"ImageObject\",\"inLanguage\":\"it-IT\",\"@id\":\"https:\/\/www.palletways.com\/it\/competenza-e-tecnologia\/#primaryimage\",\"url\":\"https:\/\/www.palletways.com\/it\/wp-content\/uploads\/sites\/5\/2025\/01\/Technology-Innovation-ALTERNATIVE-scaled.jpg\",\"contentUrl\":\"https:\/\/www.palletways.com\/it\/wp-content\/uploads\/sites\/5\/2025\/01\/Technology-Innovation-ALTERNATIVE-scaled.jpg\",\"width\":2560,\"height\":596},{\"@type\":\"BreadcrumbList\",\"@id\":\"https:\/\/www.palletways.com\/it\/competenza-e-tecnologia\/#breadcrumb\",\"itemListElement\":[{\"@type\":\"ListItem\",\"position\":1,\"name\":\"Home\",\"item\":\"https:\/\/www.palletways.com\/it\/\"},{\"@type\":\"ListItem\",\"position\":2,\"name\":\"Tecnologia\"}]},{\"@type\":\"WebSite\",\"@id\":\"https:\/\/www.palletways.com\/it\/#website\",\"url\":\"https:\/\/www.palletways.com\/it\/\",\"name\":\"Palletways Italy\",\"description\":\"La rete di consegna pallet pi\u00f9 affidabile d&#039;Europa\",\"publisher\":{\"@id\":\"https:\/\/www.palletways.com\/it\/#organization\"},\"potentialAction\":[{\"@type\":\"SearchAction\",\"target\":{\"@type\":\"EntryPoint\",\"urlTemplate\":\"https:\/\/www.palletways.com\/it\/?s={search_term_string}\"},\"query-input\":{\"@type\":\"PropertyValueSpecification\",\"valueRequired\":true,\"valueName\":\"search_term_string\"}}],\"inLanguage\":\"it-IT\"},{\"@type\":\"Organization\",\"@id\":\"https:\/\/www.palletways.com\/it\/#organization\",\"name\":\"Palletways Italy\",\"url\":\"https:\/\/www.palletways.com\/it\/\",\"logo\":{\"@type\":\"ImageObject\",\"inLanguage\":\"it-IT\",\"@id\":\"https:\/\/www.palletways.com\/it\/#\/schema\/logo\/image\/\",\"url\":\"https:\/\/www.palletways.com\/it\/wp-content\/uploads\/sites\/5\/2024\/10\/pw_we-deliver-4-col.jpg\",\"contentUrl\":\"https:\/\/www.palletways.com\/it\/wp-content\/uploads\/sites\/5\/2024\/10\/pw_we-deliver-4-col.jpg\",\"width\":2115,\"height\":694,\"caption\":\"Palletways Italy\"},\"image\":{\"@id\":\"https:\/\/www.palletways.com\/it\/#\/schema\/logo\/image\/\"},\"sameAs\":[\"https:\/\/www.facebook.com\/PalletwaysItalia\",\"https:\/\/www.linkedin.com\/company\/palletwaysitalia\/\"]}]}<\/script>\n<!-- \/ Yoast SEO Premium plugin. -->","yoast_head_json":{"title":"Competenza e Soluzioni Tecnologia | Spedizione e Stoccaggio- Palletways Italy","description":"Palletways continua a investire nella tecnologia per supportare la nostra rete di consegna pallet, garantendo il sostegno ai nostri membri durante l'intero processo.","robots":{"index":"index","follow":"follow","max-snippet":"max-snippet:-1","max-image-preview":"max-image-preview:large","max-video-preview":"max-video-preview:-1"},"canonical":"https:\/\/www.palletways.com\/it\/competenza-e-tecnologia\/","og_locale":"it_IT","og_type":"article","og_title":"Tecnologia","og_description":"Palletways continua a investire nella tecnologia per supportare la nostra rete di consegna pallet, garantendo il sostegno ai nostri membri durante l'intero processo.","og_url":"https:\/\/www.palletways.com\/it\/competenza-e-tecnologia\/","og_site_name":"Palletways Italy","article_publisher":"https:\/\/www.facebook.com\/PalletwaysItalia","article_modified_time":"2026-02-12T15:44:58+00:00","og_image":[{"width":2560,"height":596,"url":"https:\/\/www.palletways.com\/it\/wp-content\/uploads\/sites\/5\/2025\/01\/Technology-Innovation-ALTERNATIVE-scaled.jpg","type":"image\/jpeg"}],"twitter_card":"summary_large_image","twitter_misc":{"Tempo di lettura stimato":"2 minuti"},"schema":{"@context":"https:\/\/schema.org","@graph":[{"@type":"WebPage","@id":"https:\/\/www.palletways.com\/it\/competenza-e-tecnologia\/","url":"https:\/\/www.palletways.com\/it\/competenza-e-tecnologia\/","name":"Competenza e Soluzioni Tecnologia | Spedizione e Stoccaggio- Palletways Italy","isPartOf":{"@id":"https:\/\/www.palletways.com\/it\/#website"},"primaryImageOfPage":{"@id":"https:\/\/www.palletways.com\/it\/competenza-e-tecnologia\/#primaryimage"},"image":{"@id":"https:\/\/www.palletways.com\/it\/competenza-e-tecnologia\/#primaryimage"},"thumbnailUrl":"https:\/\/www.palletways.com\/it\/wp-content\/uploads\/sites\/5\/2025\/01\/Technology-Innovation-ALTERNATIVE-scaled.jpg","datePublished":"2024-12-11T14:52:24+00:00","dateModified":"2026-02-12T15:44:58+00:00","description":"Palletways continua a investire nella tecnologia per supportare la nostra rete di consegna pallet, garantendo il sostegno ai nostri membri durante l'intero processo.","breadcrumb":{"@id":"https:\/\/www.palletways.com\/it\/competenza-e-tecnologia\/#breadcrumb"},"inLanguage":"it-IT","potentialAction":[{"@type":"ReadAction","target":["https:\/\/www.palletways.com\/it\/competenza-e-tecnologia\/"]}]},{"@type":"ImageObject","inLanguage":"it-IT","@id":"https:\/\/www.palletways.com\/it\/competenza-e-tecnologia\/#primaryimage","url":"https:\/\/www.palletways.com\/it\/wp-content\/uploads\/sites\/5\/2025\/01\/Technology-Innovation-ALTERNATIVE-scaled.jpg","contentUrl":"https:\/\/www.palletways.com\/it\/wp-content\/uploads\/sites\/5\/2025\/01\/Technology-Innovation-ALTERNATIVE-scaled.jpg","width":2560,"height":596},{"@type":"BreadcrumbList","@id":"https:\/\/www.palletways.com\/it\/competenza-e-tecnologia\/#breadcrumb","itemListElement":[{"@type":"ListItem","position":1,"name":"Home","item":"https:\/\/www.palletways.com\/it\/"},{"@type":"ListItem","position":2,"name":"Tecnologia"}]},{"@type":"WebSite","@id":"https:\/\/www.palletways.com\/it\/#website","url":"https:\/\/www.palletways.com\/it\/","name":"Palletways Italy","description":"La rete di consegna pallet pi\u00f9 affidabile d&#039;Europa","publisher":{"@id":"https:\/\/www.palletways.com\/it\/#organization"},"potentialAction":[{"@type":"SearchAction","target":{"@type":"EntryPoint","urlTemplate":"https:\/\/www.palletways.com\/it\/?s={search_term_string}"},"query-input":{"@type":"PropertyValueSpecification","valueRequired":true,"valueName":"search_term_string"}}],"inLanguage":"it-IT"},{"@type":"Organization","@id":"https:\/\/www.palletways.com\/it\/#organization","name":"Palletways Italy","url":"https:\/\/www.palletways.com\/it\/","logo":{"@type":"ImageObject","inLanguage":"it-IT","@id":"https:\/\/www.palletways.com\/it\/#\/schema\/logo\/image\/","url":"https:\/\/www.palletways.com\/it\/wp-content\/uploads\/sites\/5\/2024\/10\/pw_we-deliver-4-col.jpg","contentUrl":"https:\/\/www.palletways.com\/it\/wp-content\/uploads\/sites\/5\/2024\/10\/pw_we-deliver-4-col.jpg","width":2115,"height":694,"caption":"Palletways Italy"},"image":{"@id":"https:\/\/www.palletways.com\/it\/#\/schema\/logo\/image\/"},"sameAs":["https:\/\/www.facebook.com\/PalletwaysItalia","https:\/\/www.linkedin.com\/company\/palletwaysitalia\/"]}]}},"_links":{"self":[{"href":"https:\/\/www.palletways.com\/it\/wp-json\/wp\/v2\/pages\/8243","targetHints":{"allow":["GET"]}}],"collection":[{"href":"https:\/\/www.palletways.com\/it\/wp-json\/wp\/v2\/pages"}],"about":[{"href":"https:\/\/www.palletways.com\/it\/wp-json\/wp\/v2\/types\/page"}],"author":[{"embeddable":true,"href":"https:\/\/www.palletways.com\/it\/wp-json\/wp\/v2\/users\/3"}],"replies":[{"embeddable":true,"href":"https:\/\/www.palletways.com\/it\/wp-json\/wp\/v2\/comments?post=8243"}],"version-history":[{"count":48,"href":"https:\/\/www.palletways.com\/it\/wp-json\/wp\/v2\/pages\/8243\/revisions"}],"predecessor-version":[{"id":9167,"href":"https:\/\/www.palletways.com\/it\/wp-json\/wp\/v2\/pages\/8243\/revisions\/9167"}],"wp:attachment":[{"href":"https:\/\/www.palletways.com\/it\/wp-json\/wp\/v2\/media?parent=8243"}],"curies":[{"name":"wp","href":"https:\/\/api.w.org\/{rel}","templated":true}]}}