{"id":8270,"date":"2024-12-11T15:01:29","date_gmt":"2024-12-11T15:01:29","guid":{"rendered":"https:\/\/www.palletways.com\/hu\/?page_id=8270"},"modified":"2025-01-31T15:58:44","modified_gmt":"2025-01-31T15:58:44","slug":"videok","status":"publish","type":"page","link":"https:\/\/www.palletways.com\/hu\/videok\/","title":{"rendered":"Vide\u00f3k"},"content":{"rendered":"\t\t<div data-elementor-type=\"wp-page\" data-elementor-id=\"8270\" class=\"elementor elementor-8270\" data-elementor-post-type=\"page\">\n\t\t\t\t<div class=\"elementor-element elementor-element-adb108b e-flex e-con-boxed e-con e-parent\" data-id=\"adb108b\" data-element_type=\"container\">\n\t\t\t\t\t<div class=\"e-con-inner\">\n\t\t\t\t<div class=\"elementor-element elementor-element-a696f62 elementor-widget elementor-widget-heading\" data-id=\"a696f62\" data-element_type=\"widget\" data-widget_type=\"heading.default\">\n\t\t\t\t<div class=\"elementor-widget-container\">\n\t\t\t<h1 class=\"elementor-heading-title elementor-size-default\">Vide\u00f3k<\/h1>\t\t<\/div>\n\t\t\t\t<\/div>\n\t\t\t\t\t<\/div>\n\t\t\t\t<\/div>\n\t\t<div class=\"elementor-element elementor-element-8aaadad e-grid e-con-boxed e-con e-parent\" data-id=\"8aaadad\" data-element_type=\"container\">\n\t\t\t\t\t<div class=\"e-con-inner\">\n\t\t\t\t<div class=\"elementor-element elementor-element-0b2cd18 elementor-widget elementor-widget-video\" data-id=\"0b2cd18\" data-element_type=\"widget\" data-settings=\"{&quot;youtube_url&quot;:&quot;https:\\\/\\\/youtu.be\\\/_G7tl_IgUtM?si=-ZcdMW3E21Q2uTly&quot;,&quot;video_type&quot;:&quot;youtube&quot;,&quot;controls&quot;:&quot;yes&quot;}\" data-widget_type=\"video.default\">\n\t\t\t\t<div class=\"elementor-widget-container\">\n\t\t\t\t\t<div class=\"elementor-wrapper elementor-open-inline\">\n\t\t\t<div class=\"elementor-video\"><\/div>\t\t<\/div>\n\t\t\t\t<\/div>\n\t\t\t\t<\/div>\n\t\t\t\t<div class=\"elementor-element elementor-element-a2d6c97 elementor-widget elementor-widget-video\" data-id=\"a2d6c97\" data-element_type=\"widget\" data-settings=\"{&quot;youtube_url&quot;:&quot;https:\\\/\\\/youtu.be\\\/RgoQTjJUoik&quot;,&quot;video_type&quot;:&quot;youtube&quot;,&quot;controls&quot;:&quot;yes&quot;}\" data-widget_type=\"video.default\">\n\t\t\t\t<div class=\"elementor-widget-container\">\n\t\t\t\t\t<div class=\"elementor-wrapper elementor-open-inline\">\n\t\t\t<div class=\"elementor-video\"><\/div>\t\t<\/div>\n\t\t\t\t<\/div>\n\t\t\t\t<\/div>\n\t\t\t\t<div class=\"elementor-element elementor-element-1fa3b6a elementor-widget elementor-widget-video\" data-id=\"1fa3b6a\" data-element_type=\"widget\" data-settings=\"{&quot;youtube_url&quot;:&quot;https:\\\/\\\/youtu.be\\\/CBW8FkZJUIA?si=Y9Um_j4PI3-hk7Fx&quot;,&quot;video_type&quot;:&quot;youtube&quot;,&quot;controls&quot;:&quot;yes&quot;}\" data-widget_type=\"video.default\">\n\t\t\t\t<div class=\"elementor-widget-container\">\n\t\t\t\t\t<div class=\"elementor-wrapper elementor-open-inline\">\n\t\t\t<div class=\"elementor-video\"><\/div>\t\t<\/div>\n\t\t\t\t<\/div>\n\t\t\t\t<\/div>\n\t\t\t\t<div class=\"elementor-element elementor-element-8af9418 elementor-widget elementor-widget-video\" data-id=\"8af9418\" data-element_type=\"widget\" data-settings=\"{&quot;youtube_url&quot;:&quot;https:\\\/\\\/youtu.be\\\/sZCra7IQZkY?si=0QLHjZHBEAsS_WKL&quot;,&quot;video_type&quot;:&quot;youtube&quot;,&quot;controls&quot;:&quot;yes&quot;}\" data-widget_type=\"video.default\">\n\t\t\t\t<div class=\"elementor-widget-container\">\n\t\t\t\t\t<div class=\"elementor-wrapper elementor-open-inline\">\n\t\t\t<div class=\"elementor-video\"><\/div>\t\t<\/div>\n\t\t\t\t<\/div>\n\t\t\t\t<\/div>\n\t\t\t\t\t<\/div>\n\t\t\t\t<\/div>\n\t\t\t\t<\/div>\n\t\t","protected":false},"excerpt":{"rendered":"<p>Vide\u00f3k<\/p>\n","protected":false},"author":3,"featured_media":0,"parent":0,"menu_order":0,"comment_status":"closed","ping_status":"closed","template":"","meta":{"om_disable_all_campaigns":false,"footnotes":""},"class_list":["post-8270","page","type-page","status-publish","hentry"],"yoast_head":"<!-- This site is optimized with the Yoast SEO Premium plugin v24.2 (Yoast SEO v24.2) - https:\/\/yoast.com\/wordpress\/plugins\/seo\/ -->\n<title>Vide\u00f3k | Palletways Hungary<\/title>\n<meta name=\"description\" content=\"Tekintse meg a Palletways \u00e1ltal k\u00edn\u00e1lt oktat\u00f3vide\u00f3k teljes v\u00e1laszt\u00e9k\u00e1t. Tudjon meg t\u00f6bbet kiterjedt raklaph\u00e1l\u00f3zatunkr\u00f3l, vagy ismerje meg, hogyan k\u00e9sz\u00edtse el\u0151 raklapj\u00e1t a sz\u00e1ll\u00edt\u00e1sra.\" \/>\n<meta name=\"robots\" content=\"index, follow, max-snippet:-1, max-image-preview:large, max-video-preview:-1\" \/>\n<link rel=\"canonical\" href=\"https:\/\/www.palletways.com\/hu\/videok\/\" \/>\n<meta property=\"og:locale\" content=\"hu_HU\" \/>\n<meta property=\"og:type\" content=\"article\" \/>\n<meta property=\"og:title\" content=\"Vide\u00f3k\" \/>\n<meta property=\"og:description\" content=\"Tekintse meg a Palletways \u00e1ltal k\u00edn\u00e1lt oktat\u00f3vide\u00f3k teljes v\u00e1laszt\u00e9k\u00e1t. Tudjon meg t\u00f6bbet kiterjedt raklaph\u00e1l\u00f3zatunkr\u00f3l, vagy ismerje meg, hogyan k\u00e9sz\u00edtse el\u0151 raklapj\u00e1t a sz\u00e1ll\u00edt\u00e1sra.\" \/>\n<meta property=\"og:url\" content=\"https:\/\/www.palletways.com\/hu\/videok\/\" \/>\n<meta property=\"og:site_name\" content=\"Palletways Hungary\" \/>\n<meta property=\"article:publisher\" content=\"https:\/\/www.facebook.com\/PalletwaysHU\" \/>\n<meta property=\"article:modified_time\" content=\"2025-01-31T15:58:44+00:00\" \/>\n<meta name=\"twitter:card\" content=\"summary_large_image\" \/>\n<meta name=\"twitter:label1\" content=\"Becs\u00fclt olvas\u00e1si id\u0151\" \/>\n\t<meta name=\"twitter:data1\" content=\"1 perc\" \/>\n<script type=\"application\/ld+json\" class=\"yoast-schema-graph\">{\"@context\":\"https:\/\/schema.org\",\"@graph\":[{\"@type\":\"WebPage\",\"@id\":\"https:\/\/www.palletways.com\/hu\/videok\/\",\"url\":\"https:\/\/www.palletways.com\/hu\/videok\/\",\"name\":\"Vide\u00f3k | Palletways Hungary\",\"isPartOf\":{\"@id\":\"https:\/\/www.palletways.com\/hu\/#website\"},\"datePublished\":\"2024-12-11T15:01:29+00:00\",\"dateModified\":\"2025-01-31T15:58:44+00:00\",\"description\":\"Tekintse meg a Palletways \u00e1ltal k\u00edn\u00e1lt oktat\u00f3vide\u00f3k teljes v\u00e1laszt\u00e9k\u00e1t. Tudjon meg t\u00f6bbet kiterjedt raklaph\u00e1l\u00f3zatunkr\u00f3l, vagy ismerje meg, hogyan k\u00e9sz\u00edtse el\u0151 raklapj\u00e1t a sz\u00e1ll\u00edt\u00e1sra.\",\"breadcrumb\":{\"@id\":\"https:\/\/www.palletways.com\/hu\/videok\/#breadcrumb\"},\"inLanguage\":\"hu\",\"potentialAction\":[{\"@type\":\"ReadAction\",\"target\":[\"https:\/\/www.palletways.com\/hu\/videok\/\"]}]},{\"@type\":\"BreadcrumbList\",\"@id\":\"https:\/\/www.palletways.com\/hu\/videok\/#breadcrumb\",\"itemListElement\":[{\"@type\":\"ListItem\",\"position\":1,\"name\":\"Home\",\"item\":\"https:\/\/www.palletways.com\/hu\/\"},{\"@type\":\"ListItem\",\"position\":2,\"name\":\"Vide\u00f3k\"}]},{\"@type\":\"WebSite\",\"@id\":\"https:\/\/www.palletways.com\/hu\/#website\",\"url\":\"https:\/\/www.palletways.com\/hu\/\",\"name\":\"Palletways Hungary\",\"description\":\"Eur\u00f3pa legmegb\u00edzhat\u00f3bb raklapsz\u00e1ll\u00edt\u00e1si h\u00e1l\u00f3zata\",\"publisher\":{\"@id\":\"https:\/\/www.palletways.com\/hu\/#organization\"},\"potentialAction\":[{\"@type\":\"SearchAction\",\"target\":{\"@type\":\"EntryPoint\",\"urlTemplate\":\"https:\/\/www.palletways.com\/hu\/?s={search_term_string}\"},\"query-input\":{\"@type\":\"PropertyValueSpecification\",\"valueRequired\":true,\"valueName\":\"search_term_string\"}}],\"inLanguage\":\"hu\"},{\"@type\":\"Organization\",\"@id\":\"https:\/\/www.palletways.com\/hu\/#organization\",\"name\":\"Palletways Hungary\",\"url\":\"https:\/\/www.palletways.com\/hu\/\",\"logo\":{\"@type\":\"ImageObject\",\"inLanguage\":\"hu\",\"@id\":\"https:\/\/www.palletways.com\/hu\/#\/schema\/logo\/image\/\",\"url\":\"https:\/\/www.palletways.com\/hu\/wp-content\/uploads\/sites\/7\/2024\/10\/pw_we-deliver-4-col.jpg\",\"contentUrl\":\"https:\/\/www.palletways.com\/hu\/wp-content\/uploads\/sites\/7\/2024\/10\/pw_we-deliver-4-col.jpg\",\"width\":2115,\"height\":694,\"caption\":\"Palletways Hungary\"},\"image\":{\"@id\":\"https:\/\/www.palletways.com\/hu\/#\/schema\/logo\/image\/\"},\"sameAs\":[\"https:\/\/www.facebook.com\/PalletwaysHU\"]}]}<\/script>\n<!-- \/ Yoast SEO Premium plugin. -->","yoast_head_json":{"title":"Vide\u00f3k | Palletways Hungary","description":"Tekintse meg a Palletways \u00e1ltal k\u00edn\u00e1lt oktat\u00f3vide\u00f3k teljes v\u00e1laszt\u00e9k\u00e1t. Tudjon meg t\u00f6bbet kiterjedt raklaph\u00e1l\u00f3zatunkr\u00f3l, vagy ismerje meg, hogyan k\u00e9sz\u00edtse el\u0151 raklapj\u00e1t a sz\u00e1ll\u00edt\u00e1sra.","robots":{"index":"index","follow":"follow","max-snippet":"max-snippet:-1","max-image-preview":"max-image-preview:large","max-video-preview":"max-video-preview:-1"},"canonical":"https:\/\/www.palletways.com\/hu\/videok\/","og_locale":"hu_HU","og_type":"article","og_title":"Vide\u00f3k","og_description":"Tekintse meg a Palletways \u00e1ltal k\u00edn\u00e1lt oktat\u00f3vide\u00f3k teljes v\u00e1laszt\u00e9k\u00e1t. Tudjon meg t\u00f6bbet kiterjedt raklaph\u00e1l\u00f3zatunkr\u00f3l, vagy ismerje meg, hogyan k\u00e9sz\u00edtse el\u0151 raklapj\u00e1t a sz\u00e1ll\u00edt\u00e1sra.","og_url":"https:\/\/www.palletways.com\/hu\/videok\/","og_site_name":"Palletways Hungary","article_publisher":"https:\/\/www.facebook.com\/PalletwaysHU","article_modified_time":"2025-01-31T15:58:44+00:00","twitter_card":"summary_large_image","twitter_misc":{"Becs\u00fclt olvas\u00e1si id\u0151":"1 perc"},"schema":{"@context":"https:\/\/schema.org","@graph":[{"@type":"WebPage","@id":"https:\/\/www.palletways.com\/hu\/videok\/","url":"https:\/\/www.palletways.com\/hu\/videok\/","name":"Vide\u00f3k | Palletways Hungary","isPartOf":{"@id":"https:\/\/www.palletways.com\/hu\/#website"},"datePublished":"2024-12-11T15:01:29+00:00","dateModified":"2025-01-31T15:58:44+00:00","description":"Tekintse meg a Palletways \u00e1ltal k\u00edn\u00e1lt oktat\u00f3vide\u00f3k teljes v\u00e1laszt\u00e9k\u00e1t. Tudjon meg t\u00f6bbet kiterjedt raklaph\u00e1l\u00f3zatunkr\u00f3l, vagy ismerje meg, hogyan k\u00e9sz\u00edtse el\u0151 raklapj\u00e1t a sz\u00e1ll\u00edt\u00e1sra.","breadcrumb":{"@id":"https:\/\/www.palletways.com\/hu\/videok\/#breadcrumb"},"inLanguage":"hu","potentialAction":[{"@type":"ReadAction","target":["https:\/\/www.palletways.com\/hu\/videok\/"]}]},{"@type":"BreadcrumbList","@id":"https:\/\/www.palletways.com\/hu\/videok\/#breadcrumb","itemListElement":[{"@type":"ListItem","position":1,"name":"Home","item":"https:\/\/www.palletways.com\/hu\/"},{"@type":"ListItem","position":2,"name":"Vide\u00f3k"}]},{"@type":"WebSite","@id":"https:\/\/www.palletways.com\/hu\/#website","url":"https:\/\/www.palletways.com\/hu\/","name":"Palletways Hungary","description":"Eur\u00f3pa legmegb\u00edzhat\u00f3bb raklapsz\u00e1ll\u00edt\u00e1si h\u00e1l\u00f3zata","publisher":{"@id":"https:\/\/www.palletways.com\/hu\/#organization"},"potentialAction":[{"@type":"SearchAction","target":{"@type":"EntryPoint","urlTemplate":"https:\/\/www.palletways.com\/hu\/?s={search_term_string}"},"query-input":{"@type":"PropertyValueSpecification","valueRequired":true,"valueName":"search_term_string"}}],"inLanguage":"hu"},{"@type":"Organization","@id":"https:\/\/www.palletways.com\/hu\/#organization","name":"Palletways Hungary","url":"https:\/\/www.palletways.com\/hu\/","logo":{"@type":"ImageObject","inLanguage":"hu","@id":"https:\/\/www.palletways.com\/hu\/#\/schema\/logo\/image\/","url":"https:\/\/www.palletways.com\/hu\/wp-content\/uploads\/sites\/7\/2024\/10\/pw_we-deliver-4-col.jpg","contentUrl":"https:\/\/www.palletways.com\/hu\/wp-content\/uploads\/sites\/7\/2024\/10\/pw_we-deliver-4-col.jpg","width":2115,"height":694,"caption":"Palletways Hungary"},"image":{"@id":"https:\/\/www.palletways.com\/hu\/#\/schema\/logo\/image\/"},"sameAs":["https:\/\/www.facebook.com\/PalletwaysHU"]}]}},"_links":{"self":[{"href":"https:\/\/www.palletways.com\/hu\/wp-json\/wp\/v2\/pages\/8270","targetHints":{"allow":["GET"]}}],"collection":[{"href":"https:\/\/www.palletways.com\/hu\/wp-json\/wp\/v2\/pages"}],"about":[{"href":"https:\/\/www.palletways.com\/hu\/wp-json\/wp\/v2\/types\/page"}],"author":[{"embeddable":true,"href":"https:\/\/www.palletways.com\/hu\/wp-json\/wp\/v2\/users\/3"}],"replies":[{"embeddable":true,"href":"https:\/\/www.palletways.com\/hu\/wp-json\/wp\/v2\/comments?post=8270"}],"version-history":[{"count":11,"href":"https:\/\/www.palletways.com\/hu\/wp-json\/wp\/v2\/pages\/8270\/revisions"}],"predecessor-version":[{"id":8559,"href":"https:\/\/www.palletways.com\/hu\/wp-json\/wp\/v2\/pages\/8270\/revisions\/8559"}],"wp:attachment":[{"href":"https:\/\/www.palletways.com\/hu\/wp-json\/wp\/v2\/media?parent=8270"}],"curies":[{"name":"wp","href":"https:\/\/api.w.org\/{rel}","templated":true}]}}