{"id":8243,"date":"2024-12-11T14:52:24","date_gmt":"2024-12-11T14:52:24","guid":{"rendered":"https:\/\/www.palletways.com\/hu\/?page_id=8243"},"modified":"2026-02-11T16:11:59","modified_gmt":"2026-02-11T16:11:59","slug":"technologia-es-innovacio","status":"publish","type":"page","link":"https:\/\/www.palletways.com\/hu\/technologia-es-innovacio\/","title":{"rendered":"Technologia es Innovacio"},"content":{"rendered":"\t\t<div data-elementor-type=\"wp-page\" data-elementor-id=\"8243\" class=\"elementor elementor-8243\" data-elementor-post-type=\"page\">\n\t\t\t\t<div class=\"elementor-element elementor-element-3fbbd72 e-flex e-con-boxed e-con e-parent\" data-id=\"3fbbd72\" data-element_type=\"container\">\n\t\t\t\t\t<div class=\"e-con-inner\">\n\t\t\t\t<div class=\"elementor-element elementor-element-af1e014 elementor-widget elementor-widget-image\" data-id=\"af1e014\" data-element_type=\"widget\" data-widget_type=\"image.default\">\n\t\t\t\t<div class=\"elementor-widget-container\">\n\t\t\t\t\t\t\t\t\t\t\t\t\t<img fetchpriority=\"high\" decoding=\"async\" width=\"2560\" height=\"596\" src=\"https:\/\/www.palletways.com\/hu\/wp-content\/uploads\/sites\/7\/2025\/02\/Technology-Innovation-ALTERNATIVE-scaled.jpg\" class=\"attachment-full size-full wp-image-8609\" alt=\"\" srcset=\"https:\/\/www.palletways.com\/hu\/wp-content\/uploads\/sites\/7\/2025\/02\/Technology-Innovation-ALTERNATIVE-scaled.jpg 2560w, https:\/\/www.palletways.com\/hu\/wp-content\/uploads\/sites\/7\/2025\/02\/Technology-Innovation-ALTERNATIVE-300x70.jpg 300w, https:\/\/www.palletways.com\/hu\/wp-content\/uploads\/sites\/7\/2025\/02\/Technology-Innovation-ALTERNATIVE-1024x238.jpg 1024w, https:\/\/www.palletways.com\/hu\/wp-content\/uploads\/sites\/7\/2025\/02\/Technology-Innovation-ALTERNATIVE-768x179.jpg 768w, https:\/\/www.palletways.com\/hu\/wp-content\/uploads\/sites\/7\/2025\/02\/Technology-Innovation-ALTERNATIVE-1536x358.jpg 1536w, https:\/\/www.palletways.com\/hu\/wp-content\/uploads\/sites\/7\/2025\/02\/Technology-Innovation-ALTERNATIVE-2048x477.jpg 2048w\" sizes=\"(max-width: 2560px) 100vw, 2560px\" \/>\t\t\t\t\t\t\t\t\t\t\t\t\t<\/div>\n\t\t\t\t<\/div>\n\t\t\t\t\t<\/div>\n\t\t\t\t<\/div>\n\t\t<div class=\"elementor-element elementor-element-d0db4fc e-flex e-con-boxed e-con e-parent\" data-id=\"d0db4fc\" data-element_type=\"container\">\n\t\t\t\t\t<div class=\"e-con-inner\">\n\t\t\t\t<div class=\"elementor-element elementor-element-8af8b37 elementor-widget elementor-widget-heading\" data-id=\"8af8b37\" data-element_type=\"widget\" data-widget_type=\"heading.default\">\n\t\t\t\t<div class=\"elementor-widget-container\">\n\t\t\t<h1 class=\"elementor-heading-title elementor-size-default\">Ipar\u00e1gi vezet\u0151 technol\u00f3gia<\/h1>\t\t<\/div>\n\t\t\t\t<\/div>\n\t\t\t\t\t<\/div>\n\t\t\t\t<\/div>\n\t\t<div class=\"elementor-element elementor-element-4d297b0 e-flex e-con-boxed e-con e-parent\" data-id=\"4d297b0\" data-element_type=\"container\">\n\t\t\t\t\t<div class=\"e-con-inner\">\n\t\t\t\t<div class=\"elementor-element elementor-element-9c6a13c elementor-widget elementor-widget-text-editor\" data-id=\"9c6a13c\" data-element_type=\"widget\" data-widget_type=\"text-editor.default\">\n\t\t\t\t<div class=\"elementor-widget-container\">\n\t\t\t\t\t\t\t<h3><span style=\"color: #003875\">Amely bizalmat, nyugalmat \u00e9s rugalmass\u00e1got biztos\u00edt.<\/span><\/h3><p><span data-ccp-props=\"{}\">A Palletways-n\u00e9l tudjuk, hogy az egyetlen m\u00f3dja annak, hogy \u00d6nnek \u00e9s \u00fcgyfeleinek a lehet\u0151 legjobb szolg\u00e1ltat\u00e1st ny\u00fajtsuk, a technol\u00f3giai fejl\u0151d\u00e9s. Az ipar\u00e1gi \u00faj\u00edt\u00e1saink form\u00e1lt\u00e1k a raklapos sz\u00e1ll\u00edt\u00e1si ipar\u00e1gat. <\/span><\/p><p>Minden egyes, a Palletways \u00e1ltal bevezetett innov\u00e1ci\u00f3 c\u00e9lja, hogy versenyel\u0151nyt biztos\u00edtson tagjaink \u00e9s \u00fcgyfeleink sz\u00e1m\u00e1ra, lehet\u0151v\u00e9 t\u00e9ve sz\u00e1mukra a p\u00e1ratlan szolg\u00e1ltat\u00e1si min\u0151s\u00e9get, a val\u00f3s idej\u0171 l\u00e1that\u00f3s\u00e1got \u00e9s az ir\u00e1ny\u00edt\u00e1st a sz\u00e1ll\u00edtm\u00e1nyok felett. Az innov\u00e1ci\u00f3ra val\u00f3 \u00f6sszpontos\u00edt\u00e1s \u00fcgyfeleink siker\u00e9t szolg\u00e1lja. A Palletways folyamatosan kutatja \u00e9s alkalmazza az \u00faj rendszereket, folyamatokat \u00e9s technol\u00f3gi\u00e1kat szolg\u00e1ltat\u00e1saink tov\u00e1bbi fejleszt\u00e9se \u00e9rdek\u00e9ben.<\/p>\t\t\t\t\t\t<\/div>\n\t\t\t\t<\/div>\n\t\t\t\t\t<\/div>\n\t\t\t\t<\/div>\n\t\t<div class=\"elementor-element elementor-element-3c28272 e-flex e-con-boxed e-con e-parent\" data-id=\"3c28272\" data-element_type=\"container\">\n\t\t\t\t\t<div class=\"e-con-inner\">\n\t\t<div class=\"elementor-element elementor-element-805e131 e-con-full e-flex e-con e-child\" data-id=\"805e131\" data-element_type=\"container\">\n\t\t\t\t<div class=\"elementor-element elementor-element-8c46f06 elementor-widget elementor-widget-text-editor\" data-id=\"8c46f06\" data-element_type=\"widget\" data-widget_type=\"text-editor.default\">\n\t\t\t\t<div class=\"elementor-widget-container\">\n\t\t\t\t\t\t\t<h3><span style=\"color: #003875\">A Palletways Port\u00e1l<\/span><\/h3><p>A Palletways port\u00e1l egy felh\u0151alap\u00fa, minden az egyben megold\u00e1s, amely minden sz\u00fcks\u00e9ges eszk\u00f6zt biztos\u00edt annak \u00e9rdek\u00e9ben, hogy a sz\u00e1ll\u00edtm\u00e1ny biztons\u00e1gosan, hat\u00e9konyan \u00e9s id\u0151ben el\u00e9rje a c\u00e9l\u00e1llom\u00e1st. A foglal\u00e1st\u00f3l kezdve a h\u00e1l\u00f3zaton bel\u00fcli mozg\u00e1son \u00e1t eg\u00e9szen a v\u00e9gs\u0151 k\u00e9zbes\u00edt\u00e9sig minden sz\u00e1ll\u00edtm\u00e1nyt nyilv\u00e1ntartunk, nyomon k\u00f6vet\u00fcnk \u00e9s kezel\u00fcnk a port\u00e1lon kereszt\u00fcl. Ez egy k\u00f6zpontos\u00edtott platform, amely mag\u00e1ban foglalja az \u00f6sszes folyamatkezel\u0151 eszk\u00f6zt \u00e9s relev\u00e1ns inform\u00e1ci\u00f3t.<\/p><p><span data-contrast=\"auto\">N\u00e9zze meg vide\u00f3inkat, hogy t\u00f6bbet tudjon meg a Palletways port\u00e1lr\u00f3l: <a href=\"https:\/\/www.youtube.com\/@palletwaysmagyarorszag882\" target=\"_blank\" rel=\"noopener\">YouTube channel<\/a>.<\/span><\/p>\t\t\t\t\t\t<\/div>\n\t\t\t\t<\/div>\n\t\t\t\t<\/div>\n\t\t<div class=\"elementor-element elementor-element-8d4e110 e-con-full e-flex e-con e-child\" data-id=\"8d4e110\" data-element_type=\"container\">\n\t\t\t\t<div class=\"elementor-element elementor-element-40f87c8 elementor-widget elementor-widget-video\" data-id=\"40f87c8\" data-element_type=\"widget\" data-settings=\"{&quot;youtube_url&quot;:&quot;https:\\\/\\\/www.youtube.com\\\/watch?v=HVThk9Rb-_c&quot;,&quot;video_type&quot;:&quot;youtube&quot;,&quot;controls&quot;:&quot;yes&quot;}\" data-widget_type=\"video.default\">\n\t\t\t\t<div class=\"elementor-widget-container\">\n\t\t\t\t\t<div class=\"elementor-wrapper elementor-open-inline\">\n\t\t\t<div class=\"elementor-video\"><\/div>\t\t<\/div>\n\t\t\t\t<\/div>\n\t\t\t\t<\/div>\n\t\t\t\t<\/div>\n\t\t\t\t\t<\/div>\n\t\t\t\t<\/div>\n\t\t<div class=\"elementor-element elementor-element-4eb440d e-flex e-con-boxed e-con e-parent\" data-id=\"4eb440d\" data-element_type=\"container\">\n\t\t\t\t\t<div class=\"e-con-inner\">\n\t\t\t\t<div class=\"elementor-element elementor-element-596f76e elementor-widget elementor-widget-text-editor\" data-id=\"596f76e\" data-element_type=\"widget\" data-widget_type=\"text-editor.default\">\n\t\t\t\t<div class=\"elementor-widget-container\">\n\t\t\t\t\t\t\t<h3><span style=\"color: #003875\">Palletways ID:<\/span><\/h3><p>A Palletways folyamatosan feszegeti a technol\u00f3giai innov\u00e1ci\u00f3 hat\u00e1rait tagjaink, \u00fcgyfeleink \u00e9s k\u00f6z\u00f6ss\u00e9geink \u00e9rdek\u00e9ben. C\u00e9lunk, hogy p\u00e1ratlan hat\u00e9konys\u00e1got, rugalmass\u00e1got \u00e9s \u00e1tl\u00e1that\u00f3s\u00e1got ny\u00fajtsunk a sz\u00e1ll\u00edt\u00e1si folyamatban. Leg\u00fajabb technol\u00f3gi\u00e1nk, a Palletways ID, pontosan ezt teszi lehet\u0151v\u00e9.<\/p><p>A Palletways ID egyed\u00fcl\u00e1ll\u00f3, targonc\u00e1ra szerelt \u00e9rz\u00e9kel\u0151technol\u00f3gi\u00e1nk, amely mindent megv\u00e1ltoztat. N\u00e9gy kulcsfontoss\u00e1g\u00fa adatkomponenst r\u00f6gz\u00edt egyszerre, m\u00e9g mozg\u00e1s k\u00f6zben is.o.<\/p>\t\t\t\t\t\t<\/div>\n\t\t\t\t<\/div>\n\t\t\t\t\t<\/div>\n\t\t\t\t<\/div>\n\t\t<div class=\"elementor-element elementor-element-cd0be16 e-flex e-con-boxed e-con e-parent\" data-id=\"cd0be16\" data-element_type=\"container\">\n\t\t\t\t\t<div class=\"e-con-inner\">\n\t\t<div class=\"elementor-element elementor-element-2965678 e-con-full e-flex e-con e-child\" data-id=\"2965678\" data-element_type=\"container\">\n\t\t\t\t<div class=\"elementor-element elementor-element-e369740 elementor-widget elementor-widget-image\" data-id=\"e369740\" data-element_type=\"widget\" data-widget_type=\"image.default\">\n\t\t\t\t<div class=\"elementor-widget-container\">\n\t\t\t\t\t\t\t\t\t\t\t\t\t<img decoding=\"async\" width=\"800\" height=\"471\" src=\"https:\/\/www.palletways.com\/hu\/wp-content\/uploads\/sites\/7\/2025\/02\/Palletways-ID-Image-Blue-1.jpg\" class=\"attachment-full size-full wp-image-8582\" alt=\"\" srcset=\"https:\/\/www.palletways.com\/hu\/wp-content\/uploads\/sites\/7\/2025\/02\/Palletways-ID-Image-Blue-1.jpg 800w, https:\/\/www.palletways.com\/hu\/wp-content\/uploads\/sites\/7\/2025\/02\/Palletways-ID-Image-Blue-1-300x177.jpg 300w, https:\/\/www.palletways.com\/hu\/wp-content\/uploads\/sites\/7\/2025\/02\/Palletways-ID-Image-Blue-1-768x452.jpg 768w\" sizes=\"(max-width: 800px) 100vw, 800px\" \/>\t\t\t\t\t\t\t\t\t\t\t\t\t<\/div>\n\t\t\t\t<\/div>\n\t\t\t\t<\/div>\n\t\t<div class=\"elementor-element elementor-element-a580aad e-con-full e-flex e-con e-child\" data-id=\"a580aad\" data-element_type=\"container\">\n\t\t\t\t<div class=\"elementor-element elementor-element-e48b574 elementor-widget elementor-widget-text-editor\" data-id=\"e48b574\" data-element_type=\"widget\" data-widget_type=\"text-editor.default\">\n\t\t\t\t<div class=\"elementor-widget-container\">\n\t\t\t\t\t\t\t<p><strong>Az \u00f6sszes k\u00fcl\u00f6nbs\u00e9g az operat\u00edv hat\u00e9konys\u00e1gban.<\/strong><\/p><p>Nincs statikus m\u00e9rleg, nincs k\u00e9zi olvas\u00f3, nincs meg\u00e1ll\u00e1s \u00e9s elindul\u00e1s\u2026 csak rendk\u00edv\u00fcl hat\u00e9kony adatgy\u0171jt\u00e9s, mik\u00f6zben a targonchavezet\u0151k v\u00e9gzik a munk\u00e1jukat.<\/p><p><strong>Minden k\u00fcl\u00f6nbs\u00e9g eg\u00e9szs\u00e9g \u00e9s biztons\u00e1g ter\u00e9n.<\/strong><\/p><p>A t\u00falm\u00e9retes, neh\u00e9z \u00e9s vesz\u00e9lyes\/demiz\u00e1lt raklapokat jel\u00f6lik \u00e9s kijav\u00edtj\u00e1k, minimaliz\u00e1lva ezzel a sz\u00e1ll\u00edt\u00e1si ponton t\u00f6rt\u00e9nt baleseteket \u00e9s incidenseket.<\/p><p><strong>Az \u00f6sszes k\u00fcl\u00f6nbs\u00e9g a kereskedelmi el\u0151nyben.<\/strong><\/p><p>A pontos val\u00f3s idej\u0171 adatok lehet\u0151v\u00e9 teszik a pontos sz\u00e1ml\u00e1z\u00e1st, a pontos tervez\u00e9st \u00e9s a pontos d\u00f6nt\u00e9shozatalt<\/p>\t\t\t\t\t\t<\/div>\n\t\t\t\t<\/div>\n\t\t\t\t<\/div>\n\t\t\t\t\t<\/div>\n\t\t\t\t<\/div>\n\t\t<div class=\"elementor-element elementor-element-33f4bd8 e-flex e-con-boxed e-con e-parent\" data-id=\"33f4bd8\" data-element_type=\"container\">\n\t\t\t\t\t<div class=\"e-con-inner\">\n\t\t\t\t<div class=\"elementor-element elementor-element-d4927fe elementor-widget elementor-widget-text-editor\" data-id=\"d4927fe\" data-element_type=\"widget\" data-widget_type=\"text-editor.default\">\n\t\t\t\t<div class=\"elementor-widget-container\">\n\t\t\t\t\t\t\t<p>L\u00e9nyeg\u00e9ben a Palletways ID technol\u00f3gia n\u00e9gy kulcsfontoss\u00e1g\u00fa operat\u00edv komponenst egyes\u00edt, \u00e9s egyed\u00fcl\u00e1ll\u00f3 m\u00f3don v\u00e9gzi ezt a targonca kezel\u0151j\u00e9nek mindennapi rakt\u00e1ri feladatai k\u00f6zben:<\/p><ul><li>K\u00e9pet k\u00e9sz\u00edt a raklapr\u00f3l, amelyet k\u00e9s\u0151bb az \u00e1llapot meger\u0151s\u00edt\u00e9s\u00e9re \u00e9s a nyomonk\u00f6vethet\u0151s\u00e9g biztos\u00edt\u00e1s\u00e1ra haszn\u00e1lnak.<\/li><li>A raklap el\u00fcls\u0151 oldal\u00e1n elhelyezett vonalk\u00f3d b\u00e1rhonnan beolvashat\u00f3. Nem sz\u00fcks\u00e9ges, hogy a targonc\u00e1s lesz\u00e1lljon a g\u00e9pr\u0151l a manu\u00e1lis beolvas\u00e1shoz, \u00edgy m\u00e9g nagyobb hat\u00e9konys\u00e1got, pontoss\u00e1got \u00e9s biztons\u00e1got garant\u00e1lunk.<\/li><li>A raklap s\u00faly\u00e1nak pontos r\u00f6gz\u00edt\u00e9se, mik\u00f6zben a targonca egyik helyr\u0151l a m\u00e1sikra mozgatja, megsz\u00fcntetve a raklap statikus m\u00e9rlegre helyez\u00e9s\u00e9nek sz\u00fcks\u00e9gess\u00e9g\u00e9t.<\/li><li>T\u00e9rfogatm\u00e9r\u00e9s\/dimenzion\u00e1l\u00e1s \u2013 ism\u00e9t, ez akkor t\u00f6rt\u00e9nik, amikor a raklapot mozgatj\u00e1k an\u00e9lk\u00fcl, hogy megszak\u00edtan\u00e1k a folyamat \u00e1raml\u00e1s\u00e1t, amit a hagyom\u00e1nyos t\u00e9rfogatm\u00e9r\u00e9si technol\u00f3gia alkalmaz\u00e1s\u00e1val minden raklapn\u00e1l lehetetlen lenne elv\u00e9gezni.<\/li><\/ul>\t\t\t\t\t\t<\/div>\n\t\t\t\t<\/div>\n\t\t\t\t\t<\/div>\n\t\t\t\t<\/div>\n\t\t\t\t<\/div>\n\t\t","protected":false},"excerpt":{"rendered":"<p>Ipar\u00e1gi vezet\u0151 technol\u00f3gia Amely bizalmat, nyugalmat \u00e9s rugalmass\u00e1got biztos\u00edt. A Palletways-n\u00e9l tudjuk, hogy az egyetlen m\u00f3dja annak, hogy \u00d6nnek \u00e9s \u00fcgyfeleinek a lehet\u0151 legjobb szolg\u00e1ltat\u00e1st ny\u00fajtsuk, a technol\u00f3giai fejl\u0151d\u00e9s. Az ipar\u00e1gi \u00faj\u00edt\u00e1saink form\u00e1lt\u00e1k a raklapos sz\u00e1ll\u00edt\u00e1si ipar\u00e1gat. Minden egyes, a Palletways \u00e1ltal bevezetett innov\u00e1ci\u00f3 c\u00e9lja, hogy versenyel\u0151nyt biztos\u00edtson tagjaink \u00e9s \u00fcgyfeleink sz\u00e1m\u00e1ra, lehet\u0151v\u00e9 t\u00e9ve sz\u00e1mukra&hellip;<\/p>\n","protected":false},"author":3,"featured_media":0,"parent":0,"menu_order":0,"comment_status":"closed","ping_status":"closed","template":"","meta":{"om_disable_all_campaigns":false,"footnotes":""},"class_list":["post-8243","page","type-page","status-publish","hentry"],"yoast_head":"<!-- This site is optimized with the Yoast SEO Premium plugin v24.2 (Yoast SEO v24.2) - https:\/\/yoast.com\/wordpress\/plugins\/seo\/ -->\n<title>Szak\u00e9rtelem \u00e9s Technol\u00f3giai Megold\u00e1sok | Sz\u00e1ll\u00edt\u00e1s \u00e9s Rakt\u00e1roz\u00e1s | Palletways Hungary<\/title>\n<meta name=\"description\" content=\"A Palletways tov\u00e1bbra is befektet a technol\u00f3gi\u00e1ba raklapsz\u00e1ll\u00edt\u00e1si h\u00e1l\u00f3zat\u00e1nak t\u00e1mogat\u00e1sa \u00e9rdek\u00e9ben, biztos\u00edtva, hogy tagjainkat az eg\u00e9sz folyamat sor\u00e1n seg\u00edteni tudjuk.\" \/>\n<meta name=\"robots\" content=\"index, follow, max-snippet:-1, max-image-preview:large, max-video-preview:-1\" \/>\n<link rel=\"canonical\" href=\"https:\/\/www.palletways.com\/hu\/technologia-es-innovacio\/\" \/>\n<meta property=\"og:locale\" content=\"hu_HU\" \/>\n<meta property=\"og:type\" content=\"article\" \/>\n<meta property=\"og:title\" content=\"Technologia es Innovacio\" \/>\n<meta property=\"og:description\" content=\"A Palletways tov\u00e1bbra is befektet a technol\u00f3gi\u00e1ba raklapsz\u00e1ll\u00edt\u00e1si h\u00e1l\u00f3zat\u00e1nak t\u00e1mogat\u00e1sa \u00e9rdek\u00e9ben, biztos\u00edtva, hogy tagjainkat az eg\u00e9sz folyamat sor\u00e1n seg\u00edteni tudjuk.\" \/>\n<meta property=\"og:url\" content=\"https:\/\/www.palletways.com\/hu\/technologia-es-innovacio\/\" \/>\n<meta property=\"og:site_name\" content=\"Palletways Hungary\" \/>\n<meta property=\"article:publisher\" content=\"https:\/\/www.facebook.com\/PalletwaysHU\" \/>\n<meta property=\"article:modified_time\" content=\"2026-02-11T16:11:59+00:00\" \/>\n<meta property=\"og:image\" content=\"https:\/\/www.palletways.com\/hu\/wp-content\/uploads\/sites\/7\/2025\/02\/Technology-Innovation-ALTERNATIVE-scaled.jpg\" \/>\n\t<meta property=\"og:image:width\" content=\"2560\" \/>\n\t<meta property=\"og:image:height\" content=\"596\" \/>\n\t<meta property=\"og:image:type\" content=\"image\/jpeg\" \/>\n<meta name=\"twitter:card\" content=\"summary_large_image\" \/>\n<meta name=\"twitter:label1\" content=\"Becs\u00fclt olvas\u00e1si id\u0151\" \/>\n\t<meta name=\"twitter:data1\" content=\"3 perc\" \/>\n<script type=\"application\/ld+json\" class=\"yoast-schema-graph\">{\"@context\":\"https:\/\/schema.org\",\"@graph\":[{\"@type\":\"WebPage\",\"@id\":\"https:\/\/www.palletways.com\/hu\/technologia-es-innovacio\/\",\"url\":\"https:\/\/www.palletways.com\/hu\/technologia-es-innovacio\/\",\"name\":\"Szak\u00e9rtelem \u00e9s Technol\u00f3giai Megold\u00e1sok | Sz\u00e1ll\u00edt\u00e1s \u00e9s Rakt\u00e1roz\u00e1s | Palletways Hungary\",\"isPartOf\":{\"@id\":\"https:\/\/www.palletways.com\/hu\/#website\"},\"primaryImageOfPage\":{\"@id\":\"https:\/\/www.palletways.com\/hu\/technologia-es-innovacio\/#primaryimage\"},\"image\":{\"@id\":\"https:\/\/www.palletways.com\/hu\/technologia-es-innovacio\/#primaryimage\"},\"thumbnailUrl\":\"https:\/\/www.palletways.com\/hu\/wp-content\/uploads\/sites\/7\/2025\/02\/Technology-Innovation-ALTERNATIVE-scaled.jpg\",\"datePublished\":\"2024-12-11T14:52:24+00:00\",\"dateModified\":\"2026-02-11T16:11:59+00:00\",\"description\":\"A Palletways tov\u00e1bbra is befektet a technol\u00f3gi\u00e1ba raklapsz\u00e1ll\u00edt\u00e1si h\u00e1l\u00f3zat\u00e1nak t\u00e1mogat\u00e1sa \u00e9rdek\u00e9ben, biztos\u00edtva, hogy tagjainkat az eg\u00e9sz folyamat sor\u00e1n seg\u00edteni tudjuk.\",\"breadcrumb\":{\"@id\":\"https:\/\/www.palletways.com\/hu\/technologia-es-innovacio\/#breadcrumb\"},\"inLanguage\":\"hu\",\"potentialAction\":[{\"@type\":\"ReadAction\",\"target\":[\"https:\/\/www.palletways.com\/hu\/technologia-es-innovacio\/\"]}]},{\"@type\":\"ImageObject\",\"inLanguage\":\"hu\",\"@id\":\"https:\/\/www.palletways.com\/hu\/technologia-es-innovacio\/#primaryimage\",\"url\":\"https:\/\/www.palletways.com\/hu\/wp-content\/uploads\/sites\/7\/2025\/02\/Technology-Innovation-ALTERNATIVE-scaled.jpg\",\"contentUrl\":\"https:\/\/www.palletways.com\/hu\/wp-content\/uploads\/sites\/7\/2025\/02\/Technology-Innovation-ALTERNATIVE-scaled.jpg\",\"width\":2560,\"height\":596},{\"@type\":\"BreadcrumbList\",\"@id\":\"https:\/\/www.palletways.com\/hu\/technologia-es-innovacio\/#breadcrumb\",\"itemListElement\":[{\"@type\":\"ListItem\",\"position\":1,\"name\":\"Home\",\"item\":\"https:\/\/www.palletways.com\/hu\/\"},{\"@type\":\"ListItem\",\"position\":2,\"name\":\"Technologia es Innovacio\"}]},{\"@type\":\"WebSite\",\"@id\":\"https:\/\/www.palletways.com\/hu\/#website\",\"url\":\"https:\/\/www.palletways.com\/hu\/\",\"name\":\"Palletways Hungary\",\"description\":\"Eur\u00f3pa legmegb\u00edzhat\u00f3bb raklapsz\u00e1ll\u00edt\u00e1si h\u00e1l\u00f3zata\",\"publisher\":{\"@id\":\"https:\/\/www.palletways.com\/hu\/#organization\"},\"potentialAction\":[{\"@type\":\"SearchAction\",\"target\":{\"@type\":\"EntryPoint\",\"urlTemplate\":\"https:\/\/www.palletways.com\/hu\/?s={search_term_string}\"},\"query-input\":{\"@type\":\"PropertyValueSpecification\",\"valueRequired\":true,\"valueName\":\"search_term_string\"}}],\"inLanguage\":\"hu\"},{\"@type\":\"Organization\",\"@id\":\"https:\/\/www.palletways.com\/hu\/#organization\",\"name\":\"Palletways Hungary\",\"url\":\"https:\/\/www.palletways.com\/hu\/\",\"logo\":{\"@type\":\"ImageObject\",\"inLanguage\":\"hu\",\"@id\":\"https:\/\/www.palletways.com\/hu\/#\/schema\/logo\/image\/\",\"url\":\"https:\/\/www.palletways.com\/hu\/wp-content\/uploads\/sites\/7\/2024\/10\/pw_we-deliver-4-col.jpg\",\"contentUrl\":\"https:\/\/www.palletways.com\/hu\/wp-content\/uploads\/sites\/7\/2024\/10\/pw_we-deliver-4-col.jpg\",\"width\":2115,\"height\":694,\"caption\":\"Palletways Hungary\"},\"image\":{\"@id\":\"https:\/\/www.palletways.com\/hu\/#\/schema\/logo\/image\/\"},\"sameAs\":[\"https:\/\/www.facebook.com\/PalletwaysHU\"]}]}<\/script>\n<!-- \/ Yoast SEO Premium plugin. -->","yoast_head_json":{"title":"Szak\u00e9rtelem \u00e9s Technol\u00f3giai Megold\u00e1sok | Sz\u00e1ll\u00edt\u00e1s \u00e9s Rakt\u00e1roz\u00e1s | Palletways Hungary","description":"A Palletways tov\u00e1bbra is befektet a technol\u00f3gi\u00e1ba raklapsz\u00e1ll\u00edt\u00e1si h\u00e1l\u00f3zat\u00e1nak t\u00e1mogat\u00e1sa \u00e9rdek\u00e9ben, biztos\u00edtva, hogy tagjainkat az eg\u00e9sz folyamat sor\u00e1n seg\u00edteni tudjuk.","robots":{"index":"index","follow":"follow","max-snippet":"max-snippet:-1","max-image-preview":"max-image-preview:large","max-video-preview":"max-video-preview:-1"},"canonical":"https:\/\/www.palletways.com\/hu\/technologia-es-innovacio\/","og_locale":"hu_HU","og_type":"article","og_title":"Technologia es Innovacio","og_description":"A Palletways tov\u00e1bbra is befektet a technol\u00f3gi\u00e1ba raklapsz\u00e1ll\u00edt\u00e1si h\u00e1l\u00f3zat\u00e1nak t\u00e1mogat\u00e1sa \u00e9rdek\u00e9ben, biztos\u00edtva, hogy tagjainkat az eg\u00e9sz folyamat sor\u00e1n seg\u00edteni tudjuk.","og_url":"https:\/\/www.palletways.com\/hu\/technologia-es-innovacio\/","og_site_name":"Palletways Hungary","article_publisher":"https:\/\/www.facebook.com\/PalletwaysHU","article_modified_time":"2026-02-11T16:11:59+00:00","og_image":[{"width":2560,"height":596,"url":"https:\/\/www.palletways.com\/hu\/wp-content\/uploads\/sites\/7\/2025\/02\/Technology-Innovation-ALTERNATIVE-scaled.jpg","type":"image\/jpeg"}],"twitter_card":"summary_large_image","twitter_misc":{"Becs\u00fclt olvas\u00e1si id\u0151":"3 perc"},"schema":{"@context":"https:\/\/schema.org","@graph":[{"@type":"WebPage","@id":"https:\/\/www.palletways.com\/hu\/technologia-es-innovacio\/","url":"https:\/\/www.palletways.com\/hu\/technologia-es-innovacio\/","name":"Szak\u00e9rtelem \u00e9s Technol\u00f3giai Megold\u00e1sok | Sz\u00e1ll\u00edt\u00e1s \u00e9s Rakt\u00e1roz\u00e1s | Palletways Hungary","isPartOf":{"@id":"https:\/\/www.palletways.com\/hu\/#website"},"primaryImageOfPage":{"@id":"https:\/\/www.palletways.com\/hu\/technologia-es-innovacio\/#primaryimage"},"image":{"@id":"https:\/\/www.palletways.com\/hu\/technologia-es-innovacio\/#primaryimage"},"thumbnailUrl":"https:\/\/www.palletways.com\/hu\/wp-content\/uploads\/sites\/7\/2025\/02\/Technology-Innovation-ALTERNATIVE-scaled.jpg","datePublished":"2024-12-11T14:52:24+00:00","dateModified":"2026-02-11T16:11:59+00:00","description":"A Palletways tov\u00e1bbra is befektet a technol\u00f3gi\u00e1ba raklapsz\u00e1ll\u00edt\u00e1si h\u00e1l\u00f3zat\u00e1nak t\u00e1mogat\u00e1sa \u00e9rdek\u00e9ben, biztos\u00edtva, hogy tagjainkat az eg\u00e9sz folyamat sor\u00e1n seg\u00edteni tudjuk.","breadcrumb":{"@id":"https:\/\/www.palletways.com\/hu\/technologia-es-innovacio\/#breadcrumb"},"inLanguage":"hu","potentialAction":[{"@type":"ReadAction","target":["https:\/\/www.palletways.com\/hu\/technologia-es-innovacio\/"]}]},{"@type":"ImageObject","inLanguage":"hu","@id":"https:\/\/www.palletways.com\/hu\/technologia-es-innovacio\/#primaryimage","url":"https:\/\/www.palletways.com\/hu\/wp-content\/uploads\/sites\/7\/2025\/02\/Technology-Innovation-ALTERNATIVE-scaled.jpg","contentUrl":"https:\/\/www.palletways.com\/hu\/wp-content\/uploads\/sites\/7\/2025\/02\/Technology-Innovation-ALTERNATIVE-scaled.jpg","width":2560,"height":596},{"@type":"BreadcrumbList","@id":"https:\/\/www.palletways.com\/hu\/technologia-es-innovacio\/#breadcrumb","itemListElement":[{"@type":"ListItem","position":1,"name":"Home","item":"https:\/\/www.palletways.com\/hu\/"},{"@type":"ListItem","position":2,"name":"Technologia es Innovacio"}]},{"@type":"WebSite","@id":"https:\/\/www.palletways.com\/hu\/#website","url":"https:\/\/www.palletways.com\/hu\/","name":"Palletways Hungary","description":"Eur\u00f3pa legmegb\u00edzhat\u00f3bb raklapsz\u00e1ll\u00edt\u00e1si h\u00e1l\u00f3zata","publisher":{"@id":"https:\/\/www.palletways.com\/hu\/#organization"},"potentialAction":[{"@type":"SearchAction","target":{"@type":"EntryPoint","urlTemplate":"https:\/\/www.palletways.com\/hu\/?s={search_term_string}"},"query-input":{"@type":"PropertyValueSpecification","valueRequired":true,"valueName":"search_term_string"}}],"inLanguage":"hu"},{"@type":"Organization","@id":"https:\/\/www.palletways.com\/hu\/#organization","name":"Palletways Hungary","url":"https:\/\/www.palletways.com\/hu\/","logo":{"@type":"ImageObject","inLanguage":"hu","@id":"https:\/\/www.palletways.com\/hu\/#\/schema\/logo\/image\/","url":"https:\/\/www.palletways.com\/hu\/wp-content\/uploads\/sites\/7\/2024\/10\/pw_we-deliver-4-col.jpg","contentUrl":"https:\/\/www.palletways.com\/hu\/wp-content\/uploads\/sites\/7\/2024\/10\/pw_we-deliver-4-col.jpg","width":2115,"height":694,"caption":"Palletways Hungary"},"image":{"@id":"https:\/\/www.palletways.com\/hu\/#\/schema\/logo\/image\/"},"sameAs":["https:\/\/www.facebook.com\/PalletwaysHU"]}]}},"_links":{"self":[{"href":"https:\/\/www.palletways.com\/hu\/wp-json\/wp\/v2\/pages\/8243","targetHints":{"allow":["GET"]}}],"collection":[{"href":"https:\/\/www.palletways.com\/hu\/wp-json\/wp\/v2\/pages"}],"about":[{"href":"https:\/\/www.palletways.com\/hu\/wp-json\/wp\/v2\/types\/page"}],"author":[{"embeddable":true,"href":"https:\/\/www.palletways.com\/hu\/wp-json\/wp\/v2\/users\/3"}],"replies":[{"embeddable":true,"href":"https:\/\/www.palletways.com\/hu\/wp-json\/wp\/v2\/comments?post=8243"}],"version-history":[{"count":33,"href":"https:\/\/www.palletways.com\/hu\/wp-json\/wp\/v2\/pages\/8243\/revisions"}],"predecessor-version":[{"id":8854,"href":"https:\/\/www.palletways.com\/hu\/wp-json\/wp\/v2\/pages\/8243\/revisions\/8854"}],"wp:attachment":[{"href":"https:\/\/www.palletways.com\/hu\/wp-json\/wp\/v2\/media?parent=8243"}],"curies":[{"name":"wp","href":"https:\/\/api.w.org\/{rel}","templated":true}]}}