{"id":2,"date":"2024-10-15T11:15:41","date_gmt":"2024-10-15T11:15:41","guid":{"rendered":"https:\/\/www.palletways.com\/hu\/?page_id=2"},"modified":"2025-03-31T13:50:42","modified_gmt":"2025-03-31T13:50:42","slug":"karrier","status":"publish","type":"page","link":"https:\/\/www.palletways.com\/hu\/karrier\/","title":{"rendered":"Karrier"},"content":{"rendered":"\t\t<div data-elementor-type=\"wp-page\" data-elementor-id=\"2\" class=\"elementor elementor-2\" data-elementor-post-type=\"page\">\n\t\t\t\t<div class=\"elementor-element elementor-element-d9e5ba5 e-flex e-con-boxed e-con e-parent\" data-id=\"d9e5ba5\" data-element_type=\"container\">\n\t\t\t\t\t<div class=\"e-con-inner\">\n\t\t\t\t<div class=\"elementor-element elementor-element-83be5e2 elementor-widget elementor-widget-text-editor\" data-id=\"83be5e2\" data-element_type=\"widget\" data-widget_type=\"text-editor.default\">\n\t\t\t\t<div class=\"elementor-widget-container\">\n\t\t\t\t\t\t\t<h1><span style=\"color: #003875;\">Nincs m\u00e9g egy olyan csapat mint a Palletways<\/span><\/h1><p>Siker\u00fcnk mozgat\u00f3rug\u00f3ja a munkat\u00e1rsaink. Lelkesed\u00e9s\u00fck \u00e9s szak\u00e9rtelm\u00fck seg\u00edtett minket abban, hogy Eur\u00f3pa vezet\u0151 raklapsz\u00e1ll\u00edt\u00e1si h\u00e1l\u00f3zat\u00e1v\u00e1 v\u00e1ljunk. Teljes m\u00e9rt\u00e9kben motiv\u00e1ltak \u00e9s elk\u00f6telezettek a vil\u00e1gsz\u00ednvonal\u00fa \u00fcgyf\u00e9lkiszolg\u00e1l\u00e1s ir\u00e1nt.\u00a0biztos\u00edtj\u00e1k, hogy raklaph\u00e1l\u00f3zatunk minden alkalommal megfeleljen az \u00fcgyfelek \u00e9s a tagok ig\u00e9nyeinek.<\/p><h4><span style=\"color: #003875;\">Es\u00e9lyegyenl\u0151s\u00e9g<\/span><\/h4><p>Embereink alkotj\u00e1k azt, hogy kik vagyunk, mit k\u00e9pvisel\u00fcnk \u00e9s v\u00e9gs\u0151 soron hogyan dolgozunk. Mivel elk\u00f6telezettek vagyunk a tisztess\u00e9ges \u00e9s soksz\u00edn\u0171 munkak\u00f6rnyezet megteremt\u00e9se mellett, igyeksz\u00fcnk biztos\u00edtani, hogy minden jelentkez\u0151vel egyenl\u0151 b\u00e1n\u00e1sm\u00f3dban r\u00e9szes\u00fclj\u00f6n, f\u00fcggetlen\u00fcl faji, b\u0151rsz\u00ednt\u0151l, etnikai vagy nemzeti sz\u00e1rmaz\u00e1st\u00f3l, vall\u00e1si meggy\u0151z\u0151d\u00e9st\u0151l, politikai v\u00e9lem\u00e9nyt\u0151l vagy hovatartoz\u00e1st\u00f3l, nemt\u0151l, csal\u00e1di \u00e1llapott\u00f3l, szexu\u00e1lis ir\u00e1nyults\u00e1gt\u00f3l,\u00a0nemi hovatartoz\u00e1s, \u00e9letkor vagy fogyat\u00e9koss\u00e1g.<\/p><p>Felh\u00edvjuk figyelm\u00e9t, hogy nem fogadunk el spekulat\u00edv \u00f6n\u00e9letrajzokat semmilyen munkaer\u0151-k\u00f6zvet\u00edt\u0151 \u00fcgyn\u00f6ks\u00e9gt\u0151l.<\/p>\t\t\t\t\t\t<\/div>\n\t\t\t\t<\/div>\n\t\t\t\t\t<\/div>\n\t\t\t\t<\/div>\n\t\t<div class=\"elementor-element elementor-element-9d24c50 e-flex e-con-boxed e-con e-parent\" data-id=\"9d24c50\" data-element_type=\"container\">\n\t\t\t\t\t<div class=\"e-con-inner\">\n\t\t<div class=\"elementor-element elementor-element-3bbed7d e-flex e-con-boxed e-con e-child\" data-id=\"3bbed7d\" data-element_type=\"container\">\n\t\t\t\t\t<div class=\"e-con-inner\">\n\t\t\t\t<div class=\"elementor-element elementor-element-7ef5e03 elementor-widget elementor-widget-text-editor\" data-id=\"7ef5e03\" data-element_type=\"widget\" data-widget_type=\"text-editor.default\">\n\t\t\t\t<div class=\"elementor-widget-container\">\n\t\t\t\t\t\t\t<h4><span style=\"color: #003875;\">Legnagyobb \u00e9rt\u00e9k\u00fcnk a csapatunk<\/span><\/h4><p>Elismerve munkat\u00e1rsaink szerves szerep\u00e9t, felismerj\u00fck, hogy sz\u00fcks\u00e9g van arra, hogy dolgoz\u00f3inkat fejlessz\u00fck, \u00e9s seg\u00edts\u00fck \u0151ket abban, hogy a lehet\u0151 legjobbat hozz\u00e1k ki magukb\u00f3l. Elk\u00f6telezettek vagyunk a tehets\u00e9ges emberek bevonz\u00e1sa, fejleszt\u00e9se \u00e9s megtart\u00e1sa mellett, akikre sz\u00fcks\u00e9g\u00fcnk van ahhoz, hogy raklapsz\u00e1ll\u00edt\u00e1si k\u00edn\u00e1latunk tov\u00e1bbra is a legjobb maradjon a piacon.<\/p>\t\t\t\t\t\t<\/div>\n\t\t\t\t<\/div>\n\t\t\t\t\t<\/div>\n\t\t\t\t<\/div>\n\t\t\t\t\t<\/div>\n\t\t\t\t<\/div>\n\t\t<div class=\"elementor-element elementor-element-5265e41 e-flex e-con-boxed e-con e-parent\" data-id=\"5265e41\" data-element_type=\"container\">\n\t\t\t\t\t<div class=\"e-con-inner\">\n\t\t\t\t<div class=\"elementor-element elementor-element-4abb8e7 elementor-widget elementor-widget-heading\" data-id=\"4abb8e7\" data-element_type=\"widget\" data-widget_type=\"heading.default\">\n\t\t\t\t<div class=\"elementor-widget-container\">\n\t\t\t<h2 class=\"elementor-heading-title elementor-size-default\">\u00c1ll\u00e1saj\u00e1nlatok <\/h2>\t\t<\/div>\n\t\t\t\t<\/div>\n\t\t\t\t\t<\/div>\n\t\t\t\t<\/div>\n\t\t<div class=\"elementor-element elementor-element-c4cec12 e-flex e-con-boxed e-con e-parent\" data-id=\"c4cec12\" data-element_type=\"container\">\n\t\t\t\t\t<div class=\"e-con-inner\">\n\t\t\t\t<div class=\"elementor-element elementor-element-e7b986f elementor-widget elementor-widget-text-editor\" data-id=\"e7b986f\" data-element_type=\"widget\" data-widget_type=\"text-editor.default\">\n\t\t\t\t<div class=\"elementor-widget-container\">\n\t\t\t\t\t\t\t<p>Jelenleg nincsenek megjelen\u00edthet\u0151 \u00fcres helyek.<\/p>\t\t\t\t\t\t<\/div>\n\t\t\t\t<\/div>\n\t\t\t\t\t<\/div>\n\t\t\t\t<\/div>\n\t\t<div class=\"elementor-element elementor-element-c11fb9f e-flex e-con-boxed e-con e-parent\" data-id=\"c11fb9f\" data-element_type=\"container\">\n\t\t\t\t\t<div class=\"e-con-inner\">\n\t\t\t\t<div class=\"elementor-element elementor-element-0fb9b58 elementor-widget elementor-widget-heading\" data-id=\"0fb9b58\" data-element_type=\"widget\" data-widget_type=\"heading.default\">\n\t\t\t\t<div class=\"elementor-widget-container\">\n\t\t\t<h2 class=\"elementor-heading-title elementor-size-default\">Jelenlegi \u00e1ll\u00e1saj\u00e1nlatok region\u00e1lis h\u00e1l\u00f3zatainkban<\/h2>\t\t<\/div>\n\t\t\t\t<\/div>\n\t\t\t\t\t<\/div>\n\t\t\t\t<\/div>\n\t\t<div class=\"elementor-element elementor-element-6ce2e9d e-grid e-con-boxed e-con e-parent\" data-id=\"6ce2e9d\" data-element_type=\"container\">\n\t\t\t\t\t<div class=\"e-con-inner\">\n\t\t\t\t<div class=\"elementor-element elementor-element-c339712 elementor-widget elementor-widget-image\" data-id=\"c339712\" data-element_type=\"widget\" data-widget_type=\"image.default\">\n\t\t\t\t<div class=\"elementor-widget-container\">\n\t\t\t\t\t\t\t\t\t\t\t\t\t\t<a href=\"https:\/\/www.palletways.com\/it\/\">\n\t\t\t\t\t\t\t<img fetchpriority=\"high\" decoding=\"async\" width=\"751\" height=\"500\" src=\"https:\/\/www.palletways.com\/hu\/wp-content\/uploads\/sites\/7\/2024\/12\/Flags_Careers_Italy_Flag.jpg\" class=\"elementor-animation-grow attachment-large size-large wp-image-8162\" alt=\"\" srcset=\"https:\/\/www.palletways.com\/hu\/wp-content\/uploads\/sites\/7\/2024\/12\/Flags_Careers_Italy_Flag.jpg 751w, https:\/\/www.palletways.com\/hu\/wp-content\/uploads\/sites\/7\/2024\/12\/Flags_Careers_Italy_Flag-300x200.jpg 300w\" sizes=\"(max-width: 751px) 100vw, 751px\" \/>\t\t\t\t\t\t\t\t<\/a>\n\t\t\t\t\t\t\t\t\t\t\t\t\t<\/div>\n\t\t\t\t<\/div>\n\t\t\t\t<div class=\"elementor-element elementor-element-d3bd659 elementor-widget elementor-widget-image\" data-id=\"d3bd659\" data-element_type=\"widget\" data-widget_type=\"image.default\">\n\t\t\t\t<div class=\"elementor-widget-container\">\n\t\t\t\t\t\t\t\t\t\t\t\t\t\t<a href=\"https:\/\/www.palletways.com\/de\/\">\n\t\t\t\t\t\t\t<img decoding=\"async\" width=\"751\" height=\"500\" src=\"https:\/\/www.palletways.com\/hu\/wp-content\/uploads\/sites\/7\/2024\/12\/Flags_Careers_Germany_Flag.jpg\" class=\"elementor-animation-grow attachment-large size-large wp-image-8159\" alt=\"\" srcset=\"https:\/\/www.palletways.com\/hu\/wp-content\/uploads\/sites\/7\/2024\/12\/Flags_Careers_Germany_Flag.jpg 751w, https:\/\/www.palletways.com\/hu\/wp-content\/uploads\/sites\/7\/2024\/12\/Flags_Careers_Germany_Flag-300x200.jpg 300w\" sizes=\"(max-width: 751px) 100vw, 751px\" \/>\t\t\t\t\t\t\t\t<\/a>\n\t\t\t\t\t\t\t\t\t\t\t\t\t<\/div>\n\t\t\t\t<\/div>\n\t\t\t\t<div class=\"elementor-element elementor-element-2a97bfe elementor-widget elementor-widget-image\" data-id=\"2a97bfe\" data-element_type=\"widget\" data-widget_type=\"image.default\">\n\t\t\t\t<div class=\"elementor-widget-container\">\n\t\t\t\t\t\t\t\t\t\t\t\t\t\t<a href=\"https:\/\/www.palletways.com\/es\/\">\n\t\t\t\t\t\t\t<img decoding=\"async\" width=\"750\" height=\"500\" src=\"https:\/\/www.palletways.com\/hu\/wp-content\/uploads\/sites\/7\/2024\/12\/Flags_Careers_Iberia_Flag.jpg\" class=\"elementor-animation-grow attachment-large size-large wp-image-8161\" alt=\"\" srcset=\"https:\/\/www.palletways.com\/hu\/wp-content\/uploads\/sites\/7\/2024\/12\/Flags_Careers_Iberia_Flag.jpg 750w, https:\/\/www.palletways.com\/hu\/wp-content\/uploads\/sites\/7\/2024\/12\/Flags_Careers_Iberia_Flag-300x200.jpg 300w\" sizes=\"(max-width: 750px) 100vw, 750px\" \/>\t\t\t\t\t\t\t\t<\/a>\n\t\t\t\t\t\t\t\t\t\t\t\t\t<\/div>\n\t\t\t\t<\/div>\n\t\t\t\t<div class=\"elementor-element elementor-element-7c039b5 elementor-widget elementor-widget-image\" data-id=\"7c039b5\" data-element_type=\"widget\" data-widget_type=\"image.default\">\n\t\t\t\t<div class=\"elementor-widget-container\">\n\t\t\t\t\t\t\t\t\t\t\t\t\t\t<a href=\"https:\/\/www.palletways.com\/nl\/\">\n\t\t\t\t\t\t\t<img loading=\"lazy\" decoding=\"async\" width=\"751\" height=\"500\" src=\"https:\/\/www.palletways.com\/hu\/wp-content\/uploads\/sites\/7\/2024\/12\/Flags_Careers_Netherlands_Flag.jpg\" class=\"elementor-animation-grow attachment-large size-large wp-image-8163\" alt=\"\" srcset=\"https:\/\/www.palletways.com\/hu\/wp-content\/uploads\/sites\/7\/2024\/12\/Flags_Careers_Netherlands_Flag.jpg 751w, https:\/\/www.palletways.com\/hu\/wp-content\/uploads\/sites\/7\/2024\/12\/Flags_Careers_Netherlands_Flag-300x200.jpg 300w\" sizes=\"(max-width: 751px) 100vw, 751px\" \/>\t\t\t\t\t\t\t\t<\/a>\n\t\t\t\t\t\t\t\t\t\t\t\t\t<\/div>\n\t\t\t\t<\/div>\n\t\t\t\t<div class=\"elementor-element elementor-element-e58d8f2 elementor-widget elementor-widget-image\" data-id=\"e58d8f2\" data-element_type=\"widget\" data-widget_type=\"image.default\">\n\t\t\t\t<div class=\"elementor-widget-container\">\n\t\t\t\t\t\t\t\t\t\t\t\t\t\t<a href=\"https:\/\/www.palletways.com\/\">\n\t\t\t\t\t\t\t<img loading=\"lazy\" decoding=\"async\" width=\"751\" height=\"500\" src=\"https:\/\/www.palletways.com\/hu\/wp-content\/uploads\/sites\/7\/2025\/01\/Flags_Careers_UnitedKingdom_Flag.jpg\" class=\"elementor-animation-grow attachment-large size-large wp-image-8364\" alt=\"\" srcset=\"https:\/\/www.palletways.com\/hu\/wp-content\/uploads\/sites\/7\/2025\/01\/Flags_Careers_UnitedKingdom_Flag.jpg 751w, https:\/\/www.palletways.com\/hu\/wp-content\/uploads\/sites\/7\/2025\/01\/Flags_Careers_UnitedKingdom_Flag-300x200.jpg 300w\" sizes=\"(max-width: 751px) 100vw, 751px\" \/>\t\t\t\t\t\t\t\t<\/a>\n\t\t\t\t\t\t\t\t\t\t\t\t\t<\/div>\n\t\t\t\t<\/div>\n\t\t\t\t\t<\/div>\n\t\t\t\t<\/div>\n\t\t<div class=\"elementor-element elementor-element-6cd9a51 e-flex e-con-boxed e-con e-parent\" data-id=\"6cd9a51\" data-element_type=\"container\">\n\t\t\t\t\t<div class=\"e-con-inner\">\n\t\t\t\t<div class=\"elementor-element elementor-element-2e7942a elementor-widget elementor-widget-spacer\" data-id=\"2e7942a\" data-element_type=\"widget\" data-widget_type=\"spacer.default\">\n\t\t\t\t<div class=\"elementor-widget-container\">\n\t\t\t\t\t<div class=\"elementor-spacer\">\n\t\t\t<div class=\"elementor-spacer-inner\"><\/div>\n\t\t<\/div>\n\t\t\t\t<\/div>\n\t\t\t\t<\/div>\n\t\t\t\t\t<\/div>\n\t\t\t\t<\/div>\n\t\t\t\t<\/div>\n\t\t","protected":false},"excerpt":{"rendered":"<p>Nincs m\u00e9g egy olyan csapat mint a Palletways Siker\u00fcnk mozgat\u00f3rug\u00f3ja a munkat\u00e1rsaink. Lelkesed\u00e9s\u00fck \u00e9s szak\u00e9rtelm\u00fck seg\u00edtett minket abban, hogy Eur\u00f3pa vezet\u0151 raklapsz\u00e1ll\u00edt\u00e1si h\u00e1l\u00f3zat\u00e1v\u00e1 v\u00e1ljunk. Teljes m\u00e9rt\u00e9kben motiv\u00e1ltak \u00e9s elk\u00f6telezettek a vil\u00e1gsz\u00ednvonal\u00fa \u00fcgyf\u00e9lkiszolg\u00e1l\u00e1s ir\u00e1nt.\u00a0biztos\u00edtj\u00e1k, hogy raklaph\u00e1l\u00f3zatunk minden alkalommal megfeleljen az \u00fcgyfelek \u00e9s a tagok ig\u00e9nyeinek. Es\u00e9lyegyenl\u0151s\u00e9g Embereink alkotj\u00e1k azt, hogy kik vagyunk, mit k\u00e9pvisel\u00fcnk \u00e9s v\u00e9gs\u0151&hellip;<\/p>\n","protected":false},"author":1,"featured_media":0,"parent":0,"menu_order":0,"comment_status":"closed","ping_status":"closed","template":"","meta":{"om_disable_all_campaigns":false,"footnotes":""},"class_list":["post-2","page","type-page","status-publish","hentry"],"yoast_head":"<!-- This site is optimized with the Yoast SEO Premium plugin v24.2 (Yoast SEO v24.2) - https:\/\/yoast.com\/wordpress\/plugins\/seo\/ -->\n<title>Karrier a Palletways-n\u00e9l | Palletways Hungary<\/title>\n<meta name=\"description\" content=\"Olyan v\u00e1llalathoz szeretne csatlakozni, amely pozit\u00edv v\u00e1ltoz\u00e1st k\u00edv\u00e1n el\u00e9rni h\u00e1l\u00f3zatunk \u00fcgyfeleinek v\u00e1llalkoz\u00e1saiban? Ha igen, olvasson tov\u00e1bb!\" \/>\n<meta name=\"robots\" content=\"index, follow, max-snippet:-1, max-image-preview:large, max-video-preview:-1\" \/>\n<link rel=\"canonical\" href=\"https:\/\/www.palletways.com\/hu\/karrier\/\" \/>\n<meta property=\"og:locale\" content=\"hu_HU\" \/>\n<meta property=\"og:type\" content=\"article\" \/>\n<meta property=\"og:title\" content=\"Karrier\" \/>\n<meta property=\"og:description\" content=\"Olyan v\u00e1llalathoz szeretne csatlakozni, amely pozit\u00edv v\u00e1ltoz\u00e1st k\u00edv\u00e1n el\u00e9rni h\u00e1l\u00f3zatunk \u00fcgyfeleinek v\u00e1llalkoz\u00e1saiban? Ha igen, olvasson tov\u00e1bb!\" \/>\n<meta property=\"og:url\" content=\"https:\/\/www.palletways.com\/hu\/karrier\/\" \/>\n<meta property=\"og:site_name\" content=\"Palletways Hungary\" \/>\n<meta property=\"article:publisher\" content=\"https:\/\/www.facebook.com\/PalletwaysHU\" \/>\n<meta property=\"article:modified_time\" content=\"2025-03-31T13:50:42+00:00\" \/>\n<meta property=\"og:image\" content=\"https:\/\/www.palletways.com\/hu\/wp-content\/uploads\/sites\/7\/2024\/12\/Flags_Careers_Italy_Flag.jpg\" \/>\n\t<meta property=\"og:image:width\" content=\"751\" \/>\n\t<meta property=\"og:image:height\" content=\"500\" \/>\n\t<meta property=\"og:image:type\" content=\"image\/jpeg\" \/>\n<meta name=\"twitter:card\" content=\"summary_large_image\" \/>\n<meta name=\"twitter:label1\" content=\"Becs\u00fclt olvas\u00e1si id\u0151\" \/>\n\t<meta name=\"twitter:data1\" content=\"2 perc\" \/>\n<script type=\"application\/ld+json\" class=\"yoast-schema-graph\">{\"@context\":\"https:\/\/schema.org\",\"@graph\":[{\"@type\":\"WebPage\",\"@id\":\"https:\/\/www.palletways.com\/hu\/karrier\/\",\"url\":\"https:\/\/www.palletways.com\/hu\/karrier\/\",\"name\":\"Karrier a Palletways-n\u00e9l | Palletways Hungary\",\"isPartOf\":{\"@id\":\"https:\/\/www.palletways.com\/hu\/#website\"},\"primaryImageOfPage\":{\"@id\":\"https:\/\/www.palletways.com\/hu\/karrier\/#primaryimage\"},\"image\":{\"@id\":\"https:\/\/www.palletways.com\/hu\/karrier\/#primaryimage\"},\"thumbnailUrl\":\"https:\/\/www.palletways.com\/hu\/wp-content\/uploads\/sites\/7\/2024\/12\/Flags_Careers_Italy_Flag.jpg\",\"datePublished\":\"2024-10-15T11:15:41+00:00\",\"dateModified\":\"2025-03-31T13:50:42+00:00\",\"description\":\"Olyan v\u00e1llalathoz szeretne csatlakozni, amely pozit\u00edv v\u00e1ltoz\u00e1st k\u00edv\u00e1n el\u00e9rni h\u00e1l\u00f3zatunk \u00fcgyfeleinek v\u00e1llalkoz\u00e1saiban? Ha igen, olvasson tov\u00e1bb!\",\"breadcrumb\":{\"@id\":\"https:\/\/www.palletways.com\/hu\/karrier\/#breadcrumb\"},\"inLanguage\":\"hu\",\"potentialAction\":[{\"@type\":\"ReadAction\",\"target\":[\"https:\/\/www.palletways.com\/hu\/karrier\/\"]}]},{\"@type\":\"ImageObject\",\"inLanguage\":\"hu\",\"@id\":\"https:\/\/www.palletways.com\/hu\/karrier\/#primaryimage\",\"url\":\"https:\/\/www.palletways.com\/hu\/wp-content\/uploads\/sites\/7\/2024\/12\/Flags_Careers_Italy_Flag.jpg\",\"contentUrl\":\"https:\/\/www.palletways.com\/hu\/wp-content\/uploads\/sites\/7\/2024\/12\/Flags_Careers_Italy_Flag.jpg\",\"width\":751,\"height\":500},{\"@type\":\"BreadcrumbList\",\"@id\":\"https:\/\/www.palletways.com\/hu\/karrier\/#breadcrumb\",\"itemListElement\":[{\"@type\":\"ListItem\",\"position\":1,\"name\":\"Home\",\"item\":\"https:\/\/www.palletways.com\/hu\/\"},{\"@type\":\"ListItem\",\"position\":2,\"name\":\"Karrier\"}]},{\"@type\":\"WebSite\",\"@id\":\"https:\/\/www.palletways.com\/hu\/#website\",\"url\":\"https:\/\/www.palletways.com\/hu\/\",\"name\":\"Palletways Hungary\",\"description\":\"Eur\u00f3pa legmegb\u00edzhat\u00f3bb raklapsz\u00e1ll\u00edt\u00e1si h\u00e1l\u00f3zata\",\"publisher\":{\"@id\":\"https:\/\/www.palletways.com\/hu\/#organization\"},\"potentialAction\":[{\"@type\":\"SearchAction\",\"target\":{\"@type\":\"EntryPoint\",\"urlTemplate\":\"https:\/\/www.palletways.com\/hu\/?s={search_term_string}\"},\"query-input\":{\"@type\":\"PropertyValueSpecification\",\"valueRequired\":true,\"valueName\":\"search_term_string\"}}],\"inLanguage\":\"hu\"},{\"@type\":\"Organization\",\"@id\":\"https:\/\/www.palletways.com\/hu\/#organization\",\"name\":\"Palletways Hungary\",\"url\":\"https:\/\/www.palletways.com\/hu\/\",\"logo\":{\"@type\":\"ImageObject\",\"inLanguage\":\"hu\",\"@id\":\"https:\/\/www.palletways.com\/hu\/#\/schema\/logo\/image\/\",\"url\":\"https:\/\/www.palletways.com\/hu\/wp-content\/uploads\/sites\/7\/2024\/10\/pw_we-deliver-4-col.jpg\",\"contentUrl\":\"https:\/\/www.palletways.com\/hu\/wp-content\/uploads\/sites\/7\/2024\/10\/pw_we-deliver-4-col.jpg\",\"width\":2115,\"height\":694,\"caption\":\"Palletways Hungary\"},\"image\":{\"@id\":\"https:\/\/www.palletways.com\/hu\/#\/schema\/logo\/image\/\"},\"sameAs\":[\"https:\/\/www.facebook.com\/PalletwaysHU\"]}]}<\/script>\n<!-- \/ Yoast SEO Premium plugin. -->","yoast_head_json":{"title":"Karrier a Palletways-n\u00e9l | Palletways Hungary","description":"Olyan v\u00e1llalathoz szeretne csatlakozni, amely pozit\u00edv v\u00e1ltoz\u00e1st k\u00edv\u00e1n el\u00e9rni h\u00e1l\u00f3zatunk \u00fcgyfeleinek v\u00e1llalkoz\u00e1saiban? Ha igen, olvasson tov\u00e1bb!","robots":{"index":"index","follow":"follow","max-snippet":"max-snippet:-1","max-image-preview":"max-image-preview:large","max-video-preview":"max-video-preview:-1"},"canonical":"https:\/\/www.palletways.com\/hu\/karrier\/","og_locale":"hu_HU","og_type":"article","og_title":"Karrier","og_description":"Olyan v\u00e1llalathoz szeretne csatlakozni, amely pozit\u00edv v\u00e1ltoz\u00e1st k\u00edv\u00e1n el\u00e9rni h\u00e1l\u00f3zatunk \u00fcgyfeleinek v\u00e1llalkoz\u00e1saiban? Ha igen, olvasson tov\u00e1bb!","og_url":"https:\/\/www.palletways.com\/hu\/karrier\/","og_site_name":"Palletways Hungary","article_publisher":"https:\/\/www.facebook.com\/PalletwaysHU","article_modified_time":"2025-03-31T13:50:42+00:00","og_image":[{"width":751,"height":500,"url":"https:\/\/www.palletways.com\/hu\/wp-content\/uploads\/sites\/7\/2024\/12\/Flags_Careers_Italy_Flag.jpg","type":"image\/jpeg"}],"twitter_card":"summary_large_image","twitter_misc":{"Becs\u00fclt olvas\u00e1si id\u0151":"2 perc"},"schema":{"@context":"https:\/\/schema.org","@graph":[{"@type":"WebPage","@id":"https:\/\/www.palletways.com\/hu\/karrier\/","url":"https:\/\/www.palletways.com\/hu\/karrier\/","name":"Karrier a Palletways-n\u00e9l | Palletways Hungary","isPartOf":{"@id":"https:\/\/www.palletways.com\/hu\/#website"},"primaryImageOfPage":{"@id":"https:\/\/www.palletways.com\/hu\/karrier\/#primaryimage"},"image":{"@id":"https:\/\/www.palletways.com\/hu\/karrier\/#primaryimage"},"thumbnailUrl":"https:\/\/www.palletways.com\/hu\/wp-content\/uploads\/sites\/7\/2024\/12\/Flags_Careers_Italy_Flag.jpg","datePublished":"2024-10-15T11:15:41+00:00","dateModified":"2025-03-31T13:50:42+00:00","description":"Olyan v\u00e1llalathoz szeretne csatlakozni, amely pozit\u00edv v\u00e1ltoz\u00e1st k\u00edv\u00e1n el\u00e9rni h\u00e1l\u00f3zatunk \u00fcgyfeleinek v\u00e1llalkoz\u00e1saiban? Ha igen, olvasson tov\u00e1bb!","breadcrumb":{"@id":"https:\/\/www.palletways.com\/hu\/karrier\/#breadcrumb"},"inLanguage":"hu","potentialAction":[{"@type":"ReadAction","target":["https:\/\/www.palletways.com\/hu\/karrier\/"]}]},{"@type":"ImageObject","inLanguage":"hu","@id":"https:\/\/www.palletways.com\/hu\/karrier\/#primaryimage","url":"https:\/\/www.palletways.com\/hu\/wp-content\/uploads\/sites\/7\/2024\/12\/Flags_Careers_Italy_Flag.jpg","contentUrl":"https:\/\/www.palletways.com\/hu\/wp-content\/uploads\/sites\/7\/2024\/12\/Flags_Careers_Italy_Flag.jpg","width":751,"height":500},{"@type":"BreadcrumbList","@id":"https:\/\/www.palletways.com\/hu\/karrier\/#breadcrumb","itemListElement":[{"@type":"ListItem","position":1,"name":"Home","item":"https:\/\/www.palletways.com\/hu\/"},{"@type":"ListItem","position":2,"name":"Karrier"}]},{"@type":"WebSite","@id":"https:\/\/www.palletways.com\/hu\/#website","url":"https:\/\/www.palletways.com\/hu\/","name":"Palletways Hungary","description":"Eur\u00f3pa legmegb\u00edzhat\u00f3bb raklapsz\u00e1ll\u00edt\u00e1si h\u00e1l\u00f3zata","publisher":{"@id":"https:\/\/www.palletways.com\/hu\/#organization"},"potentialAction":[{"@type":"SearchAction","target":{"@type":"EntryPoint","urlTemplate":"https:\/\/www.palletways.com\/hu\/?s={search_term_string}"},"query-input":{"@type":"PropertyValueSpecification","valueRequired":true,"valueName":"search_term_string"}}],"inLanguage":"hu"},{"@type":"Organization","@id":"https:\/\/www.palletways.com\/hu\/#organization","name":"Palletways Hungary","url":"https:\/\/www.palletways.com\/hu\/","logo":{"@type":"ImageObject","inLanguage":"hu","@id":"https:\/\/www.palletways.com\/hu\/#\/schema\/logo\/image\/","url":"https:\/\/www.palletways.com\/hu\/wp-content\/uploads\/sites\/7\/2024\/10\/pw_we-deliver-4-col.jpg","contentUrl":"https:\/\/www.palletways.com\/hu\/wp-content\/uploads\/sites\/7\/2024\/10\/pw_we-deliver-4-col.jpg","width":2115,"height":694,"caption":"Palletways Hungary"},"image":{"@id":"https:\/\/www.palletways.com\/hu\/#\/schema\/logo\/image\/"},"sameAs":["https:\/\/www.facebook.com\/PalletwaysHU"]}]}},"_links":{"self":[{"href":"https:\/\/www.palletways.com\/hu\/wp-json\/wp\/v2\/pages\/2","targetHints":{"allow":["GET"]}}],"collection":[{"href":"https:\/\/www.palletways.com\/hu\/wp-json\/wp\/v2\/pages"}],"about":[{"href":"https:\/\/www.palletways.com\/hu\/wp-json\/wp\/v2\/types\/page"}],"author":[{"embeddable":true,"href":"https:\/\/www.palletways.com\/hu\/wp-json\/wp\/v2\/users\/1"}],"replies":[{"embeddable":true,"href":"https:\/\/www.palletways.com\/hu\/wp-json\/wp\/v2\/comments?post=2"}],"version-history":[{"count":113,"href":"https:\/\/www.palletways.com\/hu\/wp-json\/wp\/v2\/pages\/2\/revisions"}],"predecessor-version":[{"id":8811,"href":"https:\/\/www.palletways.com\/hu\/wp-json\/wp\/v2\/pages\/2\/revisions\/8811"}],"wp:attachment":[{"href":"https:\/\/www.palletways.com\/hu\/wp-json\/wp\/v2\/media?parent=2"}],"curies":[{"name":"wp","href":"https:\/\/api.w.org\/{rel}","templated":true}]}}