{"id":18,"date":"2020-02-15T10:38:12","date_gmt":"2020-02-15T10:38:12","guid":{"rendered":"https:\/\/www.palletways.com\/hu\/news\/"},"modified":"2025-01-31T15:39:30","modified_gmt":"2025-01-31T15:39:30","slug":"hirek","status":"publish","type":"page","link":"https:\/\/www.palletways.com\/hu\/hirek\/","title":{"rendered":"H\u00edrek"},"content":{"rendered":"\t\t<div data-elementor-type=\"wp-page\" data-elementor-id=\"18\" class=\"elementor elementor-18\" data-elementor-post-type=\"page\">\n\t\t\t\t\t\t<section class=\"elementor-section elementor-top-section elementor-element elementor-element-6a0f6f7 elementor-section-content-middle elementor-section-boxed elementor-section-height-default elementor-section-height-default\" data-id=\"6a0f6f7\" data-element_type=\"section\">\n\t\t\t\t\t\t<div class=\"elementor-container elementor-column-gap-wider\">\n\t\t\t\t\t<div class=\"elementor-column elementor-col-50 elementor-top-column elementor-element elementor-element-eb23d2d\" data-id=\"eb23d2d\" data-element_type=\"column\">\n\t\t\t<div class=\"elementor-widget-wrap elementor-element-populated\">\n\t\t\t\t\t\t<div class=\"elementor-element elementor-element-3d6db17 elementor-widget elementor-widget-heading\" data-id=\"3d6db17\" data-element_type=\"widget\" data-widget_type=\"heading.default\">\n\t\t\t\t<div class=\"elementor-widget-container\">\n\t\t\t<h3 class=\"elementor-heading-title elementor-size-default\">H\u00edrek<\/h3>\t\t<\/div>\n\t\t\t\t<\/div>\n\t\t\t\t\t<\/div>\n\t\t<\/div>\n\t\t\t\t<div class=\"elementor-column elementor-col-50 elementor-top-column elementor-element elementor-element-a82018f\" data-id=\"a82018f\" data-element_type=\"column\">\n\t\t\t<div class=\"elementor-widget-wrap elementor-element-populated\">\n\t\t\t\t\t\t<div class=\"elementor-element elementor-element-8bd3be3 elementor-widget__width-auto elementor-widget elementor-widget-heading\" data-id=\"8bd3be3\" data-element_type=\"widget\" data-widget_type=\"heading.default\">\n\t\t\t\t<div class=\"elementor-widget-container\">\n\t\t\t<h3 class=\"elementor-heading-title elementor-size-default\">Legfrisseb V\u00e1llalati h\u00edrek, \u00e9s bejelent\u00e9sek<\/h3>\t\t<\/div>\n\t\t\t\t<\/div>\n\t\t\t\t\t<\/div>\n\t\t<\/div>\n\t\t\t\t\t<\/div>\n\t\t<\/section>\n\t\t\t\t<section class=\"elementor-section elementor-top-section elementor-element elementor-element-90e689f elementor-section-boxed elementor-section-height-default elementor-section-height-default\" data-id=\"90e689f\" data-element_type=\"section\">\n\t\t\t\t\t\t<div class=\"elementor-container elementor-column-gap-wider\">\n\t\t\t\t\t<div class=\"elementor-column elementor-col-100 elementor-top-column elementor-element elementor-element-d3af813\" data-id=\"d3af813\" data-element_type=\"column\">\n\t\t\t<div class=\"elementor-widget-wrap elementor-element-populated\">\n\t\t\t\t\t\t<div class=\"elementor-element elementor-element-7738ee6 preserve-img-ratio-cover elementor-widget elementor-widget-the7_elements\" data-id=\"7738ee6\" data-element_type=\"widget\" data-widget_type=\"the7_elements.default\">\n\t\t\t\t<div class=\"elementor-widget-container\">\n\t\t\t<div class=\"portfolio-shortcode the7-elementor-widget the7_elements-7738ee6 mode-grid dt-css-grid-wrap classic-layout-list description-under-image content-bg-on resize-by-browser-width loading-effect-none\" data-padding=\"60px\" data-mobile-columns-num=\"1\" data-tablet-columns-num=\"2\" data-desktop-columns-num=\"3\" data-wide-desktop-columns-num=\"3\" data-post-limit=\"-1\" data-pagination-mode=\"standard\" data-scroll-offset=\"\"><div class=\"dt-css-grid custom-pagination-handler\"><div class=\"visible wf-cell\" data-post-id=\"8548\" data-date=\"2025-01-31T15:42:30+00:00\" data-name=\"Portug\u00e1lia n\u00f6veked\u00e9s\u00e9nek 15. \u00e9vfordul\u00f3j\u00e1t \u00fcnnepelj\u00fck\"><article class=\"post visible post-8548 type-post status-publish format-standard has-post-thumbnail hentry category-uncategorized\" data-name=\"Portug\u00e1lia n\u00f6veked\u00e9s\u00e9nek 15. \u00e9vfordul\u00f3j\u00e1t \u00fcnnepelj\u00fck\" data-date=\"2025-01-31T15:42:30+00:00\">\n\n\t<div class=\"post-thumbnail-wrap\">\n\t\t<div class=\"post-thumbnail\">\n\n\t\t\t<a class=\"post-thumbnail-rollover layzr-bg img-css-resize-wrapper\" aria-label=\"Post image\" href=\"https:\/\/www.palletways.com\/hu\/blog\/2025\/01\/31\/a-palletways-csoport-15-eve-tarto-novekedeset-es-innovaciojat-unnepli-portugaliaban\/\"><img fetchpriority=\"high\" decoding=\"async\" width=\"1080\" height=\"600\" src=\"data:image\/svg+xml,%3Csvg%20xmlns%3D&#039;http%3A%2F%2Fwww.w3.org%2F2000%2Fsvg&#039;%20viewBox%3D&#039;0%200%201080%20600&#039;%2F%3E\" class=\"attachment-full size-full preload-me aspect lazy lazy-load\" alt=\"\" sizes=\"(max-width: 1080px) 100vw, 1080px\" style=\"--ratio: 1080 \/ 600;\" data-src=\"https:\/\/www.palletways.com\/hu\/wp-content\/uploads\/sites\/7\/2025\/01\/Palletways_truck_top_image.jpg\" loading=\"eager\" data-srcset=\"https:\/\/www.palletways.com\/hu\/wp-content\/uploads\/sites\/7\/2025\/01\/Palletways_truck_top_image.jpg 1080w, https:\/\/www.palletways.com\/hu\/wp-content\/uploads\/sites\/7\/2025\/01\/Palletways_truck_top_image-300x167.jpg 300w, https:\/\/www.palletways.com\/hu\/wp-content\/uploads\/sites\/7\/2025\/01\/Palletways_truck_top_image-1024x569.jpg 1024w, https:\/\/www.palletways.com\/hu\/wp-content\/uploads\/sites\/7\/2025\/01\/Palletways_truck_top_image-768x427.jpg 768w\" \/><span class=\"the7-hover-icon\"><svg aria-hidden=\"true\" class=\"e-font-icon-svg e-fas-ellipsis-h\" viewBox=\"0 0 512 512\" xmlns=\"http:\/\/www.w3.org\/2000\/svg\"><path d=\"M328 256c0 39.8-32.2 72-72 72s-72-32.2-72-72 32.2-72 72-72 72 32.2 72 72zm104-72c-39.8 0-72 32.2-72 72s32.2 72 72 72 72-32.2 72-72-32.2-72-72-72zm-352 0c-39.8 0-72 32.2-72 72s32.2 72 72 72 72-32.2 72-72-32.2-72-72-72z\"><\/path><\/svg><\/span><\/a>\n\t\t<\/div>\n\t<\/div>\n\n\n<div class=\"post-entry-content\">\n\n\t<h3 class=\"ele-entry-title\"><a href=\"https:\/\/www.palletways.com\/hu\/blog\/2025\/01\/31\/a-palletways-csoport-15-eve-tarto-novekedeset-es-innovaciojat-unnepli-portugaliaban\/\" rel=\"bookmark\" title=\"Portug\u00e1lia n\u00f6veked\u00e9s\u00e9nek 15. \u00e9vfordul\u00f3j\u00e1t \u00fcnnepelj\u00fck\">Portug\u00e1lia n\u00f6veked\u00e9s\u00e9nek 15. \u00e9vfordul\u00f3j\u00e1t \u00fcnnepelj\u00fck<\/a><\/h3><div class=\"entry-meta\"><a href=\"https:\/\/www.palletways.com\/hu\/blog\/2025\/01\/31\/\" title=\"3:42 du.\" class=\"meta-item data-link\" rel=\"bookmark\"><time class=\"entry-date updated\" datetime=\"2025-01-31T15:42:30+00:00\">janu\u00e1r 31, 2025<\/time><\/a><\/div>\n<\/div><\/article><\/div><\/div><!-- iso-container|iso-grid --><\/div>\t\t<\/div>\n\t\t\t\t<\/div>\n\t\t\t\t\t<\/div>\n\t\t<\/div>\n\t\t\t\t\t<\/div>\n\t\t<\/section>\n\t\t\t\t<\/div>\n\t\t","protected":false},"excerpt":{"rendered":"<p>H\u00edrek Legfrisseb V\u00e1llalati h\u00edrek, \u00e9s bejelent\u00e9sek<\/p>\n","protected":false},"author":1,"featured_media":145,"parent":0,"menu_order":50,"comment_status":"closed","ping_status":"closed","template":"","meta":{"om_disable_all_campaigns":false,"footnotes":""},"class_list":["post-18","page","type-page","status-publish","has-post-thumbnail","hentry"],"yoast_head":"<!-- This site is optimized with the Yoast SEO Premium plugin v24.2 (Yoast SEO v24.2) - https:\/\/yoast.com\/wordpress\/plugins\/seo\/ -->\n<title>Legfrissebb Raklaph\u00e1l\u00f3zati H\u00edrek | Palletways Hungary<\/title>\n<meta name=\"description\" content=\"Maradjon naprak\u00e9sz a legfrissebb Palletways raklaph\u00e1l\u00f3zati h\u00edrekkel. Ak\u00e1r Eur\u00f3p\u00e1ba, ak\u00e1r az Egyes\u00fclt Kir\u00e1lys\u00e1gba sz\u00e1ll\u00edt, n\u00e1lunk mindig tal\u00e1l friss h\u00edreket.\" \/>\n<meta name=\"robots\" content=\"index, follow, max-snippet:-1, max-image-preview:large, max-video-preview:-1\" \/>\n<link rel=\"canonical\" href=\"https:\/\/www.palletways.com\/hu\/hirek\/\" \/>\n<meta property=\"og:locale\" content=\"hu_HU\" \/>\n<meta property=\"og:type\" content=\"article\" \/>\n<meta property=\"og:title\" content=\"H\u00edrek\" \/>\n<meta property=\"og:description\" content=\"Maradjon naprak\u00e9sz a legfrissebb Palletways raklaph\u00e1l\u00f3zati h\u00edrekkel. Ak\u00e1r Eur\u00f3p\u00e1ba, ak\u00e1r az Egyes\u00fclt Kir\u00e1lys\u00e1gba sz\u00e1ll\u00edt, n\u00e1lunk mindig tal\u00e1l friss h\u00edreket.\" \/>\n<meta property=\"og:url\" content=\"https:\/\/www.palletways.com\/hu\/hirek\/\" \/>\n<meta property=\"og:site_name\" content=\"Palletways Hungary\" \/>\n<meta property=\"article:publisher\" content=\"https:\/\/www.facebook.com\/PalletwaysHU\" \/>\n<meta property=\"article:modified_time\" content=\"2025-01-31T15:39:30+00:00\" \/>\n<meta property=\"og:image\" content=\"https:\/\/www.palletways.com\/hu\/wp-content\/uploads\/sites\/7\/2020\/02\/tr013.jpg\" \/>\n\t<meta property=\"og:image:width\" content=\"1500\" \/>\n\t<meta property=\"og:image:height\" content=\"1000\" \/>\n\t<meta property=\"og:image:type\" content=\"image\/jpeg\" \/>\n<meta name=\"twitter:card\" content=\"summary_large_image\" \/>\n<meta name=\"twitter:label1\" content=\"Becs\u00fclt olvas\u00e1si id\u0151\" \/>\n\t<meta name=\"twitter:data1\" content=\"1 perc\" \/>\n<script type=\"application\/ld+json\" class=\"yoast-schema-graph\">{\"@context\":\"https:\/\/schema.org\",\"@graph\":[{\"@type\":\"WebPage\",\"@id\":\"https:\/\/www.palletways.com\/hu\/hirek\/\",\"url\":\"https:\/\/www.palletways.com\/hu\/hirek\/\",\"name\":\"Legfrissebb Raklaph\u00e1l\u00f3zati H\u00edrek | Palletways Hungary\",\"isPartOf\":{\"@id\":\"https:\/\/www.palletways.com\/hu\/#website\"},\"primaryImageOfPage\":{\"@id\":\"https:\/\/www.palletways.com\/hu\/hirek\/#primaryimage\"},\"image\":{\"@id\":\"https:\/\/www.palletways.com\/hu\/hirek\/#primaryimage\"},\"thumbnailUrl\":\"https:\/\/www.palletways.com\/hu\/wp-content\/uploads\/sites\/7\/2020\/02\/tr013.jpg\",\"datePublished\":\"2020-02-15T10:38:12+00:00\",\"dateModified\":\"2025-01-31T15:39:30+00:00\",\"description\":\"Maradjon naprak\u00e9sz a legfrissebb Palletways raklaph\u00e1l\u00f3zati h\u00edrekkel. Ak\u00e1r Eur\u00f3p\u00e1ba, ak\u00e1r az Egyes\u00fclt Kir\u00e1lys\u00e1gba sz\u00e1ll\u00edt, n\u00e1lunk mindig tal\u00e1l friss h\u00edreket.\",\"breadcrumb\":{\"@id\":\"https:\/\/www.palletways.com\/hu\/hirek\/#breadcrumb\"},\"inLanguage\":\"hu\",\"potentialAction\":[{\"@type\":\"ReadAction\",\"target\":[\"https:\/\/www.palletways.com\/hu\/hirek\/\"]}]},{\"@type\":\"ImageObject\",\"inLanguage\":\"hu\",\"@id\":\"https:\/\/www.palletways.com\/hu\/hirek\/#primaryimage\",\"url\":\"https:\/\/www.palletways.com\/hu\/wp-content\/uploads\/sites\/7\/2020\/02\/tr013.jpg\",\"contentUrl\":\"https:\/\/www.palletways.com\/hu\/wp-content\/uploads\/sites\/7\/2020\/02\/tr013.jpg\",\"width\":1500,\"height\":1000,\"caption\":\"image of laptop\"},{\"@type\":\"BreadcrumbList\",\"@id\":\"https:\/\/www.palletways.com\/hu\/hirek\/#breadcrumb\",\"itemListElement\":[{\"@type\":\"ListItem\",\"position\":1,\"name\":\"Home\",\"item\":\"https:\/\/www.palletways.com\/hu\/\"},{\"@type\":\"ListItem\",\"position\":2,\"name\":\"H\u00edrek\"}]},{\"@type\":\"WebSite\",\"@id\":\"https:\/\/www.palletways.com\/hu\/#website\",\"url\":\"https:\/\/www.palletways.com\/hu\/\",\"name\":\"Palletways Hungary\",\"description\":\"Eur\u00f3pa legmegb\u00edzhat\u00f3bb raklapsz\u00e1ll\u00edt\u00e1si h\u00e1l\u00f3zata\",\"publisher\":{\"@id\":\"https:\/\/www.palletways.com\/hu\/#organization\"},\"potentialAction\":[{\"@type\":\"SearchAction\",\"target\":{\"@type\":\"EntryPoint\",\"urlTemplate\":\"https:\/\/www.palletways.com\/hu\/?s={search_term_string}\"},\"query-input\":{\"@type\":\"PropertyValueSpecification\",\"valueRequired\":true,\"valueName\":\"search_term_string\"}}],\"inLanguage\":\"hu\"},{\"@type\":\"Organization\",\"@id\":\"https:\/\/www.palletways.com\/hu\/#organization\",\"name\":\"Palletways Hungary\",\"url\":\"https:\/\/www.palletways.com\/hu\/\",\"logo\":{\"@type\":\"ImageObject\",\"inLanguage\":\"hu\",\"@id\":\"https:\/\/www.palletways.com\/hu\/#\/schema\/logo\/image\/\",\"url\":\"https:\/\/www.palletways.com\/hu\/wp-content\/uploads\/sites\/7\/2024\/10\/pw_we-deliver-4-col.jpg\",\"contentUrl\":\"https:\/\/www.palletways.com\/hu\/wp-content\/uploads\/sites\/7\/2024\/10\/pw_we-deliver-4-col.jpg\",\"width\":2115,\"height\":694,\"caption\":\"Palletways Hungary\"},\"image\":{\"@id\":\"https:\/\/www.palletways.com\/hu\/#\/schema\/logo\/image\/\"},\"sameAs\":[\"https:\/\/www.facebook.com\/PalletwaysHU\"]}]}<\/script>\n<!-- \/ Yoast SEO Premium plugin. -->","yoast_head_json":{"title":"Legfrissebb Raklaph\u00e1l\u00f3zati H\u00edrek | Palletways Hungary","description":"Maradjon naprak\u00e9sz a legfrissebb Palletways raklaph\u00e1l\u00f3zati h\u00edrekkel. Ak\u00e1r Eur\u00f3p\u00e1ba, ak\u00e1r az Egyes\u00fclt Kir\u00e1lys\u00e1gba sz\u00e1ll\u00edt, n\u00e1lunk mindig tal\u00e1l friss h\u00edreket.","robots":{"index":"index","follow":"follow","max-snippet":"max-snippet:-1","max-image-preview":"max-image-preview:large","max-video-preview":"max-video-preview:-1"},"canonical":"https:\/\/www.palletways.com\/hu\/hirek\/","og_locale":"hu_HU","og_type":"article","og_title":"H\u00edrek","og_description":"Maradjon naprak\u00e9sz a legfrissebb Palletways raklaph\u00e1l\u00f3zati h\u00edrekkel. Ak\u00e1r Eur\u00f3p\u00e1ba, ak\u00e1r az Egyes\u00fclt Kir\u00e1lys\u00e1gba sz\u00e1ll\u00edt, n\u00e1lunk mindig tal\u00e1l friss h\u00edreket.","og_url":"https:\/\/www.palletways.com\/hu\/hirek\/","og_site_name":"Palletways Hungary","article_publisher":"https:\/\/www.facebook.com\/PalletwaysHU","article_modified_time":"2025-01-31T15:39:30+00:00","og_image":[{"width":1500,"height":1000,"url":"https:\/\/www.palletways.com\/hu\/wp-content\/uploads\/sites\/7\/2020\/02\/tr013.jpg","type":"image\/jpeg"}],"twitter_card":"summary_large_image","twitter_misc":{"Becs\u00fclt olvas\u00e1si id\u0151":"1 perc"},"schema":{"@context":"https:\/\/schema.org","@graph":[{"@type":"WebPage","@id":"https:\/\/www.palletways.com\/hu\/hirek\/","url":"https:\/\/www.palletways.com\/hu\/hirek\/","name":"Legfrissebb Raklaph\u00e1l\u00f3zati H\u00edrek | Palletways Hungary","isPartOf":{"@id":"https:\/\/www.palletways.com\/hu\/#website"},"primaryImageOfPage":{"@id":"https:\/\/www.palletways.com\/hu\/hirek\/#primaryimage"},"image":{"@id":"https:\/\/www.palletways.com\/hu\/hirek\/#primaryimage"},"thumbnailUrl":"https:\/\/www.palletways.com\/hu\/wp-content\/uploads\/sites\/7\/2020\/02\/tr013.jpg","datePublished":"2020-02-15T10:38:12+00:00","dateModified":"2025-01-31T15:39:30+00:00","description":"Maradjon naprak\u00e9sz a legfrissebb Palletways raklaph\u00e1l\u00f3zati h\u00edrekkel. Ak\u00e1r Eur\u00f3p\u00e1ba, ak\u00e1r az Egyes\u00fclt Kir\u00e1lys\u00e1gba sz\u00e1ll\u00edt, n\u00e1lunk mindig tal\u00e1l friss h\u00edreket.","breadcrumb":{"@id":"https:\/\/www.palletways.com\/hu\/hirek\/#breadcrumb"},"inLanguage":"hu","potentialAction":[{"@type":"ReadAction","target":["https:\/\/www.palletways.com\/hu\/hirek\/"]}]},{"@type":"ImageObject","inLanguage":"hu","@id":"https:\/\/www.palletways.com\/hu\/hirek\/#primaryimage","url":"https:\/\/www.palletways.com\/hu\/wp-content\/uploads\/sites\/7\/2020\/02\/tr013.jpg","contentUrl":"https:\/\/www.palletways.com\/hu\/wp-content\/uploads\/sites\/7\/2020\/02\/tr013.jpg","width":1500,"height":1000,"caption":"image of laptop"},{"@type":"BreadcrumbList","@id":"https:\/\/www.palletways.com\/hu\/hirek\/#breadcrumb","itemListElement":[{"@type":"ListItem","position":1,"name":"Home","item":"https:\/\/www.palletways.com\/hu\/"},{"@type":"ListItem","position":2,"name":"H\u00edrek"}]},{"@type":"WebSite","@id":"https:\/\/www.palletways.com\/hu\/#website","url":"https:\/\/www.palletways.com\/hu\/","name":"Palletways Hungary","description":"Eur\u00f3pa legmegb\u00edzhat\u00f3bb raklapsz\u00e1ll\u00edt\u00e1si h\u00e1l\u00f3zata","publisher":{"@id":"https:\/\/www.palletways.com\/hu\/#organization"},"potentialAction":[{"@type":"SearchAction","target":{"@type":"EntryPoint","urlTemplate":"https:\/\/www.palletways.com\/hu\/?s={search_term_string}"},"query-input":{"@type":"PropertyValueSpecification","valueRequired":true,"valueName":"search_term_string"}}],"inLanguage":"hu"},{"@type":"Organization","@id":"https:\/\/www.palletways.com\/hu\/#organization","name":"Palletways Hungary","url":"https:\/\/www.palletways.com\/hu\/","logo":{"@type":"ImageObject","inLanguage":"hu","@id":"https:\/\/www.palletways.com\/hu\/#\/schema\/logo\/image\/","url":"https:\/\/www.palletways.com\/hu\/wp-content\/uploads\/sites\/7\/2024\/10\/pw_we-deliver-4-col.jpg","contentUrl":"https:\/\/www.palletways.com\/hu\/wp-content\/uploads\/sites\/7\/2024\/10\/pw_we-deliver-4-col.jpg","width":2115,"height":694,"caption":"Palletways Hungary"},"image":{"@id":"https:\/\/www.palletways.com\/hu\/#\/schema\/logo\/image\/"},"sameAs":["https:\/\/www.facebook.com\/PalletwaysHU"]}]}},"_links":{"self":[{"href":"https:\/\/www.palletways.com\/hu\/wp-json\/wp\/v2\/pages\/18","targetHints":{"allow":["GET"]}}],"collection":[{"href":"https:\/\/www.palletways.com\/hu\/wp-json\/wp\/v2\/pages"}],"about":[{"href":"https:\/\/www.palletways.com\/hu\/wp-json\/wp\/v2\/types\/page"}],"author":[{"embeddable":true,"href":"https:\/\/www.palletways.com\/hu\/wp-json\/wp\/v2\/users\/1"}],"replies":[{"embeddable":true,"href":"https:\/\/www.palletways.com\/hu\/wp-json\/wp\/v2\/comments?post=18"}],"version-history":[{"count":4,"href":"https:\/\/www.palletways.com\/hu\/wp-json\/wp\/v2\/pages\/18\/revisions"}],"predecessor-version":[{"id":8465,"href":"https:\/\/www.palletways.com\/hu\/wp-json\/wp\/v2\/pages\/18\/revisions\/8465"}],"wp:featuredmedia":[{"embeddable":true,"href":"https:\/\/www.palletways.com\/hu\/wp-json\/wp\/v2\/media\/145"}],"wp:attachment":[{"href":"https:\/\/www.palletways.com\/hu\/wp-json\/wp\/v2\/media?parent=18"}],"curies":[{"name":"wp","href":"https:\/\/api.w.org\/{rel}","templated":true}]}}