{"id":9279,"date":"2025-04-11T10:51:41","date_gmt":"2025-04-11T10:51:41","guid":{"rendered":"https:\/\/www.palletways.com\/es\/?page_id=9279"},"modified":"2026-02-12T15:39:32","modified_gmt":"2026-02-12T15:39:32","slug":"sistema-interno-de-informacion-siif","status":"publish","type":"page","link":"https:\/\/www.palletways.com\/es\/sistema-interno-de-informacion-siif\/","title":{"rendered":"Sistema Interno de Informaci\u00f3n (SIIF)"},"content":{"rendered":"\t\t<div data-elementor-type=\"wp-page\" data-elementor-id=\"9279\" class=\"elementor elementor-9279\" data-elementor-post-type=\"page\">\n\t\t\t\t<div class=\"elementor-element elementor-element-35ff3a9 e-flex e-con-boxed e-con e-parent\" data-id=\"35ff3a9\" data-element_type=\"container\">\n\t\t\t\t\t<div class=\"e-con-inner\">\n\t\t\t\t<div class=\"elementor-element elementor-element-216f66a elementor-widget elementor-widget-text-editor\" data-id=\"216f66a\" data-element_type=\"widget\" data-widget_type=\"text-editor.default\">\n\t\t\t\t<div class=\"elementor-widget-container\">\n\t\t\t\t\t\t\t<h1><span style=\"color: #003875;\"><strong>SISTEMA INTERNO DE INFORMACI\u00d3N<\/strong><\/span><\/h1><p><strong>\u00a0<\/strong><\/p><p><strong>PALLETWAYS IBERIA <\/strong>ha implantado un <strong>Sistema Interno de Informaci\u00f3n (SIIF)<\/strong>, el cual integra los diferentes canales de informaci\u00f3n internos de la organizaci\u00f3n y se configura como un eje fundamental para el fomento de la cultura de actuaci\u00f3n \u00e9tica, responsable y sostenible, con el deber de supervisi\u00f3n, control y prevenci\u00f3n en materia de cumplimiento normativo.<\/p><p>El sistema constituye el cauce preferente y una herramienta de utilizaci\u00f3n obligatoria para canalizar diligentemente las comunicaciones sobre infracciones e incumplimientos normativos, con total protecci\u00f3n de los informantes, sin riesgo de represalias y con las medidas de protecci\u00f3n necesarias.<\/p><p>El SIIF se ha dise\u00f1ado, configurado y est\u00e1 gestionado con las medidas y mecanismos necesarios de seguridad, confidencialidad, protecci\u00f3n de datos y protecci\u00f3n al informante. Para ello contamos con la colaboraci\u00f3n y soporte del experto externo <strong>BONET consulting<\/strong>, que aporta altos niveles de profesionalidad, experiencia, independencia, confidencialidad y cumplimiento del marco normativo aplicable.<\/p><p>Por consiguiente, Palletways Iberia ha dotado el SIIF de una serie de garant\u00edas, entre las que se encuentran el anonimato\/anonimizaci\u00f3n, el adecuado registro, la conservaci\u00f3n y no alteraci\u00f3n de la informaci\u00f3n, la prevenci\u00f3n de conflictos de inter\u00e9s, la protecci\u00f3n del informante y la prohibici\u00f3n de represalias.<\/p><p>Para conocer en detalle los principios de actuaci\u00f3n y las garant\u00edas fundamentales que rigen el Sistema Interno de Informaci\u00f3n del Grupo en virtud de los requisitos exigidos por la nueva normativa puede ver y acceder a la <strong>Pol\u00edtica General del Sistema Interno de Informaci\u00f3n y Defensa del Informante<\/strong>.<\/p><p><span style=\"color: #003875;\"><strong>Canales de Informaci\u00f3n<\/strong><\/span><\/p><p>Palletways Iberia ha habilitado distintos canales internos de informaci\u00f3n que permiten la presentaci\u00f3n de comunicaciones en formato escrito o verbal. A tal efecto, la compa\u00f1\u00eda cuenta con la configuraci\u00f3n, dise\u00f1o y soporte de un experto externo en aras de aportar los m\u00e1s altos niveles de profesionalidad, experiencia, independencia, confidencialidad, protecci\u00f3n de datos y del informante, y otros \u00e1mbitos aplicables para este tipo de canales. En nuestra Pol\u00edtica puede encontrar ampliada la informaci\u00f3n sobre las caracter\u00edsticas t\u00e9cnicas de los canales. Los canales de nuestro SIIF son los siguientes:<\/p><p><strong>\u00a0<\/strong><\/p><p><span style=\"color: #003875;\"><strong>Canal On-line\/Digital<\/strong><\/span><\/p><p>Palletways Iberia pone a su disposici\u00f3n una herramienta on-line mediante la cual cualquier empleado o persona relacionada con el Grupo podr\u00e1 presentar una comunicaci\u00f3n por escrito a trav\u00e9s del siguiente enlace: <a href=\"https:\/\/corporate-line.com\/cnormativo-palletways\"><strong>https:\/\/corporate-line.com\/cnormativo-palletways<\/strong><\/a><\/p><p>Esta herramienta cuenta con medidas de seguridad que garantizan la protecci\u00f3n de la informaci\u00f3n, la identidad del informante y la de aquellas personas afectadas por la misma, as\u00ed como la confidencialidad y reserva de todo el proceso de gesti\u00f3n y tramitaci\u00f3n de la comunicaci\u00f3n.<\/p><p><strong><br \/><\/strong><strong><br \/><\/strong><span style=\"color: #003875;\"><strong>Canal Presencial \/ \u201cFace to face\u201d <\/strong><\/span><\/p><p>Otra de las v\u00edas que Palletways Iberia pone a disposici\u00f3n de sus empleados y aquellos terceros que se relacionan con \u00e9sta es el canal presencial, que permite la presentaci\u00f3n de comunicaciones verbales mediante una reuni\u00f3n presencial o por videoconferencia.<\/p><p>Al objeto de asegurar el debido cumplimiento de los compromisos y garant\u00edas recogidas en nuestra Pol\u00edtica y el marco normativo de aplicaci\u00f3n para este tipo de comunicaciones, la compa\u00f1\u00eda ha encomendado esta funci\u00f3n de gesti\u00f3n de estas comunicaciones al experto externo BONET consulting, para garantizar la protecci\u00f3n de la identidad del informante tanto en el proceso de solicitud de cita previa, en la presentaci\u00f3n de una comunicaci\u00f3n en formato presencial, como en el lugar de realizaci\u00f3n de la misma.<\/p><p>Los profesionales de BONET son los responsables de la gesti\u00f3n de las solicitudes para presentar las comunicaciones a trav\u00e9s de este canal, as\u00ed como de la recogida y conservaci\u00f3n de toda la informaci\u00f3n aportada en dicha solicitud. Tal y como establece la Ley, dichas reuniones quedar\u00e1n documentadas mediante una grabaci\u00f3n anonimizada, con el consentimiento previo del informante.<\/p><p>Para poder hacer uso de este canal, debe solicitar <strong>cita previa<\/strong> a trav\u00e9s de las siguientes v\u00edas de contacto:<\/p>\t\t\t\t\t\t<\/div>\n\t\t\t\t<\/div>\n\t\t\t\t\t<\/div>\n\t\t\t\t<\/div>\n\t\t<div class=\"elementor-element elementor-element-6d7598c e-flex e-con-boxed e-con e-parent\" data-id=\"6d7598c\" data-element_type=\"container\">\n\t\t\t\t\t<div class=\"e-con-inner\">\n\t\t\t\t<div class=\"elementor-element elementor-element-eae4eda elementor-widget elementor-widget-image\" data-id=\"eae4eda\" data-element_type=\"widget\" data-widget_type=\"image.default\">\n\t\t\t\t<div class=\"elementor-widget-container\">\n\t\t\t\t\t\t\t\t\t\t\t\t\t<img decoding=\"async\" width=\"398\" height=\"31\" src=\"https:\/\/www.palletways.com\/es\/wp-content\/uploads\/sites\/4\/2025\/04\/SIIF-.png\" class=\"attachment-large size-large wp-image-9289\" alt=\"\" srcset=\"https:\/\/www.palletways.com\/es\/wp-content\/uploads\/sites\/4\/2025\/04\/SIIF-.png 398w, https:\/\/www.palletways.com\/es\/wp-content\/uploads\/sites\/4\/2025\/04\/SIIF--300x23.png 300w\" sizes=\"(max-width: 398px) 100vw, 398px\" \/>\t\t\t\t\t\t\t\t\t\t\t\t\t<\/div>\n\t\t\t\t<\/div>\n\t\t\t\t\t<\/div>\n\t\t\t\t<\/div>\n\t\t<div class=\"elementor-element elementor-element-874ada2 e-flex e-con-boxed e-con e-parent\" data-id=\"874ada2\" data-element_type=\"container\">\n\t\t\t\t\t<div class=\"e-con-inner\">\n\t\t\t\t<div class=\"elementor-element elementor-element-3c292fa elementor-widget elementor-widget-text-editor\" data-id=\"3c292fa\" data-element_type=\"widget\" data-widget_type=\"text-editor.default\">\n\t\t\t\t<div class=\"elementor-widget-container\">\n\t\t\t\t\t\t\t<p>El horario de atenci\u00f3n al informante es el siguiente:<\/p><ul><li>De lunes a jueves de 8:30 a 14:00 y de 15:00 a 18:00 horas.<\/li><li>Viernes de 8:30 a 14:30 horas.<\/li><\/ul><ul><li><strong>E-mail: <\/strong><strong>siifexterno@sistema-interno-informacion.com<\/strong><\/li><\/ul><p><strong>\u00a0<\/strong><\/p><p>Al objeto de garantizar las medidas de protecci\u00f3n y seguridad necesarias de este tipo de comunicaciones, no se podr\u00e1n realizar ni se registrar\u00e1n comunicaciones presentadas directamente por tel\u00e9fono o e-mail. Estas dos herramientas est\u00e1n habilitadas exclusivamente para coordinar con el personal t\u00e9cnico d\u00eda, hora y lugar para realizar la comunicaci\u00f3n en formato presencial.<\/p><p>Agradecemos sigan las indicaciones descritas anteriormente para acceder y utilizar adecuadamente los canales oficiales habilitados por Palletways Iberia para la presentaci\u00f3n de comunicaciones y la aplicaci\u00f3n de todos nuestros mecanismos de seguridad y protecci\u00f3n necesarios.<\/p><p>Para cualquier duda o consulta sobre el funcionamiento del Sistema Interno de Informaci\u00f3n de Palletways Iberia, puede ponerse en contacto con el Responsable del Sistema a trav\u00e9s del siguiente email: <a href=\"mailto:roexterno@sistema-interno-informaci\u00f3n.com\"><strong>roexterno@sistema-interno-informaci\u00f3n.com<\/strong><\/a><\/p>\t\t\t\t\t\t<\/div>\n\t\t\t\t<\/div>\n\t\t\t\t\t<\/div>\n\t\t\t\t<\/div>\n\t\t\t\t<\/div>\n\t\t","protected":false},"excerpt":{"rendered":"<p>SISTEMA INTERNO DE INFORMACI\u00d3N \u00a0 PALLETWAYS IBERIA ha implantado un Sistema Interno de Informaci\u00f3n (SIIF), el cual integra los diferentes canales de informaci\u00f3n internos de la organizaci\u00f3n y se configura como un eje fundamental para el fomento de la cultura de actuaci\u00f3n \u00e9tica, responsable y sostenible, con el deber de supervisi\u00f3n, control y prevenci\u00f3n en&hellip;<\/p>\n","protected":false},"author":3,"featured_media":0,"parent":0,"menu_order":0,"comment_status":"closed","ping_status":"closed","template":"","meta":{"om_disable_all_campaigns":false,"footnotes":""},"class_list":["post-9279","page","type-page","status-publish","hentry"],"yoast_head":"<!-- This site is optimized with the Yoast SEO Premium plugin v24.2 (Yoast SEO v24.2) - https:\/\/yoast.com\/wordpress\/plugins\/seo\/ -->\n<title>Sistema Interno de Informaci\u00f3n (SIIF) - Palletways Iberia<\/title>\n<meta name=\"robots\" content=\"index, follow, max-snippet:-1, max-image-preview:large, max-video-preview:-1\" \/>\n<link rel=\"canonical\" href=\"https:\/\/www.palletways.com\/es\/sistema-interno-de-informacion-siif\/\" \/>\n<meta property=\"og:locale\" content=\"es_ES\" \/>\n<meta property=\"og:type\" content=\"article\" \/>\n<meta property=\"og:title\" content=\"Sistema Interno de Informaci\u00f3n (SIIF)\" \/>\n<meta property=\"og:description\" content=\"SISTEMA INTERNO DE INFORMACI\u00d3N \u00a0 PALLETWAYS IBERIA ha implantado un Sistema Interno de Informaci\u00f3n (SIIF), el cual integra los diferentes canales de informaci\u00f3n internos de la organizaci\u00f3n y se configura como un eje fundamental para el fomento de la cultura de actuaci\u00f3n \u00e9tica, responsable y sostenible, con el deber de supervisi\u00f3n, control y prevenci\u00f3n en&hellip;\" \/>\n<meta property=\"og:url\" content=\"https:\/\/www.palletways.com\/es\/sistema-interno-de-informacion-siif\/\" \/>\n<meta property=\"og:site_name\" content=\"Palletways Iberia\" \/>\n<meta property=\"article:publisher\" content=\"https:\/\/www.facebook.com\/PalletwaysIberia\" \/>\n<meta property=\"article:modified_time\" content=\"2026-02-12T15:39:32+00:00\" \/>\n<meta property=\"og:image\" content=\"https:\/\/www.palletways.com\/es\/wp-content\/uploads\/sites\/4\/2025\/04\/SIIF-.png\" \/>\n\t<meta property=\"og:image:width\" content=\"398\" \/>\n\t<meta property=\"og:image:height\" content=\"31\" \/>\n\t<meta property=\"og:image:type\" content=\"image\/png\" \/>\n<meta name=\"twitter:card\" content=\"summary_large_image\" \/>\n<meta name=\"twitter:site\" content=\"@Palletways_IB\" \/>\n<meta name=\"twitter:label1\" content=\"Tiempo de lectura\" \/>\n\t<meta name=\"twitter:data1\" content=\"4 minutos\" \/>\n<script type=\"application\/ld+json\" class=\"yoast-schema-graph\">{\"@context\":\"https:\/\/schema.org\",\"@graph\":[{\"@type\":\"WebPage\",\"@id\":\"https:\/\/www.palletways.com\/es\/sistema-interno-de-informacion-siif\/\",\"url\":\"https:\/\/www.palletways.com\/es\/sistema-interno-de-informacion-siif\/\",\"name\":\"Sistema Interno de Informaci\u00f3n (SIIF) - Palletways Iberia\",\"isPartOf\":{\"@id\":\"https:\/\/www.palletways.com\/es\/#website\"},\"primaryImageOfPage\":{\"@id\":\"https:\/\/www.palletways.com\/es\/sistema-interno-de-informacion-siif\/#primaryimage\"},\"image\":{\"@id\":\"https:\/\/www.palletways.com\/es\/sistema-interno-de-informacion-siif\/#primaryimage\"},\"thumbnailUrl\":\"https:\/\/www.palletways.com\/es\/wp-content\/uploads\/sites\/4\/2025\/04\/SIIF-.png\",\"datePublished\":\"2025-04-11T10:51:41+00:00\",\"dateModified\":\"2026-02-12T15:39:32+00:00\",\"breadcrumb\":{\"@id\":\"https:\/\/www.palletways.com\/es\/sistema-interno-de-informacion-siif\/#breadcrumb\"},\"inLanguage\":\"es\",\"potentialAction\":[{\"@type\":\"ReadAction\",\"target\":[\"https:\/\/www.palletways.com\/es\/sistema-interno-de-informacion-siif\/\"]}]},{\"@type\":\"ImageObject\",\"inLanguage\":\"es\",\"@id\":\"https:\/\/www.palletways.com\/es\/sistema-interno-de-informacion-siif\/#primaryimage\",\"url\":\"https:\/\/www.palletways.com\/es\/wp-content\/uploads\/sites\/4\/2025\/04\/SIIF-.png\",\"contentUrl\":\"https:\/\/www.palletways.com\/es\/wp-content\/uploads\/sites\/4\/2025\/04\/SIIF-.png\",\"width\":398,\"height\":31},{\"@type\":\"BreadcrumbList\",\"@id\":\"https:\/\/www.palletways.com\/es\/sistema-interno-de-informacion-siif\/#breadcrumb\",\"itemListElement\":[{\"@type\":\"ListItem\",\"position\":1,\"name\":\"Home\",\"item\":\"https:\/\/www.palletways.com\/es\/\"},{\"@type\":\"ListItem\",\"position\":2,\"name\":\"Sistema Interno de Informaci\u00f3n (SIIF)\"}]},{\"@type\":\"WebSite\",\"@id\":\"https:\/\/www.palletways.com\/es\/#website\",\"url\":\"https:\/\/www.palletways.com\/es\/\",\"name\":\"Palletways Iberia\",\"description\":\"La red de entrega de pal\u00e9s m\u00e1s confiable de Europa\",\"publisher\":{\"@id\":\"https:\/\/www.palletways.com\/es\/#organization\"},\"potentialAction\":[{\"@type\":\"SearchAction\",\"target\":{\"@type\":\"EntryPoint\",\"urlTemplate\":\"https:\/\/www.palletways.com\/es\/?s={search_term_string}\"},\"query-input\":{\"@type\":\"PropertyValueSpecification\",\"valueRequired\":true,\"valueName\":\"search_term_string\"}}],\"inLanguage\":\"es\"},{\"@type\":\"Organization\",\"@id\":\"https:\/\/www.palletways.com\/es\/#organization\",\"name\":\"Palletways Iberia\",\"url\":\"https:\/\/www.palletways.com\/es\/\",\"logo\":{\"@type\":\"ImageObject\",\"inLanguage\":\"es\",\"@id\":\"https:\/\/www.palletways.com\/es\/#\/schema\/logo\/image\/\",\"url\":\"https:\/\/www.palletways.com\/es\/wp-content\/uploads\/sites\/4\/2024\/10\/pw_we-deliver-4-col.jpg\",\"contentUrl\":\"https:\/\/www.palletways.com\/es\/wp-content\/uploads\/sites\/4\/2024\/10\/pw_we-deliver-4-col.jpg\",\"width\":2115,\"height\":694,\"caption\":\"Palletways Iberia\"},\"image\":{\"@id\":\"https:\/\/www.palletways.com\/es\/#\/schema\/logo\/image\/\"},\"sameAs\":[\"https:\/\/www.facebook.com\/PalletwaysIberia\",\"https:\/\/x.com\/Palletways_IB\",\"https:\/\/www.linkedin.com\/company\/palletways-iberia\/\"]}]}<\/script>\n<!-- \/ Yoast SEO Premium plugin. -->","yoast_head_json":{"title":"Sistema Interno de Informaci\u00f3n (SIIF) - Palletways Iberia","robots":{"index":"index","follow":"follow","max-snippet":"max-snippet:-1","max-image-preview":"max-image-preview:large","max-video-preview":"max-video-preview:-1"},"canonical":"https:\/\/www.palletways.com\/es\/sistema-interno-de-informacion-siif\/","og_locale":"es_ES","og_type":"article","og_title":"Sistema Interno de Informaci\u00f3n (SIIF)","og_description":"SISTEMA INTERNO DE INFORMACI\u00d3N \u00a0 PALLETWAYS IBERIA ha implantado un Sistema Interno de Informaci\u00f3n (SIIF), el cual integra los diferentes canales de informaci\u00f3n internos de la organizaci\u00f3n y se configura como un eje fundamental para el fomento de la cultura de actuaci\u00f3n \u00e9tica, responsable y sostenible, con el deber de supervisi\u00f3n, control y prevenci\u00f3n en&hellip;","og_url":"https:\/\/www.palletways.com\/es\/sistema-interno-de-informacion-siif\/","og_site_name":"Palletways Iberia","article_publisher":"https:\/\/www.facebook.com\/PalletwaysIberia","article_modified_time":"2026-02-12T15:39:32+00:00","og_image":[{"width":398,"height":31,"url":"https:\/\/www.palletways.com\/es\/wp-content\/uploads\/sites\/4\/2025\/04\/SIIF-.png","type":"image\/png"}],"twitter_card":"summary_large_image","twitter_site":"@Palletways_IB","twitter_misc":{"Tiempo de lectura":"4 minutos"},"schema":{"@context":"https:\/\/schema.org","@graph":[{"@type":"WebPage","@id":"https:\/\/www.palletways.com\/es\/sistema-interno-de-informacion-siif\/","url":"https:\/\/www.palletways.com\/es\/sistema-interno-de-informacion-siif\/","name":"Sistema Interno de Informaci\u00f3n (SIIF) - Palletways Iberia","isPartOf":{"@id":"https:\/\/www.palletways.com\/es\/#website"},"primaryImageOfPage":{"@id":"https:\/\/www.palletways.com\/es\/sistema-interno-de-informacion-siif\/#primaryimage"},"image":{"@id":"https:\/\/www.palletways.com\/es\/sistema-interno-de-informacion-siif\/#primaryimage"},"thumbnailUrl":"https:\/\/www.palletways.com\/es\/wp-content\/uploads\/sites\/4\/2025\/04\/SIIF-.png","datePublished":"2025-04-11T10:51:41+00:00","dateModified":"2026-02-12T15:39:32+00:00","breadcrumb":{"@id":"https:\/\/www.palletways.com\/es\/sistema-interno-de-informacion-siif\/#breadcrumb"},"inLanguage":"es","potentialAction":[{"@type":"ReadAction","target":["https:\/\/www.palletways.com\/es\/sistema-interno-de-informacion-siif\/"]}]},{"@type":"ImageObject","inLanguage":"es","@id":"https:\/\/www.palletways.com\/es\/sistema-interno-de-informacion-siif\/#primaryimage","url":"https:\/\/www.palletways.com\/es\/wp-content\/uploads\/sites\/4\/2025\/04\/SIIF-.png","contentUrl":"https:\/\/www.palletways.com\/es\/wp-content\/uploads\/sites\/4\/2025\/04\/SIIF-.png","width":398,"height":31},{"@type":"BreadcrumbList","@id":"https:\/\/www.palletways.com\/es\/sistema-interno-de-informacion-siif\/#breadcrumb","itemListElement":[{"@type":"ListItem","position":1,"name":"Home","item":"https:\/\/www.palletways.com\/es\/"},{"@type":"ListItem","position":2,"name":"Sistema Interno de Informaci\u00f3n (SIIF)"}]},{"@type":"WebSite","@id":"https:\/\/www.palletways.com\/es\/#website","url":"https:\/\/www.palletways.com\/es\/","name":"Palletways Iberia","description":"La red de entrega de pal\u00e9s m\u00e1s confiable de Europa","publisher":{"@id":"https:\/\/www.palletways.com\/es\/#organization"},"potentialAction":[{"@type":"SearchAction","target":{"@type":"EntryPoint","urlTemplate":"https:\/\/www.palletways.com\/es\/?s={search_term_string}"},"query-input":{"@type":"PropertyValueSpecification","valueRequired":true,"valueName":"search_term_string"}}],"inLanguage":"es"},{"@type":"Organization","@id":"https:\/\/www.palletways.com\/es\/#organization","name":"Palletways Iberia","url":"https:\/\/www.palletways.com\/es\/","logo":{"@type":"ImageObject","inLanguage":"es","@id":"https:\/\/www.palletways.com\/es\/#\/schema\/logo\/image\/","url":"https:\/\/www.palletways.com\/es\/wp-content\/uploads\/sites\/4\/2024\/10\/pw_we-deliver-4-col.jpg","contentUrl":"https:\/\/www.palletways.com\/es\/wp-content\/uploads\/sites\/4\/2024\/10\/pw_we-deliver-4-col.jpg","width":2115,"height":694,"caption":"Palletways Iberia"},"image":{"@id":"https:\/\/www.palletways.com\/es\/#\/schema\/logo\/image\/"},"sameAs":["https:\/\/www.facebook.com\/PalletwaysIberia","https:\/\/x.com\/Palletways_IB","https:\/\/www.linkedin.com\/company\/palletways-iberia\/"]}]}},"_links":{"self":[{"href":"https:\/\/www.palletways.com\/es\/wp-json\/wp\/v2\/pages\/9279","targetHints":{"allow":["GET"]}}],"collection":[{"href":"https:\/\/www.palletways.com\/es\/wp-json\/wp\/v2\/pages"}],"about":[{"href":"https:\/\/www.palletways.com\/es\/wp-json\/wp\/v2\/types\/page"}],"author":[{"embeddable":true,"href":"https:\/\/www.palletways.com\/es\/wp-json\/wp\/v2\/users\/3"}],"replies":[{"embeddable":true,"href":"https:\/\/www.palletways.com\/es\/wp-json\/wp\/v2\/comments?post=9279"}],"version-history":[{"count":16,"href":"https:\/\/www.palletways.com\/es\/wp-json\/wp\/v2\/pages\/9279\/revisions"}],"predecessor-version":[{"id":9701,"href":"https:\/\/www.palletways.com\/es\/wp-json\/wp\/v2\/pages\/9279\/revisions\/9701"}],"wp:attachment":[{"href":"https:\/\/www.palletways.com\/es\/wp-json\/wp\/v2\/media?parent=9279"}],"curies":[{"name":"wp","href":"https:\/\/api.w.org\/{rel}","templated":true}]}}