{"id":8270,"date":"2024-12-11T15:01:29","date_gmt":"2024-12-11T15:01:29","guid":{"rendered":"https:\/\/www.palletways.com\/es\/?page_id=8270"},"modified":"2026-03-18T08:08:30","modified_gmt":"2026-03-18T08:08:30","slug":"videos","status":"publish","type":"page","link":"https:\/\/www.palletways.com\/es\/videos\/","title":{"rendered":"V\u00eddeos"},"content":{"rendered":"\t\t<div data-elementor-type=\"wp-page\" data-elementor-id=\"8270\" class=\"elementor elementor-8270\" data-elementor-post-type=\"page\">\n\t\t\t\t<div class=\"elementor-element elementor-element-adb108b e-flex e-con-boxed e-con e-parent\" data-id=\"adb108b\" data-element_type=\"container\">\n\t\t\t\t\t<div class=\"e-con-inner\">\n\t\t\t\t<div class=\"elementor-element elementor-element-a696f62 elementor-widget elementor-widget-heading\" data-id=\"a696f62\" data-element_type=\"widget\" data-widget_type=\"heading.default\">\n\t\t\t\t<div class=\"elementor-widget-container\">\n\t\t\t<h1 class=\"elementor-heading-title elementor-size-default\">Palletways V\u00eddeos<\/h1>\t\t<\/div>\n\t\t\t\t<\/div>\n\t\t\t\t<div class=\"elementor-element elementor-element-b272e1c elementor-widget elementor-widget-text-editor\" data-id=\"b272e1c\" data-element_type=\"widget\" data-widget_type=\"text-editor.default\">\n\t\t\t\t<div class=\"elementor-widget-container\">\n\t\t\t\t\t\t\t<p>Ver los \u00faltimos v\u00eddeos de Palletways Iberia<\/p>\t\t\t\t\t\t<\/div>\n\t\t\t\t<\/div>\n\t\t\t\t\t<\/div>\n\t\t\t\t<\/div>\n\t\t<div class=\"elementor-element elementor-element-b4231c3 e-grid e-con-boxed e-con e-parent\" data-id=\"b4231c3\" data-element_type=\"container\">\n\t\t\t\t\t<div class=\"e-con-inner\">\n\t\t\t\t<div class=\"elementor-element elementor-element-f604433 elementor-widget elementor-widget-video\" data-id=\"f604433\" data-element_type=\"widget\" data-settings=\"{&quot;youtube_url&quot;:&quot;https:\\\/\\\/www.youtube.com\\\/watch?v=8xMupiMJro0&amp;t=3s&quot;,&quot;video_type&quot;:&quot;youtube&quot;,&quot;controls&quot;:&quot;yes&quot;}\" data-widget_type=\"video.default\">\n\t\t\t\t<div class=\"elementor-widget-container\">\n\t\t\t\t\t<div class=\"elementor-wrapper elementor-open-inline\">\n\t\t\t<div class=\"elementor-video\"><\/div>\t\t<\/div>\n\t\t\t\t<\/div>\n\t\t\t\t<\/div>\n\t\t\t\t<div class=\"elementor-element elementor-element-6781e3f elementor-widget elementor-widget-video\" data-id=\"6781e3f\" data-element_type=\"widget\" data-settings=\"{&quot;youtube_url&quot;:&quot;https:\\\/\\\/www.youtube.com\\\/watch?v=8j3I8zI7PfQ&quot;,&quot;video_type&quot;:&quot;youtube&quot;,&quot;controls&quot;:&quot;yes&quot;}\" data-widget_type=\"video.default\">\n\t\t\t\t<div class=\"elementor-widget-container\">\n\t\t\t\t\t<div class=\"elementor-wrapper elementor-open-inline\">\n\t\t\t<div class=\"elementor-video\"><\/div>\t\t<\/div>\n\t\t\t\t<\/div>\n\t\t\t\t<\/div>\n\t\t\t\t<div class=\"elementor-element elementor-element-a84719a elementor-widget elementor-widget-video\" data-id=\"a84719a\" data-element_type=\"widget\" data-settings=\"{&quot;youtube_url&quot;:&quot;https:\\\/\\\/www.youtube.com\\\/watch?v=vNbahPi6e2w&quot;,&quot;video_type&quot;:&quot;youtube&quot;,&quot;controls&quot;:&quot;yes&quot;}\" data-widget_type=\"video.default\">\n\t\t\t\t<div class=\"elementor-widget-container\">\n\t\t\t\t\t<div class=\"elementor-wrapper elementor-open-inline\">\n\t\t\t<div class=\"elementor-video\"><\/div>\t\t<\/div>\n\t\t\t\t<\/div>\n\t\t\t\t<\/div>\n\t\t\t\t<div class=\"elementor-element elementor-element-858f463 elementor-widget elementor-widget-video\" data-id=\"858f463\" data-element_type=\"widget\" data-settings=\"{&quot;youtube_url&quot;:&quot;https:\\\/\\\/www.youtube.com\\\/watch?v=qPjnWww5R98&quot;,&quot;video_type&quot;:&quot;youtube&quot;,&quot;controls&quot;:&quot;yes&quot;}\" data-widget_type=\"video.default\">\n\t\t\t\t<div class=\"elementor-widget-container\">\n\t\t\t\t\t<div class=\"elementor-wrapper elementor-open-inline\">\n\t\t\t<div class=\"elementor-video\"><\/div>\t\t<\/div>\n\t\t\t\t<\/div>\n\t\t\t\t<\/div>\n\t\t\t\t<div class=\"elementor-element elementor-element-9490167 elementor-widget elementor-widget-video\" data-id=\"9490167\" data-element_type=\"widget\" data-settings=\"{&quot;youtube_url&quot;:&quot;https:\\\/\\\/www.youtube.com\\\/watch?v=boOSd90J9Do&quot;,&quot;video_type&quot;:&quot;youtube&quot;,&quot;controls&quot;:&quot;yes&quot;}\" data-widget_type=\"video.default\">\n\t\t\t\t<div class=\"elementor-widget-container\">\n\t\t\t\t\t<div class=\"elementor-wrapper elementor-open-inline\">\n\t\t\t<div class=\"elementor-video\"><\/div>\t\t<\/div>\n\t\t\t\t<\/div>\n\t\t\t\t<\/div>\n\t\t\t\t<div class=\"elementor-element elementor-element-2db186f elementor-widget elementor-widget-video\" data-id=\"2db186f\" data-element_type=\"widget\" data-settings=\"{&quot;youtube_url&quot;:&quot;https:\\\/\\\/www.youtube.com\\\/watch?v=YH72VKBUsmA&amp;t=27s&quot;,&quot;video_type&quot;:&quot;youtube&quot;,&quot;controls&quot;:&quot;yes&quot;}\" data-widget_type=\"video.default\">\n\t\t\t\t<div class=\"elementor-widget-container\">\n\t\t\t\t\t<div class=\"elementor-wrapper elementor-open-inline\">\n\t\t\t<div class=\"elementor-video\"><\/div>\t\t<\/div>\n\t\t\t\t<\/div>\n\t\t\t\t<\/div>\n\t\t\t\t<div class=\"elementor-element elementor-element-8985907 elementor-widget elementor-widget-video\" data-id=\"8985907\" data-element_type=\"widget\" data-settings=\"{&quot;youtube_url&quot;:&quot;https:\\\/\\\/youtu.be\\\/E4H-wCWia-0?si=v8PvFNDyUdQl7bS_&quot;,&quot;video_type&quot;:&quot;youtube&quot;,&quot;controls&quot;:&quot;yes&quot;}\" data-widget_type=\"video.default\">\n\t\t\t\t<div class=\"elementor-widget-container\">\n\t\t\t\t\t<div class=\"elementor-wrapper elementor-open-inline\">\n\t\t\t<div class=\"elementor-video\"><\/div>\t\t<\/div>\n\t\t\t\t<\/div>\n\t\t\t\t<\/div>\n\t\t\t\t<div class=\"elementor-element elementor-element-27b7484 elementor-widget elementor-widget-video\" data-id=\"27b7484\" data-element_type=\"widget\" data-settings=\"{&quot;youtube_url&quot;:&quot;https:\\\/\\\/youtu.be\\\/w9pgmKoMYNY?si=0RTioVCwrQbkO47U&quot;,&quot;video_type&quot;:&quot;youtube&quot;,&quot;controls&quot;:&quot;yes&quot;}\" data-widget_type=\"video.default\">\n\t\t\t\t<div class=\"elementor-widget-container\">\n\t\t\t\t\t<div class=\"elementor-wrapper elementor-open-inline\">\n\t\t\t<div class=\"elementor-video\"><\/div>\t\t<\/div>\n\t\t\t\t<\/div>\n\t\t\t\t<\/div>\n\t\t\t\t<div class=\"elementor-element elementor-element-620a00d elementor-widget elementor-widget-video\" data-id=\"620a00d\" data-element_type=\"widget\" data-settings=\"{&quot;youtube_url&quot;:&quot;https:\\\/\\\/youtu.be\\\/tXUcNbrWWzE?si=tFfcvVgOYVJGF7jY&quot;,&quot;video_type&quot;:&quot;youtube&quot;,&quot;controls&quot;:&quot;yes&quot;}\" data-widget_type=\"video.default\">\n\t\t\t\t<div class=\"elementor-widget-container\">\n\t\t\t\t\t<div class=\"elementor-wrapper elementor-open-inline\">\n\t\t\t<div class=\"elementor-video\"><\/div>\t\t<\/div>\n\t\t\t\t<\/div>\n\t\t\t\t<\/div>\n\t\t\t\t<div class=\"elementor-element elementor-element-289260f elementor-widget elementor-widget-video\" data-id=\"289260f\" data-element_type=\"widget\" data-settings=\"{&quot;youtube_url&quot;:&quot;https:\\\/\\\/www.youtube.com\\\/watch?v=oZRcCHXum7A&quot;,&quot;video_type&quot;:&quot;youtube&quot;,&quot;controls&quot;:&quot;yes&quot;}\" data-widget_type=\"video.default\">\n\t\t\t\t<div class=\"elementor-widget-container\">\n\t\t\t\t\t<div class=\"elementor-wrapper elementor-open-inline\">\n\t\t\t<div class=\"elementor-video\"><\/div>\t\t<\/div>\n\t\t\t\t<\/div>\n\t\t\t\t<\/div>\n\t\t\t\t<div class=\"elementor-element elementor-element-ce22f4f elementor-widget elementor-widget-video\" data-id=\"ce22f4f\" data-element_type=\"widget\" data-settings=\"{&quot;youtube_url&quot;:&quot;https:\\\/\\\/www.youtube.com\\\/watch?v=J0raVCtuc4U&amp;pp=2AZ6&quot;,&quot;video_type&quot;:&quot;youtube&quot;,&quot;controls&quot;:&quot;yes&quot;}\" data-widget_type=\"video.default\">\n\t\t\t\t<div class=\"elementor-widget-container\">\n\t\t\t\t\t<div class=\"elementor-wrapper elementor-open-inline\">\n\t\t\t<div class=\"elementor-video\"><\/div>\t\t<\/div>\n\t\t\t\t<\/div>\n\t\t\t\t<\/div>\n\t\t\t\t\t<\/div>\n\t\t\t\t<\/div>\n\t\t\t\t<\/div>\n\t\t","protected":false},"excerpt":{"rendered":"<p>Palletways V\u00eddeos Ver los \u00faltimos v\u00eddeos de Palletways Iberia https:\/\/www.youtube.com\/watch?v=8xMupiMJro0&#038;t=3shttps:\/\/www.youtube.com\/watch?v=8j3I8zI7PfQhttps:\/\/www.youtube.com\/watch?v=vNbahPi6e2whttps:\/\/www.youtube.com\/watch?v=qPjnWww5R98https:\/\/www.youtube.com\/watch?v=boOSd90J9Dohttps:\/\/www.youtube.com\/watch?v=YH72VKBUsmA&#038;t=27shttps:\/\/youtu.be\/E4H-wCWia-0?si=v8PvFNDyUdQl7bS_https:\/\/youtu.be\/w9pgmKoMYNY?si=0RTioVCwrQbkO47Uhttps:\/\/youtu.be\/tXUcNbrWWzE?si=tFfcvVgOYVJGF7jYhttps:\/\/www.youtube.com\/watch?v=oZRcCHXum7Ahttps:\/\/www.youtube.com\/watch?v=J0raVCtuc4U&#038;pp=2AZ6<\/p>\n","protected":false},"author":3,"featured_media":9494,"parent":0,"menu_order":0,"comment_status":"closed","ping_status":"closed","template":"","meta":{"om_disable_all_campaigns":false,"footnotes":""},"class_list":["post-8270","page","type-page","status-publish","has-post-thumbnail","hentry"],"yoast_head":"<!-- This site is optimized with the Yoast SEO Premium plugin v24.2 (Yoast SEO v24.2) - https:\/\/yoast.com\/wordpress\/plugins\/seo\/ -->\n<title>V\u00eddeos | Palletways Iberia<\/title>\n<meta name=\"description\" content=\"Mira la gama completa de videos educativos proporcionados por Palletways. Aprende m\u00e1s sobre nuestra amplia red de entrega de pallets\" \/>\n<meta name=\"robots\" content=\"index, follow, max-snippet:-1, max-image-preview:large, max-video-preview:-1\" \/>\n<link rel=\"canonical\" href=\"https:\/\/www.palletways.com\/es\/videos\/\" \/>\n<meta property=\"og:locale\" content=\"es_ES\" \/>\n<meta property=\"og:type\" content=\"article\" \/>\n<meta property=\"og:title\" content=\"V\u00eddeos\" \/>\n<meta property=\"og:description\" content=\"Mira la gama completa de videos educativos proporcionados por Palletways. Aprende m\u00e1s sobre nuestra amplia red de entrega de pallets\" \/>\n<meta property=\"og:url\" content=\"https:\/\/www.palletways.com\/es\/videos\/\" \/>\n<meta property=\"og:site_name\" content=\"Palletways Iberia\" \/>\n<meta property=\"article:publisher\" content=\"https:\/\/www.facebook.com\/PalletwaysIberia\" \/>\n<meta property=\"article:modified_time\" content=\"2026-03-18T08:08:30+00:00\" \/>\n<meta property=\"og:image\" content=\"https:\/\/www.palletways.com\/es\/wp-content\/uploads\/sites\/4\/2025\/07\/Videos-Palletways-Iberia.png\" \/>\n\t<meta property=\"og:image:width\" content=\"1600\" \/>\n\t<meta property=\"og:image:height\" content=\"900\" \/>\n\t<meta property=\"og:image:type\" content=\"image\/png\" \/>\n<meta name=\"twitter:card\" content=\"summary_large_image\" \/>\n<meta name=\"twitter:site\" content=\"@Palletways_IB\" \/>\n<meta name=\"twitter:label1\" content=\"Tiempo de lectura\" \/>\n\t<meta name=\"twitter:data1\" content=\"1 minuto\" \/>\n<script type=\"application\/ld+json\" class=\"yoast-schema-graph\">{\"@context\":\"https:\/\/schema.org\",\"@graph\":[{\"@type\":\"WebPage\",\"@id\":\"https:\/\/www.palletways.com\/es\/videos\/\",\"url\":\"https:\/\/www.palletways.com\/es\/videos\/\",\"name\":\"V\u00eddeos | Palletways Iberia\",\"isPartOf\":{\"@id\":\"https:\/\/www.palletways.com\/es\/#website\"},\"primaryImageOfPage\":{\"@id\":\"https:\/\/www.palletways.com\/es\/videos\/#primaryimage\"},\"image\":{\"@id\":\"https:\/\/www.palletways.com\/es\/videos\/#primaryimage\"},\"thumbnailUrl\":\"https:\/\/www.palletways.com\/es\/wp-content\/uploads\/sites\/4\/2025\/07\/Videos-Palletways-Iberia.png\",\"datePublished\":\"2024-12-11T15:01:29+00:00\",\"dateModified\":\"2026-03-18T08:08:30+00:00\",\"description\":\"Mira la gama completa de videos educativos proporcionados por Palletways. Aprende m\u00e1s sobre nuestra amplia red de entrega de pallets\",\"breadcrumb\":{\"@id\":\"https:\/\/www.palletways.com\/es\/videos\/#breadcrumb\"},\"inLanguage\":\"es\",\"potentialAction\":[{\"@type\":\"ReadAction\",\"target\":[\"https:\/\/www.palletways.com\/es\/videos\/\"]}]},{\"@type\":\"ImageObject\",\"inLanguage\":\"es\",\"@id\":\"https:\/\/www.palletways.com\/es\/videos\/#primaryimage\",\"url\":\"https:\/\/www.palletways.com\/es\/wp-content\/uploads\/sites\/4\/2025\/07\/Videos-Palletways-Iberia.png\",\"contentUrl\":\"https:\/\/www.palletways.com\/es\/wp-content\/uploads\/sites\/4\/2025\/07\/Videos-Palletways-Iberia.png\",\"width\":1600,\"height\":900,\"caption\":\"Recursos en V\u00eddeo Palletways Iberia\"},{\"@type\":\"BreadcrumbList\",\"@id\":\"https:\/\/www.palletways.com\/es\/videos\/#breadcrumb\",\"itemListElement\":[{\"@type\":\"ListItem\",\"position\":1,\"name\":\"Home\",\"item\":\"https:\/\/www.palletways.com\/es\/\"},{\"@type\":\"ListItem\",\"position\":2,\"name\":\"V\u00eddeos\"}]},{\"@type\":\"WebSite\",\"@id\":\"https:\/\/www.palletways.com\/es\/#website\",\"url\":\"https:\/\/www.palletways.com\/es\/\",\"name\":\"Palletways Iberia\",\"description\":\"La red de entrega de pal\u00e9s m\u00e1s confiable de Europa\",\"publisher\":{\"@id\":\"https:\/\/www.palletways.com\/es\/#organization\"},\"potentialAction\":[{\"@type\":\"SearchAction\",\"target\":{\"@type\":\"EntryPoint\",\"urlTemplate\":\"https:\/\/www.palletways.com\/es\/?s={search_term_string}\"},\"query-input\":{\"@type\":\"PropertyValueSpecification\",\"valueRequired\":true,\"valueName\":\"search_term_string\"}}],\"inLanguage\":\"es\"},{\"@type\":\"Organization\",\"@id\":\"https:\/\/www.palletways.com\/es\/#organization\",\"name\":\"Palletways Iberia\",\"url\":\"https:\/\/www.palletways.com\/es\/\",\"logo\":{\"@type\":\"ImageObject\",\"inLanguage\":\"es\",\"@id\":\"https:\/\/www.palletways.com\/es\/#\/schema\/logo\/image\/\",\"url\":\"https:\/\/www.palletways.com\/es\/wp-content\/uploads\/sites\/4\/2024\/10\/pw_we-deliver-4-col.jpg\",\"contentUrl\":\"https:\/\/www.palletways.com\/es\/wp-content\/uploads\/sites\/4\/2024\/10\/pw_we-deliver-4-col.jpg\",\"width\":2115,\"height\":694,\"caption\":\"Palletways Iberia\"},\"image\":{\"@id\":\"https:\/\/www.palletways.com\/es\/#\/schema\/logo\/image\/\"},\"sameAs\":[\"https:\/\/www.facebook.com\/PalletwaysIberia\",\"https:\/\/x.com\/Palletways_IB\",\"https:\/\/www.linkedin.com\/company\/palletways-iberia\/\"]}]}<\/script>\n<!-- \/ Yoast SEO Premium plugin. -->","yoast_head_json":{"title":"V\u00eddeos | Palletways Iberia","description":"Mira la gama completa de videos educativos proporcionados por Palletways. Aprende m\u00e1s sobre nuestra amplia red de entrega de pallets","robots":{"index":"index","follow":"follow","max-snippet":"max-snippet:-1","max-image-preview":"max-image-preview:large","max-video-preview":"max-video-preview:-1"},"canonical":"https:\/\/www.palletways.com\/es\/videos\/","og_locale":"es_ES","og_type":"article","og_title":"V\u00eddeos","og_description":"Mira la gama completa de videos educativos proporcionados por Palletways. Aprende m\u00e1s sobre nuestra amplia red de entrega de pallets","og_url":"https:\/\/www.palletways.com\/es\/videos\/","og_site_name":"Palletways Iberia","article_publisher":"https:\/\/www.facebook.com\/PalletwaysIberia","article_modified_time":"2026-03-18T08:08:30+00:00","og_image":[{"width":1600,"height":900,"url":"https:\/\/www.palletways.com\/es\/wp-content\/uploads\/sites\/4\/2025\/07\/Videos-Palletways-Iberia.png","type":"image\/png"}],"twitter_card":"summary_large_image","twitter_site":"@Palletways_IB","twitter_misc":{"Tiempo de lectura":"1 minuto"},"schema":{"@context":"https:\/\/schema.org","@graph":[{"@type":"WebPage","@id":"https:\/\/www.palletways.com\/es\/videos\/","url":"https:\/\/www.palletways.com\/es\/videos\/","name":"V\u00eddeos | Palletways Iberia","isPartOf":{"@id":"https:\/\/www.palletways.com\/es\/#website"},"primaryImageOfPage":{"@id":"https:\/\/www.palletways.com\/es\/videos\/#primaryimage"},"image":{"@id":"https:\/\/www.palletways.com\/es\/videos\/#primaryimage"},"thumbnailUrl":"https:\/\/www.palletways.com\/es\/wp-content\/uploads\/sites\/4\/2025\/07\/Videos-Palletways-Iberia.png","datePublished":"2024-12-11T15:01:29+00:00","dateModified":"2026-03-18T08:08:30+00:00","description":"Mira la gama completa de videos educativos proporcionados por Palletways. Aprende m\u00e1s sobre nuestra amplia red de entrega de pallets","breadcrumb":{"@id":"https:\/\/www.palletways.com\/es\/videos\/#breadcrumb"},"inLanguage":"es","potentialAction":[{"@type":"ReadAction","target":["https:\/\/www.palletways.com\/es\/videos\/"]}]},{"@type":"ImageObject","inLanguage":"es","@id":"https:\/\/www.palletways.com\/es\/videos\/#primaryimage","url":"https:\/\/www.palletways.com\/es\/wp-content\/uploads\/sites\/4\/2025\/07\/Videos-Palletways-Iberia.png","contentUrl":"https:\/\/www.palletways.com\/es\/wp-content\/uploads\/sites\/4\/2025\/07\/Videos-Palletways-Iberia.png","width":1600,"height":900,"caption":"Recursos en V\u00eddeo Palletways Iberia"},{"@type":"BreadcrumbList","@id":"https:\/\/www.palletways.com\/es\/videos\/#breadcrumb","itemListElement":[{"@type":"ListItem","position":1,"name":"Home","item":"https:\/\/www.palletways.com\/es\/"},{"@type":"ListItem","position":2,"name":"V\u00eddeos"}]},{"@type":"WebSite","@id":"https:\/\/www.palletways.com\/es\/#website","url":"https:\/\/www.palletways.com\/es\/","name":"Palletways Iberia","description":"La red de entrega de pal\u00e9s m\u00e1s confiable de Europa","publisher":{"@id":"https:\/\/www.palletways.com\/es\/#organization"},"potentialAction":[{"@type":"SearchAction","target":{"@type":"EntryPoint","urlTemplate":"https:\/\/www.palletways.com\/es\/?s={search_term_string}"},"query-input":{"@type":"PropertyValueSpecification","valueRequired":true,"valueName":"search_term_string"}}],"inLanguage":"es"},{"@type":"Organization","@id":"https:\/\/www.palletways.com\/es\/#organization","name":"Palletways Iberia","url":"https:\/\/www.palletways.com\/es\/","logo":{"@type":"ImageObject","inLanguage":"es","@id":"https:\/\/www.palletways.com\/es\/#\/schema\/logo\/image\/","url":"https:\/\/www.palletways.com\/es\/wp-content\/uploads\/sites\/4\/2024\/10\/pw_we-deliver-4-col.jpg","contentUrl":"https:\/\/www.palletways.com\/es\/wp-content\/uploads\/sites\/4\/2024\/10\/pw_we-deliver-4-col.jpg","width":2115,"height":694,"caption":"Palletways Iberia"},"image":{"@id":"https:\/\/www.palletways.com\/es\/#\/schema\/logo\/image\/"},"sameAs":["https:\/\/www.facebook.com\/PalletwaysIberia","https:\/\/x.com\/Palletways_IB","https:\/\/www.linkedin.com\/company\/palletways-iberia\/"]}]}},"_links":{"self":[{"href":"https:\/\/www.palletways.com\/es\/wp-json\/wp\/v2\/pages\/8270","targetHints":{"allow":["GET"]}}],"collection":[{"href":"https:\/\/www.palletways.com\/es\/wp-json\/wp\/v2\/pages"}],"about":[{"href":"https:\/\/www.palletways.com\/es\/wp-json\/wp\/v2\/types\/page"}],"author":[{"embeddable":true,"href":"https:\/\/www.palletways.com\/es\/wp-json\/wp\/v2\/users\/3"}],"replies":[{"embeddable":true,"href":"https:\/\/www.palletways.com\/es\/wp-json\/wp\/v2\/comments?post=8270"}],"version-history":[{"count":44,"href":"https:\/\/www.palletways.com\/es\/wp-json\/wp\/v2\/pages\/8270\/revisions"}],"predecessor-version":[{"id":9730,"href":"https:\/\/www.palletways.com\/es\/wp-json\/wp\/v2\/pages\/8270\/revisions\/9730"}],"wp:featuredmedia":[{"embeddable":true,"href":"https:\/\/www.palletways.com\/es\/wp-json\/wp\/v2\/media\/9494"}],"wp:attachment":[{"href":"https:\/\/www.palletways.com\/es\/wp-json\/wp\/v2\/media?parent=8270"}],"curies":[{"name":"wp","href":"https:\/\/api.w.org\/{rel}","templated":true}]}}