{"id":8249,"date":"2024-12-11T14:55:58","date_gmt":"2024-12-11T14:55:58","guid":{"rendered":"https:\/\/www.palletways.com\/es\/?page_id=8249"},"modified":"2025-07-15T09:39:57","modified_gmt":"2025-07-15T09:39:57","slug":"fiabilidad-y-servicio","status":"publish","type":"page","link":"https:\/\/www.palletways.com\/es\/fiabilidad-y-servicio\/","title":{"rendered":"Fiabilidad y Servicio"},"content":{"rendered":"\t\t<div data-elementor-type=\"wp-page\" data-elementor-id=\"8249\" class=\"elementor elementor-8249\" data-elementor-post-type=\"page\">\n\t\t\t\t<div class=\"elementor-element elementor-element-cf545f1 e-flex e-con-boxed e-con e-parent\" data-id=\"cf545f1\" data-element_type=\"container\">\n\t\t\t\t\t<div class=\"e-con-inner\">\n\t\t\t\t<div class=\"elementor-element elementor-element-bec1e28 elementor-widget elementor-widget-image\" data-id=\"bec1e28\" data-element_type=\"widget\" data-widget_type=\"image.default\">\n\t\t\t\t<div class=\"elementor-widget-container\">\n\t\t\t\t\t\t\t\t\t\t\t\t\t<img fetchpriority=\"high\" decoding=\"async\" width=\"2560\" height=\"596\" src=\"https:\/\/www.palletways.com\/es\/wp-content\/uploads\/sites\/4\/2025\/01\/Reliability-Service-ALTERNATIVE-scaled.jpg\" class=\"attachment-full size-full wp-image-8570\" alt=\"\" srcset=\"https:\/\/www.palletways.com\/es\/wp-content\/uploads\/sites\/4\/2025\/01\/Reliability-Service-ALTERNATIVE-scaled.jpg 2560w, https:\/\/www.palletways.com\/es\/wp-content\/uploads\/sites\/4\/2025\/01\/Reliability-Service-ALTERNATIVE-300x70.jpg 300w, https:\/\/www.palletways.com\/es\/wp-content\/uploads\/sites\/4\/2025\/01\/Reliability-Service-ALTERNATIVE-1024x238.jpg 1024w, https:\/\/www.palletways.com\/es\/wp-content\/uploads\/sites\/4\/2025\/01\/Reliability-Service-ALTERNATIVE-768x179.jpg 768w, https:\/\/www.palletways.com\/es\/wp-content\/uploads\/sites\/4\/2025\/01\/Reliability-Service-ALTERNATIVE-1536x358.jpg 1536w, https:\/\/www.palletways.com\/es\/wp-content\/uploads\/sites\/4\/2025\/01\/Reliability-Service-ALTERNATIVE-2048x477.jpg 2048w\" sizes=\"(max-width: 2560px) 100vw, 2560px\" \/>\t\t\t\t\t\t\t\t\t\t\t\t\t<\/div>\n\t\t\t\t<\/div>\n\t\t\t\t\t<\/div>\n\t\t\t\t<\/div>\n\t\t<div class=\"elementor-element elementor-element-0464275 e-flex e-con-boxed e-con e-parent\" data-id=\"0464275\" data-element_type=\"container\">\n\t\t\t\t\t<div class=\"e-con-inner\">\n\t\t\t\t<div class=\"elementor-element elementor-element-c7694c2 elementor-widget elementor-widget-heading\" data-id=\"c7694c2\" data-element_type=\"widget\" data-widget_type=\"heading.default\">\n\t\t\t\t<div class=\"elementor-widget-container\">\n\t\t\t<h1 class=\"elementor-heading-title elementor-size-default\">Impulsando la Excelencia en el Servicio en todo lo que hacemos<\/h1>\t\t<\/div>\n\t\t\t\t<\/div>\n\t\t\t\t\t<\/div>\n\t\t\t\t<\/div>\n\t\t<div class=\"elementor-element elementor-element-8068bb2 e-grid e-con-boxed e-con e-parent\" data-id=\"8068bb2\" data-element_type=\"container\">\n\t\t\t\t\t<div class=\"e-con-inner\">\n\t\t\t\t<div class=\"elementor-element elementor-element-0df81ab elementor-widget elementor-widget-text-editor\" data-id=\"0df81ab\" data-element_type=\"widget\" data-widget_type=\"text-editor.default\">\n\t\t\t\t<div class=\"elementor-widget-container\">\n\t\t\t\t\t\t\t<p>Palletways es, ante todo, un proveedor que facilita a sus miembros la prestaci\u00f3n de un servicio de distribuci\u00f3n expr\u00e9s de mercanc\u00eda paletizada de alta calidad, lo que se traduce en beneficios tanto para ellos como para sus clientes.<\/p><p>Esta excelencia en el servicio se sustenta en nuestra tecnolog\u00eda inform\u00e1tica de vanguardia y en una s\u00f3lida estructura compuesta por algunos de los profesionales m\u00e1s experimentados y talentosos del mercado.<\/p><p>Todos ellos se dedican a diario a garantizar el funcionamiento eficiente de nuestra red y a ofrecer la mejor experiencia posible a los clientes en la recogida y entrega de pallets.<\/p>\t\t\t\t\t\t<\/div>\n\t\t\t\t<\/div>\n\t\t\t\t\t<\/div>\n\t\t\t\t<\/div>\n\t\t<div class=\"elementor-element elementor-element-67fc814 e-flex e-con-boxed e-con e-parent\" data-id=\"67fc814\" data-element_type=\"container\">\n\t\t\t\t\t<div class=\"e-con-inner\">\n\t\t\t\t<div class=\"elementor-element elementor-element-cee87cc content-align-left icon-box-vertical-align-top icon-position-left icon-vertical-align-start elementor-widget elementor-widget-the7_icon_box_grid_widget\" data-id=\"cee87cc\" data-element_type=\"widget\" data-widget_type=\"the7_icon_box_grid_widget.default\">\n\t\t\t\t<div class=\"elementor-widget-container\">\n\t\t\t<div class=\"the7-box-grid-wrapper the7-elementor-widget loading-effect-none the7_icon_box_grid_widget-cee87cc\">\t\t\t<div class=\"dt-css-grid\">\n\t\t\t\t\t\t\t\t\t<div class=\"wf-cell shown\">\n\t\t\t\t\t\t<div class=\"the7-icon-box-grid\">\t\t\t\t\t\t\t<div class=\"box-content-wrapper\">\n\t\t\t\t\t\t\t\t\t\t\t\t\t\t\t\t\t<a class=\"elementor-icon-div\" aria-label=\"Equipo de Desarrollo de Red\">\t\t\t\t\t\t\t\t\t\t<div class=\"elementor-icon\">\n\t\t\t\t\t\t\t\t\t\t\t<svg xmlns=\"http:\/\/www.w3.org\/2000\/svg\" id=\"Layer_1\" viewBox=\"0 0 122.98 189.92\"><defs><style>.cls-1{fill:#75bf42;}.cls-2{fill:#013976;}<\/style><\/defs><path class=\"cls-1\" d=\"M118.89,47.23c-1.1-2.02-2.13-3.92-2.74-5.79-.64-1.98-.95-4.21-1.27-6.56-.56-4.11-1.13-8.35-3.65-11.82-2.55-3.5-6.42-5.36-10.17-7.15-2.13-1.02-4.14-1.98-5.8-3.19-1.63-1.19-3.15-2.78-4.75-4.48-2.88-3.03-5.85-6.17-10.02-7.52-4-1.3-8.18-.54-12.23.19-2.38.43-4.63.84-6.78.84s-4.4-.41-6.78-.84c-4.04-.73-8.23-1.49-12.23-.19-4.17,1.36-7.15,4.49-10.02,7.52-1.61,1.69-3.12,3.29-4.75,4.48-1.66,1.21-3.67,2.17-5.8,3.19-3.75,1.8-7.62,3.65-10.17,7.15-2.52,3.46-3.1,7.71-3.65,11.82-.32,2.36-.62,4.58-1.27,6.56-.61,1.87-1.64,3.77-2.74,5.79-2.01,3.69-4.08,7.5-4.08,11.97s2.08,8.28,4.08,11.97c1.1,2.02,2.14,3.92,2.74,5.79.65,1.98.95,4.21,1.27,6.57.56,4.11,1.13,8.35,3.65,11.82,2.55,3.5,6.42,5.36,10.17,7.15,2.13,1.02,4.14,1.99,5.8,3.19,1.21.88,2.36,1.99,3.52,3.19l-18.53,69.14c-.26.96.08,1.97.85,2.59.77.62,1.83.73,2.71.28l18.25-9.38,11.16,17.27c.46.72,1.26,1.14,2.1,1.14.13,0,.26,0,.39-.03.98-.15,1.77-.87,2.03-1.82l11.29-42.15,11.29,42.15c.26.96,1.05,1.67,2.03,1.82.13.02.26.03.39.03.84,0,1.64-.42,2.1-1.15l11.12-17.25,18.3,9.37c.88.45,1.94.34,2.71-.28.77-.62,1.1-1.64.84-2.59l-18.53-69.14c1.17-1.2,2.31-2.31,3.52-3.19,1.66-1.21,3.67-2.17,5.8-3.19,3.75-1.8,7.62-3.65,10.17-7.15,2.52-3.46,3.1-7.71,3.65-11.82.32-2.36.62-4.58,1.27-6.56.61-1.87,1.64-3.77,2.74-5.79,2.01-3.69,4.08-7.5,4.08-11.97s-2.08-8.28-4.08-11.97ZM46.82,181.33l-9.33-14.44c-.7-1.08-2.1-1.45-3.24-.87l-15.25,7.84,16.3-60.82c2.07,1.98,4.35,3.72,7.19,4.65,4,1.3,8.18.54,12.23-.19,2.38-.43,4.63-.84,6.78-.84.85,0,1.73.08,2.61.18l-4.98,18.57s-.02.09-.03.13l-12.27,45.79ZM88.68,166.04c-1.14-.59-2.54-.21-3.24.87l-9.29,14.41-12.07-45.07,4.99-18.62c2.19.39,4.42.76,6.63.76,1.61,0,3.22-.19,4.8-.71,2.84-.92,5.11-2.67,7.19-4.65l16.3,60.83-15.3-7.84ZM114.5,68.78c-1.16,2.13-2.36,4.33-3.1,6.64-.78,2.41-1.13,4.97-1.46,7.44-.5,3.65-.96,7.1-2.74,9.55-1.8,2.48-4.95,3.99-8.29,5.58-2.24,1.07-4.55,2.18-6.58,3.66-2,1.46-3.75,3.3-5.44,5.08-2.56,2.7-4.97,5.25-7.94,6.21-2.8.91-6.2.29-9.79-.36-2.49-.45-5.07-.92-7.67-.92s-5.18.47-7.67.92c-3.59.65-6.99,1.27-9.79.36-2.96-.96-5.38-3.51-7.94-6.21-1.69-1.78-3.44-3.62-5.44-5.08-2.03-1.48-4.34-2.59-6.58-3.66-3.33-1.6-6.48-3.11-8.29-5.58-1.78-2.44-2.25-5.9-2.74-9.55-.33-2.47-.68-5.03-1.46-7.44-.75-2.31-1.95-4.51-3.1-6.64-1.79-3.28-3.47-6.38-3.47-9.58s1.69-6.3,3.47-9.58c1.16-2.13,2.36-4.33,3.1-6.64.78-2.41,1.13-4.97,1.46-7.44.5-3.65.96-7.1,2.74-9.55,1.8-2.48,4.95-3.99,8.29-5.59,2.24-1.07,4.55-2.18,6.58-3.66,2-1.46,3.75-3.3,5.44-5.08,2.56-2.7,4.97-5.25,7.94-6.21,2.8-.91,6.2-.3,9.79.36,2.49.45,5.07.92,7.67.92s5.18-.47,7.67-.92c3.59-.65,6.99-1.27,9.79-.36,2.96.96,5.38,3.51,7.94,6.21,1.69,1.78,3.44,3.62,5.44,5.08,2.03,1.48,4.34,2.59,6.58,3.66,3.33,1.6,6.48,3.11,8.29,5.59,1.78,2.44,2.25,5.9,2.74,9.55.33,2.47.68,5.02,1.46,7.44.75,2.31,1.95,4.51,3.1,6.64,1.79,3.28,3.47,6.38,3.47,9.58s-1.69,6.3-3.47,9.58Z\"><\/path><path class=\"cls-2\" d=\"M61.49,100.31c-22.67,0-41.11-18.44-41.11-41.11S38.82,18.09,61.49,18.09s41.11,18.44,41.11,41.11-18.44,41.11-41.11,41.11ZM61.49,23.09c-19.91,0-36.11,16.2-36.11,36.11s16.2,36.11,36.11,36.11,36.11-16.2,36.11-36.11-16.2-36.11-36.11-36.11Z\"><\/path><path class=\"cls-1\" d=\"M56.76,75.76c-.85,0-1.71-.27-2.43-.82l-15.68-11.98c-1.76-1.34-2.09-3.85-.75-5.61,1.34-1.75,3.85-2.09,5.61-.75l12.9,9.85,22.65-22.65c1.56-1.56,4.09-1.56,5.66,0,1.56,1.56,1.56,4.1,0,5.66l-25.13,25.13c-.78.78-1.8,1.17-2.83,1.17Z\"><\/path><\/svg>\t\t\t\t\t\t\t\t\t\t<\/div>\n\t\t\t\t\t\t\t\t\t<\/a>\t\t\t\t\t\t\t\t\t\t\t\t\t\t\t\t<div class=\"box-content\">\n\t\t\t\t\t\t\t\t\t\t\t\t\t\t\t\t\t\t\t\t\t\t\t\t\t\t\t\t\t<h4 class=\"box-heading\">\n\t\t\t\t\t\t\t\t\t\t\t<a aria-label=\"Equipo de Desarrollo de Red\">\t\t\t\t\t\t\t\t\t\t\t\tEquipo de Desarrollo de Red\t\t\t\t\t\t\t\t\t\t\t<\/a>\t\t\t\t\t\t\t\t\t\t<\/h4>\n\t\t\t\t\t\t\t\t\t\t\t\t\t\t\t\t\t\t\t\t\t\t\t\t\t\t\t\t<div class=\"box-description\">Nuestro equipo de desarrollo est\u00e1 compuesto por profesionales con amplia experiencia y analistas dedicados, que supervisan constantemente la red para asegurar su correcto funcionamiento. Trabajan en distintas regiones para mantener el equilibrio de la red y para que todas las \u00e1reas est\u00e9n cubiertas. Esto permite un flujo de carga eficiente y genera la confianza necesaria en cada env\u00edo.<\/div>\n\t\t\t\t\t\t\t\t\t\t\t\t\t\t\t\t\t\t\t\t\t\t\t\t\t\t<\/div>\n\t\t\t\t\t\t\t<\/div>\n\t\t\t\t\t\t<\/div>\t\t\t\t\t<\/div>\n\t\t\t\t\t\t\t\t\t<div class=\"wf-cell shown\">\n\t\t\t\t\t\t<div class=\"the7-icon-box-grid\">\t\t\t\t\t\t\t<div class=\"box-content-wrapper\">\n\t\t\t\t\t\t\t\t\t\t\t\t\t\t\t\t\t<a class=\"elementor-icon-div\" aria-label=\"Equipo de Excelencia en el Servicio\">\t\t\t\t\t\t\t\t\t\t<div class=\"elementor-icon\">\n\t\t\t\t\t\t\t\t\t\t\t<svg xmlns=\"http:\/\/www.w3.org\/2000\/svg\" id=\"Layer_1\" viewBox=\"0 0 202.88 212.68\"><defs><style>.cls-1{fill:#75bf42;}.cls-2{fill:#013976;}<\/style><\/defs><path class=\"cls-2\" d=\"M28.28,25.47h0,0M113.07,0h-.09s.02,0,.05.03c.03-.02.05-.03.05-.03h0ZM113.02,5.68c9.81,5.07,47.22,23.16,84.76,24.68,0,2.19.02,4.42.04,6.73.2,30.21.45,67.82-10.43,100.22-12.38,36.85-36.71,59.81-74.37,70.17-15.64-4.3-28.98-10.78-40.12-19.52l-12.45-4.42c12.73,12.87,29.77,23.07,52.57,29.12,96.7-25.66,89.75-126,89.75-187.2C159.6,25.47,114.66.93,113.02.03h0c-1.64.9-46.58,25.44-89.75,25.44,0,20.92-.81,46.42,1.98,71.94.17,1.58.36,3.16.56,4.73h5.05c-.2-1.58-.39-3.15-.57-4.72-2.34-20.95-2.2-42-2.07-60.32.02-2.31.03-4.54.04-6.73,37.53-1.53,74.95-19.61,84.76-24.68M113.02,212.67s-.03,0-.05.01h.09s-.03,0-.05-.01h0Z\"><\/path><path class=\"cls-1\" d=\"M147.94,110.81c0-6.79-5.52-12.31-12.31-12.31h-35.04c.87-4.83,2.39-15.16,1.6-24.98-.8-9.92-3.77-22.12-9.68-26.6-2.02-1.53-4.32-2.1-6.65-1.65-6.76,1.31-7.16,6.14-7.66,12.26-.75,9.08-2,24.29-19.96,49.44-6.19,8.67-15.63,8.63-18.91,8.32-2.24-5.22-7.43-8.88-13.46-8.88h-11.24c-8.08,0-14.65,6.57-14.65,14.65v52.91c0,8.08,6.57,14.64,14.65,14.64h11.24c8.08,0,14.65-6.57,14.65-14.64v-.12c.29.15-.8.25-.44.26l11.19.31,23.5,8.84h50.07c6.79,0,12.31-5.52,12.31-12.31,0-3.4-1.39-6.48-3.63-8.71,4.41-1.88,7.5-6.25,7.5-11.33,0-3.51-1.49-6.67-3.85-8.92,4.18-1.97,7.08-6.21,7.08-11.13,0-3.44-1.42-6.55-3.7-8.78,4.34-1.9,7.39-6.24,7.39-11.27ZM35.33,173.96c0,5.21-4.24,9.45-9.45,9.45h-11.24c-5.21,0-9.45-4.24-9.45-9.45v-52.91c0-5.21,4.24-9.45,9.45-9.45h11.24c5.21,0,9.45,4.24,9.45,9.45v52.91ZM135.64,118.56h-17.54c-1.26,0-2.28,1.02-2.28,2.28,0,0,0,0,0,0s0,0,0,0c0,1.26,1.02,2.28,2.28,2.28h13.86c4.27,0,7.75,3.48,7.75,7.75s-3.48,7.75-7.75,7.75h-3.02c-.07,0-.14-.01-.21-.01h-13.96c-1.26,0-2.28,1.02-2.28,2.28,0,0,0,0,0,0s0,0,0,0c0,1.26,1.02,2.28,2.28,2.28h14.17c4.17.11,7.54,3.54,7.54,7.74s-3.48,7.75-7.75,7.75h-3.64c-.08,0-.15-.01-.23-.01-.04,0-.08,0-.12.01h-11.66c-1.26,0-2.28,1.02-2.28,2.28s1.02,2.28,2.28,2.28h12.01c4.16.12,7.52,3.54,7.52,7.74s-3.48,7.75-7.75,7.75h-49.24l-23.43-8.81-11.94-.33c-.4-.01.64.09.3.27v-48.76c0-.38-.03-.76-.06-1.14,4.98.16,14.76-.89,21.49-10.3,18.69-26.18,20.01-42.16,20.79-51.72.54-6.56.82-7.54,3.99-8.16,1.06-.2,2.02.05,3.02.81,3.83,2.9,7,12.28,7.9,23.34,1.01,12.42-2.02,26.26-2.05,26.4l-.61,2.77h40.65c4.27,0,7.75,3.48,7.75,7.75s-3.48,7.75-7.75,7.75Z\"><\/path><\/svg>\t\t\t\t\t\t\t\t\t\t<\/div>\n\t\t\t\t\t\t\t\t\t<\/a>\t\t\t\t\t\t\t\t\t\t\t\t\t\t\t\t<div class=\"box-content\">\n\t\t\t\t\t\t\t\t\t\t\t\t\t\t\t\t\t\t\t\t\t\t\t\t\t\t\t\t\t<h4 class=\"box-heading\">\n\t\t\t\t\t\t\t\t\t\t\t<a aria-label=\"Equipo de Excelencia en el Servicio\">\t\t\t\t\t\t\t\t\t\t\t\tEquipo de Excelencia en el Servicio\t\t\t\t\t\t\t\t\t\t\t<\/a>\t\t\t\t\t\t\t\t\t\t<\/h4>\n\t\t\t\t\t\t\t\t\t\t\t\t\t\t\t\t\t\t\t\t\t\t\t\t\t\t\t\t<div class=\"box-description\">Este equipo trabaja en estrecha colaboraci\u00f3n con nuestros miembros para asegurar su \u00f3ptimo desempe\u00f1o desde el punto de vista operativo. Desde la incorporaci\u00f3n de nuevos miembros y la resoluci\u00f3n de problemas de servicio hasta el impulso de su rendimiento, este equipo es la piedra angular de la excelencia en el servicio y el alto nivel de satisfacci\u00f3n de los clientes de Palletways.<\/div>\n\t\t\t\t\t\t\t\t\t\t\t\t\t\t\t\t\t\t\t\t\t\t\t\t\t\t<\/div>\n\t\t\t\t\t\t\t<\/div>\n\t\t\t\t\t\t<\/div>\t\t\t\t\t<\/div>\n\t\t\t\t\t\t\t\t\t<div class=\"wf-cell shown\">\n\t\t\t\t\t\t<div class=\"the7-icon-box-grid\">\t\t\t\t\t\t\t<div class=\"box-content-wrapper\">\n\t\t\t\t\t\t\t\t\t\t\t\t\t\t\t\t\t<a class=\"elementor-icon-div\" aria-label=\"Atenci\u00f3n al Cliente\">\t\t\t\t\t\t\t\t\t\t<div class=\"elementor-icon\">\n\t\t\t\t\t\t\t\t\t\t\t<svg xmlns=\"http:\/\/www.w3.org\/2000\/svg\" id=\"Layer_1\" viewBox=\"0 0 170.19 192.56\"><defs><style>.cls-1{fill:#7ab92c;}.cls-2{fill:#1d3c6f;}<\/style><\/defs><path class=\"cls-2\" d=\"M167.19,192.56c-1.66,0-3-1.34-3-3,0-43.61-35.48-79.1-79.1-79.1S6,145.95,6,189.56c0,1.66-1.34,3-3,3s-3-1.34-3-3c0-46.92,38.17-85.1,85.1-85.1s85.1,38.17,85.1,85.1c0,1.66-1.34,3-3,3Z\"><\/path><path class=\"cls-1\" d=\"M85.1,96.04c-26.48,0-48.02-21.54-48.02-48.02S58.62,0,85.1,0s48.02,21.54,48.02,48.02-21.54,48.02-48.02,48.02ZM85.1,6c-23.17,0-42.02,18.85-42.02,42.02s18.85,42.02,42.02,42.02,42.02-18.85,42.02-42.02S108.27,6,85.1,6Z\"><\/path><\/svg>\t\t\t\t\t\t\t\t\t\t<\/div>\n\t\t\t\t\t\t\t\t\t<\/a>\t\t\t\t\t\t\t\t\t\t\t\t\t\t\t\t<div class=\"box-content\">\n\t\t\t\t\t\t\t\t\t\t\t\t\t\t\t\t\t\t\t\t\t\t\t\t\t\t\t\t\t<h4 class=\"box-heading\">\n\t\t\t\t\t\t\t\t\t\t\t<a aria-label=\"Atenci\u00f3n al Cliente\">\t\t\t\t\t\t\t\t\t\t\t\tAtenci\u00f3n al Cliente\t\t\t\t\t\t\t\t\t\t\t<\/a>\t\t\t\t\t\t\t\t\t\t<\/h4>\n\t\t\t\t\t\t\t\t\t\t\t\t\t\t\t\t\t\t\t\t\t\t\t\t\t\t\t\t<div class=\"box-description\">En toda la red, existen equipos de atenci\u00f3n al cliente dedicados, ya sea de forma centralizada o a nivel de los miembros, para garantizar que los clientes est\u00e9n informados y que cualquier retraso se comunique y resuelva lo antes posible. Estos equipos trabajan con KPIs estrictos que aseguran que los clientes no tengan que esperar para recibir respuestas, lo que ofrece tranquilidad.<\/div>\n\t\t\t\t\t\t\t\t\t\t\t\t\t\t\t\t\t\t\t\t\t\t\t\t\t\t<\/div>\n\t\t\t\t\t\t\t<\/div>\n\t\t\t\t\t\t<\/div>\t\t\t\t\t<\/div>\n\t\t\t\t\t\t\t<\/div>\n\t\t<\/div>\t\t<\/div>\n\t\t\t\t<\/div>\n\t\t\t\t\t<\/div>\n\t\t\t\t<\/div>\n\t\t\t\t<\/div>\n\t\t","protected":false},"excerpt":{"rendered":"<p>Impulsando la Excelencia en el Servicio en todo lo que hacemos Palletways es, ante todo, un proveedor que facilita a sus miembros la prestaci\u00f3n de un servicio de distribuci\u00f3n expr\u00e9s de mercanc\u00eda paletizada de alta calidad, lo que se traduce en beneficios tanto para ellos como para sus clientes. Esta excelencia en el servicio se&hellip;<\/p>\n","protected":false},"author":3,"featured_media":9483,"parent":0,"menu_order":0,"comment_status":"closed","ping_status":"closed","template":"","meta":{"om_disable_all_campaigns":false,"footnotes":""},"class_list":["post-8249","page","type-page","status-publish","has-post-thumbnail","hentry"],"yoast_head":"<!-- This site is optimized with the Yoast SEO Premium plugin v24.2 (Yoast SEO v24.2) - https:\/\/yoast.com\/wordpress\/plugins\/seo\/ -->\n<title>Fiabilidad y Servicio - Palletways Iberia<\/title>\n<meta name=\"description\" content=\"La tecnolog\u00eda Palletways y profesionales trabajan para ofrecer la excelencia en el servicio en cada env\u00edo de mercanc\u00eda paletizada\" \/>\n<meta name=\"robots\" content=\"index, follow, max-snippet:-1, max-image-preview:large, max-video-preview:-1\" \/>\n<link rel=\"canonical\" href=\"https:\/\/www.palletways.com\/es\/fiabilidad-y-servicio\/\" \/>\n<meta property=\"og:locale\" content=\"es_ES\" \/>\n<meta property=\"og:type\" content=\"article\" \/>\n<meta property=\"og:title\" content=\"Fiabilidad y Servicio\" \/>\n<meta property=\"og:description\" content=\"La tecnolog\u00eda Palletways y profesionales trabajan para ofrecer la excelencia en el servicio en cada env\u00edo de mercanc\u00eda paletizada\" \/>\n<meta property=\"og:url\" content=\"https:\/\/www.palletways.com\/es\/fiabilidad-y-servicio\/\" \/>\n<meta property=\"og:site_name\" content=\"Palletways Iberia\" \/>\n<meta property=\"article:publisher\" content=\"https:\/\/www.facebook.com\/PalletwaysIberia\" \/>\n<meta property=\"article:modified_time\" content=\"2025-07-15T09:39:57+00:00\" \/>\n<meta property=\"og:image\" content=\"https:\/\/www.palletways.com\/es\/wp-content\/uploads\/sites\/4\/2025\/07\/Fiabilidad-y-Servicio.png\" \/>\n\t<meta property=\"og:image:width\" content=\"1600\" \/>\n\t<meta property=\"og:image:height\" content=\"900\" \/>\n\t<meta property=\"og:image:type\" content=\"image\/png\" \/>\n<meta name=\"twitter:card\" content=\"summary_large_image\" \/>\n<meta name=\"twitter:site\" content=\"@Palletways_IB\" \/>\n<meta name=\"twitter:label1\" content=\"Tiempo de lectura\" \/>\n\t<meta name=\"twitter:data1\" content=\"2 minutos\" \/>\n<script type=\"application\/ld+json\" class=\"yoast-schema-graph\">{\"@context\":\"https:\/\/schema.org\",\"@graph\":[{\"@type\":\"WebPage\",\"@id\":\"https:\/\/www.palletways.com\/es\/fiabilidad-y-servicio\/\",\"url\":\"https:\/\/www.palletways.com\/es\/fiabilidad-y-servicio\/\",\"name\":\"Fiabilidad y Servicio - Palletways Iberia\",\"isPartOf\":{\"@id\":\"https:\/\/www.palletways.com\/es\/#website\"},\"primaryImageOfPage\":{\"@id\":\"https:\/\/www.palletways.com\/es\/fiabilidad-y-servicio\/#primaryimage\"},\"image\":{\"@id\":\"https:\/\/www.palletways.com\/es\/fiabilidad-y-servicio\/#primaryimage\"},\"thumbnailUrl\":\"https:\/\/www.palletways.com\/es\/wp-content\/uploads\/sites\/4\/2025\/07\/Fiabilidad-y-Servicio.png\",\"datePublished\":\"2024-12-11T14:55:58+00:00\",\"dateModified\":\"2025-07-15T09:39:57+00:00\",\"description\":\"La tecnolog\u00eda Palletways y profesionales trabajan para ofrecer la excelencia en el servicio en cada env\u00edo de mercanc\u00eda paletizada\",\"breadcrumb\":{\"@id\":\"https:\/\/www.palletways.com\/es\/fiabilidad-y-servicio\/#breadcrumb\"},\"inLanguage\":\"es\",\"potentialAction\":[{\"@type\":\"ReadAction\",\"target\":[\"https:\/\/www.palletways.com\/es\/fiabilidad-y-servicio\/\"]}]},{\"@type\":\"ImageObject\",\"inLanguage\":\"es\",\"@id\":\"https:\/\/www.palletways.com\/es\/fiabilidad-y-servicio\/#primaryimage\",\"url\":\"https:\/\/www.palletways.com\/es\/wp-content\/uploads\/sites\/4\/2025\/07\/Fiabilidad-y-Servicio.png\",\"contentUrl\":\"https:\/\/www.palletways.com\/es\/wp-content\/uploads\/sites\/4\/2025\/07\/Fiabilidad-y-Servicio.png\",\"width\":1600,\"height\":900,\"caption\":\"Fiabilidad y Servicio Palletways Iberia\"},{\"@type\":\"BreadcrumbList\",\"@id\":\"https:\/\/www.palletways.com\/es\/fiabilidad-y-servicio\/#breadcrumb\",\"itemListElement\":[{\"@type\":\"ListItem\",\"position\":1,\"name\":\"Home\",\"item\":\"https:\/\/www.palletways.com\/es\/\"},{\"@type\":\"ListItem\",\"position\":2,\"name\":\"Fiabilidad y Servicio\"}]},{\"@type\":\"WebSite\",\"@id\":\"https:\/\/www.palletways.com\/es\/#website\",\"url\":\"https:\/\/www.palletways.com\/es\/\",\"name\":\"Palletways Iberia\",\"description\":\"La red de entrega de pal\u00e9s m\u00e1s confiable de Europa\",\"publisher\":{\"@id\":\"https:\/\/www.palletways.com\/es\/#organization\"},\"potentialAction\":[{\"@type\":\"SearchAction\",\"target\":{\"@type\":\"EntryPoint\",\"urlTemplate\":\"https:\/\/www.palletways.com\/es\/?s={search_term_string}\"},\"query-input\":{\"@type\":\"PropertyValueSpecification\",\"valueRequired\":true,\"valueName\":\"search_term_string\"}}],\"inLanguage\":\"es\"},{\"@type\":\"Organization\",\"@id\":\"https:\/\/www.palletways.com\/es\/#organization\",\"name\":\"Palletways Iberia\",\"url\":\"https:\/\/www.palletways.com\/es\/\",\"logo\":{\"@type\":\"ImageObject\",\"inLanguage\":\"es\",\"@id\":\"https:\/\/www.palletways.com\/es\/#\/schema\/logo\/image\/\",\"url\":\"https:\/\/www.palletways.com\/es\/wp-content\/uploads\/sites\/4\/2024\/10\/pw_we-deliver-4-col.jpg\",\"contentUrl\":\"https:\/\/www.palletways.com\/es\/wp-content\/uploads\/sites\/4\/2024\/10\/pw_we-deliver-4-col.jpg\",\"width\":2115,\"height\":694,\"caption\":\"Palletways Iberia\"},\"image\":{\"@id\":\"https:\/\/www.palletways.com\/es\/#\/schema\/logo\/image\/\"},\"sameAs\":[\"https:\/\/www.facebook.com\/PalletwaysIberia\",\"https:\/\/x.com\/Palletways_IB\",\"https:\/\/www.linkedin.com\/company\/palletways-iberia\/\"]}]}<\/script>\n<!-- \/ Yoast SEO Premium plugin. -->","yoast_head_json":{"title":"Fiabilidad y Servicio - Palletways Iberia","description":"La tecnolog\u00eda Palletways y profesionales trabajan para ofrecer la excelencia en el servicio en cada env\u00edo de mercanc\u00eda paletizada","robots":{"index":"index","follow":"follow","max-snippet":"max-snippet:-1","max-image-preview":"max-image-preview:large","max-video-preview":"max-video-preview:-1"},"canonical":"https:\/\/www.palletways.com\/es\/fiabilidad-y-servicio\/","og_locale":"es_ES","og_type":"article","og_title":"Fiabilidad y Servicio","og_description":"La tecnolog\u00eda Palletways y profesionales trabajan para ofrecer la excelencia en el servicio en cada env\u00edo de mercanc\u00eda paletizada","og_url":"https:\/\/www.palletways.com\/es\/fiabilidad-y-servicio\/","og_site_name":"Palletways Iberia","article_publisher":"https:\/\/www.facebook.com\/PalletwaysIberia","article_modified_time":"2025-07-15T09:39:57+00:00","og_image":[{"width":1600,"height":900,"url":"https:\/\/www.palletways.com\/es\/wp-content\/uploads\/sites\/4\/2025\/07\/Fiabilidad-y-Servicio.png","type":"image\/png"}],"twitter_card":"summary_large_image","twitter_site":"@Palletways_IB","twitter_misc":{"Tiempo de lectura":"2 minutos"},"schema":{"@context":"https:\/\/schema.org","@graph":[{"@type":"WebPage","@id":"https:\/\/www.palletways.com\/es\/fiabilidad-y-servicio\/","url":"https:\/\/www.palletways.com\/es\/fiabilidad-y-servicio\/","name":"Fiabilidad y Servicio - Palletways Iberia","isPartOf":{"@id":"https:\/\/www.palletways.com\/es\/#website"},"primaryImageOfPage":{"@id":"https:\/\/www.palletways.com\/es\/fiabilidad-y-servicio\/#primaryimage"},"image":{"@id":"https:\/\/www.palletways.com\/es\/fiabilidad-y-servicio\/#primaryimage"},"thumbnailUrl":"https:\/\/www.palletways.com\/es\/wp-content\/uploads\/sites\/4\/2025\/07\/Fiabilidad-y-Servicio.png","datePublished":"2024-12-11T14:55:58+00:00","dateModified":"2025-07-15T09:39:57+00:00","description":"La tecnolog\u00eda Palletways y profesionales trabajan para ofrecer la excelencia en el servicio en cada env\u00edo de mercanc\u00eda paletizada","breadcrumb":{"@id":"https:\/\/www.palletways.com\/es\/fiabilidad-y-servicio\/#breadcrumb"},"inLanguage":"es","potentialAction":[{"@type":"ReadAction","target":["https:\/\/www.palletways.com\/es\/fiabilidad-y-servicio\/"]}]},{"@type":"ImageObject","inLanguage":"es","@id":"https:\/\/www.palletways.com\/es\/fiabilidad-y-servicio\/#primaryimage","url":"https:\/\/www.palletways.com\/es\/wp-content\/uploads\/sites\/4\/2025\/07\/Fiabilidad-y-Servicio.png","contentUrl":"https:\/\/www.palletways.com\/es\/wp-content\/uploads\/sites\/4\/2025\/07\/Fiabilidad-y-Servicio.png","width":1600,"height":900,"caption":"Fiabilidad y Servicio Palletways Iberia"},{"@type":"BreadcrumbList","@id":"https:\/\/www.palletways.com\/es\/fiabilidad-y-servicio\/#breadcrumb","itemListElement":[{"@type":"ListItem","position":1,"name":"Home","item":"https:\/\/www.palletways.com\/es\/"},{"@type":"ListItem","position":2,"name":"Fiabilidad y Servicio"}]},{"@type":"WebSite","@id":"https:\/\/www.palletways.com\/es\/#website","url":"https:\/\/www.palletways.com\/es\/","name":"Palletways Iberia","description":"La red de entrega de pal\u00e9s m\u00e1s confiable de Europa","publisher":{"@id":"https:\/\/www.palletways.com\/es\/#organization"},"potentialAction":[{"@type":"SearchAction","target":{"@type":"EntryPoint","urlTemplate":"https:\/\/www.palletways.com\/es\/?s={search_term_string}"},"query-input":{"@type":"PropertyValueSpecification","valueRequired":true,"valueName":"search_term_string"}}],"inLanguage":"es"},{"@type":"Organization","@id":"https:\/\/www.palletways.com\/es\/#organization","name":"Palletways Iberia","url":"https:\/\/www.palletways.com\/es\/","logo":{"@type":"ImageObject","inLanguage":"es","@id":"https:\/\/www.palletways.com\/es\/#\/schema\/logo\/image\/","url":"https:\/\/www.palletways.com\/es\/wp-content\/uploads\/sites\/4\/2024\/10\/pw_we-deliver-4-col.jpg","contentUrl":"https:\/\/www.palletways.com\/es\/wp-content\/uploads\/sites\/4\/2024\/10\/pw_we-deliver-4-col.jpg","width":2115,"height":694,"caption":"Palletways Iberia"},"image":{"@id":"https:\/\/www.palletways.com\/es\/#\/schema\/logo\/image\/"},"sameAs":["https:\/\/www.facebook.com\/PalletwaysIberia","https:\/\/x.com\/Palletways_IB","https:\/\/www.linkedin.com\/company\/palletways-iberia\/"]}]}},"_links":{"self":[{"href":"https:\/\/www.palletways.com\/es\/wp-json\/wp\/v2\/pages\/8249","targetHints":{"allow":["GET"]}}],"collection":[{"href":"https:\/\/www.palletways.com\/es\/wp-json\/wp\/v2\/pages"}],"about":[{"href":"https:\/\/www.palletways.com\/es\/wp-json\/wp\/v2\/types\/page"}],"author":[{"embeddable":true,"href":"https:\/\/www.palletways.com\/es\/wp-json\/wp\/v2\/users\/3"}],"replies":[{"embeddable":true,"href":"https:\/\/www.palletways.com\/es\/wp-json\/wp\/v2\/comments?post=8249"}],"version-history":[{"count":37,"href":"https:\/\/www.palletways.com\/es\/wp-json\/wp\/v2\/pages\/8249\/revisions"}],"predecessor-version":[{"id":9485,"href":"https:\/\/www.palletways.com\/es\/wp-json\/wp\/v2\/pages\/8249\/revisions\/9485"}],"wp:featuredmedia":[{"embeddable":true,"href":"https:\/\/www.palletways.com\/es\/wp-json\/wp\/v2\/media\/9483"}],"wp:attachment":[{"href":"https:\/\/www.palletways.com\/es\/wp-json\/wp\/v2\/media?parent=8249"}],"curies":[{"name":"wp","href":"https:\/\/api.w.org\/{rel}","templated":true}]}}