{"id":8243,"date":"2024-12-11T14:52:24","date_gmt":"2024-12-11T14:52:24","guid":{"rendered":"https:\/\/www.palletways.com\/es\/?page_id=8243"},"modified":"2026-02-12T15:43:29","modified_gmt":"2026-02-12T15:43:29","slug":"experiencia-y-tecnologia","status":"publish","type":"page","link":"https:\/\/www.palletways.com\/es\/experiencia-y-tecnologia\/","title":{"rendered":"Experiencia y Tecnolog\u00eda"},"content":{"rendered":"\t\t<div data-elementor-type=\"wp-page\" data-elementor-id=\"8243\" class=\"elementor elementor-8243\" data-elementor-post-type=\"page\">\n\t\t\t\t<div class=\"elementor-element elementor-element-3fbbd72 e-flex e-con-boxed e-con e-parent\" data-id=\"3fbbd72\" data-element_type=\"container\">\n\t\t\t\t\t<div class=\"e-con-inner\">\n\t\t\t\t<div class=\"elementor-element elementor-element-af1e014 elementor-widget__width-initial elementor-widget elementor-widget-image\" data-id=\"af1e014\" data-element_type=\"widget\" data-widget_type=\"image.default\">\n\t\t\t\t<div class=\"elementor-widget-container\">\n\t\t\t\t\t\t\t\t\t\t\t\t\t<img fetchpriority=\"high\" decoding=\"async\" width=\"2560\" height=\"596\" src=\"https:\/\/www.palletways.com\/es\/wp-content\/uploads\/sites\/4\/2025\/02\/Technology-Innovation-ALTERNATIVE-scaled.jpg\" class=\"attachment-full size-full wp-image-8689\" alt=\"\" srcset=\"https:\/\/www.palletways.com\/es\/wp-content\/uploads\/sites\/4\/2025\/02\/Technology-Innovation-ALTERNATIVE-scaled.jpg 2560w, https:\/\/www.palletways.com\/es\/wp-content\/uploads\/sites\/4\/2025\/02\/Technology-Innovation-ALTERNATIVE-300x70.jpg 300w, https:\/\/www.palletways.com\/es\/wp-content\/uploads\/sites\/4\/2025\/02\/Technology-Innovation-ALTERNATIVE-1024x238.jpg 1024w, https:\/\/www.palletways.com\/es\/wp-content\/uploads\/sites\/4\/2025\/02\/Technology-Innovation-ALTERNATIVE-768x179.jpg 768w, https:\/\/www.palletways.com\/es\/wp-content\/uploads\/sites\/4\/2025\/02\/Technology-Innovation-ALTERNATIVE-1536x358.jpg 1536w, https:\/\/www.palletways.com\/es\/wp-content\/uploads\/sites\/4\/2025\/02\/Technology-Innovation-ALTERNATIVE-2048x477.jpg 2048w\" sizes=\"(max-width: 2560px) 100vw, 2560px\" \/>\t\t\t\t\t\t\t\t\t\t\t\t\t<\/div>\n\t\t\t\t<\/div>\n\t\t\t\t\t<\/div>\n\t\t\t\t<\/div>\n\t\t<div class=\"elementor-element elementor-element-d0db4fc e-flex e-con-boxed e-con e-parent\" data-id=\"d0db4fc\" data-element_type=\"container\">\n\t\t\t\t\t<div class=\"e-con-inner\">\n\t\t\t\t<div class=\"elementor-element elementor-element-8af8b37 elementor-widget elementor-widget-heading\" data-id=\"8af8b37\" data-element_type=\"widget\" data-widget_type=\"heading.default\">\n\t\t\t\t<div class=\"elementor-widget-container\">\n\t\t\t<h1 class=\"elementor-heading-title elementor-size-default\">Tecnolog\u00eda l\u00edder en la industria\n<\/h1>\t\t<\/div>\n\t\t\t\t<\/div>\n\t\t\t\t\t<\/div>\n\t\t\t\t<\/div>\n\t\t<div class=\"elementor-element elementor-element-bfd4a10 e-flex e-con-boxed e-con e-parent\" data-id=\"bfd4a10\" data-element_type=\"container\">\n\t\t\t\t\t<div class=\"e-con-inner\">\n\t\t\t\t<div class=\"elementor-element elementor-element-26dcb46 elementor-widget elementor-widget-text-editor\" data-id=\"26dcb46\" data-element_type=\"widget\" data-widget_type=\"text-editor.default\">\n\t\t\t\t<div class=\"elementor-widget-container\">\n\t\t\t\t\t\t\t<h3><span style=\"color: #003875\">Para ofrecerle confianza, tranquilidad y flexibilidad.<\/span><\/h3><p><span data-ccp-props=\"{}\">En Palletways, la tecnolog\u00eda avanzada es la base de nuestro servicio excepcional. Nuestras innovaciones transforman la distribuci\u00f3n de pallets para su beneficio y el de sus clientes. <\/span><\/p><p>Cada innovaci\u00f3n que impulsa Palletways est\u00e1 dise\u00f1ada para crear una ventaja competitiva para nuestros miembros y clientes, permiti\u00e9ndoles ofrecer un servicio de calidad inigualable, visibilidad en tiempo real y control total sobre los env\u00edos. Nuestra dedicaci\u00f3n a la innovaci\u00f3n es fundamental para el \u00e9xito de nuestros clientes. Palletways se mantiene en constante b\u00fasqueda y aprovechamiento de nuevos sistemas, procesos y tecnolog\u00edas para mejorar el servicio que ofrecemos<\/p>\t\t\t\t\t\t<\/div>\n\t\t\t\t<\/div>\n\t\t\t\t\t<\/div>\n\t\t\t\t<\/div>\n\t\t<div class=\"elementor-element elementor-element-152a191 e-flex e-con-boxed e-con e-parent\" data-id=\"152a191\" data-element_type=\"container\">\n\t\t\t\t\t<div class=\"e-con-inner\">\n\t\t<div class=\"elementor-element elementor-element-876be45 e-con-full e-flex e-con e-child\" data-id=\"876be45\" data-element_type=\"container\">\n\t\t\t\t<div class=\"elementor-element elementor-element-4c5e91b elementor-widget elementor-widget-text-editor\" data-id=\"4c5e91b\" data-element_type=\"widget\" data-widget_type=\"text-editor.default\">\n\t\t\t\t<div class=\"elementor-widget-container\">\n\t\t\t\t\t\t\t<h3><span style=\"color: #003875;\">El Portal Palletways<\/span><\/h3><p>El Portal Palletways es una plataforma basada en la nube que ofrece una soluci\u00f3n integral para garantizar que tu carga llegue a su destino de manera segura, eficiente y puntual. Gracias a la trazabilidad que proporciona el Portal, podr\u00e1s comprobar en tiempo real cada una de las fases de tu env\u00edo: carga, tr\u00e1nsito por la red, llegada a destino y comprobante de entrega. Esta herramienta centralizada re\u00fane toda la informaci\u00f3n y funcionalidades necesarias para gestionar los procesos de forma \u00f3ptima.<\/p><p id=\"tw-target-text\" class=\"tw-data-text tw-text-large tw-ta\" dir=\"ltr\" data-placeholder=\"Translation\" data-ved=\"2ahUKEwja2Iemtr6LAxV-QkEAHYZ8EvMQ3ewLegQIBxAV\" aria-label=\"Translated text: Mira nuestros v\u00eddeos para saber m\u00e1s sobre el portal Palletways:\"><span class=\"Y2IQFc\" lang=\"es\">Mira nuestros v\u00eddeos para saber m\u00e1s sobre el portal Palletways:<\/span><span data-contrast=\"auto\"> <a href=\"https:\/\/www.youtube.com\/@PalletwaysIberia\" target=\"_blank\" rel=\"noopener\">YouTube channel<\/a>.<\/span><\/p>\t\t\t\t\t\t<\/div>\n\t\t\t\t<\/div>\n\t\t\t\t<\/div>\n\t\t<div class=\"elementor-element elementor-element-f397d27 e-con-full e-flex e-con e-child\" data-id=\"f397d27\" data-element_type=\"container\">\n\t\t\t\t<div class=\"elementor-element elementor-element-c06884f elementor-widget elementor-widget-video\" data-id=\"c06884f\" data-element_type=\"widget\" data-settings=\"{&quot;youtube_url&quot;:&quot;https:\\\/\\\/www.youtube.com\\\/watch?v=CXGmrf7o5q8&quot;,&quot;video_type&quot;:&quot;youtube&quot;,&quot;controls&quot;:&quot;yes&quot;}\" data-widget_type=\"video.default\">\n\t\t\t\t<div class=\"elementor-widget-container\">\n\t\t\t\t\t<div class=\"elementor-wrapper elementor-open-inline\">\n\t\t\t<div class=\"elementor-video\"><\/div>\t\t<\/div>\n\t\t\t\t<\/div>\n\t\t\t\t<\/div>\n\t\t\t\t<\/div>\n\t\t\t\t\t<\/div>\n\t\t\t\t<\/div>\n\t\t<div class=\"elementor-element elementor-element-1790628 e-flex e-con-boxed e-con e-parent\" data-id=\"1790628\" data-element_type=\"container\">\n\t\t\t\t\t<div class=\"e-con-inner\">\n\t\t\t\t<div class=\"elementor-element elementor-element-2312494 elementor-widget elementor-widget-text-editor\" data-id=\"2312494\" data-element_type=\"widget\" data-widget_type=\"text-editor.default\">\n\t\t\t\t<div class=\"elementor-widget-container\">\n\t\t\t\t\t\t\t<h3><span style=\"color: #003875\">Palletways ID:<\/span><\/h3><p>En Palletways, buscamos constantemente superar los l\u00edmites de la innovaci\u00f3n tecnol\u00f3gica para beneficiar a nuestros miembros, clientes y comunidades. Con Palletways ID, nuestra tecnolog\u00eda m\u00e1s reciente, reafirmamos este compromiso al ofrecer una eficiencia, flexibilidad y visibilidad sin precedentes en el sector.<\/p><p>Palletways ID es una innovadora tecnolog\u00eda basada en sensores montados en carretillas elevadoras, capaz de capturar simult\u00e1neamente cuatro componentes clave de datos en movimiento: c\u00f3digo de barras, im\u00e1genes, peso y dimensiones. Esta informaci\u00f3n integral permite gestionar los env\u00edos de manera m\u00e1s eficiente y precisa.<\/p>\t\t\t\t\t\t<\/div>\n\t\t\t\t<\/div>\n\t\t\t\t\t<\/div>\n\t\t\t\t<\/div>\n\t\t<div class=\"elementor-element elementor-element-13a3410 e-flex e-con-boxed e-con e-parent\" data-id=\"13a3410\" data-element_type=\"container\">\n\t\t\t\t\t<div class=\"e-con-inner\">\n\t\t<div class=\"elementor-element elementor-element-1ab6597 e-con-full e-flex e-con e-child\" data-id=\"1ab6597\" data-element_type=\"container\">\n\t\t\t\t<div class=\"elementor-element elementor-element-2e0d604 elementor-widget elementor-widget-image\" data-id=\"2e0d604\" data-element_type=\"widget\" data-widget_type=\"image.default\">\n\t\t\t\t<div class=\"elementor-widget-container\">\n\t\t\t\t\t\t\t\t\t\t\t\t\t<img decoding=\"async\" width=\"800\" height=\"471\" src=\"https:\/\/www.palletways.com\/es\/wp-content\/uploads\/sites\/4\/2025\/02\/Palletways-ID-Image-Blue-1.jpg\" class=\"attachment-full size-full wp-image-8675\" alt=\"\" srcset=\"https:\/\/www.palletways.com\/es\/wp-content\/uploads\/sites\/4\/2025\/02\/Palletways-ID-Image-Blue-1.jpg 800w, https:\/\/www.palletways.com\/es\/wp-content\/uploads\/sites\/4\/2025\/02\/Palletways-ID-Image-Blue-1-300x177.jpg 300w, https:\/\/www.palletways.com\/es\/wp-content\/uploads\/sites\/4\/2025\/02\/Palletways-ID-Image-Blue-1-768x452.jpg 768w\" sizes=\"(max-width: 800px) 100vw, 800px\" \/>\t\t\t\t\t\t\t\t\t\t\t\t\t<\/div>\n\t\t\t\t<\/div>\n\t\t\t\t<\/div>\n\t\t<div class=\"elementor-element elementor-element-cb779df e-con-full e-flex e-con e-child\" data-id=\"cb779df\" data-element_type=\"container\">\n\t\t\t\t<div class=\"elementor-element elementor-element-775d712 elementor-widget elementor-widget-text-editor\" data-id=\"775d712\" data-element_type=\"widget\" data-widget_type=\"text-editor.default\">\n\t\t\t\t<div class=\"elementor-widget-container\">\n\t\t\t\t\t\t\t<p><strong>Marcando la diferencia en Eficiencia Operativa<\/strong><\/p><p>Sin b\u00e1sculas est\u00e1ticas, sin lectores port\u00e1tiles, sin interrupciones. Solo una captura de datos altamente eficiente mientras los operarios de carretillas elevadoras contin\u00faan con su trabajo.<\/p><p><strong>Marcando la diferencia en Salud y Seguridad<\/strong><\/p><p>Se identifican y auditan los pallets sobredimensionados, con exceso de peso o en mal estado, minimizando incidentes y accidentes en el momento de la entrega.<\/p><p><strong>Marcando la diferencia como Ventaja Comercial<\/strong><\/p><p>Los datos precisos en tiempo real permiten una facturaci\u00f3n exacta, una planificaci\u00f3n detallada y una toma de decisiones acertada.<\/p>\t\t\t\t\t\t<\/div>\n\t\t\t\t<\/div>\n\t\t\t\t<\/div>\n\t\t\t\t\t<\/div>\n\t\t\t\t<\/div>\n\t\t<div class=\"elementor-element elementor-element-e1396ef e-flex e-con-boxed e-con e-parent\" data-id=\"e1396ef\" data-element_type=\"container\">\n\t\t\t\t\t<div class=\"e-con-inner\">\n\t\t\t\t<div class=\"elementor-element elementor-element-2f154e4 elementor-widget elementor-widget-text-editor\" data-id=\"2f154e4\" data-element_type=\"widget\" data-widget_type=\"text-editor.default\">\n\t\t\t\t<div class=\"elementor-widget-container\">\n\t\t\t\t\t\t\t<p>En resumen, la tecnolog\u00eda Palletways ID integra cuatro componentes operativos clave en uno, logrando una operaci\u00f3n \u00fanica mientras el operario de la carretilla elevadora realiza sus tareas diarias en el almac\u00e9n:<\/p><ul><li>Toma de im\u00e1genes del pallet, utilizadas para confirmar su condici\u00f3n y proporcionar trazabilidad.<\/li><li>Escaneo de c\u00f3digos de barras desde cualquier punto en la parte frontal del pallet, eliminando la necesidad de bajar de la carretilla elevadora para realizar el escaneo manual, lo que incrementa la eficiencia, precisi\u00f3n y seguridad.<\/li><li>Registro preciso del peso del pallet mientras se mueve con la carretilla elevadora, eliminando la necesidad de colocarlo en b\u00e1sculas est\u00e1ticas.<\/li><li>Medici\u00f3n de volumen y dimensiones: realizada mientras el pallet se desplaza, sin interrumpir el flujo del proceso, lo que ser\u00eda imposible con la tecnolog\u00eda est\u00e1ndar de medici\u00f3n de volumen.<\/li><\/ul>\t\t\t\t\t\t<\/div>\n\t\t\t\t<\/div>\n\t\t\t\t\t<\/div>\n\t\t\t\t<\/div>\n\t\t\t\t<\/div>\n\t\t","protected":false},"excerpt":{"rendered":"<p>Tecnolog\u00eda l\u00edder en la industria Para ofrecerle confianza, tranquilidad y flexibilidad. En Palletways, la tecnolog\u00eda avanzada es la base de nuestro servicio excepcional. Nuestras innovaciones transforman la distribuci\u00f3n de pallets para su beneficio y el de sus clientes. Cada innovaci\u00f3n que impulsa Palletways est\u00e1 dise\u00f1ada para crear una ventaja competitiva para nuestros miembros y clientes,&hellip;<\/p>\n","protected":false},"author":3,"featured_media":9482,"parent":0,"menu_order":0,"comment_status":"closed","ping_status":"closed","template":"","meta":{"om_disable_all_campaigns":false,"footnotes":""},"class_list":["post-8243","page","type-page","status-publish","has-post-thumbnail","hentry"],"yoast_head":"<!-- This site is optimized with the Yoast SEO Premium plugin v24.2 (Yoast SEO v24.2) - https:\/\/yoast.com\/wordpress\/plugins\/seo\/ -->\n<title>Experiencia y Soluciones Tecnol\u00f3gicas | Palletways Iberia<\/title>\n<meta name=\"description\" content=\"Palletways invierte en tecnolog\u00eda para respaldar nuestra red de entrega de pallets, dando apoyo a nuestros miembros durante todo el proceso\" \/>\n<meta name=\"robots\" content=\"index, follow, max-snippet:-1, max-image-preview:large, max-video-preview:-1\" \/>\n<link rel=\"canonical\" href=\"https:\/\/www.palletways.com\/es\/experiencia-y-tecnologia\/\" \/>\n<meta property=\"og:locale\" content=\"es_ES\" \/>\n<meta property=\"og:type\" content=\"article\" \/>\n<meta property=\"og:title\" content=\"Experiencia y Tecnolog\u00eda\" \/>\n<meta property=\"og:description\" content=\"Palletways invierte en tecnolog\u00eda para respaldar nuestra red de entrega de pallets, dando apoyo a nuestros miembros durante todo el proceso\" \/>\n<meta property=\"og:url\" content=\"https:\/\/www.palletways.com\/es\/experiencia-y-tecnologia\/\" \/>\n<meta property=\"og:site_name\" content=\"Palletways Iberia\" \/>\n<meta property=\"article:publisher\" content=\"https:\/\/www.facebook.com\/PalletwaysIberia\" \/>\n<meta property=\"article:modified_time\" content=\"2026-02-12T15:43:29+00:00\" \/>\n<meta property=\"og:image\" content=\"https:\/\/www.palletways.com\/es\/wp-content\/uploads\/sites\/4\/2025\/07\/Tecnologia-y-Experiencia-Palletways-Iberia.png\" \/>\n\t<meta property=\"og:image:width\" content=\"1600\" \/>\n\t<meta property=\"og:image:height\" content=\"900\" \/>\n\t<meta property=\"og:image:type\" content=\"image\/png\" \/>\n<meta name=\"twitter:card\" content=\"summary_large_image\" \/>\n<meta name=\"twitter:site\" content=\"@Palletways_IB\" \/>\n<meta name=\"twitter:label1\" content=\"Tiempo de lectura\" \/>\n\t<meta name=\"twitter:data1\" content=\"3 minutos\" \/>\n<script type=\"application\/ld+json\" class=\"yoast-schema-graph\">{\"@context\":\"https:\/\/schema.org\",\"@graph\":[{\"@type\":\"WebPage\",\"@id\":\"https:\/\/www.palletways.com\/es\/experiencia-y-tecnologia\/\",\"url\":\"https:\/\/www.palletways.com\/es\/experiencia-y-tecnologia\/\",\"name\":\"Experiencia y Soluciones Tecnol\u00f3gicas | Palletways Iberia\",\"isPartOf\":{\"@id\":\"https:\/\/www.palletways.com\/es\/#website\"},\"primaryImageOfPage\":{\"@id\":\"https:\/\/www.palletways.com\/es\/experiencia-y-tecnologia\/#primaryimage\"},\"image\":{\"@id\":\"https:\/\/www.palletways.com\/es\/experiencia-y-tecnologia\/#primaryimage\"},\"thumbnailUrl\":\"https:\/\/www.palletways.com\/es\/wp-content\/uploads\/sites\/4\/2025\/07\/Tecnologia-y-Experiencia-Palletways-Iberia.png\",\"datePublished\":\"2024-12-11T14:52:24+00:00\",\"dateModified\":\"2026-02-12T15:43:29+00:00\",\"description\":\"Palletways invierte en tecnolog\u00eda para respaldar nuestra red de entrega de pallets, dando apoyo a nuestros miembros durante todo el proceso\",\"breadcrumb\":{\"@id\":\"https:\/\/www.palletways.com\/es\/experiencia-y-tecnologia\/#breadcrumb\"},\"inLanguage\":\"es\",\"potentialAction\":[{\"@type\":\"ReadAction\",\"target\":[\"https:\/\/www.palletways.com\/es\/experiencia-y-tecnologia\/\"]}]},{\"@type\":\"ImageObject\",\"inLanguage\":\"es\",\"@id\":\"https:\/\/www.palletways.com\/es\/experiencia-y-tecnologia\/#primaryimage\",\"url\":\"https:\/\/www.palletways.com\/es\/wp-content\/uploads\/sites\/4\/2025\/07\/Tecnologia-y-Experiencia-Palletways-Iberia.png\",\"contentUrl\":\"https:\/\/www.palletways.com\/es\/wp-content\/uploads\/sites\/4\/2025\/07\/Tecnologia-y-Experiencia-Palletways-Iberia.png\",\"width\":1600,\"height\":900,\"caption\":\"Tecnolog\u00eda y Experiencia Palletways Iberia\"},{\"@type\":\"BreadcrumbList\",\"@id\":\"https:\/\/www.palletways.com\/es\/experiencia-y-tecnologia\/#breadcrumb\",\"itemListElement\":[{\"@type\":\"ListItem\",\"position\":1,\"name\":\"Home\",\"item\":\"https:\/\/www.palletways.com\/es\/\"},{\"@type\":\"ListItem\",\"position\":2,\"name\":\"Experiencia y Tecnolog\u00eda\"}]},{\"@type\":\"WebSite\",\"@id\":\"https:\/\/www.palletways.com\/es\/#website\",\"url\":\"https:\/\/www.palletways.com\/es\/\",\"name\":\"Palletways Iberia\",\"description\":\"La red de entrega de pal\u00e9s m\u00e1s confiable de Europa\",\"publisher\":{\"@id\":\"https:\/\/www.palletways.com\/es\/#organization\"},\"potentialAction\":[{\"@type\":\"SearchAction\",\"target\":{\"@type\":\"EntryPoint\",\"urlTemplate\":\"https:\/\/www.palletways.com\/es\/?s={search_term_string}\"},\"query-input\":{\"@type\":\"PropertyValueSpecification\",\"valueRequired\":true,\"valueName\":\"search_term_string\"}}],\"inLanguage\":\"es\"},{\"@type\":\"Organization\",\"@id\":\"https:\/\/www.palletways.com\/es\/#organization\",\"name\":\"Palletways Iberia\",\"url\":\"https:\/\/www.palletways.com\/es\/\",\"logo\":{\"@type\":\"ImageObject\",\"inLanguage\":\"es\",\"@id\":\"https:\/\/www.palletways.com\/es\/#\/schema\/logo\/image\/\",\"url\":\"https:\/\/www.palletways.com\/es\/wp-content\/uploads\/sites\/4\/2024\/10\/pw_we-deliver-4-col.jpg\",\"contentUrl\":\"https:\/\/www.palletways.com\/es\/wp-content\/uploads\/sites\/4\/2024\/10\/pw_we-deliver-4-col.jpg\",\"width\":2115,\"height\":694,\"caption\":\"Palletways Iberia\"},\"image\":{\"@id\":\"https:\/\/www.palletways.com\/es\/#\/schema\/logo\/image\/\"},\"sameAs\":[\"https:\/\/www.facebook.com\/PalletwaysIberia\",\"https:\/\/x.com\/Palletways_IB\",\"https:\/\/www.linkedin.com\/company\/palletways-iberia\/\"]}]}<\/script>\n<!-- \/ Yoast SEO Premium plugin. -->","yoast_head_json":{"title":"Experiencia y Soluciones Tecnol\u00f3gicas | Palletways Iberia","description":"Palletways invierte en tecnolog\u00eda para respaldar nuestra red de entrega de pallets, dando apoyo a nuestros miembros durante todo el proceso","robots":{"index":"index","follow":"follow","max-snippet":"max-snippet:-1","max-image-preview":"max-image-preview:large","max-video-preview":"max-video-preview:-1"},"canonical":"https:\/\/www.palletways.com\/es\/experiencia-y-tecnologia\/","og_locale":"es_ES","og_type":"article","og_title":"Experiencia y Tecnolog\u00eda","og_description":"Palletways invierte en tecnolog\u00eda para respaldar nuestra red de entrega de pallets, dando apoyo a nuestros miembros durante todo el proceso","og_url":"https:\/\/www.palletways.com\/es\/experiencia-y-tecnologia\/","og_site_name":"Palletways Iberia","article_publisher":"https:\/\/www.facebook.com\/PalletwaysIberia","article_modified_time":"2026-02-12T15:43:29+00:00","og_image":[{"width":1600,"height":900,"url":"https:\/\/www.palletways.com\/es\/wp-content\/uploads\/sites\/4\/2025\/07\/Tecnologia-y-Experiencia-Palletways-Iberia.png","type":"image\/png"}],"twitter_card":"summary_large_image","twitter_site":"@Palletways_IB","twitter_misc":{"Tiempo de lectura":"3 minutos"},"schema":{"@context":"https:\/\/schema.org","@graph":[{"@type":"WebPage","@id":"https:\/\/www.palletways.com\/es\/experiencia-y-tecnologia\/","url":"https:\/\/www.palletways.com\/es\/experiencia-y-tecnologia\/","name":"Experiencia y Soluciones Tecnol\u00f3gicas | Palletways Iberia","isPartOf":{"@id":"https:\/\/www.palletways.com\/es\/#website"},"primaryImageOfPage":{"@id":"https:\/\/www.palletways.com\/es\/experiencia-y-tecnologia\/#primaryimage"},"image":{"@id":"https:\/\/www.palletways.com\/es\/experiencia-y-tecnologia\/#primaryimage"},"thumbnailUrl":"https:\/\/www.palletways.com\/es\/wp-content\/uploads\/sites\/4\/2025\/07\/Tecnologia-y-Experiencia-Palletways-Iberia.png","datePublished":"2024-12-11T14:52:24+00:00","dateModified":"2026-02-12T15:43:29+00:00","description":"Palletways invierte en tecnolog\u00eda para respaldar nuestra red de entrega de pallets, dando apoyo a nuestros miembros durante todo el proceso","breadcrumb":{"@id":"https:\/\/www.palletways.com\/es\/experiencia-y-tecnologia\/#breadcrumb"},"inLanguage":"es","potentialAction":[{"@type":"ReadAction","target":["https:\/\/www.palletways.com\/es\/experiencia-y-tecnologia\/"]}]},{"@type":"ImageObject","inLanguage":"es","@id":"https:\/\/www.palletways.com\/es\/experiencia-y-tecnologia\/#primaryimage","url":"https:\/\/www.palletways.com\/es\/wp-content\/uploads\/sites\/4\/2025\/07\/Tecnologia-y-Experiencia-Palletways-Iberia.png","contentUrl":"https:\/\/www.palletways.com\/es\/wp-content\/uploads\/sites\/4\/2025\/07\/Tecnologia-y-Experiencia-Palletways-Iberia.png","width":1600,"height":900,"caption":"Tecnolog\u00eda y Experiencia Palletways Iberia"},{"@type":"BreadcrumbList","@id":"https:\/\/www.palletways.com\/es\/experiencia-y-tecnologia\/#breadcrumb","itemListElement":[{"@type":"ListItem","position":1,"name":"Home","item":"https:\/\/www.palletways.com\/es\/"},{"@type":"ListItem","position":2,"name":"Experiencia y Tecnolog\u00eda"}]},{"@type":"WebSite","@id":"https:\/\/www.palletways.com\/es\/#website","url":"https:\/\/www.palletways.com\/es\/","name":"Palletways Iberia","description":"La red de entrega de pal\u00e9s m\u00e1s confiable de Europa","publisher":{"@id":"https:\/\/www.palletways.com\/es\/#organization"},"potentialAction":[{"@type":"SearchAction","target":{"@type":"EntryPoint","urlTemplate":"https:\/\/www.palletways.com\/es\/?s={search_term_string}"},"query-input":{"@type":"PropertyValueSpecification","valueRequired":true,"valueName":"search_term_string"}}],"inLanguage":"es"},{"@type":"Organization","@id":"https:\/\/www.palletways.com\/es\/#organization","name":"Palletways Iberia","url":"https:\/\/www.palletways.com\/es\/","logo":{"@type":"ImageObject","inLanguage":"es","@id":"https:\/\/www.palletways.com\/es\/#\/schema\/logo\/image\/","url":"https:\/\/www.palletways.com\/es\/wp-content\/uploads\/sites\/4\/2024\/10\/pw_we-deliver-4-col.jpg","contentUrl":"https:\/\/www.palletways.com\/es\/wp-content\/uploads\/sites\/4\/2024\/10\/pw_we-deliver-4-col.jpg","width":2115,"height":694,"caption":"Palletways Iberia"},"image":{"@id":"https:\/\/www.palletways.com\/es\/#\/schema\/logo\/image\/"},"sameAs":["https:\/\/www.facebook.com\/PalletwaysIberia","https:\/\/x.com\/Palletways_IB","https:\/\/www.linkedin.com\/company\/palletways-iberia\/"]}]}},"_links":{"self":[{"href":"https:\/\/www.palletways.com\/es\/wp-json\/wp\/v2\/pages\/8243","targetHints":{"allow":["GET"]}}],"collection":[{"href":"https:\/\/www.palletways.com\/es\/wp-json\/wp\/v2\/pages"}],"about":[{"href":"https:\/\/www.palletways.com\/es\/wp-json\/wp\/v2\/types\/page"}],"author":[{"embeddable":true,"href":"https:\/\/www.palletways.com\/es\/wp-json\/wp\/v2\/users\/3"}],"replies":[{"embeddable":true,"href":"https:\/\/www.palletways.com\/es\/wp-json\/wp\/v2\/comments?post=8243"}],"version-history":[{"count":40,"href":"https:\/\/www.palletways.com\/es\/wp-json\/wp\/v2\/pages\/8243\/revisions"}],"predecessor-version":[{"id":9717,"href":"https:\/\/www.palletways.com\/es\/wp-json\/wp\/v2\/pages\/8243\/revisions\/9717"}],"wp:featuredmedia":[{"embeddable":true,"href":"https:\/\/www.palletways.com\/es\/wp-json\/wp\/v2\/media\/9482"}],"wp:attachment":[{"href":"https:\/\/www.palletways.com\/es\/wp-json\/wp\/v2\/media?parent=8243"}],"curies":[{"name":"wp","href":"https:\/\/api.w.org\/{rel}","templated":true}]}}