{"id":8217,"date":"2024-12-10T16:52:43","date_gmt":"2024-12-10T16:52:43","guid":{"rendered":"https:\/\/www.palletways.com\/es\/?page_id=8217"},"modified":"2026-02-12T15:41:22","modified_gmt":"2026-02-12T15:41:22","slug":"politica-de-cookies","status":"publish","type":"page","link":"https:\/\/www.palletways.com\/es\/politica-de-cookies\/","title":{"rendered":"Pol\u00edtica de Cookies"},"content":{"rendered":"\t\t<div data-elementor-type=\"wp-page\" data-elementor-id=\"8217\" class=\"elementor elementor-8217\" data-elementor-post-type=\"page\">\n\t\t\t\t<div class=\"elementor-element elementor-element-c93ce84 e-flex e-con-boxed e-con e-parent\" data-id=\"c93ce84\" data-element_type=\"container\" data-settings=\"{&quot;background_background&quot;:&quot;classic&quot;}\">\n\t\t\t\t\t<div class=\"e-con-inner\">\n\t\t\t\t\t<\/div>\n\t\t\t\t<\/div>\n\t\t<div class=\"elementor-element elementor-element-e4222ea e-flex e-con-boxed e-con e-parent\" data-id=\"e4222ea\" data-element_type=\"container\">\n\t\t\t\t\t<div class=\"e-con-inner\">\n\t\t\t\t<div class=\"elementor-element elementor-element-b13e60d elementor-widget elementor-widget-text-editor\" data-id=\"b13e60d\" data-element_type=\"widget\" data-widget_type=\"text-editor.default\">\n\t\t\t\t<div class=\"elementor-widget-container\">\n\t\t\t\t\t\t\t<h1>Politica Sobre Cookies<\/h1><p class=\"cookie-policy-h1\"><span style=\"font-size: 14px; font-weight: normal;\">\u00daltima actualizaci\u00f3n: November 04, 2025<\/span><\/p><h2>\u00bfQu\u00e9 son las cookies?<\/h2><div class=\"cookie-policy-p\"><p>Esta pol\u00edtica de cookies explica qu\u00e9 son las cookies, c\u00f3mo las usamos, los tipos de cookies que usamos (p. ej., la informaci\u00f3n que recopilamos al usar las cookies y c\u00f3mo se usa dicha informaci\u00f3n) y c\u00f3mo gestionar su configuraci\u00f3n de cookies.<\/p><p>Las cookies son archivos de texto peque\u00f1os que se usan para almacenar ciertos elementos de informaci\u00f3n. Se almacenan en su dispositivo cuando se carga un sitio web en su navegador. Estas cookies ayudan a garantizar que el sitio web funcione de manera adecuada, refuerzan la seguridad, ofrecen una experiencia de usuario mejor y analizan el rendimiento para identificar lo que funciona correctamente y lo que necesita mejoras.<\/p><\/div><h3>\u00bfC\u00f3mo usamos las cookies?<\/h3><div class=\"cookie-policy-p\"><p>Como la mayor\u00eda de los servicios en l\u00ednea, nuestro sitio web usa cookies de origen y cookies de terceros para varios prop\u00f3sitos. Las cookies de origen son b\u00e1sicamente necesarias para que el sitio web funcione de manera adecuada; no recopilan ning\u00fan dato personal identificable.<\/p><p>Las cookies de terceros que se usan en nuestro sitio web nos ayudan principalmente a comprender c\u00f3mo responde este; hacen un seguimiento sobre c\u00f3mo interact\u00faa usted con \u00e9l; protegen nuestros servicios; ofrecen publicidad de inter\u00e9s; y mejoran su experiencia de usuario en general, a la vez que optimizan la velocidad de sus interacciones posteriores en nuestro sitio web.<\/p><\/div><h3>Tipos de cookies que usamos<\/h3><div class=\"cky-audit-table-element\"><div><p class=\"text-xl font-semibold mb-2\">Necesaria<\/p><div class=\"cky-category-des\"><p>Las cookies necesarias son cruciales para las funciones b\u00e1sicas del sitio web y el sitio web no funcionar\u00e1 de la forma prevista sin ellas.Estas cookies no almacenan ning\u00fan dato de identificaci\u00f3n personal.<\/p><\/div><div class=\"cky-table-wrapper\"><table class=\"cky-cookie-audit-table\"><thead><tr><th>Cookie<\/th><th>Duration<\/th><th>Description<\/th><\/tr><\/thead><tbody><tr><td>PORTAL<\/td><td>sesi\u00f3n<\/td><td>Description is currently not available.<\/td><\/tr><tr><td>elementor<\/td><td>Nunca caduca<\/td><td>El tema de WordPress del sitio web establece esta cookie. Permite al propietario del sitio web implementar o cambiar el contenido del sitio web en tiempo real.<\/td><\/tr><tr><td>wpEmojiSettingsSupports<\/td><td>sesi\u00f3n<\/td><td>WordPress sets this cookie when a user interacts with emojis on a WordPress site. It helps determine if the user&#8217;s browser can display emojis properly.<\/td><\/tr><tr><td>cookieyes-consent<\/td><td>1 a\u00f1o<\/td><td>CookieYes establece esta cookie para recordar las preferencias de consentimiento de los usuarios, de modo que se respeten sus preferencias en las siguientes visitas a este sitio. No recoge ni almacena ninguna informaci\u00f3n personal sobre los visitantes del sitio.<\/td><\/tr><tr><td>__cf_bm<\/td><td>1 hora<\/td><td>Cloudflare establece la cookie para respaldar Cloudflare Bot Management.<\/td><\/tr><tr><td>VISITOR_PRIVACY_METADATA<\/td><td>6 meses<\/td><td>YouTube sets this cookie to store the user&#8217;s cookie consent state for the current domain.<\/td><\/tr><tr><td>rc::a<\/td><td>Nunca caduca<\/td><td>This cookie is set by the Google recaptcha service to identify bots to protect the website against malicious spam attacks.<\/td><\/tr><tr><td>rc::c<\/td><td>sesi\u00f3n<\/td><td>This cookie is set by the Google recaptcha service to identify bots to protect the website against malicious spam attacks.<\/td><\/tr><\/tbody><\/table><\/div><\/div><div><p class=\"text-xl font-semibold mb-2\">Funcional<\/p><div class=\"cky-category-des\"><p>Las cookies funcionales ayudan a realizar ciertas funcionalidades, como compartir el contenido del sitio web en plataformas de redes sociales, recopilar comentarios y otras caracter\u00edsticas de terceros.<\/p><\/div><div class=\"cky-table-wrapper\"><table class=\"cky-cookie-audit-table\"><thead><tr><th>Cookie<\/th><th>Duration<\/th><th>Description<\/th><\/tr><\/thead><tbody><tr><td>VISITOR_INFO1_LIVE<\/td><td>6 meses<\/td><td>YouTube establece esta cookie para medir el ancho de banda y determinar si el usuario recibe la nueva o la antigua interfaz del reproductor.<\/td><\/tr><tr><td>yt-remote-connected-devices<\/td><td>Nunca caduca<\/td><td>YouTube establece esta cookie para almacenar las preferencias de v\u00eddeo del usuario que utiliza los v\u00eddeos incrustados de YouTube.<\/td><\/tr><tr><td>yt-remote-device-id<\/td><td>Nunca caduca<\/td><td>YouTube establece esta cookie para almacenar las preferencias de v\u00eddeo del usuario que utiliza los v\u00eddeos incrustados de YouTube.<\/td><\/tr><tr><td>ytidb::LAST_RESULT_ENTRY_KEY<\/td><td>Nunca caduca<\/td><td>The cookie ytidb::LAST_RESULT_ENTRY_KEY is used by YouTube to store the last search result entry that was clicked by the user. This information is used to improve the user experience by providing more relevant search results in the future.<\/td><\/tr><tr><td>yt-remote-session-name<\/td><td>sesi\u00f3n<\/td><td>The yt-remote-session-name cookie is used by YouTube to store the user&#8217;s video player preferences using embedded YouTube video.<\/td><\/tr><tr><td>yt-remote-fast-check-period<\/td><td>sesi\u00f3n<\/td><td>The yt-remote-fast-check-period cookie is used by YouTube to store the user&#8217;s video player preferences for embedded YouTube videos.<\/td><\/tr><tr><td>yt-remote-session-app<\/td><td>sesi\u00f3n<\/td><td>The yt-remote-session-app cookie is used by YouTube to store user preferences and information about the interface of the embedded YouTube video player.<\/td><\/tr><tr><td>yt-remote-cast-available<\/td><td>sesi\u00f3n<\/td><td>The yt-remote-cast-available cookie is used to store the user&#8217;s preferences regarding whether casting is available on their YouTube video player.<\/td><\/tr><tr><td>yt-remote-cast-installed<\/td><td>sesi\u00f3n<\/td><td>The yt-remote-cast-installed cookie is used to store the user&#8217;s video player preferences using embedded YouTube video.<\/td><\/tr><\/tbody><\/table><\/div><\/div><div><p class=\"text-xl font-semibold mb-2\">Anal\u00edtica<\/p><div class=\"cky-category-des\"><p>Las cookies anal\u00edticas se utilizan para comprender c\u00f3mo interact\u00faan los visitantes con el sitio web. Estas cookies ayudan a proporcionar informaci\u00f3n sobre m\u00e9tricas el n\u00famero de visitantes, el porcentaje de rebote, la fuente de tr\u00e1fico, etc.<\/p><\/div><div class=\"cky-table-wrapper\"><table class=\"cky-cookie-audit-table\"><thead><tr><th>Cookie<\/th><th>Duration<\/th><th>Description<\/th><\/tr><\/thead><tbody><tr><td>_omappvp<\/td><td>1 a\u00f1o 1 mes 4 d\u00edas<\/td><td>The _omappvp cookie is set to distinguish new and returning users and is used in conjunction with _omappvs cookie.<\/td><\/tr><tr><td>_omappvs<\/td><td>20 minutos<\/td><td>The _omappvs cookie, used in conjunction with the _omappvp cookies, is used to determine if the visitor has visited the website before, or if it is a new visitor.<\/td><\/tr><tr><td>_ga<\/td><td>1 a\u00f1o 1 mes 4 d\u00edas<\/td><td>Google Analytics establece esta cookie para calcular los datos de los visitantes, de las sesiones y de las campa\u00f1as y para hacer un seguimiento del uso del sitio para el informe de an\u00e1lisis del sitio. La cookie almacena la informaci\u00f3n de forma an\u00f3nima y asigna un n\u00famero generado aleatoriamente para reconocer a los visitantes \u00fanicos.<\/td><\/tr><tr><td>_ga_*<\/td><td>1 a\u00f1o 1 mes 4 d\u00edas<\/td><td>Google Analytics sets this cookie to store and count page views.<\/td><\/tr><tr><td>YSC<\/td><td>sesi\u00f3n<\/td><td>Youtube establece esta cookie para hacer un seguimiento de las visualizaciones de los v\u00eddeos incrustados en las p\u00e1ginas de Youtube.<\/td><\/tr><\/tbody><\/table><\/div><\/div><div><p class=\"text-xl font-semibold mb-2\">Anuncio<\/p><div class=\"cky-category-des\"><p>Las cookies publicitarias se utilizan para entregar a los visitantes anuncios personalizados basados \u200b\u200ben las p\u00e1ginas que visitaron antes y analizar la efectividad de la campa\u00f1a publicitaria.<\/p><\/div><div class=\"cky-table-wrapper\"><table class=\"cky-cookie-audit-table\"><thead><tr><th>Cookie<\/th><th>Duration<\/th><th>Description<\/th><\/tr><\/thead><tbody><tr><td>__Secure-ROLLOUT_TOKEN<\/td><td>6 meses<\/td><td>Description is currently not available.<\/td><\/tr><tr><td>__Secure-YEC<\/td><td>Caducada<\/td><td>Description is currently not available.<\/td><\/tr><tr><td>yt.innertube::nextId<\/td><td>Nunca caduca<\/td><td>YouTube establece esta cookie para registrar un ID \u00fanico para almacenar datos sobre los v\u00eddeos de YouTube que el usuario ha visto.<\/td><\/tr><tr><td>yt.innertube::requests<\/td><td>Nunca caduca<\/td><td>YouTube establece esta cookie para registrar un ID \u00fanico para almacenar datos sobre los v\u00eddeos de YouTube que el usuario ha visto.<\/td><\/tr><\/tbody><\/table><\/div><\/div><\/div><h2>Gestionar preferencias de cookies<\/h2><p><a class=\"cky-banner-element\">Preferencias de consentimiento<\/a><\/p><div><p>Podr\u00e1 modificar su configuraci\u00f3n de cookies en cualquier momento al hacer clic en el bot\u00f3n Preferencias de consentimiento, situado en la parte superior. Esta opci\u00f3n le permitir\u00e1 volver a visitar el banner de consentimiento de cookies y actualizar sus preferencias, o bien retirar su consentimiento de inmediato.<\/p><p>Asimismo, los diferentes navegadores ofrecen varios m\u00e9todos para bloquear y eliminar cookies que usan los sitios web. Puede modificar los ajustes de su navegador para bloquear o eliminar cookies. A continuaci\u00f3n, ver\u00e1 enlaces de documentos de ayuda para saber c\u00f3mo gestionar y eliminar cookies en los principales navegadores web.<\/p><p>Chrome:\u00a0<a href=\"https:\/\/support.google.com\/accounts\/answer\/32050\" target=\"_blank\" rel=\"noopener noreferrer\">https:\/\/support.google.com\/accounts\/answer\/32050<\/a><\/p><p>Safari:\u00a0<a href=\"https:\/\/support.apple.com\/en-in\/guide\/safari\/sfri11471\/mac\" target=\"_blank\" rel=\"noopener noreferrer\">https:\/\/support.apple.com\/en-in\/guide\/safari\/sfri11471\/mac<\/a><\/p><p>Firefox:\u00a0<a href=\"https:\/\/support.mozilla.org\/en-US\/kb\/clear-cookies-and-site-data-firefox?redirectslug=delete-cookies-remove-info-websites-stored&amp;redirectlocale=en-US\" target=\"_blank\" rel=\"noopener noreferrer\">https:\/\/support.mozilla.org\/en-US\/kb\/clear-cookies-and-site-data-firefox?redirectslug=delete-cookies-remove-info-websites-stored&amp;redirectlocale=en-US<\/a><\/p><p>Internet Explorer:\u00a0<a href=\"https:\/\/support.microsoft.com\/en-us\/topic\/how-to-delete-cookie-files-in-internet-explorer-bca9446f-d873-78de-77ba-d42645fa52fc\" target=\"_blank\" rel=\"noopener noreferrer\">https:\/\/support.microsoft.com\/en-us\/topic\/how-to-delete-cookie-files-in-internet-explorer-bca9446f-d873-78de-77ba-d42645fa52fc<\/a><\/p><p>Si usa otro navegador web, consulte la documentaci\u00f3n de ayuda oficial de este.<\/p><\/div><p class=\"cookie-policy-p\">CookieYes ha generado esta pol\u00edtica de\u00a0<a href=\"https:\/\/www.cookieyes.com\/?utm_source=CP&amp;utm_medium=footer&amp;utm_campaign=UW\" target=\"_blank\" rel=\"noopener noreferrer\">cookies &#8211; generador de pol\u00edticas de cookies<\/a><\/p><p>Si tiene alguna pregunta o duda sobre esta pol\u00edtica o sobre nuestro uso de las cookies, cont\u00e1ctenos en\u00a0<a href=\"mailto:data_protection@palletways.com\">data_protection@palletways.com<\/a>.<\/p>\t\t\t\t\t\t<\/div>\n\t\t\t\t<\/div>\n\t\t\t\t\t<\/div>\n\t\t\t\t<\/div>\n\t\t\t\t<\/div>\n\t\t","protected":false},"excerpt":{"rendered":"<p>Politica Sobre Cookies \u00daltima actualizaci\u00f3n: November 04, 2025 \u00bfQu\u00e9 son las cookies? Esta pol\u00edtica de cookies explica qu\u00e9 son las cookies, c\u00f3mo las usamos, los tipos de cookies que usamos (p. ej., la informaci\u00f3n que recopilamos al usar las cookies y c\u00f3mo se usa dicha informaci\u00f3n) y c\u00f3mo gestionar su configuraci\u00f3n de cookies. Las cookies&hellip;<\/p>\n","protected":false},"author":3,"featured_media":0,"parent":0,"menu_order":0,"comment_status":"closed","ping_status":"closed","template":"","meta":{"om_disable_all_campaigns":false,"footnotes":""},"class_list":["post-8217","page","type-page","status-publish","hentry"],"yoast_head":"<!-- This site is optimized with the Yoast SEO Premium plugin v24.2 (Yoast SEO v24.2) - https:\/\/yoast.com\/wordpress\/plugins\/seo\/ -->\n<title>Pol\u00edtica de Cookies | Palletways Iberia<\/title>\n<meta name=\"description\" content=\"Aqu\u00ed encontrar\u00e1s la Pol\u00edtica de Cookies de Palletways; si tienes alguna duda o problema sobre las cookies que rastreamos, ponte en contacto con un miembro de nuestro equipo.\" \/>\n<meta name=\"robots\" content=\"index, follow, max-snippet:-1, max-image-preview:large, max-video-preview:-1\" \/>\n<link rel=\"canonical\" href=\"https:\/\/www.palletways.com\/es\/politica-de-cookies\/\" \/>\n<meta property=\"og:locale\" content=\"es_ES\" \/>\n<meta property=\"og:type\" content=\"article\" \/>\n<meta property=\"og:title\" content=\"Pol\u00edtica de Cookies\" \/>\n<meta property=\"og:description\" content=\"Aqu\u00ed encontrar\u00e1s la Pol\u00edtica de Cookies de Palletways; si tienes alguna duda o problema sobre las cookies que rastreamos, ponte en contacto con un miembro de nuestro equipo.\" \/>\n<meta property=\"og:url\" content=\"https:\/\/www.palletways.com\/es\/politica-de-cookies\/\" \/>\n<meta property=\"og:site_name\" content=\"Palletways Iberia\" \/>\n<meta property=\"article:publisher\" content=\"https:\/\/www.facebook.com\/PalletwaysIberia\" \/>\n<meta property=\"article:modified_time\" content=\"2026-02-12T15:41:22+00:00\" \/>\n<meta name=\"twitter:card\" content=\"summary_large_image\" \/>\n<meta name=\"twitter:site\" content=\"@Palletways_IB\" \/>\n<meta name=\"twitter:label1\" content=\"Tiempo de lectura\" \/>\n\t<meta name=\"twitter:data1\" content=\"6 minutos\" \/>\n<script type=\"application\/ld+json\" class=\"yoast-schema-graph\">{\"@context\":\"https:\/\/schema.org\",\"@graph\":[{\"@type\":\"WebPage\",\"@id\":\"https:\/\/www.palletways.com\/es\/politica-de-cookies\/\",\"url\":\"https:\/\/www.palletways.com\/es\/politica-de-cookies\/\",\"name\":\"Pol\u00edtica de Cookies | Palletways Iberia\",\"isPartOf\":{\"@id\":\"https:\/\/www.palletways.com\/es\/#website\"},\"datePublished\":\"2024-12-10T16:52:43+00:00\",\"dateModified\":\"2026-02-12T15:41:22+00:00\",\"description\":\"Aqu\u00ed encontrar\u00e1s la Pol\u00edtica de Cookies de Palletways; si tienes alguna duda o problema sobre las cookies que rastreamos, ponte en contacto con un miembro de nuestro equipo.\",\"breadcrumb\":{\"@id\":\"https:\/\/www.palletways.com\/es\/politica-de-cookies\/#breadcrumb\"},\"inLanguage\":\"es\",\"potentialAction\":[{\"@type\":\"ReadAction\",\"target\":[\"https:\/\/www.palletways.com\/es\/politica-de-cookies\/\"]}]},{\"@type\":\"BreadcrumbList\",\"@id\":\"https:\/\/www.palletways.com\/es\/politica-de-cookies\/#breadcrumb\",\"itemListElement\":[{\"@type\":\"ListItem\",\"position\":1,\"name\":\"Home\",\"item\":\"https:\/\/www.palletways.com\/es\/\"},{\"@type\":\"ListItem\",\"position\":2,\"name\":\"Pol\u00edtica de Cookies\"}]},{\"@type\":\"WebSite\",\"@id\":\"https:\/\/www.palletways.com\/es\/#website\",\"url\":\"https:\/\/www.palletways.com\/es\/\",\"name\":\"Palletways Iberia\",\"description\":\"La red de entrega de pal\u00e9s m\u00e1s confiable de Europa\",\"publisher\":{\"@id\":\"https:\/\/www.palletways.com\/es\/#organization\"},\"potentialAction\":[{\"@type\":\"SearchAction\",\"target\":{\"@type\":\"EntryPoint\",\"urlTemplate\":\"https:\/\/www.palletways.com\/es\/?s={search_term_string}\"},\"query-input\":{\"@type\":\"PropertyValueSpecification\",\"valueRequired\":true,\"valueName\":\"search_term_string\"}}],\"inLanguage\":\"es\"},{\"@type\":\"Organization\",\"@id\":\"https:\/\/www.palletways.com\/es\/#organization\",\"name\":\"Palletways Iberia\",\"url\":\"https:\/\/www.palletways.com\/es\/\",\"logo\":{\"@type\":\"ImageObject\",\"inLanguage\":\"es\",\"@id\":\"https:\/\/www.palletways.com\/es\/#\/schema\/logo\/image\/\",\"url\":\"https:\/\/www.palletways.com\/es\/wp-content\/uploads\/sites\/4\/2024\/10\/pw_we-deliver-4-col.jpg\",\"contentUrl\":\"https:\/\/www.palletways.com\/es\/wp-content\/uploads\/sites\/4\/2024\/10\/pw_we-deliver-4-col.jpg\",\"width\":2115,\"height\":694,\"caption\":\"Palletways Iberia\"},\"image\":{\"@id\":\"https:\/\/www.palletways.com\/es\/#\/schema\/logo\/image\/\"},\"sameAs\":[\"https:\/\/www.facebook.com\/PalletwaysIberia\",\"https:\/\/x.com\/Palletways_IB\",\"https:\/\/www.linkedin.com\/company\/palletways-iberia\/\"]}]}<\/script>\n<!-- \/ Yoast SEO Premium plugin. -->","yoast_head_json":{"title":"Pol\u00edtica de Cookies | Palletways Iberia","description":"Aqu\u00ed encontrar\u00e1s la Pol\u00edtica de Cookies de Palletways; si tienes alguna duda o problema sobre las cookies que rastreamos, ponte en contacto con un miembro de nuestro equipo.","robots":{"index":"index","follow":"follow","max-snippet":"max-snippet:-1","max-image-preview":"max-image-preview:large","max-video-preview":"max-video-preview:-1"},"canonical":"https:\/\/www.palletways.com\/es\/politica-de-cookies\/","og_locale":"es_ES","og_type":"article","og_title":"Pol\u00edtica de Cookies","og_description":"Aqu\u00ed encontrar\u00e1s la Pol\u00edtica de Cookies de Palletways; si tienes alguna duda o problema sobre las cookies que rastreamos, ponte en contacto con un miembro de nuestro equipo.","og_url":"https:\/\/www.palletways.com\/es\/politica-de-cookies\/","og_site_name":"Palletways Iberia","article_publisher":"https:\/\/www.facebook.com\/PalletwaysIberia","article_modified_time":"2026-02-12T15:41:22+00:00","twitter_card":"summary_large_image","twitter_site":"@Palletways_IB","twitter_misc":{"Tiempo de lectura":"6 minutos"},"schema":{"@context":"https:\/\/schema.org","@graph":[{"@type":"WebPage","@id":"https:\/\/www.palletways.com\/es\/politica-de-cookies\/","url":"https:\/\/www.palletways.com\/es\/politica-de-cookies\/","name":"Pol\u00edtica de Cookies | Palletways Iberia","isPartOf":{"@id":"https:\/\/www.palletways.com\/es\/#website"},"datePublished":"2024-12-10T16:52:43+00:00","dateModified":"2026-02-12T15:41:22+00:00","description":"Aqu\u00ed encontrar\u00e1s la Pol\u00edtica de Cookies de Palletways; si tienes alguna duda o problema sobre las cookies que rastreamos, ponte en contacto con un miembro de nuestro equipo.","breadcrumb":{"@id":"https:\/\/www.palletways.com\/es\/politica-de-cookies\/#breadcrumb"},"inLanguage":"es","potentialAction":[{"@type":"ReadAction","target":["https:\/\/www.palletways.com\/es\/politica-de-cookies\/"]}]},{"@type":"BreadcrumbList","@id":"https:\/\/www.palletways.com\/es\/politica-de-cookies\/#breadcrumb","itemListElement":[{"@type":"ListItem","position":1,"name":"Home","item":"https:\/\/www.palletways.com\/es\/"},{"@type":"ListItem","position":2,"name":"Pol\u00edtica de Cookies"}]},{"@type":"WebSite","@id":"https:\/\/www.palletways.com\/es\/#website","url":"https:\/\/www.palletways.com\/es\/","name":"Palletways Iberia","description":"La red de entrega de pal\u00e9s m\u00e1s confiable de Europa","publisher":{"@id":"https:\/\/www.palletways.com\/es\/#organization"},"potentialAction":[{"@type":"SearchAction","target":{"@type":"EntryPoint","urlTemplate":"https:\/\/www.palletways.com\/es\/?s={search_term_string}"},"query-input":{"@type":"PropertyValueSpecification","valueRequired":true,"valueName":"search_term_string"}}],"inLanguage":"es"},{"@type":"Organization","@id":"https:\/\/www.palletways.com\/es\/#organization","name":"Palletways Iberia","url":"https:\/\/www.palletways.com\/es\/","logo":{"@type":"ImageObject","inLanguage":"es","@id":"https:\/\/www.palletways.com\/es\/#\/schema\/logo\/image\/","url":"https:\/\/www.palletways.com\/es\/wp-content\/uploads\/sites\/4\/2024\/10\/pw_we-deliver-4-col.jpg","contentUrl":"https:\/\/www.palletways.com\/es\/wp-content\/uploads\/sites\/4\/2024\/10\/pw_we-deliver-4-col.jpg","width":2115,"height":694,"caption":"Palletways Iberia"},"image":{"@id":"https:\/\/www.palletways.com\/es\/#\/schema\/logo\/image\/"},"sameAs":["https:\/\/www.facebook.com\/PalletwaysIberia","https:\/\/x.com\/Palletways_IB","https:\/\/www.linkedin.com\/company\/palletways-iberia\/"]}]}},"_links":{"self":[{"href":"https:\/\/www.palletways.com\/es\/wp-json\/wp\/v2\/pages\/8217","targetHints":{"allow":["GET"]}}],"collection":[{"href":"https:\/\/www.palletways.com\/es\/wp-json\/wp\/v2\/pages"}],"about":[{"href":"https:\/\/www.palletways.com\/es\/wp-json\/wp\/v2\/types\/page"}],"author":[{"embeddable":true,"href":"https:\/\/www.palletways.com\/es\/wp-json\/wp\/v2\/users\/3"}],"replies":[{"embeddable":true,"href":"https:\/\/www.palletways.com\/es\/wp-json\/wp\/v2\/comments?post=8217"}],"version-history":[{"count":17,"href":"https:\/\/www.palletways.com\/es\/wp-json\/wp\/v2\/pages\/8217\/revisions"}],"predecessor-version":[{"id":9708,"href":"https:\/\/www.palletways.com\/es\/wp-json\/wp\/v2\/pages\/8217\/revisions\/9708"}],"wp:attachment":[{"href":"https:\/\/www.palletways.com\/es\/wp-json\/wp\/v2\/media?parent=8217"}],"curies":[{"name":"wp","href":"https:\/\/api.w.org\/{rel}","templated":true}]}}