{"id":2,"date":"2024-10-15T11:15:41","date_gmt":"2024-10-15T11:15:41","guid":{"rendered":"https:\/\/www.palletways.com\/es\/?page_id=2"},"modified":"2025-07-15T10:18:26","modified_gmt":"2025-07-15T10:18:26","slug":"carrera-profesional","status":"publish","type":"page","link":"https:\/\/www.palletways.com\/es\/carrera-profesional\/","title":{"rendered":"Carrera"},"content":{"rendered":"\t\t<div data-elementor-type=\"wp-page\" data-elementor-id=\"2\" class=\"elementor elementor-2\" data-elementor-post-type=\"page\">\n\t\t\t\t<div class=\"elementor-element elementor-element-d9e5ba5 e-flex e-con-boxed e-con e-parent\" data-id=\"d9e5ba5\" data-element_type=\"container\">\n\t\t\t\t\t<div class=\"e-con-inner\">\n\t\t\t\t<div class=\"elementor-element elementor-element-83be5e2 elementor-widget elementor-widget-text-editor\" data-id=\"83be5e2\" data-element_type=\"widget\" data-widget_type=\"text-editor.default\">\n\t\t\t\t<div class=\"elementor-widget-container\">\n\t\t\t\t\t\t\t<h1><span style=\"color: #003875\"><strong>El equipo de Palletways es \u00fanico<\/strong><\/span><\/h1><p>Nuestro equipo es la clave de nuestro \u00e9xito. Gracias a su entusiasmo y profesionalidad, hemos logrado convertirnos en la red l\u00edder de distribuci\u00f3n de pallets en Europa. Totalmente comprometidos y enfocados a ofrecer un servicio al cliente excepcional, se aseguran de que nuestra red cumpla con las expectativas de clientes y miembros en todo momento.<\/p><h4><span style=\"color: #003875\"><strong>Igualdad de Oportunidades<\/strong><\/span><\/h4><p>Nuestra gente es lo que somos, lo que representamos y, en definitiva, c\u00f3mo trabajamos. Con el compromiso de crear un entorno laboral justo y diverso, nos aseguramos de que cada solicitante sea tratado por igual, sin importar su raza, color, origen \u00e9tnico o nacional, creencias religiosas, opiniones o afiliaciones pol\u00edticas, sexo, estado civil, orientaci\u00f3n sexual, cambio de g\u00e9nero, edad o discapacidad.<\/p><h5><em>No se aceptan CV de agencias de empleo y trabajo temporal.<\/em><\/h5>\t\t\t\t\t\t<\/div>\n\t\t\t\t<\/div>\n\t\t\t\t\t<\/div>\n\t\t\t\t<\/div>\n\t\t<div class=\"elementor-element elementor-element-9d24c50 e-flex e-con-boxed e-con e-parent\" data-id=\"9d24c50\" data-element_type=\"container\">\n\t\t\t\t\t<div class=\"e-con-inner\">\n\t\t<div class=\"elementor-element elementor-element-3bbed7d e-flex e-con-boxed e-con e-child\" data-id=\"3bbed7d\" data-element_type=\"container\">\n\t\t\t\t\t<div class=\"e-con-inner\">\n\t\t\t\t<div class=\"elementor-element elementor-element-7ef5e03 elementor-widget elementor-widget-text-editor\" data-id=\"7ef5e03\" data-element_type=\"widget\" data-widget_type=\"text-editor.default\">\n\t\t\t\t<div class=\"elementor-widget-container\">\n\t\t\t\t\t\t\t<p><span style=\"color: #003875;\"><strong>Nuestro mayor activo es nuestro equipo<\/strong><\/span><\/p><p>Reconociendo el papel esencial de nuestros empleados, entendemos la importancia de fomentar su desarrollo y ayudarles a alcanzar su m\u00e1ximo potencial. Estamos comprometidos en atraer, formar y retener a las personas talentosas que son clave para asegurar que nuestra actividad de distribuci\u00f3n de pallets contin\u00fae siendo la m\u00e1s destacada en el mercado.<\/p>\t\t\t\t\t\t<\/div>\n\t\t\t\t<\/div>\n\t\t\t\t\t<\/div>\n\t\t\t\t<\/div>\n\t\t\t\t\t<\/div>\n\t\t\t\t<\/div>\n\t\t<div class=\"elementor-element elementor-element-5265e41 e-flex e-con-boxed e-con e-parent\" data-id=\"5265e41\" data-element_type=\"container\">\n\t\t\t\t\t<div class=\"e-con-inner\">\n\t\t\t\t<div class=\"elementor-element elementor-element-4abb8e7 elementor-widget elementor-widget-heading\" data-id=\"4abb8e7\" data-element_type=\"widget\" data-widget_type=\"heading.default\">\n\t\t\t\t<div class=\"elementor-widget-container\">\n\t\t\t<h2 class=\"elementor-heading-title elementor-size-default\">Vacantes en Iberia <\/h2>\t\t<\/div>\n\t\t\t\t<\/div>\n\t\t\t\t\t<\/div>\n\t\t\t\t<\/div>\n\t\t<div class=\"elementor-element elementor-element-c4cec12 e-flex e-con-boxed e-con e-parent\" data-id=\"c4cec12\" data-element_type=\"container\">\n\t\t\t\t\t<div class=\"e-con-inner\">\n\t\t\t\t<div class=\"elementor-element elementor-element-4ef3481 elementor-widget elementor-widget-text-editor\" data-id=\"4ef3481\" data-element_type=\"widget\" data-widget_type=\"text-editor.default\">\n\t\t\t\t<div class=\"elementor-widget-container\">\n\t\t\t\t\t\t\t<p>Actualmente no hay vacantes para mostrar.<\/p>\t\t\t\t\t\t<\/div>\n\t\t\t\t<\/div>\n\t\t\t\t\t<\/div>\n\t\t\t\t<\/div>\n\t\t<div class=\"elementor-element elementor-element-c11fb9f e-flex e-con-boxed e-con e-parent\" data-id=\"c11fb9f\" data-element_type=\"container\">\n\t\t\t\t\t<div class=\"e-con-inner\">\n\t\t\t\t<div class=\"elementor-element elementor-element-0fb9b58 elementor-widget elementor-widget-heading\" data-id=\"0fb9b58\" data-element_type=\"widget\" data-widget_type=\"heading.default\">\n\t\t\t\t<div class=\"elementor-widget-container\">\n\t\t\t<h2 class=\"elementor-heading-title elementor-size-default\">Vacantes actuales en nuestras redes regionales<\/h2>\t\t<\/div>\n\t\t\t\t<\/div>\n\t\t\t\t\t<\/div>\n\t\t\t\t<\/div>\n\t\t<div class=\"elementor-element elementor-element-6ce2e9d e-grid e-con-boxed e-con e-parent\" data-id=\"6ce2e9d\" data-element_type=\"container\">\n\t\t\t\t\t<div class=\"e-con-inner\">\n\t\t\t\t<div class=\"elementor-element elementor-element-c339712 elementor-widget elementor-widget-image\" data-id=\"c339712\" data-element_type=\"widget\" data-widget_type=\"image.default\">\n\t\t\t\t<div class=\"elementor-widget-container\">\n\t\t\t\t\t\t\t\t\t\t\t\t\t\t<a href=\"https:\/\/www.palletways.com\/it\/\">\n\t\t\t\t\t\t\t<img fetchpriority=\"high\" decoding=\"async\" width=\"751\" height=\"500\" src=\"https:\/\/www.palletways.com\/es\/wp-content\/uploads\/sites\/4\/2024\/12\/Flags_Careers_Italy_Flag.jpg\" class=\"elementor-animation-grow attachment-large size-large wp-image-8162\" alt=\"\" srcset=\"https:\/\/www.palletways.com\/es\/wp-content\/uploads\/sites\/4\/2024\/12\/Flags_Careers_Italy_Flag.jpg 751w, https:\/\/www.palletways.com\/es\/wp-content\/uploads\/sites\/4\/2024\/12\/Flags_Careers_Italy_Flag-300x200.jpg 300w\" sizes=\"(max-width: 751px) 100vw, 751px\" \/>\t\t\t\t\t\t\t\t<\/a>\n\t\t\t\t\t\t\t\t\t\t\t\t\t<\/div>\n\t\t\t\t<\/div>\n\t\t\t\t<div class=\"elementor-element elementor-element-d3bd659 elementor-widget elementor-widget-image\" data-id=\"d3bd659\" data-element_type=\"widget\" data-widget_type=\"image.default\">\n\t\t\t\t<div class=\"elementor-widget-container\">\n\t\t\t\t\t\t\t\t\t\t\t\t\t\t<a href=\"https:\/\/www.palletways.com\/de\/\">\n\t\t\t\t\t\t\t<img decoding=\"async\" width=\"751\" height=\"500\" src=\"https:\/\/www.palletways.com\/es\/wp-content\/uploads\/sites\/4\/2024\/12\/Flags_Careers_Germany_Flag.jpg\" class=\"elementor-animation-grow attachment-large size-large wp-image-8159\" alt=\"\" srcset=\"https:\/\/www.palletways.com\/es\/wp-content\/uploads\/sites\/4\/2024\/12\/Flags_Careers_Germany_Flag.jpg 751w, https:\/\/www.palletways.com\/es\/wp-content\/uploads\/sites\/4\/2024\/12\/Flags_Careers_Germany_Flag-300x200.jpg 300w\" sizes=\"(max-width: 751px) 100vw, 751px\" \/>\t\t\t\t\t\t\t\t<\/a>\n\t\t\t\t\t\t\t\t\t\t\t\t\t<\/div>\n\t\t\t\t<\/div>\n\t\t\t\t<div class=\"elementor-element elementor-element-2a97bfe elementor-widget elementor-widget-image\" data-id=\"2a97bfe\" data-element_type=\"widget\" data-widget_type=\"image.default\">\n\t\t\t\t<div class=\"elementor-widget-container\">\n\t\t\t\t\t\t\t\t\t\t\t\t\t\t<a href=\"https:\/\/www.palletways.com\/\">\n\t\t\t\t\t\t\t<img decoding=\"async\" width=\"751\" height=\"500\" src=\"https:\/\/www.palletways.com\/es\/wp-content\/uploads\/sites\/4\/2025\/01\/Flags_Careers_UnitedKingdom_Flag.jpg\" class=\"elementor-animation-grow attachment-large size-large wp-image-8377\" alt=\"\" srcset=\"https:\/\/www.palletways.com\/es\/wp-content\/uploads\/sites\/4\/2025\/01\/Flags_Careers_UnitedKingdom_Flag.jpg 751w, https:\/\/www.palletways.com\/es\/wp-content\/uploads\/sites\/4\/2025\/01\/Flags_Careers_UnitedKingdom_Flag-300x200.jpg 300w\" sizes=\"(max-width: 751px) 100vw, 751px\" \/>\t\t\t\t\t\t\t\t<\/a>\n\t\t\t\t\t\t\t\t\t\t\t\t\t<\/div>\n\t\t\t\t<\/div>\n\t\t\t\t<div class=\"elementor-element elementor-element-7c039b5 elementor-widget elementor-widget-image\" data-id=\"7c039b5\" data-element_type=\"widget\" data-widget_type=\"image.default\">\n\t\t\t\t<div class=\"elementor-widget-container\">\n\t\t\t\t\t\t\t\t\t\t\t\t\t\t<a href=\"https:\/\/www.palletways.com\/nl\/\">\n\t\t\t\t\t\t\t<img loading=\"lazy\" decoding=\"async\" width=\"751\" height=\"500\" src=\"https:\/\/www.palletways.com\/es\/wp-content\/uploads\/sites\/4\/2024\/12\/Flags_Careers_Netherlands_Flag.jpg\" class=\"elementor-animation-grow attachment-large size-large wp-image-8163\" alt=\"\" srcset=\"https:\/\/www.palletways.com\/es\/wp-content\/uploads\/sites\/4\/2024\/12\/Flags_Careers_Netherlands_Flag.jpg 751w, https:\/\/www.palletways.com\/es\/wp-content\/uploads\/sites\/4\/2024\/12\/Flags_Careers_Netherlands_Flag-300x200.jpg 300w\" sizes=\"(max-width: 751px) 100vw, 751px\" \/>\t\t\t\t\t\t\t\t<\/a>\n\t\t\t\t\t\t\t\t\t\t\t\t\t<\/div>\n\t\t\t\t<\/div>\n\t\t\t\t<div class=\"elementor-element elementor-element-e58d8f2 elementor-widget elementor-widget-image\" data-id=\"e58d8f2\" data-element_type=\"widget\" data-widget_type=\"image.default\">\n\t\t\t\t<div class=\"elementor-widget-container\">\n\t\t\t\t\t\t\t\t\t\t\t\t\t\t<a href=\"https:\/\/www.palletways.com\/hu\/\">\n\t\t\t\t\t\t\t<img loading=\"lazy\" decoding=\"async\" width=\"751\" height=\"500\" src=\"https:\/\/www.palletways.com\/es\/wp-content\/uploads\/sites\/4\/2024\/12\/Flags_Careers_Hungary_Flag.jpg\" class=\"elementor-animation-grow attachment-large size-large wp-image-8160\" alt=\"\" srcset=\"https:\/\/www.palletways.com\/es\/wp-content\/uploads\/sites\/4\/2024\/12\/Flags_Careers_Hungary_Flag.jpg 751w, https:\/\/www.palletways.com\/es\/wp-content\/uploads\/sites\/4\/2024\/12\/Flags_Careers_Hungary_Flag-300x200.jpg 300w\" sizes=\"(max-width: 751px) 100vw, 751px\" \/>\t\t\t\t\t\t\t\t<\/a>\n\t\t\t\t\t\t\t\t\t\t\t\t\t<\/div>\n\t\t\t\t<\/div>\n\t\t\t\t\t<\/div>\n\t\t\t\t<\/div>\n\t\t<div class=\"elementor-element elementor-element-6cd9a51 e-flex e-con-boxed e-con e-parent\" data-id=\"6cd9a51\" data-element_type=\"container\">\n\t\t\t\t\t<div class=\"e-con-inner\">\n\t\t\t\t<div class=\"elementor-element elementor-element-2e7942a elementor-widget elementor-widget-spacer\" data-id=\"2e7942a\" data-element_type=\"widget\" data-widget_type=\"spacer.default\">\n\t\t\t\t<div class=\"elementor-widget-container\">\n\t\t\t\t\t<div class=\"elementor-spacer\">\n\t\t\t<div class=\"elementor-spacer-inner\"><\/div>\n\t\t<\/div>\n\t\t\t\t<\/div>\n\t\t\t\t<\/div>\n\t\t\t\t\t<\/div>\n\t\t\t\t<\/div>\n\t\t\t\t<\/div>\n\t\t","protected":false},"excerpt":{"rendered":"<p>El equipo de Palletways es \u00fanico Nuestro equipo es la clave de nuestro \u00e9xito. Gracias a su entusiasmo y profesionalidad, hemos logrado convertirnos en la red l\u00edder de distribuci\u00f3n de pallets en Europa. Totalmente comprometidos y enfocados a ofrecer un servicio al cliente excepcional, se aseguran de que nuestra red cumpla con las expectativas de&hellip;<\/p>\n","protected":false},"author":1,"featured_media":9496,"parent":0,"menu_order":0,"comment_status":"closed","ping_status":"closed","template":"","meta":{"om_disable_all_campaigns":false,"footnotes":""},"class_list":["post-2","page","type-page","status-publish","has-post-thumbnail","hentry"],"yoast_head":"<!-- This site is optimized with the Yoast SEO Premium plugin v24.2 (Yoast SEO v24.2) - https:\/\/yoast.com\/wordpress\/plugins\/seo\/ -->\n<title>Trabaja con Nosotros | Palletways Iberia<\/title>\n<meta name=\"description\" content=\"En Palletways trabajamos para atraer, formar y retener a las personas talentosas que son clave para asegurar la calidad en nuestro servicio\" \/>\n<meta name=\"robots\" content=\"index, follow, max-snippet:-1, max-image-preview:large, max-video-preview:-1\" \/>\n<link rel=\"canonical\" href=\"https:\/\/www.palletways.com\/es\/carrera-profesional\/\" \/>\n<meta property=\"og:locale\" content=\"es_ES\" \/>\n<meta property=\"og:type\" content=\"article\" \/>\n<meta property=\"og:title\" content=\"Carrera\" \/>\n<meta property=\"og:description\" content=\"En Palletways trabajamos para atraer, formar y retener a las personas talentosas que son clave para asegurar la calidad en nuestro servicio\" \/>\n<meta property=\"og:url\" content=\"https:\/\/www.palletways.com\/es\/carrera-profesional\/\" \/>\n<meta property=\"og:site_name\" content=\"Palletways Iberia\" \/>\n<meta property=\"article:publisher\" content=\"https:\/\/www.facebook.com\/PalletwaysIberia\" \/>\n<meta property=\"article:modified_time\" content=\"2025-07-15T10:18:26+00:00\" \/>\n<meta property=\"og:image\" content=\"https:\/\/www.palletways.com\/es\/wp-content\/uploads\/sites\/4\/2025\/07\/Trabaja-con-nosotros-Palletways-Iberia.png\" \/>\n\t<meta property=\"og:image:width\" content=\"1600\" \/>\n\t<meta property=\"og:image:height\" content=\"900\" \/>\n\t<meta property=\"og:image:type\" content=\"image\/png\" \/>\n<meta name=\"twitter:card\" content=\"summary_large_image\" \/>\n<meta name=\"twitter:site\" content=\"@Palletways_IB\" \/>\n<meta name=\"twitter:label1\" content=\"Tiempo de lectura\" \/>\n\t<meta name=\"twitter:data1\" content=\"3 minutos\" \/>\n<script type=\"application\/ld+json\" class=\"yoast-schema-graph\">{\"@context\":\"https:\/\/schema.org\",\"@graph\":[{\"@type\":\"WebPage\",\"@id\":\"https:\/\/www.palletways.com\/es\/carrera-profesional\/\",\"url\":\"https:\/\/www.palletways.com\/es\/carrera-profesional\/\",\"name\":\"Trabaja con Nosotros | Palletways Iberia\",\"isPartOf\":{\"@id\":\"https:\/\/www.palletways.com\/es\/#website\"},\"primaryImageOfPage\":{\"@id\":\"https:\/\/www.palletways.com\/es\/carrera-profesional\/#primaryimage\"},\"image\":{\"@id\":\"https:\/\/www.palletways.com\/es\/carrera-profesional\/#primaryimage\"},\"thumbnailUrl\":\"https:\/\/www.palletways.com\/es\/wp-content\/uploads\/sites\/4\/2025\/07\/Trabaja-con-nosotros-Palletways-Iberia.png\",\"datePublished\":\"2024-10-15T11:15:41+00:00\",\"dateModified\":\"2025-07-15T10:18:26+00:00\",\"description\":\"En Palletways trabajamos para atraer, formar y retener a las personas talentosas que son clave para asegurar la calidad en nuestro servicio\",\"breadcrumb\":{\"@id\":\"https:\/\/www.palletways.com\/es\/carrera-profesional\/#breadcrumb\"},\"inLanguage\":\"es\",\"potentialAction\":[{\"@type\":\"ReadAction\",\"target\":[\"https:\/\/www.palletways.com\/es\/carrera-profesional\/\"]}]},{\"@type\":\"ImageObject\",\"inLanguage\":\"es\",\"@id\":\"https:\/\/www.palletways.com\/es\/carrera-profesional\/#primaryimage\",\"url\":\"https:\/\/www.palletways.com\/es\/wp-content\/uploads\/sites\/4\/2025\/07\/Trabaja-con-nosotros-Palletways-Iberia.png\",\"contentUrl\":\"https:\/\/www.palletways.com\/es\/wp-content\/uploads\/sites\/4\/2025\/07\/Trabaja-con-nosotros-Palletways-Iberia.png\",\"width\":1600,\"height\":900,\"caption\":\"Trabaja con nosotros Palletways Iberia\"},{\"@type\":\"BreadcrumbList\",\"@id\":\"https:\/\/www.palletways.com\/es\/carrera-profesional\/#breadcrumb\",\"itemListElement\":[{\"@type\":\"ListItem\",\"position\":1,\"name\":\"Home\",\"item\":\"https:\/\/www.palletways.com\/es\/\"},{\"@type\":\"ListItem\",\"position\":2,\"name\":\"Carrera\"}]},{\"@type\":\"WebSite\",\"@id\":\"https:\/\/www.palletways.com\/es\/#website\",\"url\":\"https:\/\/www.palletways.com\/es\/\",\"name\":\"Palletways Iberia\",\"description\":\"La red de entrega de pal\u00e9s m\u00e1s confiable de Europa\",\"publisher\":{\"@id\":\"https:\/\/www.palletways.com\/es\/#organization\"},\"potentialAction\":[{\"@type\":\"SearchAction\",\"target\":{\"@type\":\"EntryPoint\",\"urlTemplate\":\"https:\/\/www.palletways.com\/es\/?s={search_term_string}\"},\"query-input\":{\"@type\":\"PropertyValueSpecification\",\"valueRequired\":true,\"valueName\":\"search_term_string\"}}],\"inLanguage\":\"es\"},{\"@type\":\"Organization\",\"@id\":\"https:\/\/www.palletways.com\/es\/#organization\",\"name\":\"Palletways Iberia\",\"url\":\"https:\/\/www.palletways.com\/es\/\",\"logo\":{\"@type\":\"ImageObject\",\"inLanguage\":\"es\",\"@id\":\"https:\/\/www.palletways.com\/es\/#\/schema\/logo\/image\/\",\"url\":\"https:\/\/www.palletways.com\/es\/wp-content\/uploads\/sites\/4\/2024\/10\/pw_we-deliver-4-col.jpg\",\"contentUrl\":\"https:\/\/www.palletways.com\/es\/wp-content\/uploads\/sites\/4\/2024\/10\/pw_we-deliver-4-col.jpg\",\"width\":2115,\"height\":694,\"caption\":\"Palletways Iberia\"},\"image\":{\"@id\":\"https:\/\/www.palletways.com\/es\/#\/schema\/logo\/image\/\"},\"sameAs\":[\"https:\/\/www.facebook.com\/PalletwaysIberia\",\"https:\/\/x.com\/Palletways_IB\",\"https:\/\/www.linkedin.com\/company\/palletways-iberia\/\"]}]}<\/script>\n<!-- \/ Yoast SEO Premium plugin. -->","yoast_head_json":{"title":"Trabaja con Nosotros | Palletways Iberia","description":"En Palletways trabajamos para atraer, formar y retener a las personas talentosas que son clave para asegurar la calidad en nuestro servicio","robots":{"index":"index","follow":"follow","max-snippet":"max-snippet:-1","max-image-preview":"max-image-preview:large","max-video-preview":"max-video-preview:-1"},"canonical":"https:\/\/www.palletways.com\/es\/carrera-profesional\/","og_locale":"es_ES","og_type":"article","og_title":"Carrera","og_description":"En Palletways trabajamos para atraer, formar y retener a las personas talentosas que son clave para asegurar la calidad en nuestro servicio","og_url":"https:\/\/www.palletways.com\/es\/carrera-profesional\/","og_site_name":"Palletways Iberia","article_publisher":"https:\/\/www.facebook.com\/PalletwaysIberia","article_modified_time":"2025-07-15T10:18:26+00:00","og_image":[{"width":1600,"height":900,"url":"https:\/\/www.palletways.com\/es\/wp-content\/uploads\/sites\/4\/2025\/07\/Trabaja-con-nosotros-Palletways-Iberia.png","type":"image\/png"}],"twitter_card":"summary_large_image","twitter_site":"@Palletways_IB","twitter_misc":{"Tiempo de lectura":"3 minutos"},"schema":{"@context":"https:\/\/schema.org","@graph":[{"@type":"WebPage","@id":"https:\/\/www.palletways.com\/es\/carrera-profesional\/","url":"https:\/\/www.palletways.com\/es\/carrera-profesional\/","name":"Trabaja con Nosotros | Palletways Iberia","isPartOf":{"@id":"https:\/\/www.palletways.com\/es\/#website"},"primaryImageOfPage":{"@id":"https:\/\/www.palletways.com\/es\/carrera-profesional\/#primaryimage"},"image":{"@id":"https:\/\/www.palletways.com\/es\/carrera-profesional\/#primaryimage"},"thumbnailUrl":"https:\/\/www.palletways.com\/es\/wp-content\/uploads\/sites\/4\/2025\/07\/Trabaja-con-nosotros-Palletways-Iberia.png","datePublished":"2024-10-15T11:15:41+00:00","dateModified":"2025-07-15T10:18:26+00:00","description":"En Palletways trabajamos para atraer, formar y retener a las personas talentosas que son clave para asegurar la calidad en nuestro servicio","breadcrumb":{"@id":"https:\/\/www.palletways.com\/es\/carrera-profesional\/#breadcrumb"},"inLanguage":"es","potentialAction":[{"@type":"ReadAction","target":["https:\/\/www.palletways.com\/es\/carrera-profesional\/"]}]},{"@type":"ImageObject","inLanguage":"es","@id":"https:\/\/www.palletways.com\/es\/carrera-profesional\/#primaryimage","url":"https:\/\/www.palletways.com\/es\/wp-content\/uploads\/sites\/4\/2025\/07\/Trabaja-con-nosotros-Palletways-Iberia.png","contentUrl":"https:\/\/www.palletways.com\/es\/wp-content\/uploads\/sites\/4\/2025\/07\/Trabaja-con-nosotros-Palletways-Iberia.png","width":1600,"height":900,"caption":"Trabaja con nosotros Palletways Iberia"},{"@type":"BreadcrumbList","@id":"https:\/\/www.palletways.com\/es\/carrera-profesional\/#breadcrumb","itemListElement":[{"@type":"ListItem","position":1,"name":"Home","item":"https:\/\/www.palletways.com\/es\/"},{"@type":"ListItem","position":2,"name":"Carrera"}]},{"@type":"WebSite","@id":"https:\/\/www.palletways.com\/es\/#website","url":"https:\/\/www.palletways.com\/es\/","name":"Palletways Iberia","description":"La red de entrega de pal\u00e9s m\u00e1s confiable de Europa","publisher":{"@id":"https:\/\/www.palletways.com\/es\/#organization"},"potentialAction":[{"@type":"SearchAction","target":{"@type":"EntryPoint","urlTemplate":"https:\/\/www.palletways.com\/es\/?s={search_term_string}"},"query-input":{"@type":"PropertyValueSpecification","valueRequired":true,"valueName":"search_term_string"}}],"inLanguage":"es"},{"@type":"Organization","@id":"https:\/\/www.palletways.com\/es\/#organization","name":"Palletways Iberia","url":"https:\/\/www.palletways.com\/es\/","logo":{"@type":"ImageObject","inLanguage":"es","@id":"https:\/\/www.palletways.com\/es\/#\/schema\/logo\/image\/","url":"https:\/\/www.palletways.com\/es\/wp-content\/uploads\/sites\/4\/2024\/10\/pw_we-deliver-4-col.jpg","contentUrl":"https:\/\/www.palletways.com\/es\/wp-content\/uploads\/sites\/4\/2024\/10\/pw_we-deliver-4-col.jpg","width":2115,"height":694,"caption":"Palletways Iberia"},"image":{"@id":"https:\/\/www.palletways.com\/es\/#\/schema\/logo\/image\/"},"sameAs":["https:\/\/www.facebook.com\/PalletwaysIberia","https:\/\/x.com\/Palletways_IB","https:\/\/www.linkedin.com\/company\/palletways-iberia\/"]}]}},"_links":{"self":[{"href":"https:\/\/www.palletways.com\/es\/wp-json\/wp\/v2\/pages\/2","targetHints":{"allow":["GET"]}}],"collection":[{"href":"https:\/\/www.palletways.com\/es\/wp-json\/wp\/v2\/pages"}],"about":[{"href":"https:\/\/www.palletways.com\/es\/wp-json\/wp\/v2\/types\/page"}],"author":[{"embeddable":true,"href":"https:\/\/www.palletways.com\/es\/wp-json\/wp\/v2\/users\/1"}],"replies":[{"embeddable":true,"href":"https:\/\/www.palletways.com\/es\/wp-json\/wp\/v2\/comments?post=2"}],"version-history":[{"count":126,"href":"https:\/\/www.palletways.com\/es\/wp-json\/wp\/v2\/pages\/2\/revisions"}],"predecessor-version":[{"id":9498,"href":"https:\/\/www.palletways.com\/es\/wp-json\/wp\/v2\/pages\/2\/revisions\/9498"}],"wp:featuredmedia":[{"embeddable":true,"href":"https:\/\/www.palletways.com\/es\/wp-json\/wp\/v2\/media\/9496"}],"wp:attachment":[{"href":"https:\/\/www.palletways.com\/es\/wp-json\/wp\/v2\/media?parent=2"}],"curies":[{"name":"wp","href":"https:\/\/api.w.org\/{rel}","templated":true}]}}