{"id":8243,"date":"2024-12-11T14:52:24","date_gmt":"2024-12-11T14:52:24","guid":{"rendered":"https:\/\/www.palletways.com\/de\/?page_id=8243"},"modified":"2026-02-11T16:09:56","modified_gmt":"2026-02-11T16:09:56","slug":"technologie","status":"publish","type":"page","link":"https:\/\/www.palletways.com\/de\/technologie\/","title":{"rendered":"Technologie"},"content":{"rendered":"\t\t<div data-elementor-type=\"wp-page\" data-elementor-id=\"8243\" class=\"elementor elementor-8243\" data-elementor-post-type=\"page\">\n\t\t\t\t<div class=\"elementor-element elementor-element-3fbbd72 e-flex e-con-boxed e-con e-parent\" data-id=\"3fbbd72\" data-element_type=\"container\">\n\t\t\t\t\t<div class=\"e-con-inner\">\n\t\t\t\t<div class=\"elementor-element elementor-element-af1e014 elementor-widget elementor-widget-image\" data-id=\"af1e014\" data-element_type=\"widget\" data-widget_type=\"image.default\">\n\t\t\t\t<div class=\"elementor-widget-container\">\n\t\t\t\t\t\t\t\t\t\t\t\t\t<img fetchpriority=\"high\" decoding=\"async\" width=\"2560\" height=\"596\" src=\"https:\/\/www.palletways.com\/de\/wp-content\/uploads\/sites\/8\/2025\/02\/Technology-Innovation-ALTERNATIVE-scaled.jpg\" class=\"attachment-full size-full wp-image-8719\" alt=\"\" srcset=\"https:\/\/www.palletways.com\/de\/wp-content\/uploads\/sites\/8\/2025\/02\/Technology-Innovation-ALTERNATIVE-scaled.jpg 2560w, https:\/\/www.palletways.com\/de\/wp-content\/uploads\/sites\/8\/2025\/02\/Technology-Innovation-ALTERNATIVE-300x70.jpg 300w, https:\/\/www.palletways.com\/de\/wp-content\/uploads\/sites\/8\/2025\/02\/Technology-Innovation-ALTERNATIVE-1024x238.jpg 1024w, https:\/\/www.palletways.com\/de\/wp-content\/uploads\/sites\/8\/2025\/02\/Technology-Innovation-ALTERNATIVE-768x179.jpg 768w, https:\/\/www.palletways.com\/de\/wp-content\/uploads\/sites\/8\/2025\/02\/Technology-Innovation-ALTERNATIVE-1536x358.jpg 1536w, https:\/\/www.palletways.com\/de\/wp-content\/uploads\/sites\/8\/2025\/02\/Technology-Innovation-ALTERNATIVE-2048x477.jpg 2048w\" sizes=\"(max-width: 2560px) 100vw, 2560px\" \/>\t\t\t\t\t\t\t\t\t\t\t\t\t<\/div>\n\t\t\t\t<\/div>\n\t\t\t\t\t<\/div>\n\t\t\t\t<\/div>\n\t\t<div class=\"elementor-element elementor-element-d0db4fc e-flex e-con-boxed e-con e-parent\" data-id=\"d0db4fc\" data-element_type=\"container\">\n\t\t\t\t\t<div class=\"e-con-inner\">\n\t\t\t\t<div class=\"elementor-element elementor-element-8af8b37 elementor-widget elementor-widget-heading\" data-id=\"8af8b37\" data-element_type=\"widget\" data-widget_type=\"heading.default\">\n\t\t\t\t<div class=\"elementor-widget-container\">\n\t\t\t<h1 class=\"elementor-heading-title elementor-size-default\">Innovative Technologie<\/h1>\t\t<\/div>\n\t\t\t\t<\/div>\n\t\t\t\t\t<\/div>\n\t\t\t\t<\/div>\n\t\t<div class=\"elementor-element elementor-element-1c97ddb e-flex e-con-boxed e-con e-parent\" data-id=\"1c97ddb\" data-element_type=\"container\">\n\t\t\t\t\t<div class=\"e-con-inner\">\n\t\t\t\t<div class=\"elementor-element elementor-element-83e62d6 elementor-widget elementor-widget-text-editor\" data-id=\"83e62d6\" data-element_type=\"widget\" data-widget_type=\"text-editor.default\">\n\t\t\t\t<div class=\"elementor-widget-container\">\n\t\t\t\t\t\t\t<h3><span style=\"color: #003875\">Die Ihnen Vertrauen und Flexibilit\u00e4t gibt.<\/span><\/h3><p>Bei Palletways wissen wir, dass der einzige Weg, Ihnen und Ihren Kunden den bestm\u00f6glichen Service zu bieten, in der Weiterentwicklung unserer Technologie liegt.<\/p><p><span data-contrast=\"auto\">Hinter jeder Innovation, die Palletways vorantreibt, steht ein Wettbewerbsvorteil f\u00fcr unsere Mitglieder und Kunden, der es ihnen erm\u00f6glicht, Servicequalit\u00e4t, Echtzeit-Transparenz und Kontrolle \u00fcber Sendungen anzubieten. Der Fokus innovativ zu sein bietet f\u00fcr unsere Mitglieder und Kunden einen echten Mehrwert. Palletways arbeitet st\u00e4ndig an neuen Systemen, Prozessen und Technologien. <\/span><span data-ccp-props=\"{}\">\u00a0<\/span><\/p>\t\t\t\t\t\t<\/div>\n\t\t\t\t<\/div>\n\t\t\t\t\t<\/div>\n\t\t\t\t<\/div>\n\t\t<div class=\"elementor-element elementor-element-1c184d5 e-flex e-con-boxed e-con e-parent\" data-id=\"1c184d5\" data-element_type=\"container\">\n\t\t\t\t\t<div class=\"e-con-inner\">\n\t\t<div class=\"elementor-element elementor-element-dfbec5e e-con-full e-flex e-con e-child\" data-id=\"dfbec5e\" data-element_type=\"container\">\n\t\t\t\t<div class=\"elementor-element elementor-element-0c6d019 elementor-widget elementor-widget-text-editor\" data-id=\"0c6d019\" data-element_type=\"widget\" data-widget_type=\"text-editor.default\">\n\t\t\t\t<div class=\"elementor-widget-container\">\n\t\t\t\t\t\t\t<h3><span style=\"color: #003875\">Das Palletways-Portal<\/span><\/h3><p>Das Palletways-Portal ist eine cloudbasierte All-in-One-L\u00f6sung f\u00fcr alles, was Sie ben\u00f6tigen, um sicherzustellen, dass Ihre Fracht sicher, effizient und p\u00fcnktlich ihr Ziel erreicht. Vom Buchen der Sendung in unserem Netzwerk bis hin zum endg\u00fcltigen Lieferort wird jede Sendung \u00fcber das Portal erfasst, verfolgt und verwaltet. Dies ist ein zentrales Portal, das alle Prozesse managed und Informationen enth\u00e4lt.<\/p><p><span data-contrast=\"auto\">Sehen Sie sich unsere Videos an, um mehr \u00fcber das Palletways-Portal zu erfahren:\u00a0<a href=\"https:\/\/www.youtube.com\/@palletwaysdeutschlandgmbh6478\">YouTube channel<\/a>.<\/span><\/p>\t\t\t\t\t\t<\/div>\n\t\t\t\t<\/div>\n\t\t\t\t<\/div>\n\t\t<div class=\"elementor-element elementor-element-d6af380 e-con-full e-flex e-con e-child\" data-id=\"d6af380\" data-element_type=\"container\">\n\t\t\t\t<div class=\"elementor-element elementor-element-ad7b3ee elementor-widget elementor-widget-video\" data-id=\"ad7b3ee\" data-element_type=\"widget\" data-settings=\"{&quot;youtube_url&quot;:&quot;https:\\\/\\\/www.youtube.com\\\/watch?v=8rCgHjWCWyk&quot;,&quot;video_type&quot;:&quot;youtube&quot;,&quot;controls&quot;:&quot;yes&quot;}\" data-widget_type=\"video.default\">\n\t\t\t\t<div class=\"elementor-widget-container\">\n\t\t\t\t\t<div class=\"elementor-wrapper elementor-open-inline\">\n\t\t\t<div class=\"elementor-video\"><\/div>\t\t<\/div>\n\t\t\t\t<\/div>\n\t\t\t\t<\/div>\n\t\t\t\t<\/div>\n\t\t\t\t\t<\/div>\n\t\t\t\t<\/div>\n\t\t<div class=\"elementor-element elementor-element-dbaed06 e-flex e-con-boxed e-con e-parent\" data-id=\"dbaed06\" data-element_type=\"container\">\n\t\t\t\t\t<div class=\"e-con-inner\">\n\t\t\t\t<div class=\"elementor-element elementor-element-1f0a690 elementor-widget elementor-widget-text-editor\" data-id=\"1f0a690\" data-element_type=\"widget\" data-widget_type=\"text-editor.default\">\n\t\t\t\t<div class=\"elementor-widget-container\">\n\t\t\t\t\t\t\t<h3><span style=\"color: #003875\">Palletways ID:<\/span><\/h3><p>Palletways \u00fcberschreitet st\u00e4ndig die Grenzen technologischer Innovationen zum Nutzen unserer Mitglieder, Kunden und angeschlossenen Unternehmen. Unser Ziel ist es, Effizienz, Flexibilit\u00e4t und Transparenz im Lieferprozess anzubieten. Unsere neueste Technologie, Palletways ID, tut genau das.<\/p><p>Palletways ID ist unsere einzigartige Gabelstapler-montierte Sensortechnologie \u2013 und sie macht den Unterschied. Sie erfasst vier wichtige Datenkomponenten in einem Prozess.<\/p>\t\t\t\t\t\t<\/div>\n\t\t\t\t<\/div>\n\t\t\t\t\t<\/div>\n\t\t\t\t<\/div>\n\t\t<div class=\"elementor-element elementor-element-c5c5b0d e-flex e-con-boxed e-con e-parent\" data-id=\"c5c5b0d\" data-element_type=\"container\">\n\t\t\t\t\t<div class=\"e-con-inner\">\n\t\t<div class=\"elementor-element elementor-element-c0867b6 e-con-full e-flex e-con e-child\" data-id=\"c0867b6\" data-element_type=\"container\">\n\t\t\t\t<div class=\"elementor-element elementor-element-73b9f2e elementor-widget elementor-widget-image\" data-id=\"73b9f2e\" data-element_type=\"widget\" data-widget_type=\"image.default\">\n\t\t\t\t<div class=\"elementor-widget-container\">\n\t\t\t\t\t\t\t\t\t\t\t\t\t<img decoding=\"async\" width=\"800\" height=\"471\" src=\"https:\/\/www.palletways.com\/de\/wp-content\/uploads\/sites\/8\/2025\/02\/Palletways-ID-Image-Blue-1.jpg\" class=\"attachment-full size-full wp-image-8607\" alt=\"\" srcset=\"https:\/\/www.palletways.com\/de\/wp-content\/uploads\/sites\/8\/2025\/02\/Palletways-ID-Image-Blue-1.jpg 800w, https:\/\/www.palletways.com\/de\/wp-content\/uploads\/sites\/8\/2025\/02\/Palletways-ID-Image-Blue-1-300x177.jpg 300w, https:\/\/www.palletways.com\/de\/wp-content\/uploads\/sites\/8\/2025\/02\/Palletways-ID-Image-Blue-1-768x452.jpg 768w\" sizes=\"(max-width: 800px) 100vw, 800px\" \/>\t\t\t\t\t\t\t\t\t\t\t\t\t<\/div>\n\t\t\t\t<\/div>\n\t\t\t\t<\/div>\n\t\t<div class=\"elementor-element elementor-element-3201130 e-con-full e-flex e-con e-child\" data-id=\"3201130\" data-element_type=\"container\">\n\t\t\t\t<div class=\"elementor-element elementor-element-6366144 elementor-widget elementor-widget-text-editor\" data-id=\"6366144\" data-element_type=\"widget\" data-widget_type=\"text-editor.default\">\n\t\t\t\t<div class=\"elementor-widget-container\">\n\t\t\t\t\t\t\t<p><strong>Ihr Plus an Produktivit\u00e4t<\/strong><\/p><p>Keine statischen Waagen, keine Hand-Scanner, kein Stoppen und Starten\u2026 einfach hocheffiziente Datenerfassung, w\u00e4hrend unsere Mitarbeiter ihrer Arbeit nachgehen.<\/p><p><strong>Ihr Plus an Sicherheit<\/strong><\/p><p>\u00dcbergro\u00dfe, schwere und gef\u00e4hrliche\/besch\u00e4digte Paletten werden markiert und Probleme behoben um Vorf\u00e4lle und Unf\u00e4lle zum Zeitpunkt der Lieferung zu minimieren.<\/p><p><strong>Ihr Plus im Wettbewerb<\/strong><\/p><p>Genaue Daten in Echtzeit erm\u00f6glichen eine genaue Abrechnung, genaue Planung und genaue Entscheidungsfindung.<\/p>\t\t\t\t\t\t<\/div>\n\t\t\t\t<\/div>\n\t\t\t\t<\/div>\n\t\t\t\t\t<\/div>\n\t\t\t\t<\/div>\n\t\t<div class=\"elementor-element elementor-element-0c7f824 e-flex e-con-boxed e-con e-parent\" data-id=\"0c7f824\" data-element_type=\"container\">\n\t\t\t\t\t<div class=\"e-con-inner\">\n\t\t\t\t<div class=\"elementor-element elementor-element-01e7288 elementor-widget elementor-widget-text-editor\" data-id=\"01e7288\" data-element_type=\"widget\" data-widget_type=\"text-editor.default\">\n\t\t\t\t<div class=\"elementor-widget-container\">\n\t\t\t\t\t\t\t<p>Im Wesentlichen liefert die Palletways ID-Technologie vier wichtige betriebliche Komponenten in einem und tut dies auf einzigartige Weise, w\u00e4hrend der Mitarbeiter seine Arbeit ausf\u00fchrt:<\/p><ul><li>Macht Fotos von der Palette, die sp\u00e4ter verwendet werden, um den Zustand zu best\u00e4tigen und die R\u00fcckverfolgbarkeit zu gew\u00e4hrleisten.<\/li><li>Barcode-Scanning von jedem Punkt auf der Vorderseite der Palette. Kein Aussteigen mehr aus dem Gabelstapler, um den Barcode manuell zu scannen, was eine hohe Effizienz, Genauigkeit und Sicherheit bietet.<\/li><li>Genaue Erfassung des Gewichts der Palette, w\u00e4hrend der Gabelstapler sie von einem Ort zum anderen bewegt \u2013 ohne dass die Palette manuell gewogen werden muss.<\/li><li>Volumenmessung\/Dimensionierung \u2013 auch dies erfolgt, w\u00e4hrend die Palette bewegt wird, &#8211; on the Go!<\/li><\/ul>\t\t\t\t\t\t<\/div>\n\t\t\t\t<\/div>\n\t\t\t\t\t<\/div>\n\t\t\t\t<\/div>\n\t\t\t\t<\/div>\n\t\t","protected":false},"excerpt":{"rendered":"<p>Innovative Technologie Die Ihnen Vertrauen und Flexibilit\u00e4t gibt. Bei Palletways wissen wir, dass der einzige Weg, Ihnen und Ihren Kunden den bestm\u00f6glichen Service zu bieten, in der Weiterentwicklung unserer Technologie liegt. Hinter jeder Innovation, die Palletways vorantreibt, steht ein Wettbewerbsvorteil f\u00fcr unsere Mitglieder und Kunden, der es ihnen erm\u00f6glicht, Servicequalit\u00e4t, Echtzeit-Transparenz und Kontrolle \u00fcber Sendungen&hellip;<\/p>\n","protected":false},"author":3,"featured_media":0,"parent":0,"menu_order":0,"comment_status":"closed","ping_status":"closed","template":"","meta":{"om_disable_all_campaigns":false,"footnotes":""},"class_list":["post-8243","page","type-page","status-publish","hentry"],"yoast_head":"<!-- This site is optimized with the Yoast SEO Premium plugin v24.2 (Yoast SEO v24.2) - https:\/\/yoast.com\/wordpress\/plugins\/seo\/ -->\n<title>Fachwissen &amp; Technologische L\u00f6sungen | Versand &amp; Lagerung | Palletways Germany<\/title>\n<meta name=\"description\" content=\"Palletways investiert weiterhin in Technologie, um unser Palettenliefernetzwerk zu unterst\u00fctzen und sicherzustellen, dass wir unsere Mitglieder w\u00e4hrend des gesamten Prozesses begleiten.\" \/>\n<meta name=\"robots\" content=\"index, follow, max-snippet:-1, max-image-preview:large, max-video-preview:-1\" \/>\n<link rel=\"canonical\" href=\"https:\/\/www.palletways.com\/de\/technologie\/\" \/>\n<meta property=\"og:locale\" content=\"de_DE\" \/>\n<meta property=\"og:type\" content=\"article\" \/>\n<meta property=\"og:title\" content=\"Technologie\" \/>\n<meta property=\"og:description\" content=\"Palletways investiert weiterhin in Technologie, um unser Palettenliefernetzwerk zu unterst\u00fctzen und sicherzustellen, dass wir unsere Mitglieder w\u00e4hrend des gesamten Prozesses begleiten.\" \/>\n<meta property=\"og:url\" content=\"https:\/\/www.palletways.com\/de\/technologie\/\" \/>\n<meta property=\"og:site_name\" content=\"Palletways Germany\" \/>\n<meta property=\"article:modified_time\" content=\"2026-02-11T16:09:56+00:00\" \/>\n<meta property=\"og:image\" content=\"https:\/\/www.palletways.com\/de\/wp-content\/uploads\/sites\/8\/2025\/02\/Technology-Innovation-ALTERNATIVE-scaled.jpg\" \/>\n\t<meta property=\"og:image:width\" content=\"2560\" \/>\n\t<meta property=\"og:image:height\" content=\"596\" \/>\n\t<meta property=\"og:image:type\" content=\"image\/jpeg\" \/>\n<meta name=\"twitter:card\" content=\"summary_large_image\" \/>\n<meta name=\"twitter:label1\" content=\"Gesch\u00e4tzte Lesezeit\" \/>\n\t<meta name=\"twitter:data1\" content=\"3\u00a0Minuten\" \/>\n<script type=\"application\/ld+json\" class=\"yoast-schema-graph\">{\"@context\":\"https:\/\/schema.org\",\"@graph\":[{\"@type\":\"WebPage\",\"@id\":\"https:\/\/www.palletways.com\/de\/technologie\/\",\"url\":\"https:\/\/www.palletways.com\/de\/technologie\/\",\"name\":\"Fachwissen & Technologische L\u00f6sungen | Versand & Lagerung | Palletways Germany\",\"isPartOf\":{\"@id\":\"https:\/\/www.palletways.com\/de\/#website\"},\"primaryImageOfPage\":{\"@id\":\"https:\/\/www.palletways.com\/de\/technologie\/#primaryimage\"},\"image\":{\"@id\":\"https:\/\/www.palletways.com\/de\/technologie\/#primaryimage\"},\"thumbnailUrl\":\"https:\/\/www.palletways.com\/de\/wp-content\/uploads\/sites\/8\/2025\/02\/Technology-Innovation-ALTERNATIVE-scaled.jpg\",\"datePublished\":\"2024-12-11T14:52:24+00:00\",\"dateModified\":\"2026-02-11T16:09:56+00:00\",\"description\":\"Palletways investiert weiterhin in Technologie, um unser Palettenliefernetzwerk zu unterst\u00fctzen und sicherzustellen, dass wir unsere Mitglieder w\u00e4hrend des gesamten Prozesses begleiten.\",\"breadcrumb\":{\"@id\":\"https:\/\/www.palletways.com\/de\/technologie\/#breadcrumb\"},\"inLanguage\":\"de\",\"potentialAction\":[{\"@type\":\"ReadAction\",\"target\":[\"https:\/\/www.palletways.com\/de\/technologie\/\"]}]},{\"@type\":\"ImageObject\",\"inLanguage\":\"de\",\"@id\":\"https:\/\/www.palletways.com\/de\/technologie\/#primaryimage\",\"url\":\"https:\/\/www.palletways.com\/de\/wp-content\/uploads\/sites\/8\/2025\/02\/Technology-Innovation-ALTERNATIVE-scaled.jpg\",\"contentUrl\":\"https:\/\/www.palletways.com\/de\/wp-content\/uploads\/sites\/8\/2025\/02\/Technology-Innovation-ALTERNATIVE-scaled.jpg\",\"width\":2560,\"height\":596},{\"@type\":\"BreadcrumbList\",\"@id\":\"https:\/\/www.palletways.com\/de\/technologie\/#breadcrumb\",\"itemListElement\":[{\"@type\":\"ListItem\",\"position\":1,\"name\":\"Home\",\"item\":\"https:\/\/www.palletways.com\/de\/\"},{\"@type\":\"ListItem\",\"position\":2,\"name\":\"Technologie\"}]},{\"@type\":\"WebSite\",\"@id\":\"https:\/\/www.palletways.com\/de\/#website\",\"url\":\"https:\/\/www.palletways.com\/de\/\",\"name\":\"Palletways Germany\",\"description\":\"Europas vertrauensw\u00fcrdigstes Palettenliefernetzwerk\",\"publisher\":{\"@id\":\"https:\/\/www.palletways.com\/de\/#organization\"},\"potentialAction\":[{\"@type\":\"SearchAction\",\"target\":{\"@type\":\"EntryPoint\",\"urlTemplate\":\"https:\/\/www.palletways.com\/de\/?s={search_term_string}\"},\"query-input\":{\"@type\":\"PropertyValueSpecification\",\"valueRequired\":true,\"valueName\":\"search_term_string\"}}],\"inLanguage\":\"de\"},{\"@type\":\"Organization\",\"@id\":\"https:\/\/www.palletways.com\/de\/#organization\",\"name\":\"Palletways Germany\",\"url\":\"https:\/\/www.palletways.com\/de\/\",\"logo\":{\"@type\":\"ImageObject\",\"inLanguage\":\"de\",\"@id\":\"https:\/\/www.palletways.com\/de\/#\/schema\/logo\/image\/\",\"url\":\"https:\/\/www.palletways.com\/de\/wp-content\/uploads\/sites\/8\/2024\/10\/pw_we-deliver-4-col.jpg\",\"contentUrl\":\"https:\/\/www.palletways.com\/de\/wp-content\/uploads\/sites\/8\/2024\/10\/pw_we-deliver-4-col.jpg\",\"width\":2115,\"height\":694,\"caption\":\"Palletways Germany\"},\"image\":{\"@id\":\"https:\/\/www.palletways.com\/de\/#\/schema\/logo\/image\/\"},\"sameAs\":[\"https:\/\/www.linkedin.com\/company\/palletways-deutschland-gmbh\"]}]}<\/script>\n<!-- \/ Yoast SEO Premium plugin. -->","yoast_head_json":{"title":"Fachwissen & Technologische L\u00f6sungen | Versand & Lagerung | Palletways Germany","description":"Palletways investiert weiterhin in Technologie, um unser Palettenliefernetzwerk zu unterst\u00fctzen und sicherzustellen, dass wir unsere Mitglieder w\u00e4hrend des gesamten Prozesses begleiten.","robots":{"index":"index","follow":"follow","max-snippet":"max-snippet:-1","max-image-preview":"max-image-preview:large","max-video-preview":"max-video-preview:-1"},"canonical":"https:\/\/www.palletways.com\/de\/technologie\/","og_locale":"de_DE","og_type":"article","og_title":"Technologie","og_description":"Palletways investiert weiterhin in Technologie, um unser Palettenliefernetzwerk zu unterst\u00fctzen und sicherzustellen, dass wir unsere Mitglieder w\u00e4hrend des gesamten Prozesses begleiten.","og_url":"https:\/\/www.palletways.com\/de\/technologie\/","og_site_name":"Palletways Germany","article_modified_time":"2026-02-11T16:09:56+00:00","og_image":[{"width":2560,"height":596,"url":"https:\/\/www.palletways.com\/de\/wp-content\/uploads\/sites\/8\/2025\/02\/Technology-Innovation-ALTERNATIVE-scaled.jpg","type":"image\/jpeg"}],"twitter_card":"summary_large_image","twitter_misc":{"Gesch\u00e4tzte Lesezeit":"3\u00a0Minuten"},"schema":{"@context":"https:\/\/schema.org","@graph":[{"@type":"WebPage","@id":"https:\/\/www.palletways.com\/de\/technologie\/","url":"https:\/\/www.palletways.com\/de\/technologie\/","name":"Fachwissen & Technologische L\u00f6sungen | Versand & Lagerung | Palletways Germany","isPartOf":{"@id":"https:\/\/www.palletways.com\/de\/#website"},"primaryImageOfPage":{"@id":"https:\/\/www.palletways.com\/de\/technologie\/#primaryimage"},"image":{"@id":"https:\/\/www.palletways.com\/de\/technologie\/#primaryimage"},"thumbnailUrl":"https:\/\/www.palletways.com\/de\/wp-content\/uploads\/sites\/8\/2025\/02\/Technology-Innovation-ALTERNATIVE-scaled.jpg","datePublished":"2024-12-11T14:52:24+00:00","dateModified":"2026-02-11T16:09:56+00:00","description":"Palletways investiert weiterhin in Technologie, um unser Palettenliefernetzwerk zu unterst\u00fctzen und sicherzustellen, dass wir unsere Mitglieder w\u00e4hrend des gesamten Prozesses begleiten.","breadcrumb":{"@id":"https:\/\/www.palletways.com\/de\/technologie\/#breadcrumb"},"inLanguage":"de","potentialAction":[{"@type":"ReadAction","target":["https:\/\/www.palletways.com\/de\/technologie\/"]}]},{"@type":"ImageObject","inLanguage":"de","@id":"https:\/\/www.palletways.com\/de\/technologie\/#primaryimage","url":"https:\/\/www.palletways.com\/de\/wp-content\/uploads\/sites\/8\/2025\/02\/Technology-Innovation-ALTERNATIVE-scaled.jpg","contentUrl":"https:\/\/www.palletways.com\/de\/wp-content\/uploads\/sites\/8\/2025\/02\/Technology-Innovation-ALTERNATIVE-scaled.jpg","width":2560,"height":596},{"@type":"BreadcrumbList","@id":"https:\/\/www.palletways.com\/de\/technologie\/#breadcrumb","itemListElement":[{"@type":"ListItem","position":1,"name":"Home","item":"https:\/\/www.palletways.com\/de\/"},{"@type":"ListItem","position":2,"name":"Technologie"}]},{"@type":"WebSite","@id":"https:\/\/www.palletways.com\/de\/#website","url":"https:\/\/www.palletways.com\/de\/","name":"Palletways Germany","description":"Europas vertrauensw\u00fcrdigstes Palettenliefernetzwerk","publisher":{"@id":"https:\/\/www.palletways.com\/de\/#organization"},"potentialAction":[{"@type":"SearchAction","target":{"@type":"EntryPoint","urlTemplate":"https:\/\/www.palletways.com\/de\/?s={search_term_string}"},"query-input":{"@type":"PropertyValueSpecification","valueRequired":true,"valueName":"search_term_string"}}],"inLanguage":"de"},{"@type":"Organization","@id":"https:\/\/www.palletways.com\/de\/#organization","name":"Palletways Germany","url":"https:\/\/www.palletways.com\/de\/","logo":{"@type":"ImageObject","inLanguage":"de","@id":"https:\/\/www.palletways.com\/de\/#\/schema\/logo\/image\/","url":"https:\/\/www.palletways.com\/de\/wp-content\/uploads\/sites\/8\/2024\/10\/pw_we-deliver-4-col.jpg","contentUrl":"https:\/\/www.palletways.com\/de\/wp-content\/uploads\/sites\/8\/2024\/10\/pw_we-deliver-4-col.jpg","width":2115,"height":694,"caption":"Palletways Germany"},"image":{"@id":"https:\/\/www.palletways.com\/de\/#\/schema\/logo\/image\/"},"sameAs":["https:\/\/www.linkedin.com\/company\/palletways-deutschland-gmbh"]}]}},"_links":{"self":[{"href":"https:\/\/www.palletways.com\/de\/wp-json\/wp\/v2\/pages\/8243","targetHints":{"allow":["GET"]}}],"collection":[{"href":"https:\/\/www.palletways.com\/de\/wp-json\/wp\/v2\/pages"}],"about":[{"href":"https:\/\/www.palletways.com\/de\/wp-json\/wp\/v2\/types\/page"}],"author":[{"embeddable":true,"href":"https:\/\/www.palletways.com\/de\/wp-json\/wp\/v2\/users\/3"}],"replies":[{"embeddable":true,"href":"https:\/\/www.palletways.com\/de\/wp-json\/wp\/v2\/comments?post=8243"}],"version-history":[{"count":30,"href":"https:\/\/www.palletways.com\/de\/wp-json\/wp\/v2\/pages\/8243\/revisions"}],"predecessor-version":[{"id":9028,"href":"https:\/\/www.palletways.com\/de\/wp-json\/wp\/v2\/pages\/8243\/revisions\/9028"}],"wp:attachment":[{"href":"https:\/\/www.palletways.com\/de\/wp-json\/wp\/v2\/media?parent=8243"}],"curies":[{"name":"wp","href":"https:\/\/api.w.org\/{rel}","templated":true}]}}