{"id":8217,"date":"2024-12-10T16:52:43","date_gmt":"2024-12-10T16:52:43","guid":{"rendered":"https:\/\/www.palletways.com\/de\/?page_id=8217"},"modified":"2026-02-11T16:07:40","modified_gmt":"2026-02-11T16:07:40","slug":"cookie-richtlinie","status":"publish","type":"page","link":"https:\/\/www.palletways.com\/de\/cookie-richtlinie\/","title":{"rendered":"Cookie Richtlinie"},"content":{"rendered":"\t\t<div data-elementor-type=\"wp-page\" data-elementor-id=\"8217\" class=\"elementor elementor-8217\" data-elementor-post-type=\"page\">\n\t\t\t\t<div class=\"elementor-element elementor-element-c93ce84 e-flex e-con-boxed e-con e-parent\" data-id=\"c93ce84\" data-element_type=\"container\" data-settings=\"{&quot;background_background&quot;:&quot;classic&quot;}\">\n\t\t\t\t\t<div class=\"e-con-inner\">\n\t\t\t\t\t<\/div>\n\t\t\t\t<\/div>\n\t\t<div class=\"elementor-element elementor-element-e4222ea e-flex e-con-boxed e-con e-parent\" data-id=\"e4222ea\" data-element_type=\"container\">\n\t\t\t\t\t<div class=\"e-con-inner\">\n\t\t\t\t<div class=\"elementor-element elementor-element-b13e60d elementor-widget elementor-widget-text-editor\" data-id=\"b13e60d\" data-element_type=\"widget\" data-widget_type=\"text-editor.default\">\n\t\t\t\t<div class=\"elementor-widget-container\">\n\t\t\t\t\t\t\t<div class=\"cookie-policy-date-container\"><h1>Cookie Richtlinie<\/h1><p>Letzte Aktualisierung: November 04, 2025<\/p><\/div><h2>Was sind Cookies?<\/h2><div class=\"cookie-policy-p\"><p>In dieser Cookie-Richtlinie wird erkl\u00e4rt, was Cookies sind, wie wir sie verwenden, welche Arten von Cookies wir verwenden (d. h. welche Informationen wir mithilfe von Cookies sammeln und wie diese Informationen verwendet werden) und wie Sie Ihre Cookie-Einstellungen verwalten k\u00f6nnen.<\/p><p>Cookies sind kleine Textdateien, die dazu dienen, kleine Informationen zu speichern. Sie werden auf Ihrem Ger\u00e4t gespeichert, wenn eine Website in Ihrem Browser geladen wird. Diese Cookies tragen dazu bei, dass die Website ordnungsgem\u00e4\u00df funktioniert, die Sicherheit erh\u00f6ht wird, die Benutzerfreundlichkeit verbessert und die Leistung analysiert wird, um festzustellen, was funktioniert und wo Verbesserungen erforderlich sind.<\/p><\/div><h2>Wie verwenden wir Cookies?<\/h2><div class=\"cookie-policy-p\"><p>Wie die meisten Online-Dienste verwendet auch unsere Website sowohl Erstanbieter- als auch Drittanbieter-Cookies f\u00fcr verschiedene Zwecke. Erstanbieter-Cookies sind in erster Linie f\u00fcr das ordnungsgem\u00e4\u00dfe Funktionieren der Website erforderlich und erfassen keine personenbezogenen Daten.<\/p><p>Die Cookies von Drittanbietern, die auf unserer Website verwendet werden, helfen uns vor allem zu verstehen, wie die Website funktioniert, zu verfolgen, wie Sie mit ihr interagieren, unsere Dienste sicher zu halten, relevante Werbung zu liefern und Ihre allgemeine Benutzererfahrung zu verbessern, w\u00e4hrend wir die Geschwindigkeit Ihrer zuk\u00fcnftigen Interaktionen mit unserer Website erh\u00f6hen.<\/p><\/div><h2>Von uns verwendete Cookie-Arten<\/h2><div class=\"cky-audit-table-element\"><div><p class=\"text-xl font-semibold mb-2\">Necesaria<\/p><div class=\"cky-category-des\"><p>Las cookies necesarias son cruciales para las funciones b\u00e1sicas del sitio web y el sitio web no funcionar\u00e1 de la forma prevista sin ellas.Estas cookies no almacenan ning\u00fan dato de identificaci\u00f3n personal.<\/p><\/div><div class=\"cky-table-wrapper\"><table class=\"cky-cookie-audit-table\"><thead><tr><th>Cookie<\/th><th>Duration<\/th><th>Description<\/th><\/tr><\/thead><tbody><tr><td>PORTAL<\/td><td>sesi\u00f3n<\/td><td>Description is currently not available.<\/td><\/tr><tr><td>elementor<\/td><td>Nunca caduca<\/td><td>El tema de WordPress del sitio web establece esta cookie. Permite al propietario del sitio web implementar o cambiar el contenido del sitio web en tiempo real.<\/td><\/tr><tr><td>wpEmojiSettingsSupports<\/td><td>sesi\u00f3n<\/td><td>WordPress sets this cookie when a user interacts with emojis on a WordPress site. It helps determine if the user&#8217;s browser can display emojis properly.<\/td><\/tr><tr><td>cookieyes-consent<\/td><td>1 a\u00f1o<\/td><td>CookieYes establece esta cookie para recordar las preferencias de consentimiento de los usuarios, de modo que se respeten sus preferencias en las siguientes visitas a este sitio. No recoge ni almacena ninguna informaci\u00f3n personal sobre los visitantes del sitio.<\/td><\/tr><tr><td>__cf_bm<\/td><td>1 hora<\/td><td>Cloudflare establece la cookie para respaldar Cloudflare Bot Management.<\/td><\/tr><tr><td>VISITOR_PRIVACY_METADATA<\/td><td>6 meses<\/td><td>YouTube sets this cookie to store the user&#8217;s cookie consent state for the current domain.<\/td><\/tr><tr><td>rc::a<\/td><td>Nunca caduca<\/td><td>This cookie is set by the Google recaptcha service to identify bots to protect the website against malicious spam attacks.<\/td><\/tr><tr><td>rc::c<\/td><td>sesi\u00f3n<\/td><td>This cookie is set by the Google recaptcha service to identify bots to protect the website against malicious spam attacks.<\/td><\/tr><\/tbody><\/table><\/div><\/div><div><p class=\"text-xl font-semibold mb-2\">Funcional<\/p><div class=\"cky-category-des\"><p>Las cookies funcionales ayudan a realizar ciertas funcionalidades, como compartir el contenido del sitio web en plataformas de redes sociales, recopilar comentarios y otras caracter\u00edsticas de terceros.<\/p><\/div><div class=\"cky-table-wrapper\"><table class=\"cky-cookie-audit-table\"><thead><tr><th>Cookie<\/th><th>Duration<\/th><th>Description<\/th><\/tr><\/thead><tbody><tr><td>VISITOR_INFO1_LIVE<\/td><td>6 meses<\/td><td>YouTube establece esta cookie para medir el ancho de banda y determinar si el usuario recibe la nueva o la antigua interfaz del reproductor.<\/td><\/tr><tr><td>yt-remote-connected-devices<\/td><td>Nunca caduca<\/td><td>YouTube establece esta cookie para almacenar las preferencias de v\u00eddeo del usuario que utiliza los v\u00eddeos incrustados de YouTube.<\/td><\/tr><tr><td>yt-remote-device-id<\/td><td>Nunca caduca<\/td><td>YouTube establece esta cookie para almacenar las preferencias de v\u00eddeo del usuario que utiliza los v\u00eddeos incrustados de YouTube.<\/td><\/tr><tr><td>ytidb::LAST_RESULT_ENTRY_KEY<\/td><td>Nunca caduca<\/td><td>The cookie ytidb::LAST_RESULT_ENTRY_KEY is used by YouTube to store the last search result entry that was clicked by the user. This information is used to improve the user experience by providing more relevant search results in the future.<\/td><\/tr><tr><td>yt-remote-session-name<\/td><td>sesi\u00f3n<\/td><td>The yt-remote-session-name cookie is used by YouTube to store the user&#8217;s video player preferences using embedded YouTube video.<\/td><\/tr><tr><td>yt-remote-fast-check-period<\/td><td>sesi\u00f3n<\/td><td>The yt-remote-fast-check-period cookie is used by YouTube to store the user&#8217;s video player preferences for embedded YouTube videos.<\/td><\/tr><tr><td>yt-remote-session-app<\/td><td>sesi\u00f3n<\/td><td>The yt-remote-session-app cookie is used by YouTube to store user preferences and information about the interface of the embedded YouTube video player.<\/td><\/tr><tr><td>yt-remote-cast-available<\/td><td>sesi\u00f3n<\/td><td>The yt-remote-cast-available cookie is used to store the user&#8217;s preferences regarding whether casting is available on their YouTube video player.<\/td><\/tr><tr><td>yt-remote-cast-installed<\/td><td>sesi\u00f3n<\/td><td>The yt-remote-cast-installed cookie is used to store the user&#8217;s video player preferences using embedded YouTube video.<\/td><\/tr><\/tbody><\/table><\/div><\/div><div><p class=\"text-xl font-semibold mb-2\">Anal\u00edtica<\/p><div class=\"cky-category-des\"><p>Las cookies anal\u00edticas se utilizan para comprender c\u00f3mo interact\u00faan los visitantes con el sitio web. Estas cookies ayudan a proporcionar informaci\u00f3n sobre m\u00e9tricas el n\u00famero de visitantes, el porcentaje de rebote, la fuente de tr\u00e1fico, etc.<\/p><\/div><div class=\"cky-table-wrapper\"><table class=\"cky-cookie-audit-table\"><thead><tr><th>Cookie<\/th><th>Duration<\/th><th>Description<\/th><\/tr><\/thead><tbody><tr><td>_omappvp<\/td><td>1 a\u00f1o 1 mes 4 d\u00edas<\/td><td>The _omappvp cookie is set to distinguish new and returning users and is used in conjunction with _omappvs cookie.<\/td><\/tr><tr><td>_omappvs<\/td><td>20 minutos<\/td><td>The _omappvs cookie, used in conjunction with the _omappvp cookies, is used to determine if the visitor has visited the website before, or if it is a new visitor.<\/td><\/tr><tr><td>_ga<\/td><td>1 a\u00f1o 1 mes 4 d\u00edas<\/td><td>Google Analytics establece esta cookie para calcular los datos de los visitantes, de las sesiones y de las campa\u00f1as y para hacer un seguimiento del uso del sitio para el informe de an\u00e1lisis del sitio. La cookie almacena la informaci\u00f3n de forma an\u00f3nima y asigna un n\u00famero generado aleatoriamente para reconocer a los visitantes \u00fanicos.<\/td><\/tr><tr><td>_ga_*<\/td><td>1 a\u00f1o 1 mes 4 d\u00edas<\/td><td>Google Analytics sets this cookie to store and count page views.<\/td><\/tr><tr><td>YSC<\/td><td>sesi\u00f3n<\/td><td>Youtube establece esta cookie para hacer un seguimiento de las visualizaciones de los v\u00eddeos incrustados en las p\u00e1ginas de Youtube.<\/td><\/tr><\/tbody><\/table><\/div><\/div><div><p class=\"text-xl font-semibold mb-2\">Anuncio<\/p><div class=\"cky-category-des\"><p>Las cookies publicitarias se utilizan para entregar a los visitantes anuncios personalizados basados \u200b\u200ben las p\u00e1ginas que visitaron antes y analizar la efectividad de la campa\u00f1a publicitaria.<\/p><\/div><div class=\"cky-table-wrapper\"><table class=\"cky-cookie-audit-table\"><thead><tr><th>Cookie<\/th><th>Duration<\/th><th>Description<\/th><\/tr><\/thead><tbody><tr><td>__Secure-ROLLOUT_TOKEN<\/td><td>6 meses<\/td><td>Description is currently not available.<\/td><\/tr><tr><td>__Secure-YEC<\/td><td>Caducada<\/td><td>Description is currently not available.<\/td><\/tr><tr><td>yt.innertube::nextId<\/td><td>Nunca caduca<\/td><td>YouTube establece esta cookie para registrar un ID \u00fanico para almacenar datos sobre los v\u00eddeos de YouTube que el usuario ha visto.<\/td><\/tr><tr><td>yt.innertube::requests<\/td><td>Nunca caduca<\/td><td>YouTube establece esta cookie para registrar un ID \u00fanico para almacenar datos sobre los v\u00eddeos de YouTube que el usuario ha visto.<\/td><\/tr><\/tbody><\/table><\/div><\/div><\/div><h2>Cookie-Einstellungen verwalten<\/h2><p><a class=\"cky-banner-element\">Einwilligungseinstellungen<\/a><\/p><div><p>Sie k\u00f6nnen Ihre Cookie-Einstellungen jederzeit \u00e4ndern, indem Sie oben auf die Schaltfl\u00e4che \u201eEinwilligungseinstellungen\u201c klicken. Auf diese Weise k\u00f6nnen Sie das Cookie-Einwilligungsbanner erneut aufrufen und Ihre Einstellungen aktualisieren oder Ihre Einwilligung sofort zur\u00fcckziehen.<\/p><p>Au\u00dferdem bieten verschiedene Browser unterschiedliche Methoden zum Blockieren und L\u00f6schen von Cookies, die von Websites verwendet werden. Sie k\u00f6nnen Ihre Browsereinstellungen anpassen, um Cookies zu blockieren oder zu l\u00f6schen. Nachfolgend finden Sie Links zu Support-Dokumenten \u00fcber die Verwaltung und L\u00f6schung von Cookies in den wichtigsten Webbrowsern.<\/p><p>Chrome:\u00a0<a href=\"https:\/\/support.google.com\/accounts\/answer\/32050\" target=\"_blank\" rel=\"noopener noreferrer\">https:\/\/support.google.com\/accounts\/answer\/32050<\/a><\/p><p>Safari:\u00a0<a href=\"https:\/\/support.apple.com\/en-in\/guide\/safari\/sfri11471\/mac\" target=\"_blank\" rel=\"noopener noreferrer\">https:\/\/support.apple.com\/en-in\/guide\/safari\/sfri11471\/mac<\/a><\/p><p>Firefox:\u00a0<a href=\"https:\/\/support.mozilla.org\/en-US\/kb\/clear-cookies-and-site-data-firefox?redirectslug=delete-cookies-remove-info-websites-stored&amp;redirectlocale=en-US\" target=\"_blank\" rel=\"noopener noreferrer\">https:\/\/support.mozilla.org\/en-US\/kb\/clear-cookies-and-site-data-firefox?redirectslug=delete-cookies-remove-info-websites-stored&amp;redirectlocale=en-US<\/a><\/p><p>Internet Explorer:\u00a0<a href=\"https:\/\/support.microsoft.com\/en-us\/topic\/how-to-delete-cookie-files-in-internet-explorer-bca9446f-d873-78de-77ba-d42645fa52fc\" target=\"_blank\" rel=\"noopener noreferrer\">https:\/\/support.microsoft.com\/en-us\/topic\/how-to-delete-cookie-files-in-internet-explorer-bca9446f-d873-78de-77ba-d42645fa52fc<\/a><\/p><p>Wenn Sie einen anderen Webbrowser verwenden, lesen Sie bitte dessen offizielle Support-Dokumentation.<\/p><\/div><p class=\"cookie-policy-p\">Cookie-Richtlinie generiert von\u00a0<a href=\"https:\/\/www.cookieyes.com\/?utm_source=CP&amp;utm_medium=footer&amp;utm_campaign=UW\" target=\"_blank\" rel=\"noopener noreferrer\">CookieYes &#8211; Cookie-Richtliniengenerator<\/a><\/p><p>Wenn Sie Fragen oder Bedenken zu dieser Richtlinie oder zu unserer Verwendung von Cookies haben, kontaktieren Sie uns bitte unter <a class=\"decorated-link cursor-pointer\" rel=\"noopener\" data-start=\"172\" data-end=\"202\">data_protection@palletways.com<\/a><\/p>\t\t\t\t\t\t<\/div>\n\t\t\t\t<\/div>\n\t\t\t\t\t<\/div>\n\t\t\t\t<\/div>\n\t\t\t\t<\/div>\n\t\t","protected":false},"excerpt":{"rendered":"<p>Cookie Richtlinie Letzte Aktualisierung: November 04, 2025 Was sind Cookies? In dieser Cookie-Richtlinie wird erkl\u00e4rt, was Cookies sind, wie wir sie verwenden, welche Arten von Cookies wir verwenden (d. h. welche Informationen wir mithilfe von Cookies sammeln und wie diese Informationen verwendet werden) und wie Sie Ihre Cookie-Einstellungen verwalten k\u00f6nnen. Cookies sind kleine Textdateien, die&hellip;<\/p>\n","protected":false},"author":3,"featured_media":0,"parent":0,"menu_order":0,"comment_status":"closed","ping_status":"closed","template":"","meta":{"om_disable_all_campaigns":false,"footnotes":""},"class_list":["post-8217","page","type-page","status-publish","hentry"],"yoast_head":"<!-- This site is optimized with the Yoast SEO Premium plugin v24.2 (Yoast SEO v24.2) - https:\/\/yoast.com\/wordpress\/plugins\/seo\/ -->\n<title>Cookie Richtlinie | Palletways Germany<\/title>\n<meta name=\"description\" content=\"Hier finden Sie die Cookie-Richtlinie von Palletways. Wenn Sie Fragen oder Bedenken zu den von uns erfassten Cookies haben, wenden Sie sich bitte an ein Mitglied unseres Teams.\" \/>\n<meta name=\"robots\" content=\"index, follow, max-snippet:-1, max-image-preview:large, max-video-preview:-1\" \/>\n<link rel=\"canonical\" href=\"https:\/\/www.palletways.com\/de\/cookie-richtlinie\/\" \/>\n<meta property=\"og:locale\" content=\"de_DE\" \/>\n<meta property=\"og:type\" content=\"article\" \/>\n<meta property=\"og:title\" content=\"Cookie Richtlinie\" \/>\n<meta property=\"og:description\" content=\"Hier finden Sie die Cookie-Richtlinie von Palletways. Wenn Sie Fragen oder Bedenken zu den von uns erfassten Cookies haben, wenden Sie sich bitte an ein Mitglied unseres Teams.\" \/>\n<meta property=\"og:url\" content=\"https:\/\/www.palletways.com\/de\/cookie-richtlinie\/\" \/>\n<meta property=\"og:site_name\" content=\"Palletways Germany\" \/>\n<meta property=\"article:modified_time\" content=\"2026-02-11T16:07:40+00:00\" \/>\n<meta name=\"twitter:card\" content=\"summary_large_image\" \/>\n<meta name=\"twitter:label1\" content=\"Gesch\u00e4tzte Lesezeit\" \/>\n\t<meta name=\"twitter:data1\" content=\"7\u00a0Minuten\" \/>\n<script type=\"application\/ld+json\" class=\"yoast-schema-graph\">{\"@context\":\"https:\/\/schema.org\",\"@graph\":[{\"@type\":\"WebPage\",\"@id\":\"https:\/\/www.palletways.com\/de\/cookie-richtlinie\/\",\"url\":\"https:\/\/www.palletways.com\/de\/cookie-richtlinie\/\",\"name\":\"Cookie Richtlinie | Palletways Germany\",\"isPartOf\":{\"@id\":\"https:\/\/www.palletways.com\/de\/#website\"},\"datePublished\":\"2024-12-10T16:52:43+00:00\",\"dateModified\":\"2026-02-11T16:07:40+00:00\",\"description\":\"Hier finden Sie die Cookie-Richtlinie von Palletways. Wenn Sie Fragen oder Bedenken zu den von uns erfassten Cookies haben, wenden Sie sich bitte an ein Mitglied unseres Teams.\",\"breadcrumb\":{\"@id\":\"https:\/\/www.palletways.com\/de\/cookie-richtlinie\/#breadcrumb\"},\"inLanguage\":\"de\",\"potentialAction\":[{\"@type\":\"ReadAction\",\"target\":[\"https:\/\/www.palletways.com\/de\/cookie-richtlinie\/\"]}]},{\"@type\":\"BreadcrumbList\",\"@id\":\"https:\/\/www.palletways.com\/de\/cookie-richtlinie\/#breadcrumb\",\"itemListElement\":[{\"@type\":\"ListItem\",\"position\":1,\"name\":\"Home\",\"item\":\"https:\/\/www.palletways.com\/de\/\"},{\"@type\":\"ListItem\",\"position\":2,\"name\":\"Cookie Richtlinie\"}]},{\"@type\":\"WebSite\",\"@id\":\"https:\/\/www.palletways.com\/de\/#website\",\"url\":\"https:\/\/www.palletways.com\/de\/\",\"name\":\"Palletways Germany\",\"description\":\"Europas vertrauensw\u00fcrdigstes Palettenliefernetzwerk\",\"publisher\":{\"@id\":\"https:\/\/www.palletways.com\/de\/#organization\"},\"potentialAction\":[{\"@type\":\"SearchAction\",\"target\":{\"@type\":\"EntryPoint\",\"urlTemplate\":\"https:\/\/www.palletways.com\/de\/?s={search_term_string}\"},\"query-input\":{\"@type\":\"PropertyValueSpecification\",\"valueRequired\":true,\"valueName\":\"search_term_string\"}}],\"inLanguage\":\"de\"},{\"@type\":\"Organization\",\"@id\":\"https:\/\/www.palletways.com\/de\/#organization\",\"name\":\"Palletways Germany\",\"url\":\"https:\/\/www.palletways.com\/de\/\",\"logo\":{\"@type\":\"ImageObject\",\"inLanguage\":\"de\",\"@id\":\"https:\/\/www.palletways.com\/de\/#\/schema\/logo\/image\/\",\"url\":\"https:\/\/www.palletways.com\/de\/wp-content\/uploads\/sites\/8\/2024\/10\/pw_we-deliver-4-col.jpg\",\"contentUrl\":\"https:\/\/www.palletways.com\/de\/wp-content\/uploads\/sites\/8\/2024\/10\/pw_we-deliver-4-col.jpg\",\"width\":2115,\"height\":694,\"caption\":\"Palletways Germany\"},\"image\":{\"@id\":\"https:\/\/www.palletways.com\/de\/#\/schema\/logo\/image\/\"},\"sameAs\":[\"https:\/\/www.linkedin.com\/company\/palletways-deutschland-gmbh\"]}]}<\/script>\n<!-- \/ Yoast SEO Premium plugin. -->","yoast_head_json":{"title":"Cookie Richtlinie | Palletways Germany","description":"Hier finden Sie die Cookie-Richtlinie von Palletways. Wenn Sie Fragen oder Bedenken zu den von uns erfassten Cookies haben, wenden Sie sich bitte an ein Mitglied unseres Teams.","robots":{"index":"index","follow":"follow","max-snippet":"max-snippet:-1","max-image-preview":"max-image-preview:large","max-video-preview":"max-video-preview:-1"},"canonical":"https:\/\/www.palletways.com\/de\/cookie-richtlinie\/","og_locale":"de_DE","og_type":"article","og_title":"Cookie Richtlinie","og_description":"Hier finden Sie die Cookie-Richtlinie von Palletways. Wenn Sie Fragen oder Bedenken zu den von uns erfassten Cookies haben, wenden Sie sich bitte an ein Mitglied unseres Teams.","og_url":"https:\/\/www.palletways.com\/de\/cookie-richtlinie\/","og_site_name":"Palletways Germany","article_modified_time":"2026-02-11T16:07:40+00:00","twitter_card":"summary_large_image","twitter_misc":{"Gesch\u00e4tzte Lesezeit":"7\u00a0Minuten"},"schema":{"@context":"https:\/\/schema.org","@graph":[{"@type":"WebPage","@id":"https:\/\/www.palletways.com\/de\/cookie-richtlinie\/","url":"https:\/\/www.palletways.com\/de\/cookie-richtlinie\/","name":"Cookie Richtlinie | Palletways Germany","isPartOf":{"@id":"https:\/\/www.palletways.com\/de\/#website"},"datePublished":"2024-12-10T16:52:43+00:00","dateModified":"2026-02-11T16:07:40+00:00","description":"Hier finden Sie die Cookie-Richtlinie von Palletways. Wenn Sie Fragen oder Bedenken zu den von uns erfassten Cookies haben, wenden Sie sich bitte an ein Mitglied unseres Teams.","breadcrumb":{"@id":"https:\/\/www.palletways.com\/de\/cookie-richtlinie\/#breadcrumb"},"inLanguage":"de","potentialAction":[{"@type":"ReadAction","target":["https:\/\/www.palletways.com\/de\/cookie-richtlinie\/"]}]},{"@type":"BreadcrumbList","@id":"https:\/\/www.palletways.com\/de\/cookie-richtlinie\/#breadcrumb","itemListElement":[{"@type":"ListItem","position":1,"name":"Home","item":"https:\/\/www.palletways.com\/de\/"},{"@type":"ListItem","position":2,"name":"Cookie Richtlinie"}]},{"@type":"WebSite","@id":"https:\/\/www.palletways.com\/de\/#website","url":"https:\/\/www.palletways.com\/de\/","name":"Palletways Germany","description":"Europas vertrauensw\u00fcrdigstes Palettenliefernetzwerk","publisher":{"@id":"https:\/\/www.palletways.com\/de\/#organization"},"potentialAction":[{"@type":"SearchAction","target":{"@type":"EntryPoint","urlTemplate":"https:\/\/www.palletways.com\/de\/?s={search_term_string}"},"query-input":{"@type":"PropertyValueSpecification","valueRequired":true,"valueName":"search_term_string"}}],"inLanguage":"de"},{"@type":"Organization","@id":"https:\/\/www.palletways.com\/de\/#organization","name":"Palletways Germany","url":"https:\/\/www.palletways.com\/de\/","logo":{"@type":"ImageObject","inLanguage":"de","@id":"https:\/\/www.palletways.com\/de\/#\/schema\/logo\/image\/","url":"https:\/\/www.palletways.com\/de\/wp-content\/uploads\/sites\/8\/2024\/10\/pw_we-deliver-4-col.jpg","contentUrl":"https:\/\/www.palletways.com\/de\/wp-content\/uploads\/sites\/8\/2024\/10\/pw_we-deliver-4-col.jpg","width":2115,"height":694,"caption":"Palletways Germany"},"image":{"@id":"https:\/\/www.palletways.com\/de\/#\/schema\/logo\/image\/"},"sameAs":["https:\/\/www.linkedin.com\/company\/palletways-deutschland-gmbh"]}]}},"_links":{"self":[{"href":"https:\/\/www.palletways.com\/de\/wp-json\/wp\/v2\/pages\/8217","targetHints":{"allow":["GET"]}}],"collection":[{"href":"https:\/\/www.palletways.com\/de\/wp-json\/wp\/v2\/pages"}],"about":[{"href":"https:\/\/www.palletways.com\/de\/wp-json\/wp\/v2\/types\/page"}],"author":[{"embeddable":true,"href":"https:\/\/www.palletways.com\/de\/wp-json\/wp\/v2\/users\/3"}],"replies":[{"embeddable":true,"href":"https:\/\/www.palletways.com\/de\/wp-json\/wp\/v2\/comments?post=8217"}],"version-history":[{"count":17,"href":"https:\/\/www.palletways.com\/de\/wp-json\/wp\/v2\/pages\/8217\/revisions"}],"predecessor-version":[{"id":9025,"href":"https:\/\/www.palletways.com\/de\/wp-json\/wp\/v2\/pages\/8217\/revisions\/9025"}],"wp:attachment":[{"href":"https:\/\/www.palletways.com\/de\/wp-json\/wp\/v2\/media?parent=8217"}],"curies":[{"name":"wp","href":"https:\/\/api.w.org\/{rel}","templated":true}]}}