{"id":6133,"date":"2024-10-25T12:26:08","date_gmt":"2024-10-25T12:26:08","guid":{"rendered":"https:\/\/www.palletways.com\/de\/?page_id=6133"},"modified":"2025-02-19T13:07:00","modified_gmt":"2025-02-19T13:07:00","slug":"mitgliedschaft","status":"publish","type":"page","link":"https:\/\/www.palletways.com\/de\/mitgliedschaft\/","title":{"rendered":"Werden Sie Mitglied"},"content":{"rendered":"\t\t<div data-elementor-type=\"wp-page\" data-elementor-id=\"6133\" class=\"elementor elementor-6133\" data-elementor-post-type=\"page\">\n\t\t\t\t<div class=\"elementor-element elementor-element-eee1555 e-flex e-con-boxed e-con e-parent\" data-id=\"eee1555\" data-element_type=\"container\">\n\t\t\t\t\t<div class=\"e-con-inner\">\n\t\t\t\t<div class=\"elementor-element elementor-element-6a69258 elementor-widget elementor-widget-image\" data-id=\"6a69258\" data-element_type=\"widget\" data-widget_type=\"image.default\">\n\t\t\t\t<div class=\"elementor-widget-container\">\n\t\t\t\t\t\t\t\t\t\t\t\t\t<img fetchpriority=\"high\" decoding=\"async\" width=\"2560\" height=\"596\" src=\"https:\/\/www.palletways.com\/de\/wp-content\/uploads\/sites\/8\/2025\/01\/Truck-Map-of-Europe-ALTERNATIVE-scaled.jpg\" class=\"attachment-full size-full wp-image-8464\" alt=\"\" srcset=\"https:\/\/www.palletways.com\/de\/wp-content\/uploads\/sites\/8\/2025\/01\/Truck-Map-of-Europe-ALTERNATIVE-scaled.jpg 2560w, https:\/\/www.palletways.com\/de\/wp-content\/uploads\/sites\/8\/2025\/01\/Truck-Map-of-Europe-ALTERNATIVE-300x70.jpg 300w, https:\/\/www.palletways.com\/de\/wp-content\/uploads\/sites\/8\/2025\/01\/Truck-Map-of-Europe-ALTERNATIVE-1024x238.jpg 1024w, https:\/\/www.palletways.com\/de\/wp-content\/uploads\/sites\/8\/2025\/01\/Truck-Map-of-Europe-ALTERNATIVE-768x179.jpg 768w, https:\/\/www.palletways.com\/de\/wp-content\/uploads\/sites\/8\/2025\/01\/Truck-Map-of-Europe-ALTERNATIVE-1536x358.jpg 1536w, https:\/\/www.palletways.com\/de\/wp-content\/uploads\/sites\/8\/2025\/01\/Truck-Map-of-Europe-ALTERNATIVE-2048x477.jpg 2048w\" sizes=\"(max-width: 2560px) 100vw, 2560px\" \/>\t\t\t\t\t\t\t\t\t\t\t\t\t<\/div>\n\t\t\t\t<\/div>\n\t\t\t\t\t<\/div>\n\t\t\t\t<\/div>\n\t\t<div class=\"elementor-element elementor-element-f919aa0 e-flex e-con-boxed e-con e-parent\" data-id=\"f919aa0\" data-element_type=\"container\">\n\t\t\t\t\t<div class=\"e-con-inner\">\n\t\t\t\t<div class=\"elementor-element elementor-element-fdc579a elementor-widget__width-initial elementor-widget elementor-widget-heading\" data-id=\"fdc579a\" data-element_type=\"widget\" data-widget_type=\"heading.default\">\n\t\t\t\t<div class=\"elementor-widget-container\">\n\t\t\t<h1 class=\"elementor-heading-title elementor-size-default\">Werden Sie Mitglied<\/h1>\t\t<\/div>\n\t\t\t\t<\/div>\n\t\t\t\t\t<\/div>\n\t\t\t\t<\/div>\n\t\t<div class=\"elementor-element elementor-element-f38d983 e-grid e-con-boxed e-con e-parent\" data-id=\"f38d983\" data-element_type=\"container\">\n\t\t\t\t\t<div class=\"e-con-inner\">\n\t\t\t\t<div class=\"elementor-element elementor-element-9073ed6 elementor-widget elementor-widget-text-editor\" data-id=\"9073ed6\" data-element_type=\"widget\" data-widget_type=\"text-editor.default\">\n\t\t\t\t<div class=\"elementor-widget-container\">\n\t\t\t\t\t\t\t<p>Die Entscheidung, Mitglied in einem Palettenliefernetzwerk zu werden, ist nat\u00fcrlich eine gro\u00dfe Entscheidung f\u00fcr jedes Unternehmen. Bei Palletways bedeutet unsere mitgliederorientierte Kultur und Zusammenhalt, dass neue Mitglieder unvergleichliche Unterst\u00fctzung vom Netzwerk erhalten. Dies bereitet Sie auf den Erfolg vor.<\/p><p>Wenn Sie Mitglied bei Palletways werden, schaffen Sie nicht nur ein lokales Marktgebiet f\u00fcr sich, sondern erhalten auch nationale und internationale Reichweite, erweitern Ihr Potenzial und erschlie\u00dfen Chancen, die Ihnen sonst entgangen w\u00e4ren.<\/p><p>Unsere Kultur f\u00f6rdert ebenfalls Antrieb, Ehrgeiz und Integrit\u00e4t, sodass Sie Ihren eigenen zuk\u00fcnftigen Erfolg gestalten k\u00f6nnen. Wenn Sie interessiert sind, uns beizutreten, nehmen Sie Kontakt mit einem unserer Teammitglieder auf.<\/p><p>Warum sollten Sie sich \u00fcber 400 anderen Mitgliedern im Palletways-Netzwerk anschlie\u00dfen?<\/p><ul><li><strong>Chance<\/strong> \u2013 M\u00f6glichkeit, Ihre Reichweite national und international zu erweitern, w\u00e4hrend Sie Ihr lokales Serviceportfolio mit Ihrem eigenen, dedizierten Gebiet erweitern.<\/li><li><strong>Effizienz mit preisgekr\u00f6nter IT-Plattform<\/strong> \u2013 Cloud-basierte IT, die Ihnen hilft, Ihr Gesch\u00e4ft zu optimieren, Ihnen Kontrolle verschafft und wertvolle Zeit und Kosten spart.<\/li><li><strong>Unvergleichliche Unterst\u00fctzung<\/strong> \u2013 Profitieren Sie von der dedizierten Mitgliedersupport durch unsere Teams in den Bereichen Operations, Business, Commercial und Marketing.<\/li><li><strong>Markenwert<\/strong> \u2013 Profitieren Sie von der Unterst\u00fctzung und dem Ruf einer etablierten internationalen Marke, die seit 30 Jahren besteht.<\/li><\/ul>\t\t\t\t\t\t<\/div>\n\t\t\t\t<\/div>\n\t\t\t\t<div class=\"elementor-element elementor-element-c6cbba2 elementor-widget elementor-widget-template\" data-id=\"c6cbba2\" data-element_type=\"widget\" data-widget_type=\"template.default\">\n\t\t\t\t<div class=\"elementor-widget-container\">\n\t\t\t\t\t<div class=\"elementor-template\">\n\t\t\t\t\t<div data-elementor-type=\"section\" data-elementor-id=\"7383\" class=\"elementor elementor-7383\" data-elementor-post-type=\"elementor_library\">\n\t\t\t\t\t<section class=\"elementor-section elementor-top-section elementor-element elementor-element-3ef4bf91 elementor-section-boxed elementor-section-height-default elementor-section-height-default\" data-id=\"3ef4bf91\" data-element_type=\"section\">\n\t\t\t\t\t\t<div class=\"elementor-container elementor-column-gap-wider\">\n\t\t\t\t\t<div class=\"elementor-column elementor-col-100 elementor-top-column elementor-element elementor-element-15886555\" data-id=\"15886555\" data-element_type=\"column\" data-settings=\"{&quot;background_background&quot;:&quot;classic&quot;}\">\n\t\t\t<div class=\"elementor-widget-wrap elementor-element-populated\">\n\t\t\t\t\t\t<div class=\"elementor-element elementor-element-9eb323a elementor-button-align-start elementor-widget elementor-widget-form\" data-id=\"9eb323a\" data-element_type=\"widget\" data-settings=\"{&quot;step_next_label&quot;:&quot;Next&quot;,&quot;step_previous_label&quot;:&quot;Previous&quot;,&quot;button_width&quot;:&quot;100&quot;,&quot;step_type&quot;:&quot;number_text&quot;,&quot;step_icon_shape&quot;:&quot;circle&quot;}\" data-widget_type=\"form.default\">\n\t\t\t\t<div class=\"elementor-widget-container\">\n\t\t\t\t\t<form class=\"elementor-form\" method=\"post\" id=\"contact_form_140325\" name=\"New Form\">\n\t\t\t<input type=\"hidden\" name=\"post_id\" value=\"7383\"\/>\n\t\t\t<input type=\"hidden\" name=\"form_id\" value=\"9eb323a\"\/>\n\t\t\t<input type=\"hidden\" name=\"referer_title\" value=\"Internationaler Palettenversand | Europaweite Lieferung | Palletways Germany\" \/>\n\n\t\t\t\t\t\t\t<input type=\"hidden\" name=\"queried_id\" value=\"6953\"\/>\n\t\t\t\n\t\t\t<div class=\"elementor-form-fields-wrapper elementor-labels-above\">\n\t\t\t\t\t\t\t\t<div class=\"elementor-field-type-text elementor-field-group elementor-column elementor-field-group-name elementor-col-50 elementor-field-required elementor-mark-required\">\n\t\t\t\t\t\t\t\t\t\t\t\t<label for=\"form-field-name\" class=\"elementor-field-label\">\n\t\t\t\t\t\t\t\tName\t\t\t\t\t\t\t<\/label>\n\t\t\t\t\t\t\t\t\t\t\t\t\t\t<input size=\"1\" type=\"text\" name=\"form_fields[name]\" id=\"form-field-name\" class=\"elementor-field elementor-size-md  elementor-field-textual\" required=\"required\" aria-required=\"true\">\n\t\t\t\t\t\t\t\t\t\t\t<\/div>\n\t\t\t\t\t\t\t\t<div class=\"elementor-field-type-email elementor-field-group elementor-column elementor-field-group-email elementor-col-50 elementor-field-required elementor-mark-required\">\n\t\t\t\t\t\t\t\t\t\t\t\t<label for=\"form-field-email\" class=\"elementor-field-label\">\n\t\t\t\t\t\t\t\tE-mail\t\t\t\t\t\t\t<\/label>\n\t\t\t\t\t\t\t\t\t\t\t\t\t\t<input size=\"1\" type=\"email\" name=\"form_fields[email]\" id=\"form-field-email\" class=\"elementor-field elementor-size-md  elementor-field-textual\" required=\"required\" aria-required=\"true\">\n\t\t\t\t\t\t\t\t\t\t\t<\/div>\n\t\t\t\t\t\t\t\t<div class=\"elementor-field-type-tel elementor-field-group elementor-column elementor-field-group-field_05ad2af elementor-col-50\">\n\t\t\t\t\t\t\t\t\t\t\t\t<label for=\"form-field-field_05ad2af\" class=\"elementor-field-label\">\n\t\t\t\t\t\t\t\tTelefonnummerr\t\t\t\t\t\t\t<\/label>\n\t\t\t\t\t\t\t\t<input size=\"1\" type=\"tel\" name=\"form_fields[field_05ad2af]\" id=\"form-field-field_05ad2af\" class=\"elementor-field elementor-size-md  elementor-field-textual\" pattern=\"[0-9()#&amp;+*-=.]+\" title=\"Nur Nummern oder Telefon-Zeichen (#, -, *, etc) werden akzeptiert.\">\n\n\t\t\t\t\t\t<\/div>\n\t\t\t\t\t\t\t\t<div class=\"elementor-field-type-text elementor-field-group elementor-column elementor-field-group-field_1dfcdd5 elementor-col-50\">\n\t\t\t\t\t\t\t\t\t\t\t\t<label for=\"form-field-field_1dfcdd5\" class=\"elementor-field-label\">\n\t\t\t\t\t\t\t\tFirma\t\t\t\t\t\t\t<\/label>\n\t\t\t\t\t\t\t\t\t\t\t\t\t\t<input size=\"1\" type=\"text\" name=\"form_fields[field_1dfcdd5]\" id=\"form-field-field_1dfcdd5\" class=\"elementor-field elementor-size-md  elementor-field-textual\">\n\t\t\t\t\t\t\t\t\t\t\t<\/div>\n\t\t\t\t\t\t\t\t<div class=\"elementor-field-type-textarea elementor-field-group elementor-column elementor-field-group-message elementor-col-100 elementor-field-required elementor-mark-required\">\n\t\t\t\t\t\t\t\t\t\t\t\t<label for=\"form-field-message\" class=\"elementor-field-label\">\n\t\t\t\t\t\t\t\tNachricht\t\t\t\t\t\t\t<\/label>\n\t\t\t\t\t\t<textarea class=\"elementor-field-textual elementor-field  elementor-size-md\" name=\"form_fields[message]\" id=\"form-field-message\" rows=\"6\" required=\"required\" aria-required=\"true\"><\/textarea>\t\t\t\t<\/div>\n\t\t\t\t\t\t\t\t<div class=\"elementor-field-type-acceptance elementor-field-group elementor-column elementor-field-group-field_f91be55 elementor-col-100 elementor-field-required elementor-mark-required\">\n\t\t\t\t\t\t\t<div class=\"elementor-field-subgroup\">\n\t\t\t<span class=\"elementor-field-option\">\n\t\t\t\t<input type=\"checkbox\" name=\"form_fields[field_f91be55]\" id=\"form-field-field_f91be55\" class=\"elementor-field elementor-size-md  elementor-acceptance-field\" required=\"required\" aria-required=\"true\">\n\t\t\t\t<label for=\"form-field-field_f91be55\">Ich gestatte Palletways, meine pers\u00f6nlichen Daten zu verarbeiten<\/label>\t\t\t<\/span>\n\t\t<\/div>\n\t\t\t\t\t\t<\/div>\n\t\t\t\t\t\t\t\t<div class=\"elementor-field-type-recaptcha_v3 elementor-field-group elementor-column elementor-field-group-field_6338b82 elementor-col-100 recaptcha_v3-bottomright\">\n\t\t\t\t\t<div class=\"elementor-field\" id=\"form-field-field_6338b82\"><div class=\"elementor-g-recaptcha\" data-sitekey=\"6LcmCugqAAAAANv0eD5pgqEcrlX0JryL1QyDtyS7\" data-type=\"v3\" data-action=\"Form\" data-badge=\"bottomright\" data-size=\"invisible\"><\/div><\/div>\t\t\t\t<\/div>\n\t\t\t\t\t\t\t\t<div class=\"elementor-field-group elementor-column elementor-field-type-submit elementor-col-100 e-form__buttons\">\n\t\t\t\t\t<button class=\"elementor-button elementor-size-lg\" type=\"submit\">\n\t\t\t\t\t\t<span class=\"elementor-button-content-wrapper\">\n\t\t\t\t\t\t\t\t\t\t\t\t\t\t\t\t\t\t\t\t\t\t<span class=\"elementor-button-text\">Nachricht senden<\/span>\n\t\t\t\t\t\t\t\t\t\t\t\t\t<\/span>\n\t\t\t\t\t<\/button>\n\t\t\t\t<\/div>\n\t\t\t<\/div>\n\t\t<\/form>\n\t\t\t\t<\/div>\n\t\t\t\t<\/div>\n\t\t\t\t<div class=\"elementor-element elementor-element-24c74bf elementor-widget elementor-widget-shortcode\" data-id=\"24c74bf\" data-element_type=\"widget\" data-widget_type=\"shortcode.default\">\n\t\t\t\t<div class=\"elementor-widget-container\">\n\t\t\t\t\t<div class=\"elementor-shortcode\"><script>let hasContactFocus = false;\n\nfunction initContactAnalytics(formId) {\n    const contactForm = document.getElementById(formId);\n\n    \/\/ Check if form exists\n    if (!contactForm) {\n        console.error(`Form with ID \"${formId}\" not found`);\n        return;\n    }\n\n    contactForm.addEventListener(\"focusin\", contactFormFocusListener);\n    \n    const observer = new MutationObserver((mutations) => {\n        mutations.forEach((mutation) => {\n            if (mutation.type === 'childList' && mutation.addedNodes.length > 0) {\n                mutation.addedNodes.forEach((node) => {\n                    if (node.nodeType === 1) { \/\/ Element node\n                        const successMessage = node.querySelector('.elementor-message-success');\n                        if (successMessage || node.classList.contains('elementor-message-success')) {\n                            contactFormSuccessListener(formId);\n                            observer.disconnect();\n                        }\n                    }\n                });\n            }\n        });\n    });\n    \n    observer.observe(contactForm, { childList: true, subtree: true });\n}\n\nfunction getPageIdentifier() {\n    \/\/ Get the pathname (URL without domain)\n    const path = window.location.pathname;\n    \n    \/\/ Extract the last part of the path\n    const pathParts = path.split('\/').filter(part => part !== '');\n    let pageIdentifier = pathParts.length > 0 ? pathParts[pathParts.length - 1] : 'home';\n    \n    \/\/ If pageIdentifier is empty (e.g., trailing slash), use the previous part or 'home'\n    if (pageIdentifier === '') {\n        pageIdentifier = pathParts.length > 1 ? pathParts[pathParts.length - 2] : 'home';\n    }\n    \n    \/\/ Remove any remaining slashes and query parameters\n    pageIdentifier = pageIdentifier.replace(\/\\\/\/g, '').split('?')[0];\n    \n    return pageIdentifier || 'home';\n}\n\nfunction contactFormFocusListener(evt) {\n    if(hasContactFocus) {\n        return;\n    }\n    hasContactFocus = true;\n\n    const formId = evt.currentTarget.id;\n    const pageIdentifier = getPageIdentifier();\n\n    try {\n        if(window.dataLayer !== undefined) {\n            window.dataLayer.push({\n                event: 'form_start',\n                formName: pageIdentifier,\n                formId: formId,\n                formType: 'contact'\n            });\n        }\n\n    } catch(error) {\n        console.error(error);\n    }\n}\n\nfunction contactFormSuccessListener(formId) {\n    const pageIdentifier = getPageIdentifier();\n\n    try {\n        if(window.dataLayer !== undefined) {\n            window.dataLayer.push({\n                event: 'form_submit',\n                formName: pageIdentifier,\n                formId: formId,\n                formType: 'contact'\n            });\n            console.log(\"form_submit, formName: \", pageIdentifier, \"formId: \", formId);\n        }\n\n    } catch(error) {\n        console.error(error);\n    }\n}\n\nwindow.addEventListener(\"DOMContentLoaded\", () => {\n    initContactAnalytics(\"contact_form_140325\");\n});<\/script><\/div>\n\t\t\t\t<\/div>\n\t\t\t\t<\/div>\n\t\t\t\t\t<\/div>\n\t\t<\/div>\n\t\t\t\t\t<\/div>\n\t\t<\/section>\n\t\t\t\t<\/div>\n\t\t\t\t<\/div>\n\t\t\t\t<\/div>\n\t\t\t\t<\/div>\n\t\t\t\t\t<\/div>\n\t\t\t\t<\/div>\n\t\t<div class=\"elementor-element elementor-element-0b793ad e-con-full e-flex e-con e-parent\" data-id=\"0b793ad\" data-element_type=\"container\" data-settings=\"{&quot;background_background&quot;:&quot;classic&quot;}\">\n\t\t\t\t<div class=\"elementor-element elementor-element-2e3ccc0 elementor-widget elementor-widget-text-editor\" data-id=\"2e3ccc0\" data-element_type=\"widget\" data-widget_type=\"text-editor.default\">\n\t\t\t\t<div class=\"elementor-widget-container\">\n\t\t\t\t\t\t\t<p>\u201eHeute gedeihen wir als Teil des Palletways-Netzwerks. Die Unterst\u00fctzung und die Chancen, die uns Palletways bietet, um erfolgreich zu sein, sind entscheidend f\u00fcr das Erreichen unserer Ziele. Palletways ist seit 30 Jahren ein Teil meines Lebens, und ich hoffe, dass es auch in den n\u00e4chsten 30 Jahren ein Teil meines Lebens bleibt.\u201c<\/p>\t\t\t\t\t\t<\/div>\n\t\t\t\t<\/div>\n\t\t\t\t<\/div>\n\t\t\t\t<\/div>\n\t\t","protected":false},"excerpt":{"rendered":"<p>Werden Sie Mitglied Die Entscheidung, Mitglied in einem Palettenliefernetzwerk zu werden, ist nat\u00fcrlich eine gro\u00dfe Entscheidung f\u00fcr jedes Unternehmen. Bei Palletways bedeutet unsere mitgliederorientierte Kultur und Zusammenhalt, dass neue Mitglieder unvergleichliche Unterst\u00fctzung vom Netzwerk erhalten. Dies bereitet Sie auf den Erfolg vor. Wenn Sie Mitglied bei Palletways werden, schaffen Sie nicht nur ein lokales Marktgebiet&hellip;<\/p>\n","protected":false},"author":3,"featured_media":0,"parent":0,"menu_order":0,"comment_status":"closed","ping_status":"closed","template":"","meta":{"om_disable_all_campaigns":false,"footnotes":""},"class_list":["post-6133","page","type-page","status-publish","hentry"],"yoast_head":"<!-- This site is optimized with the Yoast SEO Premium plugin v24.2 (Yoast SEO v24.2) - https:\/\/yoast.com\/wordpress\/plugins\/seo\/ -->\n<title>Werden Sie Mitglied | Treten Sie Unserem Palettennetzwerk Bei | Palletways Germany<\/title>\n<meta name=\"description\" content=\"M\u00f6chten Sie Mitglied bei Palletways werden? Treten Sie unseren \u00fcber 400 Mitgliedern bei und werden Sie Teil des gr\u00f6\u00dften Palettenliefernetzwerks in Europa. Melden Sie sich jetzt an!\" \/>\n<meta name=\"robots\" content=\"index, follow, max-snippet:-1, max-image-preview:large, max-video-preview:-1\" \/>\n<link rel=\"canonical\" href=\"https:\/\/www.palletways.com\/de\/mitgliedschaft\/\" \/>\n<meta property=\"og:locale\" content=\"de_DE\" \/>\n<meta property=\"og:type\" content=\"article\" \/>\n<meta property=\"og:title\" content=\"Werden Sie Mitglied\" \/>\n<meta property=\"og:description\" content=\"M\u00f6chten Sie Mitglied bei Palletways werden? Treten Sie unseren \u00fcber 400 Mitgliedern bei und werden Sie Teil des gr\u00f6\u00dften Palettenliefernetzwerks in Europa. Melden Sie sich jetzt an!\" \/>\n<meta property=\"og:url\" content=\"https:\/\/www.palletways.com\/de\/mitgliedschaft\/\" \/>\n<meta property=\"og:site_name\" content=\"Palletways Germany\" \/>\n<meta property=\"article:modified_time\" content=\"2025-02-19T13:07:00+00:00\" \/>\n<meta property=\"og:image\" content=\"https:\/\/www.palletways.com\/de\/wp-content\/uploads\/sites\/8\/2025\/01\/Truck-Map-of-Europe-ALTERNATIVE-scaled.jpg\" \/>\n\t<meta property=\"og:image:width\" content=\"2560\" \/>\n\t<meta property=\"og:image:height\" content=\"596\" \/>\n\t<meta property=\"og:image:type\" content=\"image\/jpeg\" \/>\n<meta name=\"twitter:card\" content=\"summary_large_image\" \/>\n<meta name=\"twitter:label1\" content=\"Gesch\u00e4tzte Lesezeit\" \/>\n\t<meta name=\"twitter:data1\" content=\"2\u00a0Minuten\" \/>\n<script type=\"application\/ld+json\" class=\"yoast-schema-graph\">{\"@context\":\"https:\/\/schema.org\",\"@graph\":[{\"@type\":\"WebPage\",\"@id\":\"https:\/\/www.palletways.com\/de\/mitgliedschaft\/\",\"url\":\"https:\/\/www.palletways.com\/de\/mitgliedschaft\/\",\"name\":\"Werden Sie Mitglied | Treten Sie Unserem Palettennetzwerk Bei | Palletways Germany\",\"isPartOf\":{\"@id\":\"https:\/\/www.palletways.com\/de\/#website\"},\"primaryImageOfPage\":{\"@id\":\"https:\/\/www.palletways.com\/de\/mitgliedschaft\/#primaryimage\"},\"image\":{\"@id\":\"https:\/\/www.palletways.com\/de\/mitgliedschaft\/#primaryimage\"},\"thumbnailUrl\":\"https:\/\/www.palletways.com\/de\/wp-content\/uploads\/sites\/8\/2025\/01\/Truck-Map-of-Europe-ALTERNATIVE-scaled.jpg\",\"datePublished\":\"2024-10-25T12:26:08+00:00\",\"dateModified\":\"2025-02-19T13:07:00+00:00\",\"description\":\"M\u00f6chten Sie Mitglied bei Palletways werden? Treten Sie unseren \u00fcber 400 Mitgliedern bei und werden Sie Teil des gr\u00f6\u00dften Palettenliefernetzwerks in Europa. Melden Sie sich jetzt an!\",\"breadcrumb\":{\"@id\":\"https:\/\/www.palletways.com\/de\/mitgliedschaft\/#breadcrumb\"},\"inLanguage\":\"de\",\"potentialAction\":[{\"@type\":\"ReadAction\",\"target\":[\"https:\/\/www.palletways.com\/de\/mitgliedschaft\/\"]}]},{\"@type\":\"ImageObject\",\"inLanguage\":\"de\",\"@id\":\"https:\/\/www.palletways.com\/de\/mitgliedschaft\/#primaryimage\",\"url\":\"https:\/\/www.palletways.com\/de\/wp-content\/uploads\/sites\/8\/2025\/01\/Truck-Map-of-Europe-ALTERNATIVE-scaled.jpg\",\"contentUrl\":\"https:\/\/www.palletways.com\/de\/wp-content\/uploads\/sites\/8\/2025\/01\/Truck-Map-of-Europe-ALTERNATIVE-scaled.jpg\",\"width\":2560,\"height\":596},{\"@type\":\"BreadcrumbList\",\"@id\":\"https:\/\/www.palletways.com\/de\/mitgliedschaft\/#breadcrumb\",\"itemListElement\":[{\"@type\":\"ListItem\",\"position\":1,\"name\":\"Home\",\"item\":\"https:\/\/www.palletways.com\/de\/\"},{\"@type\":\"ListItem\",\"position\":2,\"name\":\"Werden Sie Mitglied\"}]},{\"@type\":\"WebSite\",\"@id\":\"https:\/\/www.palletways.com\/de\/#website\",\"url\":\"https:\/\/www.palletways.com\/de\/\",\"name\":\"Palletways Germany\",\"description\":\"Europas vertrauensw\u00fcrdigstes Palettenliefernetzwerk\",\"publisher\":{\"@id\":\"https:\/\/www.palletways.com\/de\/#organization\"},\"potentialAction\":[{\"@type\":\"SearchAction\",\"target\":{\"@type\":\"EntryPoint\",\"urlTemplate\":\"https:\/\/www.palletways.com\/de\/?s={search_term_string}\"},\"query-input\":{\"@type\":\"PropertyValueSpecification\",\"valueRequired\":true,\"valueName\":\"search_term_string\"}}],\"inLanguage\":\"de\"},{\"@type\":\"Organization\",\"@id\":\"https:\/\/www.palletways.com\/de\/#organization\",\"name\":\"Palletways Germany\",\"url\":\"https:\/\/www.palletways.com\/de\/\",\"logo\":{\"@type\":\"ImageObject\",\"inLanguage\":\"de\",\"@id\":\"https:\/\/www.palletways.com\/de\/#\/schema\/logo\/image\/\",\"url\":\"https:\/\/www.palletways.com\/de\/wp-content\/uploads\/sites\/8\/2024\/10\/pw_we-deliver-4-col.jpg\",\"contentUrl\":\"https:\/\/www.palletways.com\/de\/wp-content\/uploads\/sites\/8\/2024\/10\/pw_we-deliver-4-col.jpg\",\"width\":2115,\"height\":694,\"caption\":\"Palletways Germany\"},\"image\":{\"@id\":\"https:\/\/www.palletways.com\/de\/#\/schema\/logo\/image\/\"},\"sameAs\":[\"https:\/\/www.linkedin.com\/company\/palletways-deutschland-gmbh\"]}]}<\/script>\n<!-- \/ Yoast SEO Premium plugin. -->","yoast_head_json":{"title":"Werden Sie Mitglied | Treten Sie Unserem Palettennetzwerk Bei | Palletways Germany","description":"M\u00f6chten Sie Mitglied bei Palletways werden? Treten Sie unseren \u00fcber 400 Mitgliedern bei und werden Sie Teil des gr\u00f6\u00dften Palettenliefernetzwerks in Europa. Melden Sie sich jetzt an!","robots":{"index":"index","follow":"follow","max-snippet":"max-snippet:-1","max-image-preview":"max-image-preview:large","max-video-preview":"max-video-preview:-1"},"canonical":"https:\/\/www.palletways.com\/de\/mitgliedschaft\/","og_locale":"de_DE","og_type":"article","og_title":"Werden Sie Mitglied","og_description":"M\u00f6chten Sie Mitglied bei Palletways werden? Treten Sie unseren \u00fcber 400 Mitgliedern bei und werden Sie Teil des gr\u00f6\u00dften Palettenliefernetzwerks in Europa. Melden Sie sich jetzt an!","og_url":"https:\/\/www.palletways.com\/de\/mitgliedschaft\/","og_site_name":"Palletways Germany","article_modified_time":"2025-02-19T13:07:00+00:00","og_image":[{"width":2560,"height":596,"url":"https:\/\/www.palletways.com\/de\/wp-content\/uploads\/sites\/8\/2025\/01\/Truck-Map-of-Europe-ALTERNATIVE-scaled.jpg","type":"image\/jpeg"}],"twitter_card":"summary_large_image","twitter_misc":{"Gesch\u00e4tzte Lesezeit":"2\u00a0Minuten"},"schema":{"@context":"https:\/\/schema.org","@graph":[{"@type":"WebPage","@id":"https:\/\/www.palletways.com\/de\/mitgliedschaft\/","url":"https:\/\/www.palletways.com\/de\/mitgliedschaft\/","name":"Werden Sie Mitglied | Treten Sie Unserem Palettennetzwerk Bei | Palletways Germany","isPartOf":{"@id":"https:\/\/www.palletways.com\/de\/#website"},"primaryImageOfPage":{"@id":"https:\/\/www.palletways.com\/de\/mitgliedschaft\/#primaryimage"},"image":{"@id":"https:\/\/www.palletways.com\/de\/mitgliedschaft\/#primaryimage"},"thumbnailUrl":"https:\/\/www.palletways.com\/de\/wp-content\/uploads\/sites\/8\/2025\/01\/Truck-Map-of-Europe-ALTERNATIVE-scaled.jpg","datePublished":"2024-10-25T12:26:08+00:00","dateModified":"2025-02-19T13:07:00+00:00","description":"M\u00f6chten Sie Mitglied bei Palletways werden? Treten Sie unseren \u00fcber 400 Mitgliedern bei und werden Sie Teil des gr\u00f6\u00dften Palettenliefernetzwerks in Europa. Melden Sie sich jetzt an!","breadcrumb":{"@id":"https:\/\/www.palletways.com\/de\/mitgliedschaft\/#breadcrumb"},"inLanguage":"de","potentialAction":[{"@type":"ReadAction","target":["https:\/\/www.palletways.com\/de\/mitgliedschaft\/"]}]},{"@type":"ImageObject","inLanguage":"de","@id":"https:\/\/www.palletways.com\/de\/mitgliedschaft\/#primaryimage","url":"https:\/\/www.palletways.com\/de\/wp-content\/uploads\/sites\/8\/2025\/01\/Truck-Map-of-Europe-ALTERNATIVE-scaled.jpg","contentUrl":"https:\/\/www.palletways.com\/de\/wp-content\/uploads\/sites\/8\/2025\/01\/Truck-Map-of-Europe-ALTERNATIVE-scaled.jpg","width":2560,"height":596},{"@type":"BreadcrumbList","@id":"https:\/\/www.palletways.com\/de\/mitgliedschaft\/#breadcrumb","itemListElement":[{"@type":"ListItem","position":1,"name":"Home","item":"https:\/\/www.palletways.com\/de\/"},{"@type":"ListItem","position":2,"name":"Werden Sie Mitglied"}]},{"@type":"WebSite","@id":"https:\/\/www.palletways.com\/de\/#website","url":"https:\/\/www.palletways.com\/de\/","name":"Palletways Germany","description":"Europas vertrauensw\u00fcrdigstes Palettenliefernetzwerk","publisher":{"@id":"https:\/\/www.palletways.com\/de\/#organization"},"potentialAction":[{"@type":"SearchAction","target":{"@type":"EntryPoint","urlTemplate":"https:\/\/www.palletways.com\/de\/?s={search_term_string}"},"query-input":{"@type":"PropertyValueSpecification","valueRequired":true,"valueName":"search_term_string"}}],"inLanguage":"de"},{"@type":"Organization","@id":"https:\/\/www.palletways.com\/de\/#organization","name":"Palletways Germany","url":"https:\/\/www.palletways.com\/de\/","logo":{"@type":"ImageObject","inLanguage":"de","@id":"https:\/\/www.palletways.com\/de\/#\/schema\/logo\/image\/","url":"https:\/\/www.palletways.com\/de\/wp-content\/uploads\/sites\/8\/2024\/10\/pw_we-deliver-4-col.jpg","contentUrl":"https:\/\/www.palletways.com\/de\/wp-content\/uploads\/sites\/8\/2024\/10\/pw_we-deliver-4-col.jpg","width":2115,"height":694,"caption":"Palletways Germany"},"image":{"@id":"https:\/\/www.palletways.com\/de\/#\/schema\/logo\/image\/"},"sameAs":["https:\/\/www.linkedin.com\/company\/palletways-deutschland-gmbh"]}]}},"_links":{"self":[{"href":"https:\/\/www.palletways.com\/de\/wp-json\/wp\/v2\/pages\/6133","targetHints":{"allow":["GET"]}}],"collection":[{"href":"https:\/\/www.palletways.com\/de\/wp-json\/wp\/v2\/pages"}],"about":[{"href":"https:\/\/www.palletways.com\/de\/wp-json\/wp\/v2\/types\/page"}],"author":[{"embeddable":true,"href":"https:\/\/www.palletways.com\/de\/wp-json\/wp\/v2\/users\/3"}],"replies":[{"embeddable":true,"href":"https:\/\/www.palletways.com\/de\/wp-json\/wp\/v2\/comments?post=6133"}],"version-history":[{"count":199,"href":"https:\/\/www.palletways.com\/de\/wp-json\/wp\/v2\/pages\/6133\/revisions"}],"predecessor-version":[{"id":8813,"href":"https:\/\/www.palletways.com\/de\/wp-json\/wp\/v2\/pages\/6133\/revisions\/8813"}],"wp:attachment":[{"href":"https:\/\/www.palletways.com\/de\/wp-json\/wp\/v2\/media?parent=6133"}],"curies":[{"name":"wp","href":"https:\/\/api.w.org\/{rel}","templated":true}]}}