{"id":2,"date":"2024-10-15T11:15:41","date_gmt":"2024-10-15T11:15:41","guid":{"rendered":"https:\/\/www.palletways.com\/de\/?page_id=2"},"modified":"2025-07-08T10:42:11","modified_gmt":"2025-07-08T10:42:11","slug":"karriere","status":"publish","type":"page","link":"https:\/\/www.palletways.com\/de\/karriere\/","title":{"rendered":"Karriere"},"content":{"rendered":"\t\t<div data-elementor-type=\"wp-page\" data-elementor-id=\"2\" class=\"elementor elementor-2\" data-elementor-post-type=\"page\">\n\t\t\t\t<div class=\"elementor-element elementor-element-d9e5ba5 e-flex e-con-boxed e-con e-parent\" data-id=\"d9e5ba5\" data-element_type=\"container\">\n\t\t\t\t\t<div class=\"e-con-inner\">\n\t\t\t\t<div class=\"elementor-element elementor-element-83be5e2 elementor-widget elementor-widget-text-editor\" data-id=\"83be5e2\" data-element_type=\"widget\" data-widget_type=\"text-editor.default\">\n\t\t\t\t<div class=\"elementor-widget-container\">\n\t\t\t\t\t\t\t<h1><span style=\"color: #003875;\">Karriere bei Palletways<\/span><\/h1><p>Unser Team ist die treibende Kraft hinter unserem Erfolg. Ihre Leidenschaft und Professionalit\u00e4t haben uns zum f\u00fchrenden Palettenliefernetzwerk in Europa gemacht. Mit voller Motivation und Engagement f\u00fcr erstklassigen Kundenservice stellen sie sicher, dass unser Palettennetzwerk stets die Anforderungen unserer Kunden und Mitglieder erf\u00fcllt.<\/p><h4><span style=\"color: #003875;\">Chancengleichheit<\/span><\/h4><p>Unsere Mitarbeiter machen aus, wer wir sind, wof\u00fcr wir stehen und letztlich, wie wir arbeiten. Mit dem Engagement, ein faires und vielf\u00e4ltiges Arbeitsumfeld zu schaffen, stellen wir sicher, dass jeder Bewerber gleich behandelt wird, unabh\u00e4ngig von Rasse, Hautfarbe, ethnischer oder nationaler Herkunft, religi\u00f6sem Glauben, politischer Meinung oder Zugeh\u00f6rigkeit, Geschlecht, Familienstand, sexueller Orientierung, Geschlechtsumwandlung, Alter oder Behinderung.<\/p><h5><em>Bitte beachten Sie, dass wir keine unverlangt eingereichten Lebensl\u00e4ufe von Personalvermittlungsagenturen akzeptieren.<\/em><\/h5>\t\t\t\t\t\t<\/div>\n\t\t\t\t<\/div>\n\t\t\t\t\t<\/div>\n\t\t\t\t<\/div>\n\t\t<div class=\"elementor-element elementor-element-9d24c50 e-flex e-con-boxed e-con e-parent\" data-id=\"9d24c50\" data-element_type=\"container\">\n\t\t\t\t\t<div class=\"e-con-inner\">\n\t\t<div class=\"elementor-element elementor-element-3bbed7d e-flex e-con-boxed e-con e-child\" data-id=\"3bbed7d\" data-element_type=\"container\">\n\t\t\t\t\t<div class=\"e-con-inner\">\n\t\t\t\t<div class=\"elementor-element elementor-element-7ef5e03 elementor-widget elementor-widget-text-editor\" data-id=\"7ef5e03\" data-element_type=\"widget\" data-widget_type=\"text-editor.default\">\n\t\t\t\t<div class=\"elementor-widget-container\">\n\t\t\t\t\t\t\t<h4><span style=\"color: #003875\">Unser gr\u00f6\u00dftes Kapital ist unser Team.<\/span><\/h4><p>Wir sch\u00e4tzen die zentrale Rolle, die unsere Mitarbeiter spielen, und erkennen die Bedeutung der F\u00f6rderung und Unterst\u00fctzung ihrer Weiterentwicklung, damit sie ihr volles Potenzial entfalten k\u00f6nnen. Unser Ziel ist es, talentierte Menschen zu gewinnen, zu f\u00f6rdern und langfristig zu binden, um sicherzustellen, dass unser Palettenlieferservice auch in Zukunft der beste auf dem Markt bleibt.<\/p>\t\t\t\t\t\t<\/div>\n\t\t\t\t<\/div>\n\t\t\t\t\t<\/div>\n\t\t\t\t<\/div>\n\t\t\t\t\t<\/div>\n\t\t\t\t<\/div>\n\t\t<div class=\"elementor-element elementor-element-5265e41 e-flex e-con-boxed e-con e-parent\" data-id=\"5265e41\" data-element_type=\"container\">\n\t\t\t\t\t<div class=\"e-con-inner\">\n\t\t\t\t<div class=\"elementor-element elementor-element-4abb8e7 elementor-widget elementor-widget-heading\" data-id=\"4abb8e7\" data-element_type=\"widget\" data-widget_type=\"heading.default\">\n\t\t\t\t<div class=\"elementor-widget-container\">\n\t\t\t<h2 class=\"elementor-heading-title elementor-size-default\">Karriere<\/h2>\t\t<\/div>\n\t\t\t\t<\/div>\n\t\t\t\t\t<\/div>\n\t\t\t\t<\/div>\n\t\t<div class=\"elementor-element elementor-element-c4cec12 e-flex e-con-boxed e-con e-parent\" data-id=\"c4cec12\" data-element_type=\"container\">\n\t\t\t\t\t<div class=\"e-con-inner\">\n\t\t\t\t\t<\/div>\n\t\t\t\t<\/div>\n\t\t<div class=\"elementor-element elementor-element-c11fb9f e-flex e-con-boxed e-con e-parent\" data-id=\"c11fb9f\" data-element_type=\"container\">\n\t\t\t\t\t<div class=\"e-con-inner\">\n\t\t\t\t<div class=\"elementor-element elementor-element-0fb9b58 elementor-widget elementor-widget-heading\" data-id=\"0fb9b58\" data-element_type=\"widget\" data-widget_type=\"heading.default\">\n\t\t\t\t<div class=\"elementor-widget-container\">\n\t\t\t<h2 class=\"elementor-heading-title elementor-size-default\">Aktuelle Stellenangebote in unseren regionalen Netzwerken<\/h2>\t\t<\/div>\n\t\t\t\t<\/div>\n\t\t\t\t\t<\/div>\n\t\t\t\t<\/div>\n\t\t<div class=\"elementor-element elementor-element-6ce2e9d e-grid e-con-boxed e-con e-parent\" data-id=\"6ce2e9d\" data-element_type=\"container\">\n\t\t\t\t\t<div class=\"e-con-inner\">\n\t\t\t\t<div class=\"elementor-element elementor-element-c339712 elementor-widget elementor-widget-image\" data-id=\"c339712\" data-element_type=\"widget\" data-widget_type=\"image.default\">\n\t\t\t\t<div class=\"elementor-widget-container\">\n\t\t\t\t\t\t\t\t\t\t\t\t\t\t<a href=\"https:\/\/www.palletways.com\/it\/\">\n\t\t\t\t\t\t\t<img fetchpriority=\"high\" decoding=\"async\" width=\"751\" height=\"500\" src=\"https:\/\/www.palletways.com\/de\/wp-content\/uploads\/sites\/8\/2024\/12\/Flags_Careers_Italy_Flag.jpg\" class=\"elementor-animation-grow attachment-large size-large wp-image-8162\" alt=\"\" srcset=\"https:\/\/www.palletways.com\/de\/wp-content\/uploads\/sites\/8\/2024\/12\/Flags_Careers_Italy_Flag.jpg 751w, https:\/\/www.palletways.com\/de\/wp-content\/uploads\/sites\/8\/2024\/12\/Flags_Careers_Italy_Flag-300x200.jpg 300w\" sizes=\"(max-width: 751px) 100vw, 751px\" \/>\t\t\t\t\t\t\t\t<\/a>\n\t\t\t\t\t\t\t\t\t\t\t\t\t<\/div>\n\t\t\t\t<\/div>\n\t\t\t\t<div class=\"elementor-element elementor-element-d3bd659 elementor-widget elementor-widget-image\" data-id=\"d3bd659\" data-element_type=\"widget\" data-widget_type=\"image.default\">\n\t\t\t\t<div class=\"elementor-widget-container\">\n\t\t\t\t\t\t\t\t\t\t\t\t\t\t<a href=\"https:\/\/www.palletways.com\/\">\n\t\t\t\t\t\t\t<img decoding=\"async\" width=\"751\" height=\"500\" src=\"https:\/\/www.palletways.com\/de\/wp-content\/uploads\/sites\/8\/2025\/01\/Flags_Careers_UnitedKingdom_Flag.jpg\" class=\"elementor-animation-grow attachment-large size-large wp-image-8363\" alt=\"\" srcset=\"https:\/\/www.palletways.com\/de\/wp-content\/uploads\/sites\/8\/2025\/01\/Flags_Careers_UnitedKingdom_Flag.jpg 751w, https:\/\/www.palletways.com\/de\/wp-content\/uploads\/sites\/8\/2025\/01\/Flags_Careers_UnitedKingdom_Flag-300x200.jpg 300w\" sizes=\"(max-width: 751px) 100vw, 751px\" \/>\t\t\t\t\t\t\t\t<\/a>\n\t\t\t\t\t\t\t\t\t\t\t\t\t<\/div>\n\t\t\t\t<\/div>\n\t\t\t\t<div class=\"elementor-element elementor-element-2a97bfe elementor-widget elementor-widget-image\" data-id=\"2a97bfe\" data-element_type=\"widget\" data-widget_type=\"image.default\">\n\t\t\t\t<div class=\"elementor-widget-container\">\n\t\t\t\t\t\t\t\t\t\t\t\t\t\t<a href=\"https:\/\/www.palletways.com\/es\/\">\n\t\t\t\t\t\t\t<img decoding=\"async\" width=\"750\" height=\"500\" src=\"https:\/\/www.palletways.com\/de\/wp-content\/uploads\/sites\/8\/2024\/12\/Flags_Careers_Iberia_Flag.jpg\" class=\"elementor-animation-grow attachment-large size-large wp-image-8161\" alt=\"\" srcset=\"https:\/\/www.palletways.com\/de\/wp-content\/uploads\/sites\/8\/2024\/12\/Flags_Careers_Iberia_Flag.jpg 750w, https:\/\/www.palletways.com\/de\/wp-content\/uploads\/sites\/8\/2024\/12\/Flags_Careers_Iberia_Flag-300x200.jpg 300w\" sizes=\"(max-width: 750px) 100vw, 750px\" \/>\t\t\t\t\t\t\t\t<\/a>\n\t\t\t\t\t\t\t\t\t\t\t\t\t<\/div>\n\t\t\t\t<\/div>\n\t\t\t\t<div class=\"elementor-element elementor-element-7c039b5 elementor-widget elementor-widget-image\" data-id=\"7c039b5\" data-element_type=\"widget\" data-widget_type=\"image.default\">\n\t\t\t\t<div class=\"elementor-widget-container\">\n\t\t\t\t\t\t\t\t\t\t\t\t\t\t<a href=\"https:\/\/www.palletways.com\/nl\/\">\n\t\t\t\t\t\t\t<img loading=\"lazy\" decoding=\"async\" width=\"751\" height=\"500\" src=\"https:\/\/www.palletways.com\/de\/wp-content\/uploads\/sites\/8\/2024\/12\/Flags_Careers_Netherlands_Flag.jpg\" class=\"elementor-animation-grow attachment-large size-large wp-image-8163\" alt=\"\" srcset=\"https:\/\/www.palletways.com\/de\/wp-content\/uploads\/sites\/8\/2024\/12\/Flags_Careers_Netherlands_Flag.jpg 751w, https:\/\/www.palletways.com\/de\/wp-content\/uploads\/sites\/8\/2024\/12\/Flags_Careers_Netherlands_Flag-300x200.jpg 300w\" sizes=\"(max-width: 751px) 100vw, 751px\" \/>\t\t\t\t\t\t\t\t<\/a>\n\t\t\t\t\t\t\t\t\t\t\t\t\t<\/div>\n\t\t\t\t<\/div>\n\t\t\t\t<div class=\"elementor-element elementor-element-e58d8f2 elementor-widget elementor-widget-image\" data-id=\"e58d8f2\" data-element_type=\"widget\" data-widget_type=\"image.default\">\n\t\t\t\t<div class=\"elementor-widget-container\">\n\t\t\t\t\t\t\t\t\t\t\t\t\t\t<a href=\"https:\/\/www.palletways.com\/hu\/\">\n\t\t\t\t\t\t\t<img loading=\"lazy\" decoding=\"async\" width=\"751\" height=\"500\" src=\"https:\/\/www.palletways.com\/de\/wp-content\/uploads\/sites\/8\/2024\/12\/Flags_Careers_Hungary_Flag.jpg\" class=\"elementor-animation-grow attachment-large size-large wp-image-8160\" alt=\"\" srcset=\"https:\/\/www.palletways.com\/de\/wp-content\/uploads\/sites\/8\/2024\/12\/Flags_Careers_Hungary_Flag.jpg 751w, https:\/\/www.palletways.com\/de\/wp-content\/uploads\/sites\/8\/2024\/12\/Flags_Careers_Hungary_Flag-300x200.jpg 300w\" sizes=\"(max-width: 751px) 100vw, 751px\" \/>\t\t\t\t\t\t\t\t<\/a>\n\t\t\t\t\t\t\t\t\t\t\t\t\t<\/div>\n\t\t\t\t<\/div>\n\t\t\t\t\t<\/div>\n\t\t\t\t<\/div>\n\t\t<div class=\"elementor-element elementor-element-6cd9a51 e-flex e-con-boxed e-con e-parent\" data-id=\"6cd9a51\" data-element_type=\"container\">\n\t\t\t\t\t<div class=\"e-con-inner\">\n\t\t\t\t<div class=\"elementor-element elementor-element-2e7942a elementor-widget elementor-widget-spacer\" data-id=\"2e7942a\" data-element_type=\"widget\" data-widget_type=\"spacer.default\">\n\t\t\t\t<div class=\"elementor-widget-container\">\n\t\t\t\t\t<div class=\"elementor-spacer\">\n\t\t\t<div class=\"elementor-spacer-inner\"><\/div>\n\t\t<\/div>\n\t\t\t\t<\/div>\n\t\t\t\t<\/div>\n\t\t\t\t\t<\/div>\n\t\t\t\t<\/div>\n\t\t\t\t<\/div>\n\t\t","protected":false},"excerpt":{"rendered":"<p>Karriere bei Palletways Unser Team ist die treibende Kraft hinter unserem Erfolg. Ihre Leidenschaft und Professionalit\u00e4t haben uns zum f\u00fchrenden Palettenliefernetzwerk in Europa gemacht. Mit voller Motivation und Engagement f\u00fcr erstklassigen Kundenservice stellen sie sicher, dass unser Palettennetzwerk stets die Anforderungen unserer Kunden und Mitglieder erf\u00fcllt. Chancengleichheit Unsere Mitarbeiter machen aus, wer wir sind, wof\u00fcr&hellip;<\/p>\n","protected":false},"author":1,"featured_media":0,"parent":0,"menu_order":0,"comment_status":"closed","ping_status":"closed","template":"","meta":{"om_disable_all_campaigns":false,"footnotes":""},"class_list":["post-2","page","type-page","status-publish","hentry"],"yoast_head":"<!-- This site is optimized with the Yoast SEO Premium plugin v24.2 (Yoast SEO v24.2) - https:\/\/yoast.com\/wordpress\/plugins\/seo\/ -->\n<title>Karriere bei Palletways | Palletways Germany<\/title>\n<meta name=\"description\" content=\"M\u00f6chten Sie einem Unternehmen beitreten, das darauf abzielt, einen positiven Unterschied f\u00fcr die Gesch\u00e4fte der Kunden unseres Netzwerks zu machen? Wenn ja, lesen Sie weiter!\" \/>\n<meta name=\"robots\" content=\"index, follow, max-snippet:-1, max-image-preview:large, max-video-preview:-1\" \/>\n<link rel=\"canonical\" href=\"https:\/\/www.palletways.com\/de\/karriere\/\" \/>\n<meta property=\"og:locale\" content=\"de_DE\" \/>\n<meta property=\"og:type\" content=\"article\" \/>\n<meta property=\"og:title\" content=\"Karriere\" \/>\n<meta property=\"og:description\" content=\"M\u00f6chten Sie einem Unternehmen beitreten, das darauf abzielt, einen positiven Unterschied f\u00fcr die Gesch\u00e4fte der Kunden unseres Netzwerks zu machen? Wenn ja, lesen Sie weiter!\" \/>\n<meta property=\"og:url\" content=\"https:\/\/www.palletways.com\/de\/karriere\/\" \/>\n<meta property=\"og:site_name\" content=\"Palletways Germany\" \/>\n<meta property=\"article:modified_time\" content=\"2025-07-08T10:42:11+00:00\" \/>\n<meta property=\"og:image\" content=\"https:\/\/www.palletways.com\/de\/wp-content\/uploads\/sites\/8\/2024\/12\/Flags_Careers_Italy_Flag.jpg\" \/>\n\t<meta property=\"og:image:width\" content=\"751\" \/>\n\t<meta property=\"og:image:height\" content=\"500\" \/>\n\t<meta property=\"og:image:type\" content=\"image\/jpeg\" \/>\n<meta name=\"twitter:card\" content=\"summary_large_image\" \/>\n<meta name=\"twitter:label1\" content=\"Gesch\u00e4tzte Lesezeit\" \/>\n\t<meta name=\"twitter:data1\" content=\"3\u00a0Minuten\" \/>\n<script type=\"application\/ld+json\" class=\"yoast-schema-graph\">{\"@context\":\"https:\/\/schema.org\",\"@graph\":[{\"@type\":\"WebPage\",\"@id\":\"https:\/\/www.palletways.com\/de\/karriere\/\",\"url\":\"https:\/\/www.palletways.com\/de\/karriere\/\",\"name\":\"Karriere bei Palletways | Palletways Germany\",\"isPartOf\":{\"@id\":\"https:\/\/www.palletways.com\/de\/#website\"},\"primaryImageOfPage\":{\"@id\":\"https:\/\/www.palletways.com\/de\/karriere\/#primaryimage\"},\"image\":{\"@id\":\"https:\/\/www.palletways.com\/de\/karriere\/#primaryimage\"},\"thumbnailUrl\":\"https:\/\/www.palletways.com\/de\/wp-content\/uploads\/sites\/8\/2024\/12\/Flags_Careers_Italy_Flag.jpg\",\"datePublished\":\"2024-10-15T11:15:41+00:00\",\"dateModified\":\"2025-07-08T10:42:11+00:00\",\"description\":\"M\u00f6chten Sie einem Unternehmen beitreten, das darauf abzielt, einen positiven Unterschied f\u00fcr die Gesch\u00e4fte der Kunden unseres Netzwerks zu machen? Wenn ja, lesen Sie weiter!\",\"breadcrumb\":{\"@id\":\"https:\/\/www.palletways.com\/de\/karriere\/#breadcrumb\"},\"inLanguage\":\"de\",\"potentialAction\":[{\"@type\":\"ReadAction\",\"target\":[\"https:\/\/www.palletways.com\/de\/karriere\/\"]}]},{\"@type\":\"ImageObject\",\"inLanguage\":\"de\",\"@id\":\"https:\/\/www.palletways.com\/de\/karriere\/#primaryimage\",\"url\":\"https:\/\/www.palletways.com\/de\/wp-content\/uploads\/sites\/8\/2024\/12\/Flags_Careers_Italy_Flag.jpg\",\"contentUrl\":\"https:\/\/www.palletways.com\/de\/wp-content\/uploads\/sites\/8\/2024\/12\/Flags_Careers_Italy_Flag.jpg\",\"width\":751,\"height\":500},{\"@type\":\"BreadcrumbList\",\"@id\":\"https:\/\/www.palletways.com\/de\/karriere\/#breadcrumb\",\"itemListElement\":[{\"@type\":\"ListItem\",\"position\":1,\"name\":\"Home\",\"item\":\"https:\/\/www.palletways.com\/de\/\"},{\"@type\":\"ListItem\",\"position\":2,\"name\":\"Karriere\"}]},{\"@type\":\"WebSite\",\"@id\":\"https:\/\/www.palletways.com\/de\/#website\",\"url\":\"https:\/\/www.palletways.com\/de\/\",\"name\":\"Palletways Germany\",\"description\":\"Europas vertrauensw\u00fcrdigstes Palettenliefernetzwerk\",\"publisher\":{\"@id\":\"https:\/\/www.palletways.com\/de\/#organization\"},\"potentialAction\":[{\"@type\":\"SearchAction\",\"target\":{\"@type\":\"EntryPoint\",\"urlTemplate\":\"https:\/\/www.palletways.com\/de\/?s={search_term_string}\"},\"query-input\":{\"@type\":\"PropertyValueSpecification\",\"valueRequired\":true,\"valueName\":\"search_term_string\"}}],\"inLanguage\":\"de\"},{\"@type\":\"Organization\",\"@id\":\"https:\/\/www.palletways.com\/de\/#organization\",\"name\":\"Palletways Germany\",\"url\":\"https:\/\/www.palletways.com\/de\/\",\"logo\":{\"@type\":\"ImageObject\",\"inLanguage\":\"de\",\"@id\":\"https:\/\/www.palletways.com\/de\/#\/schema\/logo\/image\/\",\"url\":\"https:\/\/www.palletways.com\/de\/wp-content\/uploads\/sites\/8\/2024\/10\/pw_we-deliver-4-col.jpg\",\"contentUrl\":\"https:\/\/www.palletways.com\/de\/wp-content\/uploads\/sites\/8\/2024\/10\/pw_we-deliver-4-col.jpg\",\"width\":2115,\"height\":694,\"caption\":\"Palletways Germany\"},\"image\":{\"@id\":\"https:\/\/www.palletways.com\/de\/#\/schema\/logo\/image\/\"},\"sameAs\":[\"https:\/\/www.linkedin.com\/company\/palletways-deutschland-gmbh\"]}]}<\/script>\n<!-- \/ Yoast SEO Premium plugin. -->","yoast_head_json":{"title":"Karriere bei Palletways | Palletways Germany","description":"M\u00f6chten Sie einem Unternehmen beitreten, das darauf abzielt, einen positiven Unterschied f\u00fcr die Gesch\u00e4fte der Kunden unseres Netzwerks zu machen? Wenn ja, lesen Sie weiter!","robots":{"index":"index","follow":"follow","max-snippet":"max-snippet:-1","max-image-preview":"max-image-preview:large","max-video-preview":"max-video-preview:-1"},"canonical":"https:\/\/www.palletways.com\/de\/karriere\/","og_locale":"de_DE","og_type":"article","og_title":"Karriere","og_description":"M\u00f6chten Sie einem Unternehmen beitreten, das darauf abzielt, einen positiven Unterschied f\u00fcr die Gesch\u00e4fte der Kunden unseres Netzwerks zu machen? Wenn ja, lesen Sie weiter!","og_url":"https:\/\/www.palletways.com\/de\/karriere\/","og_site_name":"Palletways Germany","article_modified_time":"2025-07-08T10:42:11+00:00","og_image":[{"width":751,"height":500,"url":"https:\/\/www.palletways.com\/de\/wp-content\/uploads\/sites\/8\/2024\/12\/Flags_Careers_Italy_Flag.jpg","type":"image\/jpeg"}],"twitter_card":"summary_large_image","twitter_misc":{"Gesch\u00e4tzte Lesezeit":"3\u00a0Minuten"},"schema":{"@context":"https:\/\/schema.org","@graph":[{"@type":"WebPage","@id":"https:\/\/www.palletways.com\/de\/karriere\/","url":"https:\/\/www.palletways.com\/de\/karriere\/","name":"Karriere bei Palletways | Palletways Germany","isPartOf":{"@id":"https:\/\/www.palletways.com\/de\/#website"},"primaryImageOfPage":{"@id":"https:\/\/www.palletways.com\/de\/karriere\/#primaryimage"},"image":{"@id":"https:\/\/www.palletways.com\/de\/karriere\/#primaryimage"},"thumbnailUrl":"https:\/\/www.palletways.com\/de\/wp-content\/uploads\/sites\/8\/2024\/12\/Flags_Careers_Italy_Flag.jpg","datePublished":"2024-10-15T11:15:41+00:00","dateModified":"2025-07-08T10:42:11+00:00","description":"M\u00f6chten Sie einem Unternehmen beitreten, das darauf abzielt, einen positiven Unterschied f\u00fcr die Gesch\u00e4fte der Kunden unseres Netzwerks zu machen? Wenn ja, lesen Sie weiter!","breadcrumb":{"@id":"https:\/\/www.palletways.com\/de\/karriere\/#breadcrumb"},"inLanguage":"de","potentialAction":[{"@type":"ReadAction","target":["https:\/\/www.palletways.com\/de\/karriere\/"]}]},{"@type":"ImageObject","inLanguage":"de","@id":"https:\/\/www.palletways.com\/de\/karriere\/#primaryimage","url":"https:\/\/www.palletways.com\/de\/wp-content\/uploads\/sites\/8\/2024\/12\/Flags_Careers_Italy_Flag.jpg","contentUrl":"https:\/\/www.palletways.com\/de\/wp-content\/uploads\/sites\/8\/2024\/12\/Flags_Careers_Italy_Flag.jpg","width":751,"height":500},{"@type":"BreadcrumbList","@id":"https:\/\/www.palletways.com\/de\/karriere\/#breadcrumb","itemListElement":[{"@type":"ListItem","position":1,"name":"Home","item":"https:\/\/www.palletways.com\/de\/"},{"@type":"ListItem","position":2,"name":"Karriere"}]},{"@type":"WebSite","@id":"https:\/\/www.palletways.com\/de\/#website","url":"https:\/\/www.palletways.com\/de\/","name":"Palletways Germany","description":"Europas vertrauensw\u00fcrdigstes Palettenliefernetzwerk","publisher":{"@id":"https:\/\/www.palletways.com\/de\/#organization"},"potentialAction":[{"@type":"SearchAction","target":{"@type":"EntryPoint","urlTemplate":"https:\/\/www.palletways.com\/de\/?s={search_term_string}"},"query-input":{"@type":"PropertyValueSpecification","valueRequired":true,"valueName":"search_term_string"}}],"inLanguage":"de"},{"@type":"Organization","@id":"https:\/\/www.palletways.com\/de\/#organization","name":"Palletways Germany","url":"https:\/\/www.palletways.com\/de\/","logo":{"@type":"ImageObject","inLanguage":"de","@id":"https:\/\/www.palletways.com\/de\/#\/schema\/logo\/image\/","url":"https:\/\/www.palletways.com\/de\/wp-content\/uploads\/sites\/8\/2024\/10\/pw_we-deliver-4-col.jpg","contentUrl":"https:\/\/www.palletways.com\/de\/wp-content\/uploads\/sites\/8\/2024\/10\/pw_we-deliver-4-col.jpg","width":2115,"height":694,"caption":"Palletways Germany"},"image":{"@id":"https:\/\/www.palletways.com\/de\/#\/schema\/logo\/image\/"},"sameAs":["https:\/\/www.linkedin.com\/company\/palletways-deutschland-gmbh"]}]}},"_links":{"self":[{"href":"https:\/\/www.palletways.com\/de\/wp-json\/wp\/v2\/pages\/2","targetHints":{"allow":["GET"]}}],"collection":[{"href":"https:\/\/www.palletways.com\/de\/wp-json\/wp\/v2\/pages"}],"about":[{"href":"https:\/\/www.palletways.com\/de\/wp-json\/wp\/v2\/types\/page"}],"author":[{"embeddable":true,"href":"https:\/\/www.palletways.com\/de\/wp-json\/wp\/v2\/users\/1"}],"replies":[{"embeddable":true,"href":"https:\/\/www.palletways.com\/de\/wp-json\/wp\/v2\/comments?post=2"}],"version-history":[{"count":122,"href":"https:\/\/www.palletways.com\/de\/wp-json\/wp\/v2\/pages\/2\/revisions"}],"predecessor-version":[{"id":8979,"href":"https:\/\/www.palletways.com\/de\/wp-json\/wp\/v2\/pages\/2\/revisions\/8979"}],"wp:attachment":[{"href":"https:\/\/www.palletways.com\/de\/wp-json\/wp\/v2\/media?parent=2"}],"curies":[{"name":"wp","href":"https:\/\/api.w.org\/{rel}","templated":true}]}}